{"id":4678,"date":"2025-02-12T13:23:49","date_gmt":"2025-02-12T12:23:49","guid":{"rendered":"https:\/\/plastomer.se\/?page_id=4678"},"modified":"2025-02-12T13:48:50","modified_gmt":"2025-02-12T12:48:50","slug":"yuasa-batterier","status":"publish","type":"page","link":"https:\/\/plastomer.se\/no\/produkter\/produkter-lastbil\/yuasa-batterier\/","title":{"rendered":"Yuasa batterier"},"content":{"rendered":"\n<h1>\n\t\tYuasa batterier\n\t<\/h1>\n\t<p>Yuasa batterier representerer den absolutt beste kvaliteten n\u00e5r det kommer til ytelse, kvalitet og p\u00e5litelighet. Batteriene er designet for \u00e5 im\u00f8tekomme OE krav fra kj\u00f8ret\u00f8yprodusenter over hele verden. Yuasa batterier leverer h\u00f8y startkraft, t\u00e5ler h\u00f8yt daglig forbruk og er laget for \u00e5 motst\u00e5 kraftige p\u00e5kjenninger fra vibrasjon og st\u00f8t.<\/p>\n<p>Nedenfor er et utvalg av v\u00e5re batterier fra Yuasa &#8211; for hele utvalget se <a href=\"https:\/\/www.yuasasverige.se\/products\/ybx-lastbil-super-heavy-duty\/\">Yuasas nettside<\/a>. Da bestiller du enkelt hos oss.<\/p>\n<p>Ring og bestill p\u00e5 telefon <a href=\"tel:+47 90771984\">+47 90771984<\/a> eller e-post til <a href=\"mailto:bjorn.nyhagen@plastomer.no\">bjorn.nyhagen@plastomer.no<\/a><\/p>\n\t\t\t\t<img loading=\"lazy\" decoding=\"async\" src=\"https:\/\/plastomer.se\/wp-content\/uploads\/2025\/02\/Super-Heavy-Duty_YBX-SHD.png\" alt=\"Super-Heavy-Duty_YBX-SHD\" itemprop=\"image\" height=\"267\" width=\"800\" title=\"Super-Heavy-Duty_YBX-SHD\" onerror=\"this.style.display='none'\"  \/>\n<section>\n   <h2>Et utvalg av batteriene<\/h2>   \n\t\t\t\t\t\t\t<h3>Et utvalg av batteriene<\/h3>\n\t\t\t\t<hr \/>\n\t\t\t\t\tART NR:BESKRIVNING:\t\t\t\t\n\t\t\t\tART NR: YBX7625BESKRIVNING: Batteri Yuasa &#8211; 12V 230Ah 1400A &#8211; Super heavy duty batteriART NR: YBX7629BESKRIVNING: Batteri Yuasa &#8211; 12V 185Ah 1230A &#8211; Super heavy duty batteriART NR: YBX5629BESKRIVNING: Batteri Yuasa &#8211; 12V 185Ah 1200A &#8211; Super heavy duty batteriART NR: YBX5625BESKRIVNING: Batteri Yuasa &#8211; 12V 230Ah 1350A &#8211; Super heavy duty batteri\n<\/section>\n\t<h2>Datablad<\/h2>\n<ul>\n<li><a href=\"https:\/\/plastomer.se\/wp-content\/uploads\/2025\/02\/Yuasa-YBX7625.pdf\">YBX7625<\/a><\/li>\n<li><a href=\"https:\/\/plastomer.se\/wp-content\/uploads\/2025\/02\/Yuasa-YBX7629.pdf\">YBX7629<\/a><\/li>\n<li><a href=\"https:\/\/plastomer.se\/wp-content\/uploads\/2025\/02\/Yuasa-YBX5629.pdf\">YBX5629<\/a><\/li>\n<li><a href=\"https:\/\/plastomer.se\/wp-content\/uploads\/2025\/02\/Yuasa-YBX5625.pdf\">YBX5625<\/a><\/li>\n<\/ul>\n<h2>\n\t\tFlere kategorier\n\t<\/h2>\n<ul>\n<li>\n        <a href=\"https:\/\/plastomer.se\/no\/produkter\/produkter-lastbil\/sprutsikring\/\">\n            <img decoding=\"async\" src=\"https:\/\/plastomer.se\/wp-content\/uploads\/2022\/05\/Sta\u0308nkskydd-01-300x300.png\"\/>\n            <h3>Skvettlapp<\/h3>\n        <\/a>\n    <\/li><li>\n        <a href=\"https:\/\/plastomer.se\/no\/produkter\/produkter-lastbil\/sprutbeskyttelse-antispray\/\">\n            <img decoding=\"async\" src=\"https:\/\/plastomer.se\/wp-content\/uploads\/2022\/05\/Sta\u0308nkskydd-01-300x300.png\"\/>\n            <h3>Skvettlapp antispray<\/h3>\n        <\/a>\n    <\/li><li>\n        <a href=\"https:\/\/plastomer.se\/no\/produkter\/produkter-lastbil\/stankskydd-full-bredde\/\">\n            <img decoding=\"async\" src=\"https:\/\/plastomer.se\/wp-content\/uploads\/2022\/05\/Fullbreddskydd-300x300.png\"\/>\n            <h3>Skvettlapp full bredde<\/h3>\n        <\/a>\n    <\/li><li>\n        <a href=\"https:\/\/plastomer.se\/no\/produkter\/domar-produkter\/\">\n            <img decoding=\"async\" src=\"https:\/\/plastomer.se\/wp-content\/uploads\/2022\/05\/Ska\u0308rmar-Tillbeho\u0308r-03-300x300.png\"\/>\n            <h3>Skjermer &#038; tilbeh\u00f8r<\/h3>\n        <\/a>\n    <\/li><li>\n        <a href=\"https:\/\/plastomer.se\/no\/produkter\/daken-produkter\/\">\n            <img decoding=\"async\" src=\"https:\/\/plastomer.se\/wp-content\/uploads\/2022\/05\/Brandsla\u0308ckarboxar-300x300.png\"\/>\n            <h3>Brannslukningsbokser<\/h3>\n        <\/a>\n    <\/li><li>\n        <a href=\"https:\/\/plastomer.se\/no\/produkter\/daken-produkter\/verktoykasser\/\">\n            <img decoding=\"async\" src=\"https:\/\/plastomer.se\/wp-content\/uploads\/2022\/05\/Verktygsla\u030ada-05-300x300.png\"\/>\n            <h3>Verkt\u00f8ykasser<\/h3>\n        <\/a>\n    <\/li><li>\n        <a href=\"https:\/\/plastomer.se\/no\/produkter\/takler-produkter\/underkjoringsbeskyttelse\/\">\n            <img decoding=\"async\" src=\"https:\/\/plastomer.se\/wp-content\/uploads\/2022\/05\/Kantskydd-Sidoskydd-300x300.png\"\/>\n            <h3>Underkj\u00f8rningsbeskyttelse<\/h3>\n        <\/a>\n    <\/li><li>\n        <a href=\"https:\/\/plastomer.se\/no\/produkter\/produkter-lastbil\/wm-system-lasteramper\/\">\n            <img decoding=\"async\" src=\"https:\/\/plastomer.se\/wp-content\/uploads\/2022\/05\/Lastramper-08-300x300.png\"\/>\n            <h3>Lasteramper<\/h3>\n        <\/a>\n    <\/li><li>\n        <a href=\"https:\/\/plastomer.se\/no\/produkter\/takler-produkter\/stiger\/\">\n            <img decoding=\"async\" src=\"https:\/\/plastomer.se\/wp-content\/uploads\/2022\/05\/Stegar-09-300x300.png\"\/>\n            <h3>Stiger<\/h3>\n        <\/a>\n    <\/li><li>\n        <a href=\"https:\/\/plastomer.se\/no\/produkter\/lokhen-produkter\/\">\n            <img decoding=\"async\" src=\"https:\/\/plastomer.se\/wp-content\/uploads\/2022\/05\/Stoppklossar-300x300.png\"\/>\n            <h3>Stoppblokk<\/h3>\n        <\/a>\n    <\/li><\/ul>\n\n","protected":false},"excerpt":{"rendered":"<p>Yuasa batterier Yuasa batterier representerer den absolutt beste kvaliteten n\u00e5r det kommer til ytelse, kvalitet og p\u00e5litelighet. Batteriene er designet for \u00e5 im\u00f8tekomme OE krav fra kj\u00f8ret\u00f8yprodusenter over hele verden. Yuasa batterier leverer h\u00f8y startkraft, t\u00e5ler h\u00f8yt daglig forbruk og er laget for \u00e5 motst\u00e5 kraftige p\u00e5kjenninger fra vibrasjon og st\u00f8t. Nedenfor er et utvalg [&hellip;]<\/p>\n","protected":false},"author":4,"featured_media":693,"parent":3051,"menu_order":0,"comment_status":"closed","ping_status":"closed","template":"page-templates\/template-pagebuilder.php","meta":{"_acf_changed":false,"_genesis_hide_title":false,"_genesis_hide_breadcrumbs":false,"_genesis_hide_singular_image":false,"_genesis_hide_footer_widgets":false,"_genesis_custom_body_class":"","_genesis_custom_post_class":"","_genesis_layout":"","footnotes":""},"class_list":{"0":"post-4678","1":"page","2":"type-page","3":"status-publish","4":"has-post-thumbnail","6":"entry"},"acf":[],"yoast_head":"<!-- This site is optimized with the Yoast SEO plugin v27.5 - https:\/\/yoast.com\/product\/yoast-seo-wordpress\/ -->\n<title>Yuasa batterier - Plastomer<\/title>\n<meta name=\"robots\" content=\"index, follow, max-snippet:-1, max-image-preview:large, max-video-preview:-1\" \/>\n<link rel=\"canonical\" href=\"https:\/\/plastomer.se\/no\/produkter\/produkter-lastbil\/yuasa-batterier\/\" \/>\n<meta property=\"og:locale\" content=\"nb_NO\" \/>\n<meta property=\"og:type\" content=\"article\" \/>\n<meta property=\"og:title\" content=\"Yuasa batterier - Plastomer\" \/>\n<meta property=\"og:description\" content=\"Yuasa batterier Yuasa batterier representerer den absolutt beste kvaliteten n\u00e5r det kommer til ytelse, kvalitet og p\u00e5litelighet. Batteriene er designet for \u00e5 im\u00f8tekomme OE krav fra kj\u00f8ret\u00f8yprodusenter over hele verden. Yuasa batterier leverer h\u00f8y startkraft, t\u00e5ler h\u00f8yt daglig forbruk og er laget for \u00e5 motst\u00e5 kraftige p\u00e5kjenninger fra vibrasjon og st\u00f8t. Nedenfor er et utvalg [&hellip;]\" \/>\n<meta property=\"og:url\" content=\"https:\/\/plastomer.se\/no\/produkter\/produkter-lastbil\/yuasa-batterier\/\" \/>\n<meta property=\"og:site_name\" content=\"Plastomer\" \/>\n<meta property=\"article:modified_time\" content=\"2025-02-12T12:48:50+00:00\" \/>\n<meta property=\"og:image\" content=\"https:\/\/plastomer.se\/wp-content\/uploads\/2022\/04\/truck_side-o.jpg\" \/>\n\t<meta property=\"og:image:width\" content=\"2300\" \/>\n\t<meta property=\"og:image:height\" content=\"2300\" \/>\n\t<meta property=\"og:image:type\" content=\"image\/jpeg\" \/>\n<meta name=\"twitter:card\" content=\"summary_large_image\" \/>\n<meta name=\"twitter:label1\" content=\"Ansl. lesetid\" \/>\n\t<meta name=\"twitter:data1\" content=\"5 minutter\" \/>\n<script type=\"application\/ld+json\" class=\"yoast-schema-graph\">{\"@context\":\"https:\\\/\\\/schema.org\",\"@graph\":[{\"@type\":\"WebPage\",\"@id\":\"https:\\\/\\\/plastomer.se\\\/no\\\/produkter\\\/produkter-lastbil\\\/yuasa-batterier\\\/\",\"url\":\"https:\\\/\\\/plastomer.se\\\/no\\\/produkter\\\/produkter-lastbil\\\/yuasa-batterier\\\/\",\"name\":\"Yuasa batterier - Plastomer\",\"isPartOf\":{\"@id\":\"https:\\\/\\\/plastomer.se\\\/no\\\/#website\"},\"primaryImageOfPage\":{\"@id\":\"https:\\\/\\\/plastomer.se\\\/no\\\/produkter\\\/produkter-lastbil\\\/yuasa-batterier\\\/#primaryimage\"},\"image\":{\"@id\":\"https:\\\/\\\/plastomer.se\\\/no\\\/produkter\\\/produkter-lastbil\\\/yuasa-batterier\\\/#primaryimage\"},\"thumbnailUrl\":\"https:\\\/\\\/plastomer.se\\\/wp-content\\\/uploads\\\/2022\\\/04\\\/truck_side-o.jpg\",\"datePublished\":\"2025-02-12T12:23:49+00:00\",\"dateModified\":\"2025-02-12T12:48:50+00:00\",\"breadcrumb\":{\"@id\":\"https:\\\/\\\/plastomer.se\\\/no\\\/produkter\\\/produkter-lastbil\\\/yuasa-batterier\\\/#breadcrumb\"},\"inLanguage\":\"nb-NO\",\"potentialAction\":[{\"@type\":\"ReadAction\",\"target\":[\"https:\\\/\\\/plastomer.se\\\/no\\\/produkter\\\/produkter-lastbil\\\/yuasa-batterier\\\/\"]}]},{\"@type\":\"ImageObject\",\"inLanguage\":\"nb-NO\",\"@id\":\"https:\\\/\\\/plastomer.se\\\/no\\\/produkter\\\/produkter-lastbil\\\/yuasa-batterier\\\/#primaryimage\",\"url\":\"https:\\\/\\\/plastomer.se\\\/wp-content\\\/uploads\\\/2022\\\/04\\\/truck_side-o.jpg\",\"contentUrl\":\"https:\\\/\\\/plastomer.se\\\/wp-content\\\/uploads\\\/2022\\\/04\\\/truck_side-o.jpg\",\"width\":2300,\"height\":2300,\"caption\":\"PlastoMer tillbeh\u00f6r till lastbilar\"},{\"@type\":\"BreadcrumbList\",\"@id\":\"https:\\\/\\\/plastomer.se\\\/no\\\/produkter\\\/produkter-lastbil\\\/yuasa-batterier\\\/#breadcrumb\",\"itemListElement\":[{\"@type\":\"ListItem\",\"position\":1,\"name\":\"Home\",\"item\":\"https:\\\/\\\/plastomer.se\\\/no\\\/\"},{\"@type\":\"ListItem\",\"position\":2,\"name\":\"Produkter\",\"item\":\"https:\\\/\\\/plastomer.se\\\/no\\\/produkter\\\/\"},{\"@type\":\"ListItem\",\"position\":3,\"name\":\"Produkter lastbil\",\"item\":\"https:\\\/\\\/plastomer.se\\\/no\\\/produkter\\\/produkter-lastbil\\\/\"},{\"@type\":\"ListItem\",\"position\":4,\"name\":\"Yuasa batterier\"}]},{\"@type\":\"WebSite\",\"@id\":\"https:\\\/\\\/plastomer.se\\\/no\\\/#website\",\"url\":\"https:\\\/\\\/plastomer.se\\\/no\\\/\",\"name\":\"Plastomer\",\"description\":\"Lastbilstillbeh\u00f6r i V\u00e4rldsklass\",\"publisher\":{\"@id\":\"https:\\\/\\\/plastomer.se\\\/no\\\/#organization\"},\"potentialAction\":[{\"@type\":\"SearchAction\",\"target\":{\"@type\":\"EntryPoint\",\"urlTemplate\":\"https:\\\/\\\/plastomer.se\\\/no\\\/?s={search_term_string}\"},\"query-input\":{\"@type\":\"PropertyValueSpecification\",\"valueRequired\":true,\"valueName\":\"search_term_string\"}}],\"inLanguage\":\"nb-NO\"},{\"@type\":\"Organization\",\"@id\":\"https:\\\/\\\/plastomer.se\\\/no\\\/#organization\",\"name\":\"Plastomer\",\"url\":\"https:\\\/\\\/plastomer.se\\\/no\\\/\",\"logo\":{\"@type\":\"ImageObject\",\"inLanguage\":\"nb-NO\",\"@id\":\"https:\\\/\\\/plastomer.se\\\/no\\\/#\\\/schema\\\/logo\\\/image\\\/\",\"url\":\"https:\\\/\\\/plastomer.se\\\/wp-content\\\/uploads\\\/2025\\\/04\\\/plastomer.png\",\"contentUrl\":\"https:\\\/\\\/plastomer.se\\\/wp-content\\\/uploads\\\/2025\\\/04\\\/plastomer.png\",\"width\":1024,\"height\":1024,\"caption\":\"Plastomer\"},\"image\":{\"@id\":\"https:\\\/\\\/plastomer.se\\\/no\\\/#\\\/schema\\\/logo\\\/image\\\/\"}}]}<\/script>\n<!-- \/ Yoast SEO plugin. -->","yoast_head_json":{"title":"Yuasa batterier - Plastomer","robots":{"index":"index","follow":"follow","max-snippet":"max-snippet:-1","max-image-preview":"max-image-preview:large","max-video-preview":"max-video-preview:-1"},"canonical":"https:\/\/plastomer.se\/no\/produkter\/produkter-lastbil\/yuasa-batterier\/","og_locale":"nb_NO","og_type":"article","og_title":"Yuasa batterier - Plastomer","og_description":"Yuasa batterier Yuasa batterier representerer den absolutt beste kvaliteten n\u00e5r det kommer til ytelse, kvalitet og p\u00e5litelighet. Batteriene er designet for \u00e5 im\u00f8tekomme OE krav fra kj\u00f8ret\u00f8yprodusenter over hele verden. Yuasa batterier leverer h\u00f8y startkraft, t\u00e5ler h\u00f8yt daglig forbruk og er laget for \u00e5 motst\u00e5 kraftige p\u00e5kjenninger fra vibrasjon og st\u00f8t. Nedenfor er et utvalg [&hellip;]","og_url":"https:\/\/plastomer.se\/no\/produkter\/produkter-lastbil\/yuasa-batterier\/","og_site_name":"Plastomer","article_modified_time":"2025-02-12T12:48:50+00:00","og_image":[{"width":2300,"height":2300,"url":"https:\/\/plastomer.se\/wp-content\/uploads\/2022\/04\/truck_side-o.jpg","type":"image\/jpeg"}],"twitter_card":"summary_large_image","twitter_misc":{"Ansl. lesetid":"5 minutter"},"schema":{"@context":"https:\/\/schema.org","@graph":[{"@type":"WebPage","@id":"https:\/\/plastomer.se\/no\/produkter\/produkter-lastbil\/yuasa-batterier\/","url":"https:\/\/plastomer.se\/no\/produkter\/produkter-lastbil\/yuasa-batterier\/","name":"Yuasa batterier - Plastomer","isPartOf":{"@id":"https:\/\/plastomer.se\/no\/#website"},"primaryImageOfPage":{"@id":"https:\/\/plastomer.se\/no\/produkter\/produkter-lastbil\/yuasa-batterier\/#primaryimage"},"image":{"@id":"https:\/\/plastomer.se\/no\/produkter\/produkter-lastbil\/yuasa-batterier\/#primaryimage"},"thumbnailUrl":"https:\/\/plastomer.se\/wp-content\/uploads\/2022\/04\/truck_side-o.jpg","datePublished":"2025-02-12T12:23:49+00:00","dateModified":"2025-02-12T12:48:50+00:00","breadcrumb":{"@id":"https:\/\/plastomer.se\/no\/produkter\/produkter-lastbil\/yuasa-batterier\/#breadcrumb"},"inLanguage":"nb-NO","potentialAction":[{"@type":"ReadAction","target":["https:\/\/plastomer.se\/no\/produkter\/produkter-lastbil\/yuasa-batterier\/"]}]},{"@type":"ImageObject","inLanguage":"nb-NO","@id":"https:\/\/plastomer.se\/no\/produkter\/produkter-lastbil\/yuasa-batterier\/#primaryimage","url":"https:\/\/plastomer.se\/wp-content\/uploads\/2022\/04\/truck_side-o.jpg","contentUrl":"https:\/\/plastomer.se\/wp-content\/uploads\/2022\/04\/truck_side-o.jpg","width":2300,"height":2300,"caption":"PlastoMer tillbeh\u00f6r till lastbilar"},{"@type":"BreadcrumbList","@id":"https:\/\/plastomer.se\/no\/produkter\/produkter-lastbil\/yuasa-batterier\/#breadcrumb","itemListElement":[{"@type":"ListItem","position":1,"name":"Home","item":"https:\/\/plastomer.se\/no\/"},{"@type":"ListItem","position":2,"name":"Produkter","item":"https:\/\/plastomer.se\/no\/produkter\/"},{"@type":"ListItem","position":3,"name":"Produkter lastbil","item":"https:\/\/plastomer.se\/no\/produkter\/produkter-lastbil\/"},{"@type":"ListItem","position":4,"name":"Yuasa batterier"}]},{"@type":"WebSite","@id":"https:\/\/plastomer.se\/no\/#website","url":"https:\/\/plastomer.se\/no\/","name":"Plastomer","description":"Lastbilstillbeh\u00f6r i V\u00e4rldsklass","publisher":{"@id":"https:\/\/plastomer.se\/no\/#organization"},"potentialAction":[{"@type":"SearchAction","target":{"@type":"EntryPoint","urlTemplate":"https:\/\/plastomer.se\/no\/?s={search_term_string}"},"query-input":{"@type":"PropertyValueSpecification","valueRequired":true,"valueName":"search_term_string"}}],"inLanguage":"nb-NO"},{"@type":"Organization","@id":"https:\/\/plastomer.se\/no\/#organization","name":"Plastomer","url":"https:\/\/plastomer.se\/no\/","logo":{"@type":"ImageObject","inLanguage":"nb-NO","@id":"https:\/\/plastomer.se\/no\/#\/schema\/logo\/image\/","url":"https:\/\/plastomer.se\/wp-content\/uploads\/2025\/04\/plastomer.png","contentUrl":"https:\/\/plastomer.se\/wp-content\/uploads\/2025\/04\/plastomer.png","width":1024,"height":1024,"caption":"Plastomer"},"image":{"@id":"https:\/\/plastomer.se\/no\/#\/schema\/logo\/image\/"}}]}},"_links":{"self":[{"href":"https:\/\/plastomer.se\/no\/wp-json\/wp\/v2\/pages\/4678","targetHints":{"allow":["GET"]}}],"collection":[{"href":"https:\/\/plastomer.se\/no\/wp-json\/wp\/v2\/pages"}],"about":[{"href":"https:\/\/plastomer.se\/no\/wp-json\/wp\/v2\/types\/page"}],"author":[{"embeddable":true,"href":"https:\/\/plastomer.se\/no\/wp-json\/wp\/v2\/users\/4"}],"replies":[{"embeddable":true,"href":"https:\/\/plastomer.se\/no\/wp-json\/wp\/v2\/comments?post=4678"}],"version-history":[{"count":6,"href":"https:\/\/plastomer.se\/no\/wp-json\/wp\/v2\/pages\/4678\/revisions"}],"predecessor-version":[{"id":4703,"href":"https:\/\/plastomer.se\/no\/wp-json\/wp\/v2\/pages\/4678\/revisions\/4703"}],"up":[{"embeddable":true,"href":"https:\/\/plastomer.se\/no\/wp-json\/wp\/v2\/pages\/3051"}],"wp:featuredmedia":[{"embeddable":true,"href":"https:\/\/plastomer.se\/no\/wp-json\/wp\/v2\/media\/693"}],"wp:attachment":[{"href":"https:\/\/plastomer.se\/no\/wp-json\/wp\/v2\/media?parent=4678"}],"curies":[{"name":"wp","href":"https:\/\/api.w.org\/{rel}","templated":true}]}}