{"id":3061,"date":"2022-11-03T15:58:47","date_gmt":"2022-11-03T14:58:47","guid":{"rendered":"https:\/\/plastomer.se\/produkter\/takler-produkter\/stiger\/"},"modified":"2026-01-23T11:33:49","modified_gmt":"2026-01-23T10:33:49","slug":"stiger","status":"publish","type":"page","link":"https:\/\/plastomer.se\/no\/produkter\/takler-produkter\/stiger\/","title":{"rendered":"Stiger"},"content":{"rendered":"\n<h1>\n\t\t\tTakler stegar till lastbilar\t<\/h1>\n\t<p>Vi s\u00e4ljer h\u00f6gkvalitativa stegar till lastbilar fr\u00e5n Takler. Stegarna \u00e4r smidiga, robusta och finns i flera modeller.<\/p>\n<p><a href=\"https:\/\/taklergroup.com\/\"><img loading=\"lazy\" decoding=\"async\" src=\"https:\/\/plastomer.se\/wp-content\/uploads\/2022\/04\/brand-takler-300x156.png\" alt=\"\" width=\"180\" height=\"94\" \/><\/a><\/p>\n<section>\n   <h2>Stege &#8211; Varmgalvad pullout stege med plattform<\/h2>   \n    <img decoding=\"async\" src=\"https:\/\/plastomer.se\/wp-content\/uploads\/2022\/04\/TK8255-60-65-1024x559.png\" pm-full=\"https:\/\/plastomer.se\/wp-content\/uploads\/2022\/04\/TK8255-60-65.png\" alt=\"Plastomer Produkter\"\/><img decoding=\"async\" src=\"https:\/\/plastomer.se\/wp-content\/uploads\/2022\/04\/Teknisk-info-6.jpg\" pm-full=\"https:\/\/plastomer.se\/wp-content\/uploads\/2022\/04\/Teknisk-info-6.jpg\" alt=\"Plastomer Produkter\"\/>\n\t\t\t\t\t\t\t<h3>Stege &#8211; Varmgalvad pullout stege med plattform<\/h3>\n\t\t\t\t<hr \/>\n\t\t\t\t\tArt Nr:Steg:L1 (mm):L2 (mm):P (mm):B (mm):H (mm):S (mm):\t\t\t\t\n\t\t\t\tArt Nr: TK8255Steg: 2L1 (mm): 1106L2 (mm): 562P (mm): 797B (mm): 420H (mm): 462S (mm): 68Art Nr: TK8260\nSteg: 2L1 (mm): 1235L2 (mm): 654P (mm): 881B (mm): 420H (mm): 531S (mm): 68Art Nr: TK8265Steg: 3L1 (mm): 1366L2 (mm): 750P (mm): 960B (mm): 420H (mm): 602S (mm): 68\n<\/section>\n<section>\n   <h2>Stege &#8211; Varmgalvad pullout stege med brett steg och handtag<\/h2>   \n    <img decoding=\"async\" src=\"https:\/\/plastomer.se\/wp-content\/uploads\/2022\/10\/TK9104-A-1024x559.png\" pm-full=\"https:\/\/plastomer.se\/wp-content\/uploads\/2022\/10\/TK9104-A.png\" alt=\"Plastomer Produkter\"\/><img decoding=\"async\" src=\"https:\/\/plastomer.se\/wp-content\/uploads\/2022\/10\/TK9104-B-1024x559.png\" pm-full=\"https:\/\/plastomer.se\/wp-content\/uploads\/2022\/10\/TK9104-B.png\" alt=\"Plastomer Produkter\"\/><img decoding=\"async\" src=\"https:\/\/plastomer.se\/wp-content\/uploads\/2022\/10\/Teknisk-info-9-1024x487.png\" pm-full=\"https:\/\/plastomer.se\/wp-content\/uploads\/2022\/10\/Teknisk-info-9.png\" alt=\"Plastomer Produkter\"\/>\n\t\t\t\t\t\t\t<h3>Stege &#8211; Varmgalvad pullout stege med brett steg och handtag<\/h3>\n\t\t\t\t<hr \/>\n\t\t\t\t\tArt nr:Steg:L1 (mm):L2 (mm):B (mm):H (mm):S (mm):\t\t\t\t\n\t\t\t\tArt nr: TK9104Steg: 3L1 (mm): 1856L2 (mm): 1304B (mm): 715H (mm): 681S (mm): 73\n<\/section>\n<section>\n   <h2>Stege &#8211; Varmgalvaniserad hopf\u00e4llbar stege med 3 breda steg<\/h2>   \n    <img decoding=\"async\" src=\"https:\/\/plastomer.se\/wp-content\/uploads\/2022\/11\/TK9050-a-1024x559.png\" pm-full=\"https:\/\/plastomer.se\/wp-content\/uploads\/2022\/11\/TK9050-a.png\" alt=\"Plastomer Produkter\"\/><img decoding=\"async\" src=\"https:\/\/plastomer.se\/wp-content\/uploads\/2022\/11\/TK9050-b-1024x559.png\" pm-full=\"https:\/\/plastomer.se\/wp-content\/uploads\/2022\/11\/TK9050-b.png\" alt=\"Plastomer Produkter\"\/><img decoding=\"async\" src=\"https:\/\/plastomer.se\/wp-content\/uploads\/2022\/11\/TK9050-c-1024x559.png\" pm-full=\"https:\/\/plastomer.se\/wp-content\/uploads\/2022\/11\/TK9050-c.png\" alt=\"Plastomer Produkter\"\/><img decoding=\"async\" src=\"https:\/\/plastomer.se\/wp-content\/uploads\/2022\/11\/TK9050-d-1024x559.png\" pm-full=\"https:\/\/plastomer.se\/wp-content\/uploads\/2022\/11\/TK9050-d.png\" alt=\"Plastomer Produkter\"\/><img decoding=\"async\" src=\"https:\/\/plastomer.se\/wp-content\/uploads\/2022\/11\/TK9050-teknisk-info.jpg\" pm-full=\"https:\/\/plastomer.se\/wp-content\/uploads\/2022\/11\/TK9050-teknisk-info.jpg\" alt=\"Plastomer Produkter\"\/>\n\t\t\t\t\t\t\t<h3>Stege &#8211; Varmgalvaniserad hopf\u00e4llbar stege med 3 breda steg<\/h3>\n\t\t\t\t<hr \/>\n\t\t\t\t\tArt nr:Steg:Q (mm):L (mm):P (mm):B (mm):H (mm):\t\t\t\t\n\t\t\t\tArt nr: TK9050Steg: 3Q (mm): 492L (mm): 978\/779\/350P (mm): 340B (mm): 560H (mm): 735\n<\/section>\n<section>\n   <h2>Stege &#8211; Varmgalvad pullout stege utan plattform<\/h2>   \n    <img decoding=\"async\" src=\"https:\/\/plastomer.se\/wp-content\/uploads\/2022\/04\/TK8655-60-65-1024x559.png\" pm-full=\"https:\/\/plastomer.se\/wp-content\/uploads\/2022\/04\/TK8655-60-65.png\" alt=\"Plastomer Produkter\"\/><img decoding=\"async\" src=\"https:\/\/plastomer.se\/wp-content\/uploads\/2022\/04\/Teknisk-info-7.jpg\" pm-full=\"https:\/\/plastomer.se\/wp-content\/uploads\/2022\/04\/Teknisk-info-7.jpg\" alt=\"Plastomer Produkter\"\/>\n\t\t\t\t\t\t\t<h3>Stege &#8211; Varmgalvad pullout stege utan plattform<\/h3>\n\t\t\t\t<hr \/>\n\t\t\t\t\tArt nr:Steg:L1 (mm):L2 (mm):B (mm):H (mm):S (mm):\t\t\t\t\n\t\t\t\tArt nr: TK8655Steg: 2L1 (mm): 850L2 (mm): 570B (mm): 420H (mm): 460S (mm): 69Art nr: TK8660Steg: 2L1 (mm): 1000L2 (mm): 660B (mm): 420H (mm): 530S (mm): 69Art nr: TK8665Steg: 3L1 (mm): 1120L2 (mm): 750B (mm): 420H (mm): 600S (mm): 69\n<\/section>\n<section>\n   <h2>Stege &#8211; Varmgalvad pullout stege med breda steg<\/h2>   \n    <img decoding=\"async\" src=\"https:\/\/plastomer.se\/wp-content\/uploads\/2022\/10\/TK9120-25-1024x559.png\" pm-full=\"https:\/\/plastomer.se\/wp-content\/uploads\/2022\/10\/TK9120-25.png\" alt=\"Plastomer Produkter\"\/><img decoding=\"async\" src=\"https:\/\/plastomer.se\/wp-content\/uploads\/2022\/10\/Tk9120-25-A-1024x559.png\" pm-full=\"https:\/\/plastomer.se\/wp-content\/uploads\/2022\/10\/Tk9120-25-A.png\" alt=\"Plastomer Produkter\"\/><img decoding=\"async\" src=\"https:\/\/plastomer.se\/wp-content\/uploads\/2022\/10\/Teknisk-info-10.jpg\" pm-full=\"https:\/\/plastomer.se\/wp-content\/uploads\/2022\/10\/Teknisk-info-10.jpg\" alt=\"Plastomer Produkter\"\/>\n\t\t\t\t\t\t\t<h3>Stege &#8211; Varmgalvad pullout stege med breda steg<\/h3>\n\t\t\t\t<hr \/>\n\t\t\t\t\tArt nr:Steg:L1 (mm):L2 (mm):P (mm):B (mm):H (mm):S (mm):\t\t\t\t\n\t\t\t\tArt nr: TK9120Steg: 5L1 (mm): 1471L2 (mm): 1877P (mm): 497B (mm): 706H (mm): 1042S (mm): 60Art nr: TK9125Steg: 6L1 (mm): 1672L2 (mm): 2162P (mm): 497B (mm): 706H (mm): 1244S (mm): 60\n<\/section>\n<section>\n   <h2>STEGE &#8211; UTF\u00c4LLBAR MED PLATTFORM<\/h2>   \n    <img decoding=\"async\" src=\"https:\/\/plastomer.se\/wp-content\/uploads\/2025\/12\/GULSTEGE-TEKNISK-INFO.png\" pm-full=\"https:\/\/plastomer.se\/wp-content\/uploads\/2025\/12\/GULSTEGE-TEKNISK-INFO.png\" alt=\"Plastomer Produkter\"\/><img decoding=\"async\" src=\"https:\/\/plastomer.se\/wp-content\/uploads\/2025\/12\/GULSTEGE-1.png\" pm-full=\"https:\/\/plastomer.se\/wp-content\/uploads\/2025\/12\/GULSTEGE-1.png\" alt=\"Plastomer Produkter\"\/><img decoding=\"async\" src=\"https:\/\/plastomer.se\/wp-content\/uploads\/2025\/12\/GULSTEGE-2.png\" pm-full=\"https:\/\/plastomer.se\/wp-content\/uploads\/2025\/12\/GULSTEGE-2.png\" alt=\"Plastomer Produkter\"\/><img decoding=\"async\" src=\"https:\/\/plastomer.se\/wp-content\/uploads\/2025\/12\/GULSTEGE-3.png\" pm-full=\"https:\/\/plastomer.se\/wp-content\/uploads\/2025\/12\/GULSTEGE-3.png\" alt=\"Plastomer Produkter\"\/><img decoding=\"async\" src=\"https:\/\/plastomer.se\/wp-content\/uploads\/2025\/12\/GULSTEGE-4.png\" pm-full=\"https:\/\/plastomer.se\/wp-content\/uploads\/2025\/12\/GULSTEGE-4.png\" alt=\"Plastomer Produkter\"\/><img decoding=\"async\" src=\"https:\/\/plastomer.se\/wp-content\/uploads\/2025\/12\/GULSTEGE-5.png\" pm-full=\"https:\/\/plastomer.se\/wp-content\/uploads\/2025\/12\/GULSTEGE-5.png\" alt=\"Plastomer Produkter\"\/>\n\t\t\t\t\t\t\t<h3>STEGE &#8211; UTF\u00c4LLBAR MED PLATTFORM<\/h3>\n\t\t\t\t<hr \/>\n\t\t\t\t\tARTNR:STEG:L1:L2:B:H:F\u00c4RG:LEV TID:\t\t\t\t\n\t\t\t\tARTNR: TL818001STEG: 2L1: 891L2: 471B: 421H: 534F\u00c4RG: GR\u00c5LEV TID: OMG\u00c5ENDEARTNR: TL819001STEG: 3L1: 1086L2: 594B: 421H: 687F\u00c4RG: GR\u00c5LEV TID: OMG\u00c5ENDEARTNR: TK8180STEG: 2L1: 891L2: 471B: 421H: 534F\u00c4RG: GULLEV TID: 4-5VARTNR: TK8190STEG: 3L1: 1086L2: 594B: 421H: 687F\u00c4RG: GULLEV TID: 4-5V\n<\/section>\n<section>\n   <h2>Stege &#8211; I aluminium med tv\u00e5 breda steg<\/h2>   \n    <img decoding=\"async\" src=\"https:\/\/plastomer.se\/wp-content\/uploads\/2022\/10\/TK9230-A-1024x559.png\" pm-full=\"https:\/\/plastomer.se\/wp-content\/uploads\/2022\/10\/TK9230-A.png\" alt=\"Plastomer Produkter\"\/><img decoding=\"async\" src=\"https:\/\/plastomer.se\/wp-content\/uploads\/2022\/10\/TK9230-B-1024x559.png\" pm-full=\"https:\/\/plastomer.se\/wp-content\/uploads\/2022\/10\/TK9230-B.png\" alt=\"Plastomer Produkter\"\/><img decoding=\"async\" src=\"https:\/\/plastomer.se\/wp-content\/uploads\/2022\/10\/Teknisk-info-11.jpg\" pm-full=\"https:\/\/plastomer.se\/wp-content\/uploads\/2022\/10\/Teknisk-info-11.jpg\" alt=\"Plastomer Produkter\"\/>\n\t\t\t\t\t\t\t<h3>Stege &#8211; I aluminium med tv\u00e5 breda steg<\/h3>\n\t\t\t\t<hr \/>\n\t\t\t\t\tArt nr:Steg:L (mm):P (mm):B (mm):H (mm):\t\t\t\t\n\t\t\t\tArt nr: TK9230Steg: 2L (mm): 785P (mm): 395B (mm): 745H (mm): 518\n<\/section>\n<section>\n   <h2>Stege &#8211; Varmgalvat fotsteg<\/h2>   \n    <img decoding=\"async\" src=\"https:\/\/plastomer.se\/wp-content\/uploads\/2022\/10\/TK8910-A-1024x559.png\" pm-full=\"https:\/\/plastomer.se\/wp-content\/uploads\/2022\/10\/TK8910-A.png\" alt=\"Plastomer Produkter\"\/><img decoding=\"async\" src=\"https:\/\/plastomer.se\/wp-content\/uploads\/2022\/10\/TK8910-B-1024x559.png\" pm-full=\"https:\/\/plastomer.se\/wp-content\/uploads\/2022\/10\/TK8910-B.png\" alt=\"Plastomer Produkter\"\/><img decoding=\"async\" src=\"https:\/\/plastomer.se\/wp-content\/uploads\/2022\/10\/Teknisk-info-8.jpg\" pm-full=\"https:\/\/plastomer.se\/wp-content\/uploads\/2022\/10\/Teknisk-info-8.jpg\" alt=\"Plastomer Produkter\"\/>\n\t\t\t\t\t\t\t<h3>Stege &#8211; Varmgalvat fotsteg<\/h3>\n\t\t\t\t<hr \/>\n\t\t\t\t\tArt nr:Steg:L (mm):P (mm):B (mm):H (mm):\t\t\t\t\n\t\t\t\tArt nr: TK8910Steg: 1L (mm): 50P (mm): 256B (mm): 775H (mm): 315\n<\/section>\n<section>\n   <h2>Stege &#8211; ramf\u00e4ste f\u00f6r stege<\/h2>   \n    <img decoding=\"async\" src=\"https:\/\/plastomer.se\/wp-content\/uploads\/2022\/11\/tk9715-a-1024x559.png\" pm-full=\"https:\/\/plastomer.se\/wp-content\/uploads\/2022\/11\/tk9715-a.png\" alt=\"Plastomer Produkter\"\/><img decoding=\"async\" src=\"https:\/\/plastomer.se\/wp-content\/uploads\/2022\/11\/tk9715-b-1024x559.png\" pm-full=\"https:\/\/plastomer.se\/wp-content\/uploads\/2022\/11\/tk9715-b.png\" alt=\"Plastomer Produkter\"\/><img decoding=\"async\" src=\"https:\/\/plastomer.se\/wp-content\/uploads\/2022\/11\/tk9715-teknisk-info.jpg\" pm-full=\"https:\/\/plastomer.se\/wp-content\/uploads\/2022\/11\/tk9715-teknisk-info.jpg\" alt=\"Plastomer Produkter\"\/>\n\t\t\t\t\t\t\t<h3>Stege &#8211; ramf\u00e4ste f\u00f6r stege<\/h3>\n\t\t\t\t<hr \/>\n\t\t\t\t\tArt nr:L (mm):B (mm):H (mm):S (mm):\t\t\t\t\n\t\t\t\tArt nr: TK9710L (mm): 1210B (mm): 710H (mm): 100S (mm): 66Art nr: TK9715L (mm): 2065B (mm): 710H (mm): 100S (mm): 66\n<\/section>\n<ul>\n<li>\n        <a href=\"https:\/\/plastomer.se\/produkter\/lastbil\/stankskydd\/\">\n            <img decoding=\"async\" src=\"https:\/\/plastomer.se\/wp-content\/uploads\/2022\/05\/Sta\u0308nkskydd-01-300x300.png\"\/>\n            <h3>St\u00e4nkskydd<\/h3>\n        <\/a>\n    <\/li><li>\n        <a href=\"https:\/\/plastomer.se\/produkter\/lastbil\/rensi-spray-anti-spray\/\">\n            <img decoding=\"async\" src=\"https:\/\/plastomer.se\/wp-content\/uploads\/2022\/05\/Sta\u0308nkskydd-01-300x300.png\"\/>\n            <h3>St\u00e4nkskydd med antispray<\/h3>\n        <\/a>\n    <\/li><li>\n        <a href=\"https:\/\/plastomer.se\/produkter\/lastbil\/fullbreddsskydd-uks\/\">\n            <img decoding=\"async\" src=\"https:\/\/plastomer.se\/wp-content\/uploads\/2022\/05\/Fullbreddskydd-300x300.png\"\/>\n            <h3>Fullbreddskydd<\/h3>\n        <\/a>\n    <\/li><li>\n        <a href=\"https:\/\/plastomer.se\/produkter\/domar\">\n            <img decoding=\"async\" src=\"https:\/\/plastomer.se\/wp-content\/uploads\/2022\/05\/Ska\u0308rmar-Tillbeho\u0308r-03-300x300.png\"\/>\n            <h3>Sk\u00e4rmar &#038; sk\u00e4rmtillbeh\u00f6r<\/h3>\n        <\/a>\n    <\/li><li>\n        <a href=\"https:\/\/plastomer.se\/produkter\/daken\/brandslackarboxar\">\n            <img decoding=\"async\" src=\"https:\/\/plastomer.se\/wp-content\/uploads\/2022\/05\/Brandsla\u0308ckarboxar-300x300.png\"\/>\n            <h3>Brandsl\u00e4ckar-boxar<\/h3>\n        <\/a>\n    <\/li><li>\n        <a href=\"https:\/\/plastomer.se\/produkter\/daken\/verktygslador\">\n            <img decoding=\"async\" src=\"https:\/\/plastomer.se\/wp-content\/uploads\/2022\/05\/Verktygsla\u030ada-05-300x300.png\"\/>\n            <h3>Verktygsl\u00e5dor<\/h3>\n        <\/a>\n    <\/li><li>\n        <a href=\"https:\/\/plastomer.se\/produkter\/takler\/underkorningsskydd\">\n            <img decoding=\"async\" src=\"https:\/\/plastomer.se\/wp-content\/uploads\/2022\/05\/Kantskydd-Sidoskydd-300x300.png\"\/>\n            <h3>Kantskydd &#038; sidoskydd<\/h3>\n        <\/a>\n    <\/li><li>\n        <a href=\"https:\/\/plastomer.se\/produkter\/lastbil\/wm-system-sortiment\">\n            <img decoding=\"async\" src=\"https:\/\/plastomer.se\/wp-content\/uploads\/2022\/05\/Lastramper-08-300x300.png\"\/>\n            <h3>Lastramper<\/h3>\n        <\/a>\n    <\/li><li>\n        <a href=\"https:\/\/plastomer.se\/produkter\/takler\/stegar\">\n            <img decoding=\"async\" src=\"https:\/\/plastomer.se\/wp-content\/uploads\/2022\/05\/Stegar-09-300x300.png\"\/>\n            <h3>Stegar<\/h3>\n        <\/a>\n    <\/li><li>\n        <a href=\"https:\/\/plastomer.se\/produkter\/lokhen-produkter\">\n            <img decoding=\"async\" src=\"https:\/\/plastomer.se\/wp-content\/uploads\/2022\/05\/Stoppklossar-300x300.png\"\/>\n            <h3>Stoppklossar<\/h3>\n        <\/a>\n    <\/li><\/ul>\n\n","protected":false},"excerpt":{"rendered":"<p>Takler stegar till lastbilar Vi s\u00e4ljer h\u00f6gkvalitativa stegar till lastbilar fr\u00e5n Takler. Stegarna \u00e4r smidiga, robusta och finns i flera modeller. Stege &#8211; Varmgalvad pullout stege med plattform Stege &#8211; Varmgalvad pullout stege med plattform Art Nr:Steg:L1 (mm):L2 (mm):P (mm):B (mm):H (mm):S (mm): Art Nr: TK8255Steg: 2L1 (mm): 1106L2 (mm): 562P (mm): 797B (mm): 420H [&hellip;]<\/p>\n","protected":false},"author":1,"featured_media":724,"parent":3060,"menu_order":0,"comment_status":"closed","ping_status":"closed","template":"page-templates\/template-pagebuilder.php","meta":{"_acf_changed":false,"_genesis_hide_title":false,"_genesis_hide_breadcrumbs":false,"_genesis_hide_singular_image":false,"_genesis_hide_footer_widgets":false,"_genesis_custom_body_class":"","_genesis_custom_post_class":"","_genesis_layout":"","footnotes":""},"class_list":{"0":"post-3061","1":"page","2":"type-page","3":"status-publish","4":"has-post-thumbnail","6":"entry"},"acf":[],"yoast_head":"<!-- This site is optimized with the Yoast SEO plugin v27.3 - https:\/\/yoast.com\/product\/yoast-seo-wordpress\/ -->\n<title>Stiger for lastebiler - Plastomer<\/title>\n<meta name=\"description\" content=\"Vi selger lastebilstiger av h\u00f8y kvalitet fra Takler. Stigene er fleksible, robuste og finnes i flere modeller.\" \/>\n<meta name=\"robots\" content=\"index, follow, max-snippet:-1, max-image-preview:large, max-video-preview:-1\" \/>\n<link rel=\"canonical\" href=\"https:\/\/plastomer.se\/no\/produkter\/takler-produkter\/stiger\/\" \/>\n<meta property=\"og:locale\" content=\"nb_NO\" \/>\n<meta property=\"og:type\" content=\"article\" \/>\n<meta property=\"og:title\" content=\"Stiger for lastebiler - Plastomer\" \/>\n<meta property=\"og:description\" content=\"Vi selger lastebilstiger av h\u00f8y kvalitet fra Takler. Stigene er fleksible, robuste og finnes i flere modeller.\" \/>\n<meta property=\"og:url\" content=\"https:\/\/plastomer.se\/no\/produkter\/takler-produkter\/stiger\/\" \/>\n<meta property=\"og:site_name\" content=\"Plastomer\" \/>\n<meta property=\"article:modified_time\" content=\"2026-01-23T10:33:49+00:00\" \/>\n<meta property=\"og:image\" content=\"https:\/\/plastomer.se\/wp-content\/uploads\/2022\/04\/truck-header.jpg\" \/>\n\t<meta property=\"og:image:width\" content=\"1920\" \/>\n\t<meta property=\"og:image:height\" content=\"500\" \/>\n\t<meta property=\"og:image:type\" content=\"image\/jpeg\" \/>\n<meta name=\"twitter:card\" content=\"summary_large_image\" \/>\n<meta name=\"twitter:label1\" content=\"Ansl. lesetid\" \/>\n\t<meta name=\"twitter:data1\" content=\"10 minutter\" \/>\n<script type=\"application\/ld+json\" class=\"yoast-schema-graph\">{\"@context\":\"https:\\\/\\\/schema.org\",\"@graph\":[{\"@type\":\"WebPage\",\"@id\":\"https:\\\/\\\/plastomer.se\\\/no\\\/produkter\\\/takler-produkter\\\/stiger\\\/\",\"url\":\"https:\\\/\\\/plastomer.se\\\/no\\\/produkter\\\/takler-produkter\\\/stiger\\\/\",\"name\":\"Stiger for lastebiler - Plastomer\",\"isPartOf\":{\"@id\":\"https:\\\/\\\/plastomer.se\\\/no\\\/#website\"},\"primaryImageOfPage\":{\"@id\":\"https:\\\/\\\/plastomer.se\\\/no\\\/produkter\\\/takler-produkter\\\/stiger\\\/#primaryimage\"},\"image\":{\"@id\":\"https:\\\/\\\/plastomer.se\\\/no\\\/produkter\\\/takler-produkter\\\/stiger\\\/#primaryimage\"},\"thumbnailUrl\":\"https:\\\/\\\/plastomer.se\\\/wp-content\\\/uploads\\\/2022\\\/04\\\/truck-header.jpg\",\"datePublished\":\"2022-11-03T14:58:47+00:00\",\"dateModified\":\"2026-01-23T10:33:49+00:00\",\"description\":\"Vi selger lastebilstiger av h\u00f8y kvalitet fra Takler. Stigene er fleksible, robuste og finnes i flere modeller.\",\"breadcrumb\":{\"@id\":\"https:\\\/\\\/plastomer.se\\\/no\\\/produkter\\\/takler-produkter\\\/stiger\\\/#breadcrumb\"},\"inLanguage\":\"nb-NO\",\"potentialAction\":[{\"@type\":\"ReadAction\",\"target\":[\"https:\\\/\\\/plastomer.se\\\/no\\\/produkter\\\/takler-produkter\\\/stiger\\\/\"]}]},{\"@type\":\"ImageObject\",\"inLanguage\":\"nb-NO\",\"@id\":\"https:\\\/\\\/plastomer.se\\\/no\\\/produkter\\\/takler-produkter\\\/stiger\\\/#primaryimage\",\"url\":\"https:\\\/\\\/plastomer.se\\\/wp-content\\\/uploads\\\/2022\\\/04\\\/truck-header.jpg\",\"contentUrl\":\"https:\\\/\\\/plastomer.se\\\/wp-content\\\/uploads\\\/2022\\\/04\\\/truck-header.jpg\",\"width\":1920,\"height\":500},{\"@type\":\"BreadcrumbList\",\"@id\":\"https:\\\/\\\/plastomer.se\\\/no\\\/produkter\\\/takler-produkter\\\/stiger\\\/#breadcrumb\",\"itemListElement\":[{\"@type\":\"ListItem\",\"position\":1,\"name\":\"Home\",\"item\":\"https:\\\/\\\/plastomer.se\\\/no\\\/\"},{\"@type\":\"ListItem\",\"position\":2,\"name\":\"Produkter\",\"item\":\"https:\\\/\\\/plastomer.se\\\/no\\\/produkter\\\/\"},{\"@type\":\"ListItem\",\"position\":3,\"name\":\"TAKLER-produkter\",\"item\":\"https:\\\/\\\/plastomer.se\\\/no\\\/produkter\\\/takler-produkter\\\/\"},{\"@type\":\"ListItem\",\"position\":4,\"name\":\"Stiger\"}]},{\"@type\":\"WebSite\",\"@id\":\"https:\\\/\\\/plastomer.se\\\/no\\\/#website\",\"url\":\"https:\\\/\\\/plastomer.se\\\/no\\\/\",\"name\":\"Plastomer\",\"description\":\"Lastbilstillbeh\u00f6r i V\u00e4rldsklass\",\"publisher\":{\"@id\":\"https:\\\/\\\/plastomer.se\\\/no\\\/#organization\"},\"potentialAction\":[{\"@type\":\"SearchAction\",\"target\":{\"@type\":\"EntryPoint\",\"urlTemplate\":\"https:\\\/\\\/plastomer.se\\\/no\\\/?s={search_term_string}\"},\"query-input\":{\"@type\":\"PropertyValueSpecification\",\"valueRequired\":true,\"valueName\":\"search_term_string\"}}],\"inLanguage\":\"nb-NO\"},{\"@type\":\"Organization\",\"@id\":\"https:\\\/\\\/plastomer.se\\\/no\\\/#organization\",\"name\":\"Plastomer\",\"url\":\"https:\\\/\\\/plastomer.se\\\/no\\\/\",\"logo\":{\"@type\":\"ImageObject\",\"inLanguage\":\"nb-NO\",\"@id\":\"https:\\\/\\\/plastomer.se\\\/no\\\/#\\\/schema\\\/logo\\\/image\\\/\",\"url\":\"https:\\\/\\\/plastomer.se\\\/wp-content\\\/uploads\\\/2025\\\/04\\\/plastomer.png\",\"contentUrl\":\"https:\\\/\\\/plastomer.se\\\/wp-content\\\/uploads\\\/2025\\\/04\\\/plastomer.png\",\"width\":1024,\"height\":1024,\"caption\":\"Plastomer\"},\"image\":{\"@id\":\"https:\\\/\\\/plastomer.se\\\/no\\\/#\\\/schema\\\/logo\\\/image\\\/\"}}]}<\/script>\n<!-- \/ Yoast SEO plugin. -->","yoast_head_json":{"title":"Stiger for lastebiler - Plastomer","description":"Vi selger lastebilstiger av h\u00f8y kvalitet fra Takler. Stigene er fleksible, robuste og finnes i flere modeller.","robots":{"index":"index","follow":"follow","max-snippet":"max-snippet:-1","max-image-preview":"max-image-preview:large","max-video-preview":"max-video-preview:-1"},"canonical":"https:\/\/plastomer.se\/no\/produkter\/takler-produkter\/stiger\/","og_locale":"nb_NO","og_type":"article","og_title":"Stiger for lastebiler - Plastomer","og_description":"Vi selger lastebilstiger av h\u00f8y kvalitet fra Takler. Stigene er fleksible, robuste og finnes i flere modeller.","og_url":"https:\/\/plastomer.se\/no\/produkter\/takler-produkter\/stiger\/","og_site_name":"Plastomer","article_modified_time":"2026-01-23T10:33:49+00:00","og_image":[{"width":1920,"height":500,"url":"https:\/\/plastomer.se\/wp-content\/uploads\/2022\/04\/truck-header.jpg","type":"image\/jpeg"}],"twitter_card":"summary_large_image","twitter_misc":{"Ansl. lesetid":"10 minutter"},"schema":{"@context":"https:\/\/schema.org","@graph":[{"@type":"WebPage","@id":"https:\/\/plastomer.se\/no\/produkter\/takler-produkter\/stiger\/","url":"https:\/\/plastomer.se\/no\/produkter\/takler-produkter\/stiger\/","name":"Stiger for lastebiler - Plastomer","isPartOf":{"@id":"https:\/\/plastomer.se\/no\/#website"},"primaryImageOfPage":{"@id":"https:\/\/plastomer.se\/no\/produkter\/takler-produkter\/stiger\/#primaryimage"},"image":{"@id":"https:\/\/plastomer.se\/no\/produkter\/takler-produkter\/stiger\/#primaryimage"},"thumbnailUrl":"https:\/\/plastomer.se\/wp-content\/uploads\/2022\/04\/truck-header.jpg","datePublished":"2022-11-03T14:58:47+00:00","dateModified":"2026-01-23T10:33:49+00:00","description":"Vi selger lastebilstiger av h\u00f8y kvalitet fra Takler. Stigene er fleksible, robuste og finnes i flere modeller.","breadcrumb":{"@id":"https:\/\/plastomer.se\/no\/produkter\/takler-produkter\/stiger\/#breadcrumb"},"inLanguage":"nb-NO","potentialAction":[{"@type":"ReadAction","target":["https:\/\/plastomer.se\/no\/produkter\/takler-produkter\/stiger\/"]}]},{"@type":"ImageObject","inLanguage":"nb-NO","@id":"https:\/\/plastomer.se\/no\/produkter\/takler-produkter\/stiger\/#primaryimage","url":"https:\/\/plastomer.se\/wp-content\/uploads\/2022\/04\/truck-header.jpg","contentUrl":"https:\/\/plastomer.se\/wp-content\/uploads\/2022\/04\/truck-header.jpg","width":1920,"height":500},{"@type":"BreadcrumbList","@id":"https:\/\/plastomer.se\/no\/produkter\/takler-produkter\/stiger\/#breadcrumb","itemListElement":[{"@type":"ListItem","position":1,"name":"Home","item":"https:\/\/plastomer.se\/no\/"},{"@type":"ListItem","position":2,"name":"Produkter","item":"https:\/\/plastomer.se\/no\/produkter\/"},{"@type":"ListItem","position":3,"name":"TAKLER-produkter","item":"https:\/\/plastomer.se\/no\/produkter\/takler-produkter\/"},{"@type":"ListItem","position":4,"name":"Stiger"}]},{"@type":"WebSite","@id":"https:\/\/plastomer.se\/no\/#website","url":"https:\/\/plastomer.se\/no\/","name":"Plastomer","description":"Lastbilstillbeh\u00f6r i V\u00e4rldsklass","publisher":{"@id":"https:\/\/plastomer.se\/no\/#organization"},"potentialAction":[{"@type":"SearchAction","target":{"@type":"EntryPoint","urlTemplate":"https:\/\/plastomer.se\/no\/?s={search_term_string}"},"query-input":{"@type":"PropertyValueSpecification","valueRequired":true,"valueName":"search_term_string"}}],"inLanguage":"nb-NO"},{"@type":"Organization","@id":"https:\/\/plastomer.se\/no\/#organization","name":"Plastomer","url":"https:\/\/plastomer.se\/no\/","logo":{"@type":"ImageObject","inLanguage":"nb-NO","@id":"https:\/\/plastomer.se\/no\/#\/schema\/logo\/image\/","url":"https:\/\/plastomer.se\/wp-content\/uploads\/2025\/04\/plastomer.png","contentUrl":"https:\/\/plastomer.se\/wp-content\/uploads\/2025\/04\/plastomer.png","width":1024,"height":1024,"caption":"Plastomer"},"image":{"@id":"https:\/\/plastomer.se\/no\/#\/schema\/logo\/image\/"}}]}},"_links":{"self":[{"href":"https:\/\/plastomer.se\/no\/wp-json\/wp\/v2\/pages\/3061","targetHints":{"allow":["GET"]}}],"collection":[{"href":"https:\/\/plastomer.se\/no\/wp-json\/wp\/v2\/pages"}],"about":[{"href":"https:\/\/plastomer.se\/no\/wp-json\/wp\/v2\/types\/page"}],"author":[{"embeddable":true,"href":"https:\/\/plastomer.se\/no\/wp-json\/wp\/v2\/users\/1"}],"replies":[{"embeddable":true,"href":"https:\/\/plastomer.se\/no\/wp-json\/wp\/v2\/comments?post=3061"}],"version-history":[{"count":5,"href":"https:\/\/plastomer.se\/no\/wp-json\/wp\/v2\/pages\/3061\/revisions"}],"predecessor-version":[{"id":5062,"href":"https:\/\/plastomer.se\/no\/wp-json\/wp\/v2\/pages\/3061\/revisions\/5062"}],"up":[{"embeddable":true,"href":"https:\/\/plastomer.se\/no\/wp-json\/wp\/v2\/pages\/3060"}],"wp:featuredmedia":[{"embeddable":true,"href":"https:\/\/plastomer.se\/no\/wp-json\/wp\/v2\/media\/724"}],"wp:attachment":[{"href":"https:\/\/plastomer.se\/no\/wp-json\/wp\/v2\/media?parent=3061"}],"curies":[{"name":"wp","href":"https:\/\/api.w.org\/{rel}","templated":true}]}}