{"id":3056,"date":"2022-04-16T11:46:45","date_gmt":"2022-04-16T09:46:45","guid":{"rendered":"https:\/\/plastomer.se\/produkter\/produkter-lastbil\/sprutbeskyttelse-antispray\/"},"modified":"2023-11-06T15:19:12","modified_gmt":"2023-11-06T14:19:12","slug":"sprutbeskyttelse-antispray","status":"publish","type":"page","link":"https:\/\/plastomer.se\/no\/produkter\/produkter-lastbil\/sprutbeskyttelse-antispray\/","title":{"rendered":"Skvettlapp antispray"},"content":{"rendered":"\n<h1>\n\t\tPlastomer antispray skvettlapp\n\t<\/h1>\n\t<h2>E-godkjent l\u00f8sning for ditt kj\u00f8ret\u00f8y i flere modeller<\/h2>\n<p>Rensi spray er utviklet for \u00e5 fungere under praktiske forhold for kj\u00f8ret\u00f8yet ditt. Vekten er lav og systemet finnes i flere modeller. Rensi spray er v\u00e5rt patenterte skvettlappssystem som ble laget for \u00e5 oppfylle EUs direktiv (EU) nr. 109\/2011. Rensi spray er testet og godkjent av SP, Swedish Testing and Research Institute.<\/p>\n<p>Vi produserer v\u00e5re skvettlapp i forskjellige formater, du velger selv hvilken tekst eller bilde du \u00f8nsker! Finnes ogs\u00e5 som EU-godkjent antispray. Vi har ogs\u00e5 skvettlapp i full bredde for feste til underkj\u00f8ringsbjelken.<\/p>\n<p><a href=\"https:\/\/plastomer.se\/wp-content\/uploads\/2023\/11\/EC-type-approval-e5_2021_535_VIII_2021_535_00005_00.pdf\" target=\"_blank\" rel=\"noopener\">EC typegodkjenningssertifikat &#8211; rensi spray skvettlapp PDF<\/a><\/p>\n<h2>Kantsikring &#8211; Vi tilpasser slik at du f\u00f8lger loven<\/h2>\n<p>Kantbeskyttere med vannabsorberende utfyller v\u00e5r rensi sprayserie og er godkjent i henhold til gjeldende EU-direktiver Kantsikring skj\u00f8tes med p\u00e5monterte fugelister og p\u00e5 denne m\u00e5ten bygges de sammen for aktuell skjermlengde. PlastoMers kantbeskyttelse passer b\u00e5de tandem- og tridemskjermer.<\/p>\n<p>V\u00e5re kantlister finnes i ulike lengder for utvidelse\/avslutning av rette plateskjermer som er vanlige p\u00e5 hjullastere o.l.<\/p>\n<h2>\n\t\tFlere kategorier\n\t<\/h2>\n<ul>\n<li>\n        <a href=\"https:\/\/plastomer.se\/no\/produkter\/produkter-lastbil\/sprutsikring\/\">\n            <img decoding=\"async\" src=\"https:\/\/plastomer.se\/wp-content\/uploads\/2022\/05\/Sta\u0308nkskydd-01-300x300.png\"\/>\n            <h3>Skvettlapp<\/h3>\n        <\/a>\n    <\/li><li>\n        <a href=\"https:\/\/plastomer.se\/no\/produkter\/produkter-lastbil\/sprutbeskyttelse-antispray\/\">\n            <img decoding=\"async\" src=\"https:\/\/plastomer.se\/wp-content\/uploads\/2022\/05\/Sta\u0308nkskydd-01-300x300.png\"\/>\n            <h3>Skvettlapp antispray<\/h3>\n        <\/a>\n    <\/li><li>\n        <a href=\"https:\/\/plastomer.se\/no\/produkter\/produkter-lastbil\/stankskydd-full-bredde\/\">\n            <img decoding=\"async\" src=\"https:\/\/plastomer.se\/wp-content\/uploads\/2022\/05\/Fullbreddskydd-300x300.png\"\/>\n            <h3>Skvettlapp full bredde<\/h3>\n        <\/a>\n    <\/li><li>\n        <a href=\"https:\/\/plastomer.se\/no\/produkter\/domar-produkter\/\">\n            <img decoding=\"async\" src=\"https:\/\/plastomer.se\/wp-content\/uploads\/2022\/05\/Ska\u0308rmar-Tillbeho\u0308r-03-300x300.png\"\/>\n            <h3>Skjermer &#038; tilbeh\u00f8r<\/h3>\n        <\/a>\n    <\/li><li>\n        <a href=\"https:\/\/plastomer.se\/no\/produkter\/daken-produkter\/\">\n            <img decoding=\"async\" src=\"https:\/\/plastomer.se\/wp-content\/uploads\/2022\/05\/Brandsla\u0308ckarboxar-300x300.png\"\/>\n            <h3>Brannslukningsbokser<\/h3>\n        <\/a>\n    <\/li><li>\n        <a href=\"https:\/\/plastomer.se\/no\/produkter\/daken-produkter\/verktoykasser\/\">\n            <img decoding=\"async\" src=\"https:\/\/plastomer.se\/wp-content\/uploads\/2022\/05\/Verktygsla\u030ada-05-300x300.png\"\/>\n            <h3>Verkt\u00f8ykasser<\/h3>\n        <\/a>\n    <\/li><li>\n        <a href=\"https:\/\/plastomer.se\/no\/produkter\/takler-produkter\/underkjoringsbeskyttelse\/\">\n            <img decoding=\"async\" src=\"https:\/\/plastomer.se\/wp-content\/uploads\/2022\/05\/Kantskydd-Sidoskydd-300x300.png\"\/>\n            <h3>Underkj\u00f8rningsbeskyttelse<\/h3>\n        <\/a>\n    <\/li><li>\n        <a href=\"https:\/\/plastomer.se\/no\/produkter\/produkter-lastbil\/wm-system-lasteramper\/\">\n            <img decoding=\"async\" src=\"https:\/\/plastomer.se\/wp-content\/uploads\/2022\/05\/Lastramper-08-300x300.png\"\/>\n            <h3>Lasteramper<\/h3>\n        <\/a>\n    <\/li><li>\n        <a href=\"https:\/\/plastomer.se\/no\/produkter\/takler-produkter\/stiger\/\">\n            <img decoding=\"async\" src=\"https:\/\/plastomer.se\/wp-content\/uploads\/2022\/05\/Stegar-09-300x300.png\"\/>\n            <h3>Stiger<\/h3>\n        <\/a>\n    <\/li><li>\n        <a href=\"https:\/\/plastomer.se\/no\/produkter\/lokhen-produkter\/\">\n            <img decoding=\"async\" src=\"https:\/\/plastomer.se\/wp-content\/uploads\/2022\/05\/Stoppklossar-300x300.png\"\/>\n            <h3>Stoppblokk<\/h3>\n        <\/a>\n    <\/li><\/ul>\n\n","protected":false},"excerpt":{"rendered":"<p>Plastomer antispray skvettlapp E-godkjent l\u00f8sning for ditt kj\u00f8ret\u00f8y i flere modeller Rensi spray er utviklet for \u00e5 fungere under praktiske forhold for kj\u00f8ret\u00f8yet ditt. Vekten er lav og systemet finnes i flere modeller. Rensi spray er v\u00e5rt patenterte skvettlappssystem som ble laget for \u00e5 oppfylle EUs direktiv (EU) nr. 109\/2011. Rensi spray er testet og [&hellip;]<\/p>\n","protected":false},"author":1,"featured_media":693,"parent":3051,"menu_order":0,"comment_status":"closed","ping_status":"closed","template":"page-templates\/template-pagebuilder.php","meta":{"_acf_changed":false,"_genesis_hide_title":false,"_genesis_hide_breadcrumbs":false,"_genesis_hide_singular_image":false,"_genesis_hide_footer_widgets":false,"_genesis_custom_body_class":"","_genesis_custom_post_class":"","_genesis_layout":"","footnotes":""},"class_list":{"0":"post-3056","1":"page","2":"type-page","3":"status-publish","4":"has-post-thumbnail","6":"entry"},"acf":[],"yoast_head":"<!-- This site is optimized with the Yoast SEO plugin v27.3 - https:\/\/yoast.com\/product\/yoast-seo-wordpress\/ -->\n<title>Skvettlapp antispray - Plastomer<\/title>\n<meta name=\"robots\" content=\"index, follow, max-snippet:-1, max-image-preview:large, max-video-preview:-1\" \/>\n<link rel=\"canonical\" href=\"https:\/\/plastomer.se\/no\/produkter\/produkter-lastbil\/sprutbeskyttelse-antispray\/\" \/>\n<meta property=\"og:locale\" content=\"nb_NO\" \/>\n<meta property=\"og:type\" content=\"article\" \/>\n<meta property=\"og:title\" content=\"Skvettlapp antispray - Plastomer\" \/>\n<meta property=\"og:description\" content=\"Plastomer antispray skvettlapp E-godkjent l\u00f8sning for ditt kj\u00f8ret\u00f8y i flere modeller Rensi spray er utviklet for \u00e5 fungere under praktiske forhold for kj\u00f8ret\u00f8yet ditt. Vekten er lav og systemet finnes i flere modeller. Rensi spray er v\u00e5rt patenterte skvettlappssystem som ble laget for \u00e5 oppfylle EUs direktiv (EU) nr. 109\/2011. Rensi spray er testet og [&hellip;]\" \/>\n<meta property=\"og:url\" content=\"https:\/\/plastomer.se\/no\/produkter\/produkter-lastbil\/sprutbeskyttelse-antispray\/\" \/>\n<meta property=\"og:site_name\" content=\"Plastomer\" \/>\n<meta property=\"article:modified_time\" content=\"2023-11-06T14:19:12+00:00\" \/>\n<meta property=\"og:image\" content=\"https:\/\/plastomer.se\/wp-content\/uploads\/2022\/04\/truck_side-o.jpg\" \/>\n\t<meta property=\"og:image:width\" content=\"2300\" \/>\n\t<meta property=\"og:image:height\" content=\"2300\" \/>\n\t<meta property=\"og:image:type\" content=\"image\/jpeg\" \/>\n<meta name=\"twitter:card\" content=\"summary_large_image\" \/>\n<meta name=\"twitter:label1\" content=\"Ansl. lesetid\" \/>\n\t<meta name=\"twitter:data1\" content=\"3 minutter\" \/>\n<script type=\"application\/ld+json\" class=\"yoast-schema-graph\">{\"@context\":\"https:\\\/\\\/schema.org\",\"@graph\":[{\"@type\":\"WebPage\",\"@id\":\"https:\\\/\\\/plastomer.se\\\/no\\\/produkter\\\/produkter-lastbil\\\/sprutbeskyttelse-antispray\\\/\",\"url\":\"https:\\\/\\\/plastomer.se\\\/no\\\/produkter\\\/produkter-lastbil\\\/sprutbeskyttelse-antispray\\\/\",\"name\":\"Skvettlapp antispray - Plastomer\",\"isPartOf\":{\"@id\":\"https:\\\/\\\/plastomer.se\\\/no\\\/#website\"},\"primaryImageOfPage\":{\"@id\":\"https:\\\/\\\/plastomer.se\\\/no\\\/produkter\\\/produkter-lastbil\\\/sprutbeskyttelse-antispray\\\/#primaryimage\"},\"image\":{\"@id\":\"https:\\\/\\\/plastomer.se\\\/no\\\/produkter\\\/produkter-lastbil\\\/sprutbeskyttelse-antispray\\\/#primaryimage\"},\"thumbnailUrl\":\"https:\\\/\\\/plastomer.se\\\/wp-content\\\/uploads\\\/2022\\\/04\\\/truck_side-o.jpg\",\"datePublished\":\"2022-04-16T09:46:45+00:00\",\"dateModified\":\"2023-11-06T14:19:12+00:00\",\"breadcrumb\":{\"@id\":\"https:\\\/\\\/plastomer.se\\\/no\\\/produkter\\\/produkter-lastbil\\\/sprutbeskyttelse-antispray\\\/#breadcrumb\"},\"inLanguage\":\"nb-NO\",\"potentialAction\":[{\"@type\":\"ReadAction\",\"target\":[\"https:\\\/\\\/plastomer.se\\\/no\\\/produkter\\\/produkter-lastbil\\\/sprutbeskyttelse-antispray\\\/\"]}]},{\"@type\":\"ImageObject\",\"inLanguage\":\"nb-NO\",\"@id\":\"https:\\\/\\\/plastomer.se\\\/no\\\/produkter\\\/produkter-lastbil\\\/sprutbeskyttelse-antispray\\\/#primaryimage\",\"url\":\"https:\\\/\\\/plastomer.se\\\/wp-content\\\/uploads\\\/2022\\\/04\\\/truck_side-o.jpg\",\"contentUrl\":\"https:\\\/\\\/plastomer.se\\\/wp-content\\\/uploads\\\/2022\\\/04\\\/truck_side-o.jpg\",\"width\":2300,\"height\":2300,\"caption\":\"PlastoMer tillbeh\u00f6r till lastbilar\"},{\"@type\":\"BreadcrumbList\",\"@id\":\"https:\\\/\\\/plastomer.se\\\/no\\\/produkter\\\/produkter-lastbil\\\/sprutbeskyttelse-antispray\\\/#breadcrumb\",\"itemListElement\":[{\"@type\":\"ListItem\",\"position\":1,\"name\":\"Home\",\"item\":\"https:\\\/\\\/plastomer.se\\\/no\\\/\"},{\"@type\":\"ListItem\",\"position\":2,\"name\":\"Produkter\",\"item\":\"https:\\\/\\\/plastomer.se\\\/no\\\/produkter\\\/\"},{\"@type\":\"ListItem\",\"position\":3,\"name\":\"Produkter lastbil\",\"item\":\"https:\\\/\\\/plastomer.se\\\/no\\\/produkter\\\/produkter-lastbil\\\/\"},{\"@type\":\"ListItem\",\"position\":4,\"name\":\"Skvettlapp antispray\"}]},{\"@type\":\"WebSite\",\"@id\":\"https:\\\/\\\/plastomer.se\\\/no\\\/#website\",\"url\":\"https:\\\/\\\/plastomer.se\\\/no\\\/\",\"name\":\"Plastomer\",\"description\":\"Lastbilstillbeh\u00f6r i V\u00e4rldsklass\",\"publisher\":{\"@id\":\"https:\\\/\\\/plastomer.se\\\/no\\\/#organization\"},\"potentialAction\":[{\"@type\":\"SearchAction\",\"target\":{\"@type\":\"EntryPoint\",\"urlTemplate\":\"https:\\\/\\\/plastomer.se\\\/no\\\/?s={search_term_string}\"},\"query-input\":{\"@type\":\"PropertyValueSpecification\",\"valueRequired\":true,\"valueName\":\"search_term_string\"}}],\"inLanguage\":\"nb-NO\"},{\"@type\":\"Organization\",\"@id\":\"https:\\\/\\\/plastomer.se\\\/no\\\/#organization\",\"name\":\"Plastomer\",\"url\":\"https:\\\/\\\/plastomer.se\\\/no\\\/\",\"logo\":{\"@type\":\"ImageObject\",\"inLanguage\":\"nb-NO\",\"@id\":\"https:\\\/\\\/plastomer.se\\\/no\\\/#\\\/schema\\\/logo\\\/image\\\/\",\"url\":\"https:\\\/\\\/plastomer.se\\\/wp-content\\\/uploads\\\/2025\\\/04\\\/plastomer.png\",\"contentUrl\":\"https:\\\/\\\/plastomer.se\\\/wp-content\\\/uploads\\\/2025\\\/04\\\/plastomer.png\",\"width\":1024,\"height\":1024,\"caption\":\"Plastomer\"},\"image\":{\"@id\":\"https:\\\/\\\/plastomer.se\\\/no\\\/#\\\/schema\\\/logo\\\/image\\\/\"}}]}<\/script>\n<!-- \/ Yoast SEO plugin. -->","yoast_head_json":{"title":"Skvettlapp antispray - Plastomer","robots":{"index":"index","follow":"follow","max-snippet":"max-snippet:-1","max-image-preview":"max-image-preview:large","max-video-preview":"max-video-preview:-1"},"canonical":"https:\/\/plastomer.se\/no\/produkter\/produkter-lastbil\/sprutbeskyttelse-antispray\/","og_locale":"nb_NO","og_type":"article","og_title":"Skvettlapp antispray - Plastomer","og_description":"Plastomer antispray skvettlapp E-godkjent l\u00f8sning for ditt kj\u00f8ret\u00f8y i flere modeller Rensi spray er utviklet for \u00e5 fungere under praktiske forhold for kj\u00f8ret\u00f8yet ditt. Vekten er lav og systemet finnes i flere modeller. Rensi spray er v\u00e5rt patenterte skvettlappssystem som ble laget for \u00e5 oppfylle EUs direktiv (EU) nr. 109\/2011. Rensi spray er testet og [&hellip;]","og_url":"https:\/\/plastomer.se\/no\/produkter\/produkter-lastbil\/sprutbeskyttelse-antispray\/","og_site_name":"Plastomer","article_modified_time":"2023-11-06T14:19:12+00:00","og_image":[{"width":2300,"height":2300,"url":"https:\/\/plastomer.se\/wp-content\/uploads\/2022\/04\/truck_side-o.jpg","type":"image\/jpeg"}],"twitter_card":"summary_large_image","twitter_misc":{"Ansl. lesetid":"3 minutter"},"schema":{"@context":"https:\/\/schema.org","@graph":[{"@type":"WebPage","@id":"https:\/\/plastomer.se\/no\/produkter\/produkter-lastbil\/sprutbeskyttelse-antispray\/","url":"https:\/\/plastomer.se\/no\/produkter\/produkter-lastbil\/sprutbeskyttelse-antispray\/","name":"Skvettlapp antispray - Plastomer","isPartOf":{"@id":"https:\/\/plastomer.se\/no\/#website"},"primaryImageOfPage":{"@id":"https:\/\/plastomer.se\/no\/produkter\/produkter-lastbil\/sprutbeskyttelse-antispray\/#primaryimage"},"image":{"@id":"https:\/\/plastomer.se\/no\/produkter\/produkter-lastbil\/sprutbeskyttelse-antispray\/#primaryimage"},"thumbnailUrl":"https:\/\/plastomer.se\/wp-content\/uploads\/2022\/04\/truck_side-o.jpg","datePublished":"2022-04-16T09:46:45+00:00","dateModified":"2023-11-06T14:19:12+00:00","breadcrumb":{"@id":"https:\/\/plastomer.se\/no\/produkter\/produkter-lastbil\/sprutbeskyttelse-antispray\/#breadcrumb"},"inLanguage":"nb-NO","potentialAction":[{"@type":"ReadAction","target":["https:\/\/plastomer.se\/no\/produkter\/produkter-lastbil\/sprutbeskyttelse-antispray\/"]}]},{"@type":"ImageObject","inLanguage":"nb-NO","@id":"https:\/\/plastomer.se\/no\/produkter\/produkter-lastbil\/sprutbeskyttelse-antispray\/#primaryimage","url":"https:\/\/plastomer.se\/wp-content\/uploads\/2022\/04\/truck_side-o.jpg","contentUrl":"https:\/\/plastomer.se\/wp-content\/uploads\/2022\/04\/truck_side-o.jpg","width":2300,"height":2300,"caption":"PlastoMer tillbeh\u00f6r till lastbilar"},{"@type":"BreadcrumbList","@id":"https:\/\/plastomer.se\/no\/produkter\/produkter-lastbil\/sprutbeskyttelse-antispray\/#breadcrumb","itemListElement":[{"@type":"ListItem","position":1,"name":"Home","item":"https:\/\/plastomer.se\/no\/"},{"@type":"ListItem","position":2,"name":"Produkter","item":"https:\/\/plastomer.se\/no\/produkter\/"},{"@type":"ListItem","position":3,"name":"Produkter lastbil","item":"https:\/\/plastomer.se\/no\/produkter\/produkter-lastbil\/"},{"@type":"ListItem","position":4,"name":"Skvettlapp antispray"}]},{"@type":"WebSite","@id":"https:\/\/plastomer.se\/no\/#website","url":"https:\/\/plastomer.se\/no\/","name":"Plastomer","description":"Lastbilstillbeh\u00f6r i V\u00e4rldsklass","publisher":{"@id":"https:\/\/plastomer.se\/no\/#organization"},"potentialAction":[{"@type":"SearchAction","target":{"@type":"EntryPoint","urlTemplate":"https:\/\/plastomer.se\/no\/?s={search_term_string}"},"query-input":{"@type":"PropertyValueSpecification","valueRequired":true,"valueName":"search_term_string"}}],"inLanguage":"nb-NO"},{"@type":"Organization","@id":"https:\/\/plastomer.se\/no\/#organization","name":"Plastomer","url":"https:\/\/plastomer.se\/no\/","logo":{"@type":"ImageObject","inLanguage":"nb-NO","@id":"https:\/\/plastomer.se\/no\/#\/schema\/logo\/image\/","url":"https:\/\/plastomer.se\/wp-content\/uploads\/2025\/04\/plastomer.png","contentUrl":"https:\/\/plastomer.se\/wp-content\/uploads\/2025\/04\/plastomer.png","width":1024,"height":1024,"caption":"Plastomer"},"image":{"@id":"https:\/\/plastomer.se\/no\/#\/schema\/logo\/image\/"}}]}},"_links":{"self":[{"href":"https:\/\/plastomer.se\/no\/wp-json\/wp\/v2\/pages\/3056","targetHints":{"allow":["GET"]}}],"collection":[{"href":"https:\/\/plastomer.se\/no\/wp-json\/wp\/v2\/pages"}],"about":[{"href":"https:\/\/plastomer.se\/no\/wp-json\/wp\/v2\/types\/page"}],"author":[{"embeddable":true,"href":"https:\/\/plastomer.se\/no\/wp-json\/wp\/v2\/users\/1"}],"replies":[{"embeddable":true,"href":"https:\/\/plastomer.se\/no\/wp-json\/wp\/v2\/comments?post=3056"}],"version-history":[{"count":8,"href":"https:\/\/plastomer.se\/no\/wp-json\/wp\/v2\/pages\/3056\/revisions"}],"predecessor-version":[{"id":4439,"href":"https:\/\/plastomer.se\/no\/wp-json\/wp\/v2\/pages\/3056\/revisions\/4439"}],"up":[{"embeddable":true,"href":"https:\/\/plastomer.se\/no\/wp-json\/wp\/v2\/pages\/3051"}],"wp:featuredmedia":[{"embeddable":true,"href":"https:\/\/plastomer.se\/no\/wp-json\/wp\/v2\/media\/693"}],"wp:attachment":[{"href":"https:\/\/plastomer.se\/no\/wp-json\/wp\/v2\/media?parent=3056"}],"curies":[{"name":"wp","href":"https:\/\/api.w.org\/{rel}","templated":true}]}}