{"id":3055,"date":"2022-04-14T11:34:18","date_gmt":"2022-04-14T09:34:18","guid":{"rendered":"https:\/\/plastomer.se\/produkter\/produkter-lastbil\/sprutsikring\/"},"modified":"2023-11-24T15:06:12","modified_gmt":"2023-11-24T14:06:12","slug":"sprutsikring","status":"publish","type":"page","link":"https:\/\/plastomer.se\/no\/produkter\/produkter-lastbil\/sprutsikring\/","title":{"rendered":"Skvettlapp"},"content":{"rendered":"\n<h1>\n\t\tSkvettlapp\n\t<\/h1>\n\t<h2>Vis hvem som er foran med trykket ditt p\u00e5 Skvettlapp!<\/h2>\n<p>PlastoMers skvettlapp holder absolutt h\u00f8yeste kvalitet, selv n\u00e5r det kommer til ekstreme klimaforhold. I n\u00e6rt samarbeid med kunden p\u00e5tar vi oss b\u00e5de sm\u00e5 og store oppdrag hvor vi kan tilby b\u00e5de standard og spesiallaget.<\/p>\n<p>Vi produserer v\u00e5re skvettlapp i forskjellige formater, du velger selv hvilken tekst eller bilde du \u00f8nsker! Finnes ogs\u00e5 som EU-godkjent reng\u00f6ringsspray. Vi har ogs\u00e5 skvettlapp i full bredde for feste til underkj\u00f8ringsbjelken.<\/p>\n<section>\n   <h2>St\u00f8rrelser<\/h2>   \n\t\t\t\t\t\t\t<h3>St\u00f8rrelser<\/h3>\n\t\t\t\t<hr \/>\n\t\t\t\t\tArtikel nr.Format (mm)Annonseplass (mm)Kommentar\t\t\t\t\n\t\t\t\tArtikel nr. 6240Format (mm) 620 x 400Annonseplass (mm) 570 x 300Kommentar Artikel nr. 6535Format (mm) 650 x 350Annonseplass (mm) 450 x 250Kommentar Tilpassbar\n(Kan kuttes i kantene til 500 bredde)Artikel nr. 6235Format (mm) 620 x 350Annonseplass (mm) 450 x 250Kommentar Kan tilpasses fra 6535Artikel nr. 6035Format (mm) 600 x 350Annonseplass (mm) 450 x 250Kommentar Kan tilpasses fra 6535Artikel nr. 5035Format (mm) 500 x 350Annonseplass (mm) 450 x 250Kommentar Kan tilpasses fra 6535Artikel nr. 4235Format (mm) 420 x 350Annonseplass (mm) 380 x 250Kommentar \n\t\t\t\t\t\t\t<p>Skvettlapp finnes i en rekke farger, trykket kan f\u00e5s i mange forskjellige varianter. For andre m\u00e5l, farger, mengder eller andre sp\u00f8rsm\u00e5l. Kontakt oss for mer informasjon.<\/p>\n<\/section>\n\t<h2>Bestill bilde og prisforslag!<\/h2>\n<p>Skriv inn informasjonen din, s\u00e5 kommer vi tilbake til deg.<\/p>\n\t\n<div class=\"wpcf7 no-js\" id=\"wpcf7-f688-o1\" lang=\"sv-SE\" dir=\"ltr\" data-wpcf7-id=\"688\">\n<div class=\"screen-reader-response\"><p role=\"status\" aria-live=\"polite\" aria-atomic=\"true\"><\/p> <ul><\/ul><\/div>\n<form action=\"\/no\/wp-json\/wp\/v2\/pages\/3055#wpcf7-f688-o1\" method=\"post\" class=\"wpcf7-form init\" aria-label=\"Kontaktformul\u00e4r\" enctype=\"multipart\/form-data\" novalidate=\"novalidate\" data-status=\"init\">\n<fieldset class=\"hidden-fields-container\"><input type=\"hidden\" name=\"_wpcf7\" value=\"688\" \/><input type=\"hidden\" name=\"_wpcf7_version\" value=\"6.1.5\" \/><input type=\"hidden\" name=\"_wpcf7_locale\" value=\"sv_SE\" \/><input type=\"hidden\" name=\"_wpcf7_unit_tag\" value=\"wpcf7-f688-o1\" \/><input type=\"hidden\" name=\"_wpcf7_container_post\" value=\"0\" \/><input type=\"hidden\" name=\"_wpcf7_posted_data_hash\" value=\"\" \/>\n<\/fieldset>\n<div class=\"form-col\">\n\t<p><label> Modell\/format p\u00e5 St\u00e4nkskydd *<br \/>\n<span class=\"wpcf7-form-control-wrap\" data-name=\"select-size\"><select class=\"wpcf7-form-control wpcf7-select wpcf7-validates-as-required\" aria-required=\"true\" aria-invalid=\"false\" name=\"select-size\"><option value=\"420x350 mm\">420x350 mm<\/option><option value=\"650x 350 mm\">650x 350 mm<\/option><option value=\"620x 350 mm\">620x 350 mm<\/option><option value=\"600x350  mm\">600x350  mm<\/option><option value=\"550x350 mm\">550x350 mm<\/option><option value=\"500x350 mm\">500x350 mm<\/option><option value=\"620x400 mm\">620x400 mm<\/option><\/select><\/span> <\/label><br \/>\n<label> Antal St\u00e4nkskydd *<br \/>\n<span class=\"wpcf7-form-control-wrap\" data-name=\"print-count\"><select class=\"wpcf7-form-control wpcf7-select wpcf7-validates-as-required\" aria-required=\"true\" aria-invalid=\"false\" name=\"print-count\"><option value=\"10\">10<\/option><option value=\"30\">30<\/option><option value=\"60\">60<\/option><option value=\"90\">90<\/option><option value=\"150\">150<\/option><option value=\"300\">300<\/option><option value=\"300+\">300+<\/option><\/select><\/span> <\/label>\n\t<\/p>\n<\/div>\n<div class=\"form-col\">\n\t<p><label> F\u00e4rg p\u00e5 St\u00e4nksydd *<br \/>\n<span class=\"wpcf7-form-control-wrap\" data-name=\"color-bg\"><select class=\"wpcf7-form-control wpcf7-select wpcf7-validates-as-required\" aria-required=\"true\" aria-invalid=\"false\" name=\"color-bg\"><option value=\"Svart\">Svart<\/option><option value=\"Vit\">Vit<\/option><option value=\"Bl\u00e5\">Bl\u00e5<\/option><option value=\"Gul\">Gul<\/option><option value=\"R\u00f6d\">R\u00f6d<\/option><\/select><\/span> <\/label><br \/>\n<label> Antal f\u00e4rger i tryck *<br \/>\n<span class=\"wpcf7-form-control-wrap\" data-name=\"color-count\"><select class=\"wpcf7-form-control wpcf7-select wpcf7-validates-as-required\" aria-required=\"true\" aria-invalid=\"false\" name=\"color-count\"><option value=\"1\">1<\/option><option value=\"2\">2<\/option><option value=\"3\">3<\/option><option value=\"4\">4<\/option><option value=\"5\">5<\/option><option value=\"6\">6<\/option><option value=\"7\">7<\/option><option value=\"8\">8<\/option><option value=\"9\">9<\/option><option value=\"10\">10<\/option><\/select><\/span> <\/label><br \/>\n<label> Med Antispray *<br \/>\n<span class=\"wpcf7-form-control-wrap\" data-name=\"extra-antispray\"><select class=\"wpcf7-form-control wpcf7-select wpcf7-validates-as-required\" aria-required=\"true\" aria-invalid=\"false\" name=\"extra-antispray\"><option value=\"Ja\">Ja<\/option><option value=\"Nej\">Nej<\/option><\/select><\/span> <\/label>\n\t<\/p>\n<\/div>\n<div class=\"form-col\">\n\t<p><label> Namn *<br \/>\n<span class=\"wpcf7-form-control-wrap\" data-name=\"customer-name\"><input size=\"40\" maxlength=\"400\" class=\"wpcf7-form-control wpcf7-text wpcf7-validates-as-required\" aria-required=\"true\" aria-invalid=\"false\" value=\"\" type=\"text\" name=\"customer-name\" \/><\/span> <\/label><br \/>\n<label> E-post *<br \/>\n<span class=\"wpcf7-form-control-wrap\" data-name=\"customer-email\"><input size=\"40\" maxlength=\"400\" class=\"wpcf7-form-control wpcf7-email wpcf7-validates-as-required wpcf7-text wpcf7-validates-as-email\" aria-required=\"true\" aria-invalid=\"false\" value=\"\" type=\"email\" name=\"customer-email\" \/><\/span> <\/label><br \/>\n<label> Telefonnummer *<br \/>\n<span class=\"wpcf7-form-control-wrap\" data-name=\"customer-phone\"><input size=\"40\" maxlength=\"400\" class=\"wpcf7-form-control wpcf7-tel wpcf7-validates-as-required wpcf7-text wpcf7-validates-as-tel\" aria-required=\"true\" aria-invalid=\"false\" value=\"\" type=\"tel\" name=\"customer-phone\" \/><\/span> <\/label>\n\t<\/p>\n<\/div>\n<p><label> Bild - Din tryckfil (valfritt) (Max Storlek: 8Mb. Filtyp: pdf, eps)<br \/>\n<span class=\"wpcf7-form-control-wrap\" data-name=\"file-824\"><input size=\"40\" class=\"wpcf7-form-control wpcf7-file\" accept=\".pdf,.eps\" aria-invalid=\"false\" type=\"file\" name=\"file-824\" \/><\/span> <\/label>\n<\/p>\n<p><label> \u00d6vriga kommentarer och ytterligare information vid eventuell specialbest\u00e4llning*<br \/>\n<span class=\"wpcf7-form-control-wrap\" data-name=\"textruta\"><textarea cols=\"40\" rows=\"10\" maxlength=\"2000\" class=\"wpcf7-form-control wpcf7-textarea\" aria-invalid=\"false\" name=\"textruta\"><\/textarea><\/span><\/label>\n<\/p>\n<p><span class=\"wpcf7-form-control-wrap\" data-name=\"quiz-584\"><label><span class=\"wpcf7-quiz-label\">\u00c4r du en robot? Hur m\u00e5nga bokst\u00e4ver finns det i namnet: PlastoMer (9)?<\/span> <input size=\"40\" class=\"wpcf7-form-control wpcf7-quiz\" autocomplete=\"off\" aria-required=\"true\" aria-invalid=\"false\" type=\"text\" name=\"quiz-584\" \/><\/label><input type=\"hidden\" name=\"_wpcf7_quiz_answer_quiz-584\" value=\"8e20e755163f9746da7b18e583881e5b\" \/><\/span>\n<\/p>\n<p><input class=\"wpcf7-form-control wpcf7-submit has-spinner\" type=\"submit\" value=\"Skicka\" \/>\n<\/p><input type='hidden' class='wpcf7-pum' value='{\"closepopup\":false,\"closedelay\":0,\"openpopup\":false,\"openpopup_id\":0}' \/><div class=\"wpcf7-response-output\" aria-hidden=\"true\"><\/div>\n<\/form>\n<\/div>\n\n<h2>\n\t\tFlere kategorier\n\t<\/h2>\n<ul>\n<li>\n        <a href=\"https:\/\/plastomer.se\/no\/produkter\/produkter-lastbil\/sprutsikring\/\">\n            <img decoding=\"async\" src=\"https:\/\/plastomer.se\/wp-content\/uploads\/2022\/05\/Sta\u0308nkskydd-01-300x300.png\"\/>\n            <h3>Skvettlapp<\/h3>\n        <\/a>\n    <\/li><li>\n        <a href=\"https:\/\/plastomer.se\/no\/produkter\/produkter-lastbil\/sprutbeskyttelse-antispray\/\">\n            <img decoding=\"async\" src=\"https:\/\/plastomer.se\/wp-content\/uploads\/2022\/05\/Sta\u0308nkskydd-01-300x300.png\"\/>\n            <h3>Skvettlapp antispray<\/h3>\n        <\/a>\n    <\/li><li>\n        <a href=\"https:\/\/plastomer.se\/no\/produkter\/produkter-lastbil\/stankskydd-full-bredde\/\">\n            <img decoding=\"async\" src=\"https:\/\/plastomer.se\/wp-content\/uploads\/2022\/05\/Fullbreddskydd-300x300.png\"\/>\n            <h3>Skvettlapp full bredde<\/h3>\n        <\/a>\n    <\/li><li>\n        <a href=\"https:\/\/plastomer.se\/no\/produkter\/domar-produkter\/\">\n            <img decoding=\"async\" src=\"https:\/\/plastomer.se\/wp-content\/uploads\/2022\/05\/Ska\u0308rmar-Tillbeho\u0308r-03-300x300.png\"\/>\n            <h3>Skjermer &#038; tilbeh\u00f8r<\/h3>\n        <\/a>\n    <\/li><li>\n        <a href=\"https:\/\/plastomer.se\/no\/produkter\/daken-produkter\/\">\n            <img decoding=\"async\" src=\"https:\/\/plastomer.se\/wp-content\/uploads\/2022\/05\/Brandsla\u0308ckarboxar-300x300.png\"\/>\n            <h3>Brannslukningsbokser<\/h3>\n        <\/a>\n    <\/li><li>\n        <a href=\"https:\/\/plastomer.se\/no\/produkter\/daken-produkter\/verktoykasser\/\">\n            <img decoding=\"async\" src=\"https:\/\/plastomer.se\/wp-content\/uploads\/2022\/05\/Verktygsla\u030ada-05-300x300.png\"\/>\n            <h3>Verkt\u00f8ykasser<\/h3>\n        <\/a>\n    <\/li><li>\n        <a href=\"https:\/\/plastomer.se\/no\/produkter\/takler-produkter\/underkjoringsbeskyttelse\/\">\n            <img decoding=\"async\" src=\"https:\/\/plastomer.se\/wp-content\/uploads\/2022\/05\/Kantskydd-Sidoskydd-300x300.png\"\/>\n            <h3>Underkj\u00f8rningsbeskyttelse<\/h3>\n        <\/a>\n    <\/li><li>\n        <a href=\"https:\/\/plastomer.se\/no\/produkter\/produkter-lastbil\/wm-system-lasteramper\/\">\n            <img decoding=\"async\" src=\"https:\/\/plastomer.se\/wp-content\/uploads\/2022\/05\/Lastramper-08-300x300.png\"\/>\n            <h3>Lasteramper<\/h3>\n        <\/a>\n    <\/li><li>\n        <a href=\"https:\/\/plastomer.se\/no\/produkter\/takler-produkter\/stiger\/\">\n            <img decoding=\"async\" src=\"https:\/\/plastomer.se\/wp-content\/uploads\/2022\/05\/Stegar-09-300x300.png\"\/>\n            <h3>Stiger<\/h3>\n        <\/a>\n    <\/li><li>\n        <a href=\"https:\/\/plastomer.se\/no\/produkter\/lokhen-produkter\/\">\n            <img decoding=\"async\" src=\"https:\/\/plastomer.se\/wp-content\/uploads\/2022\/05\/Stoppklossar-300x300.png\"\/>\n            <h3>Stoppblokk<\/h3>\n        <\/a>\n    <\/li><\/ul>\n\n","protected":false},"excerpt":{"rendered":"<p>Skvettlapp Vis hvem som er foran med trykket ditt p\u00e5 Skvettlapp! PlastoMers skvettlapp holder absolutt h\u00f8yeste kvalitet, selv n\u00e5r det kommer til ekstreme klimaforhold. I n\u00e6rt samarbeid med kunden p\u00e5tar vi oss b\u00e5de sm\u00e5 og store oppdrag hvor vi kan tilby b\u00e5de standard og spesiallaget. Vi produserer v\u00e5re skvettlapp i forskjellige formater, du velger selv [&hellip;]<\/p>\n","protected":false},"author":1,"featured_media":724,"parent":3051,"menu_order":0,"comment_status":"closed","ping_status":"closed","template":"page-templates\/template-pagebuilder.php","meta":{"_acf_changed":false,"_genesis_hide_title":false,"_genesis_hide_breadcrumbs":false,"_genesis_hide_singular_image":false,"_genesis_hide_footer_widgets":false,"_genesis_custom_body_class":"","_genesis_custom_post_class":"","_genesis_layout":"","footnotes":""},"class_list":{"0":"post-3055","1":"page","2":"type-page","3":"status-publish","4":"has-post-thumbnail","6":"entry"},"acf":[],"yoast_head":"<!-- This site is optimized with the Yoast SEO plugin v27.3 - https:\/\/yoast.com\/product\/yoast-seo-wordpress\/ -->\n<title>Skvettlapp - Plastomer<\/title>\n<meta name=\"robots\" content=\"index, follow, max-snippet:-1, max-image-preview:large, max-video-preview:-1\" \/>\n<link rel=\"canonical\" href=\"https:\/\/plastomer.se\/no\/produkter\/produkter-lastbil\/sprutsikring\/\" \/>\n<meta property=\"og:locale\" content=\"nb_NO\" \/>\n<meta property=\"og:type\" content=\"article\" \/>\n<meta property=\"og:title\" content=\"Skvettlapp - Plastomer\" \/>\n<meta property=\"og:description\" content=\"Skvettlapp Vis hvem som er foran med trykket ditt p\u00e5 Skvettlapp! PlastoMers skvettlapp holder absolutt h\u00f8yeste kvalitet, selv n\u00e5r det kommer til ekstreme klimaforhold. I n\u00e6rt samarbeid med kunden p\u00e5tar vi oss b\u00e5de sm\u00e5 og store oppdrag hvor vi kan tilby b\u00e5de standard og spesiallaget. Vi produserer v\u00e5re skvettlapp i forskjellige formater, du velger selv [&hellip;]\" \/>\n<meta property=\"og:url\" content=\"https:\/\/plastomer.se\/no\/produkter\/produkter-lastbil\/sprutsikring\/\" \/>\n<meta property=\"og:site_name\" content=\"Plastomer\" \/>\n<meta property=\"article:modified_time\" content=\"2023-11-24T14:06:12+00:00\" \/>\n<meta property=\"og:image\" content=\"https:\/\/plastomer.se\/wp-content\/uploads\/2022\/04\/truck-header.jpg\" \/>\n\t<meta property=\"og:image:width\" content=\"1920\" \/>\n\t<meta property=\"og:image:height\" content=\"500\" \/>\n\t<meta property=\"og:image:type\" content=\"image\/jpeg\" \/>\n<meta name=\"twitter:card\" content=\"summary_large_image\" \/>\n<meta name=\"twitter:label1\" content=\"Ansl. lesetid\" \/>\n\t<meta name=\"twitter:data1\" content=\"4 minutter\" \/>\n<script type=\"application\/ld+json\" class=\"yoast-schema-graph\">{\"@context\":\"https:\\\/\\\/schema.org\",\"@graph\":[{\"@type\":\"WebPage\",\"@id\":\"https:\\\/\\\/plastomer.se\\\/no\\\/produkter\\\/produkter-lastbil\\\/sprutsikring\\\/\",\"url\":\"https:\\\/\\\/plastomer.se\\\/no\\\/produkter\\\/produkter-lastbil\\\/sprutsikring\\\/\",\"name\":\"Skvettlapp - Plastomer\",\"isPartOf\":{\"@id\":\"https:\\\/\\\/plastomer.se\\\/no\\\/#website\"},\"primaryImageOfPage\":{\"@id\":\"https:\\\/\\\/plastomer.se\\\/no\\\/produkter\\\/produkter-lastbil\\\/sprutsikring\\\/#primaryimage\"},\"image\":{\"@id\":\"https:\\\/\\\/plastomer.se\\\/no\\\/produkter\\\/produkter-lastbil\\\/sprutsikring\\\/#primaryimage\"},\"thumbnailUrl\":\"https:\\\/\\\/plastomer.se\\\/wp-content\\\/uploads\\\/2022\\\/04\\\/truck-header.jpg\",\"datePublished\":\"2022-04-14T09:34:18+00:00\",\"dateModified\":\"2023-11-24T14:06:12+00:00\",\"breadcrumb\":{\"@id\":\"https:\\\/\\\/plastomer.se\\\/no\\\/produkter\\\/produkter-lastbil\\\/sprutsikring\\\/#breadcrumb\"},\"inLanguage\":\"nb-NO\",\"potentialAction\":[{\"@type\":\"ReadAction\",\"target\":[\"https:\\\/\\\/plastomer.se\\\/no\\\/produkter\\\/produkter-lastbil\\\/sprutsikring\\\/\"]}]},{\"@type\":\"ImageObject\",\"inLanguage\":\"nb-NO\",\"@id\":\"https:\\\/\\\/plastomer.se\\\/no\\\/produkter\\\/produkter-lastbil\\\/sprutsikring\\\/#primaryimage\",\"url\":\"https:\\\/\\\/plastomer.se\\\/wp-content\\\/uploads\\\/2022\\\/04\\\/truck-header.jpg\",\"contentUrl\":\"https:\\\/\\\/plastomer.se\\\/wp-content\\\/uploads\\\/2022\\\/04\\\/truck-header.jpg\",\"width\":1920,\"height\":500},{\"@type\":\"BreadcrumbList\",\"@id\":\"https:\\\/\\\/plastomer.se\\\/no\\\/produkter\\\/produkter-lastbil\\\/sprutsikring\\\/#breadcrumb\",\"itemListElement\":[{\"@type\":\"ListItem\",\"position\":1,\"name\":\"Home\",\"item\":\"https:\\\/\\\/plastomer.se\\\/no\\\/\"},{\"@type\":\"ListItem\",\"position\":2,\"name\":\"Produkter\",\"item\":\"https:\\\/\\\/plastomer.se\\\/no\\\/produkter\\\/\"},{\"@type\":\"ListItem\",\"position\":3,\"name\":\"Produkter lastbil\",\"item\":\"https:\\\/\\\/plastomer.se\\\/no\\\/produkter\\\/produkter-lastbil\\\/\"},{\"@type\":\"ListItem\",\"position\":4,\"name\":\"Skvettlapp\"}]},{\"@type\":\"WebSite\",\"@id\":\"https:\\\/\\\/plastomer.se\\\/no\\\/#website\",\"url\":\"https:\\\/\\\/plastomer.se\\\/no\\\/\",\"name\":\"Plastomer\",\"description\":\"Lastbilstillbeh\u00f6r i V\u00e4rldsklass\",\"publisher\":{\"@id\":\"https:\\\/\\\/plastomer.se\\\/no\\\/#organization\"},\"potentialAction\":[{\"@type\":\"SearchAction\",\"target\":{\"@type\":\"EntryPoint\",\"urlTemplate\":\"https:\\\/\\\/plastomer.se\\\/no\\\/?s={search_term_string}\"},\"query-input\":{\"@type\":\"PropertyValueSpecification\",\"valueRequired\":true,\"valueName\":\"search_term_string\"}}],\"inLanguage\":\"nb-NO\"},{\"@type\":\"Organization\",\"@id\":\"https:\\\/\\\/plastomer.se\\\/no\\\/#organization\",\"name\":\"Plastomer\",\"url\":\"https:\\\/\\\/plastomer.se\\\/no\\\/\",\"logo\":{\"@type\":\"ImageObject\",\"inLanguage\":\"nb-NO\",\"@id\":\"https:\\\/\\\/plastomer.se\\\/no\\\/#\\\/schema\\\/logo\\\/image\\\/\",\"url\":\"https:\\\/\\\/plastomer.se\\\/wp-content\\\/uploads\\\/2025\\\/04\\\/plastomer.png\",\"contentUrl\":\"https:\\\/\\\/plastomer.se\\\/wp-content\\\/uploads\\\/2025\\\/04\\\/plastomer.png\",\"width\":1024,\"height\":1024,\"caption\":\"Plastomer\"},\"image\":{\"@id\":\"https:\\\/\\\/plastomer.se\\\/no\\\/#\\\/schema\\\/logo\\\/image\\\/\"}}]}<\/script>\n<!-- \/ Yoast SEO plugin. -->","yoast_head_json":{"title":"Skvettlapp - Plastomer","robots":{"index":"index","follow":"follow","max-snippet":"max-snippet:-1","max-image-preview":"max-image-preview:large","max-video-preview":"max-video-preview:-1"},"canonical":"https:\/\/plastomer.se\/no\/produkter\/produkter-lastbil\/sprutsikring\/","og_locale":"nb_NO","og_type":"article","og_title":"Skvettlapp - Plastomer","og_description":"Skvettlapp Vis hvem som er foran med trykket ditt p\u00e5 Skvettlapp! PlastoMers skvettlapp holder absolutt h\u00f8yeste kvalitet, selv n\u00e5r det kommer til ekstreme klimaforhold. I n\u00e6rt samarbeid med kunden p\u00e5tar vi oss b\u00e5de sm\u00e5 og store oppdrag hvor vi kan tilby b\u00e5de standard og spesiallaget. Vi produserer v\u00e5re skvettlapp i forskjellige formater, du velger selv [&hellip;]","og_url":"https:\/\/plastomer.se\/no\/produkter\/produkter-lastbil\/sprutsikring\/","og_site_name":"Plastomer","article_modified_time":"2023-11-24T14:06:12+00:00","og_image":[{"width":1920,"height":500,"url":"https:\/\/plastomer.se\/wp-content\/uploads\/2022\/04\/truck-header.jpg","type":"image\/jpeg"}],"twitter_card":"summary_large_image","twitter_misc":{"Ansl. lesetid":"4 minutter"},"schema":{"@context":"https:\/\/schema.org","@graph":[{"@type":"WebPage","@id":"https:\/\/plastomer.se\/no\/produkter\/produkter-lastbil\/sprutsikring\/","url":"https:\/\/plastomer.se\/no\/produkter\/produkter-lastbil\/sprutsikring\/","name":"Skvettlapp - Plastomer","isPartOf":{"@id":"https:\/\/plastomer.se\/no\/#website"},"primaryImageOfPage":{"@id":"https:\/\/plastomer.se\/no\/produkter\/produkter-lastbil\/sprutsikring\/#primaryimage"},"image":{"@id":"https:\/\/plastomer.se\/no\/produkter\/produkter-lastbil\/sprutsikring\/#primaryimage"},"thumbnailUrl":"https:\/\/plastomer.se\/wp-content\/uploads\/2022\/04\/truck-header.jpg","datePublished":"2022-04-14T09:34:18+00:00","dateModified":"2023-11-24T14:06:12+00:00","breadcrumb":{"@id":"https:\/\/plastomer.se\/no\/produkter\/produkter-lastbil\/sprutsikring\/#breadcrumb"},"inLanguage":"nb-NO","potentialAction":[{"@type":"ReadAction","target":["https:\/\/plastomer.se\/no\/produkter\/produkter-lastbil\/sprutsikring\/"]}]},{"@type":"ImageObject","inLanguage":"nb-NO","@id":"https:\/\/plastomer.se\/no\/produkter\/produkter-lastbil\/sprutsikring\/#primaryimage","url":"https:\/\/plastomer.se\/wp-content\/uploads\/2022\/04\/truck-header.jpg","contentUrl":"https:\/\/plastomer.se\/wp-content\/uploads\/2022\/04\/truck-header.jpg","width":1920,"height":500},{"@type":"BreadcrumbList","@id":"https:\/\/plastomer.se\/no\/produkter\/produkter-lastbil\/sprutsikring\/#breadcrumb","itemListElement":[{"@type":"ListItem","position":1,"name":"Home","item":"https:\/\/plastomer.se\/no\/"},{"@type":"ListItem","position":2,"name":"Produkter","item":"https:\/\/plastomer.se\/no\/produkter\/"},{"@type":"ListItem","position":3,"name":"Produkter lastbil","item":"https:\/\/plastomer.se\/no\/produkter\/produkter-lastbil\/"},{"@type":"ListItem","position":4,"name":"Skvettlapp"}]},{"@type":"WebSite","@id":"https:\/\/plastomer.se\/no\/#website","url":"https:\/\/plastomer.se\/no\/","name":"Plastomer","description":"Lastbilstillbeh\u00f6r i V\u00e4rldsklass","publisher":{"@id":"https:\/\/plastomer.se\/no\/#organization"},"potentialAction":[{"@type":"SearchAction","target":{"@type":"EntryPoint","urlTemplate":"https:\/\/plastomer.se\/no\/?s={search_term_string}"},"query-input":{"@type":"PropertyValueSpecification","valueRequired":true,"valueName":"search_term_string"}}],"inLanguage":"nb-NO"},{"@type":"Organization","@id":"https:\/\/plastomer.se\/no\/#organization","name":"Plastomer","url":"https:\/\/plastomer.se\/no\/","logo":{"@type":"ImageObject","inLanguage":"nb-NO","@id":"https:\/\/plastomer.se\/no\/#\/schema\/logo\/image\/","url":"https:\/\/plastomer.se\/wp-content\/uploads\/2025\/04\/plastomer.png","contentUrl":"https:\/\/plastomer.se\/wp-content\/uploads\/2025\/04\/plastomer.png","width":1024,"height":1024,"caption":"Plastomer"},"image":{"@id":"https:\/\/plastomer.se\/no\/#\/schema\/logo\/image\/"}}]}},"_links":{"self":[{"href":"https:\/\/plastomer.se\/no\/wp-json\/wp\/v2\/pages\/3055","targetHints":{"allow":["GET"]}}],"collection":[{"href":"https:\/\/plastomer.se\/no\/wp-json\/wp\/v2\/pages"}],"about":[{"href":"https:\/\/plastomer.se\/no\/wp-json\/wp\/v2\/types\/page"}],"author":[{"embeddable":true,"href":"https:\/\/plastomer.se\/no\/wp-json\/wp\/v2\/users\/1"}],"replies":[{"embeddable":true,"href":"https:\/\/plastomer.se\/no\/wp-json\/wp\/v2\/comments?post=3055"}],"version-history":[{"count":11,"href":"https:\/\/plastomer.se\/no\/wp-json\/wp\/v2\/pages\/3055\/revisions"}],"predecessor-version":[{"id":4460,"href":"https:\/\/plastomer.se\/no\/wp-json\/wp\/v2\/pages\/3055\/revisions\/4460"}],"up":[{"embeddable":true,"href":"https:\/\/plastomer.se\/no\/wp-json\/wp\/v2\/pages\/3051"}],"wp:featuredmedia":[{"embeddable":true,"href":"https:\/\/plastomer.se\/no\/wp-json\/wp\/v2\/media\/724"}],"wp:attachment":[{"href":"https:\/\/plastomer.se\/no\/wp-json\/wp\/v2\/media?parent=3055"}],"curies":[{"name":"wp","href":"https:\/\/api.w.org\/{rel}","templated":true}]}}