{"id":3054,"date":"2022-04-16T11:50:01","date_gmt":"2022-04-16T09:50:01","guid":{"rendered":"https:\/\/plastomer.se\/produkter\/produkter-lastbil\/monteringsprofiler\/"},"modified":"2025-11-28T13:24:01","modified_gmt":"2025-11-28T12:24:01","slug":"monteringsprofiler","status":"publish","type":"page","link":"https:\/\/plastomer.se\/no\/produkter\/produkter-lastbil\/monteringsprofiler\/","title":{"rendered":"Monteringsprofiler"},"content":{"rendered":"\n<h1>\n\t\tMonteringsprofiler\n\t<\/h1>\n\t<h2>Monteringsprofiler &#8211; Made in Sweden<\/h2>\n<p>Med aluminiumsbraketter henger du raskt og enkelt skjermskjermene p\u00e5 plass. V\u00e5r unike perle p\u00e5 beskyttelsen fungerer sammen i braketten &#8211; skulle du rygge p\u00e5 noe, mister du kun beskyttelsen mens skjermen og braketten forblir uskadet.<\/p>\n<h3>fordeler<\/h3>\n<ul>\n<li>Enkelt \u00e5 skifte sprutbeskyttelse<\/li>\n<li>Inga stillest\u00e5ndstider p\u00e5 verkstad Ingen nedetid p\u00e5 verkstedet<\/li>\n<\/ul>\n<p>Ring og bestill p\u00e5 telefon <a href=\"tel:+47 90771984\">+47 90771984<\/a> eller e-post til <a href=\"mailto:bjorn.nyhagen@plastomer.no\">bjorn.nyhagen@plastomer.no<\/a><\/p>\n<section>\n   <h2>Monteringsprofiler<\/h2>   \n    <img decoding=\"async\" src=\"https:\/\/plastomer.se\/wp-content\/uploads\/2022\/04\/profil01-1024x649.jpg\" pm-full=\"https:\/\/plastomer.se\/wp-content\/uploads\/2022\/04\/profil01-scaled.jpg\" alt=\"Plastomer Produkter\"\/><img decoding=\"async\" src=\"https:\/\/plastomer.se\/wp-content\/uploads\/2022\/04\/profil02-1024x649.jpg\" pm-full=\"https:\/\/plastomer.se\/wp-content\/uploads\/2022\/04\/profil02-scaled.jpg\" alt=\"Plastomer Produkter\"\/>\n\t\t\t\t\t\t\t<h3>Monteringsprofiler<\/h3>\n\t\t\t\t<hr \/>\n\t\t\t\t\tArt nr.Lengde (mm)Beskrivelse\t\t\t\t\n\t\t\t\tArt nr. 080400Lengde (mm) 400Beskrivelse Standard festeprofil, leveres med bolt og l\u00e5seskrue, gjelder alle formater.Art nr. 080500Lengde (mm) 500Beskrivelse Standard festeprofil, leveres med bolt og l\u00e5seskrue, gjelder alle formater.Art nr. 080600Lengde (mm) 600Beskrivelse Standard festeprofil, leveres med bolt og l\u00e5seskrue, gjelder alle formater.Art nr. 080600VLengde (mm) 600Beskrivelse Vinklet festeprofil, leveres med bolt og l\u00e5seskrue, gjelder alle formater.\n\t\t\t\t\t\t\t<p>For st\u00f8rre kvanta eller andre lengder, kontakt oss for mer informasjon.<\/p>\n<\/section>\n<section>\n   <h2>Festeprofiler &#8211; Tilbeh\u00f8r<\/h2>   \n    <img decoding=\"async\" src=\"https:\/\/plastomer.se\/wp-content\/uploads\/2022\/10\/M6-skruv.jpg\" pm-full=\"https:\/\/plastomer.se\/wp-content\/uploads\/2022\/10\/M6-skruv.jpg\" alt=\"Plastomer Produkter\"\/><img decoding=\"async\" src=\"https:\/\/plastomer.se\/wp-content\/uploads\/2022\/10\/M6-mutter.jpg\" pm-full=\"https:\/\/plastomer.se\/wp-content\/uploads\/2022\/10\/M6-mutter.jpg\" alt=\"Plastomer Produkter\"\/><img decoding=\"async\" src=\"https:\/\/plastomer.se\/wp-content\/uploads\/2022\/10\/M6-andskydd.jpg\" pm-full=\"https:\/\/plastomer.se\/wp-content\/uploads\/2022\/10\/M6-andskydd.jpg\" alt=\"Plastomer Produkter\"\/><img decoding=\"async\" src=\"https:\/\/plastomer.se\/wp-content\/uploads\/2022\/10\/M6-vagnsbult.png\" pm-full=\"https:\/\/plastomer.se\/wp-content\/uploads\/2022\/10\/M6-vagnsbult.png\" alt=\"Plastomer Produkter\"\/>\n\t\t\t\t\t\t\t<h3>Festeprofiler &#8211; Tilbeh\u00f8r<\/h3>\n\t\t\t\t<hr \/>\n\t\t\t\t\tArt nr.Beskrivelse\t\t\t\t\n\t\t\t\tArt nr. 080015Beskrivelse Veske, 130x220x0,075 mm, med vognbolt.Art nr. 080047Beskrivelse vognboltM6, 25mm.Art nr. 080048Beskrivelse vognboltM6, 20mm.Art nr. 080051Beskrivelse N\u00f8tt M6.Art nr. 080052Beskrivelse Skrue, sekskant, M6x16Art nr. 080053Beskrivelse Endebeskyttelse for skrue M6.\n<\/section>\n<h2>\n\t\tFlere kategorier\n\t<\/h2>\n<ul>\n<li>\n        <a href=\"https:\/\/plastomer.se\/no\/produkter\/produkter-lastbil\/sprutsikring\/\">\n            <img decoding=\"async\" src=\"https:\/\/plastomer.se\/wp-content\/uploads\/2022\/05\/Sta\u0308nkskydd-01-300x300.png\"\/>\n            <h3>Skvettlapp<\/h3>\n        <\/a>\n    <\/li><li>\n        <a href=\"https:\/\/plastomer.se\/no\/produkter\/produkter-lastbil\/sprutbeskyttelse-antispray\/\">\n            <img decoding=\"async\" src=\"https:\/\/plastomer.se\/wp-content\/uploads\/2022\/05\/Sta\u0308nkskydd-01-300x300.png\"\/>\n            <h3>Skvettlapp antispray<\/h3>\n        <\/a>\n    <\/li><li>\n        <a href=\"https:\/\/plastomer.se\/no\/produkter\/produkter-lastbil\/stankskydd-full-bredde\/\">\n            <img decoding=\"async\" src=\"https:\/\/plastomer.se\/wp-content\/uploads\/2022\/05\/Fullbreddskydd-300x300.png\"\/>\n            <h3>Skvettlapp full bredde<\/h3>\n        <\/a>\n    <\/li><li>\n        <a href=\"https:\/\/plastomer.se\/no\/produkter\/domar-produkter\/\">\n            <img decoding=\"async\" src=\"https:\/\/plastomer.se\/wp-content\/uploads\/2022\/05\/Ska\u0308rmar-Tillbeho\u0308r-03-300x300.png\"\/>\n            <h3>Skjermer &#038; tilbeh\u00f8r<\/h3>\n        <\/a>\n    <\/li><li>\n        <a href=\"https:\/\/plastomer.se\/no\/produkter\/daken-produkter\/\">\n            <img decoding=\"async\" src=\"https:\/\/plastomer.se\/wp-content\/uploads\/2022\/05\/Brandsla\u0308ckarboxar-300x300.png\"\/>\n            <h3>Brannslukningsbokser<\/h3>\n        <\/a>\n    <\/li><li>\n        <a href=\"https:\/\/plastomer.se\/no\/produkter\/daken-produkter\/verktoykasser\/\">\n            <img decoding=\"async\" src=\"https:\/\/plastomer.se\/wp-content\/uploads\/2022\/05\/Verktygsla\u030ada-05-300x300.png\"\/>\n            <h3>Verkt\u00f8ykasser<\/h3>\n        <\/a>\n    <\/li><li>\n        <a href=\"https:\/\/plastomer.se\/no\/produkter\/takler-produkter\/underkjoringsbeskyttelse\/\">\n            <img decoding=\"async\" src=\"https:\/\/plastomer.se\/wp-content\/uploads\/2022\/05\/Kantskydd-Sidoskydd-300x300.png\"\/>\n            <h3>Underkj\u00f8rningsbeskyttelse<\/h3>\n        <\/a>\n    <\/li><li>\n        <a href=\"https:\/\/plastomer.se\/no\/produkter\/produkter-lastbil\/wm-system-lasteramper\/\">\n            <img decoding=\"async\" src=\"https:\/\/plastomer.se\/wp-content\/uploads\/2022\/05\/Lastramper-08-300x300.png\"\/>\n            <h3>Lasteramper<\/h3>\n        <\/a>\n    <\/li><li>\n        <a href=\"https:\/\/plastomer.se\/no\/produkter\/takler-produkter\/stiger\/\">\n            <img decoding=\"async\" src=\"https:\/\/plastomer.se\/wp-content\/uploads\/2022\/05\/Stegar-09-300x300.png\"\/>\n            <h3>Stiger<\/h3>\n        <\/a>\n    <\/li><li>\n        <a href=\"https:\/\/plastomer.se\/no\/produkter\/lokhen-produkter\/\">\n            <img decoding=\"async\" src=\"https:\/\/plastomer.se\/wp-content\/uploads\/2022\/05\/Stoppklossar-300x300.png\"\/>\n            <h3>Stoppblokk<\/h3>\n        <\/a>\n    <\/li><\/ul>\n\n","protected":false},"excerpt":{"rendered":"<p>Monteringsprofiler Monteringsprofiler &#8211; Made in Sweden Med aluminiumsbraketter henger du raskt og enkelt skjermskjermene p\u00e5 plass. V\u00e5r unike perle p\u00e5 beskyttelsen fungerer sammen i braketten &#8211; skulle du rygge p\u00e5 noe, mister du kun beskyttelsen mens skjermen og braketten forblir uskadet. fordeler Enkelt \u00e5 skifte sprutbeskyttelse Inga stillest\u00e5ndstider p\u00e5 verkstad Ingen nedetid p\u00e5 verkstedet Ring [&hellip;]<\/p>\n","protected":false},"author":1,"featured_media":693,"parent":3051,"menu_order":0,"comment_status":"closed","ping_status":"closed","template":"page-templates\/template-pagebuilder.php","meta":{"_acf_changed":false,"_genesis_hide_title":false,"_genesis_hide_breadcrumbs":false,"_genesis_hide_singular_image":false,"_genesis_hide_footer_widgets":false,"_genesis_custom_body_class":"","_genesis_custom_post_class":"","_genesis_layout":"","footnotes":""},"class_list":{"0":"post-3054","1":"page","2":"type-page","3":"status-publish","4":"has-post-thumbnail","6":"entry"},"acf":[],"yoast_head":"<!-- This site is optimized with the Yoast SEO plugin v27.4 - https:\/\/yoast.com\/product\/yoast-seo-wordpress\/ -->\n<title>Monteringsprofiler - Plastomer<\/title>\n<meta name=\"description\" content=\"Med v\u00e5ra f\u00e4stprofiler till lastbilar h\u00e4nger du snabbt och enkelt dina st\u00e4nkskydd p\u00e5 plats. V\u00e5r unika vulst p\u00e5 skyddet samverkar i f\u00e4stet.\" \/>\n<meta name=\"robots\" content=\"index, follow, max-snippet:-1, max-image-preview:large, max-video-preview:-1\" \/>\n<link rel=\"canonical\" href=\"https:\/\/plastomer.se\/no\/produkter\/produkter-lastbil\/monteringsprofiler\/\" \/>\n<meta property=\"og:locale\" content=\"nb_NO\" \/>\n<meta property=\"og:type\" content=\"article\" \/>\n<meta property=\"og:title\" content=\"Monteringsprofiler - Plastomer\" \/>\n<meta property=\"og:description\" content=\"Med v\u00e5ra f\u00e4stprofiler till lastbilar h\u00e4nger du snabbt och enkelt dina st\u00e4nkskydd p\u00e5 plats. V\u00e5r unika vulst p\u00e5 skyddet samverkar i f\u00e4stet.\" \/>\n<meta property=\"og:url\" content=\"https:\/\/plastomer.se\/no\/produkter\/produkter-lastbil\/monteringsprofiler\/\" \/>\n<meta property=\"og:site_name\" content=\"Plastomer\" \/>\n<meta property=\"article:modified_time\" content=\"2025-11-28T12:24:01+00:00\" \/>\n<meta property=\"og:image\" content=\"https:\/\/plastomer.se\/wp-content\/uploads\/2022\/04\/truck_side-o.jpg\" \/>\n\t<meta property=\"og:image:width\" content=\"2300\" \/>\n\t<meta property=\"og:image:height\" content=\"2300\" \/>\n\t<meta property=\"og:image:type\" content=\"image\/jpeg\" \/>\n<meta name=\"twitter:card\" content=\"summary_large_image\" \/>\n<meta name=\"twitter:label1\" content=\"Ansl. lesetid\" \/>\n\t<meta name=\"twitter:data1\" content=\"5 minutter\" \/>\n<script type=\"application\/ld+json\" class=\"yoast-schema-graph\">{\"@context\":\"https:\\\/\\\/schema.org\",\"@graph\":[{\"@type\":\"WebPage\",\"@id\":\"https:\\\/\\\/plastomer.se\\\/no\\\/produkter\\\/produkter-lastbil\\\/monteringsprofiler\\\/\",\"url\":\"https:\\\/\\\/plastomer.se\\\/no\\\/produkter\\\/produkter-lastbil\\\/monteringsprofiler\\\/\",\"name\":\"Monteringsprofiler - Plastomer\",\"isPartOf\":{\"@id\":\"https:\\\/\\\/plastomer.se\\\/no\\\/#website\"},\"primaryImageOfPage\":{\"@id\":\"https:\\\/\\\/plastomer.se\\\/no\\\/produkter\\\/produkter-lastbil\\\/monteringsprofiler\\\/#primaryimage\"},\"image\":{\"@id\":\"https:\\\/\\\/plastomer.se\\\/no\\\/produkter\\\/produkter-lastbil\\\/monteringsprofiler\\\/#primaryimage\"},\"thumbnailUrl\":\"https:\\\/\\\/plastomer.se\\\/wp-content\\\/uploads\\\/2022\\\/04\\\/truck_side-o.jpg\",\"datePublished\":\"2022-04-16T09:50:01+00:00\",\"dateModified\":\"2025-11-28T12:24:01+00:00\",\"description\":\"Med v\u00e5ra f\u00e4stprofiler till lastbilar h\u00e4nger du snabbt och enkelt dina st\u00e4nkskydd p\u00e5 plats. V\u00e5r unika vulst p\u00e5 skyddet samverkar i f\u00e4stet.\",\"breadcrumb\":{\"@id\":\"https:\\\/\\\/plastomer.se\\\/no\\\/produkter\\\/produkter-lastbil\\\/monteringsprofiler\\\/#breadcrumb\"},\"inLanguage\":\"nb-NO\",\"potentialAction\":[{\"@type\":\"ReadAction\",\"target\":[\"https:\\\/\\\/plastomer.se\\\/no\\\/produkter\\\/produkter-lastbil\\\/monteringsprofiler\\\/\"]}]},{\"@type\":\"ImageObject\",\"inLanguage\":\"nb-NO\",\"@id\":\"https:\\\/\\\/plastomer.se\\\/no\\\/produkter\\\/produkter-lastbil\\\/monteringsprofiler\\\/#primaryimage\",\"url\":\"https:\\\/\\\/plastomer.se\\\/wp-content\\\/uploads\\\/2022\\\/04\\\/truck_side-o.jpg\",\"contentUrl\":\"https:\\\/\\\/plastomer.se\\\/wp-content\\\/uploads\\\/2022\\\/04\\\/truck_side-o.jpg\",\"width\":2300,\"height\":2300,\"caption\":\"PlastoMer tillbeh\u00f6r till lastbilar\"},{\"@type\":\"BreadcrumbList\",\"@id\":\"https:\\\/\\\/plastomer.se\\\/no\\\/produkter\\\/produkter-lastbil\\\/monteringsprofiler\\\/#breadcrumb\",\"itemListElement\":[{\"@type\":\"ListItem\",\"position\":1,\"name\":\"Home\",\"item\":\"https:\\\/\\\/plastomer.se\\\/no\\\/\"},{\"@type\":\"ListItem\",\"position\":2,\"name\":\"Produkter\",\"item\":\"https:\\\/\\\/plastomer.se\\\/no\\\/produkter\\\/\"},{\"@type\":\"ListItem\",\"position\":3,\"name\":\"Produkter lastbil\",\"item\":\"https:\\\/\\\/plastomer.se\\\/no\\\/produkter\\\/produkter-lastbil\\\/\"},{\"@type\":\"ListItem\",\"position\":4,\"name\":\"Monteringsprofiler\"}]},{\"@type\":\"WebSite\",\"@id\":\"https:\\\/\\\/plastomer.se\\\/no\\\/#website\",\"url\":\"https:\\\/\\\/plastomer.se\\\/no\\\/\",\"name\":\"Plastomer\",\"description\":\"Lastbilstillbeh\u00f6r i V\u00e4rldsklass\",\"publisher\":{\"@id\":\"https:\\\/\\\/plastomer.se\\\/no\\\/#organization\"},\"potentialAction\":[{\"@type\":\"SearchAction\",\"target\":{\"@type\":\"EntryPoint\",\"urlTemplate\":\"https:\\\/\\\/plastomer.se\\\/no\\\/?s={search_term_string}\"},\"query-input\":{\"@type\":\"PropertyValueSpecification\",\"valueRequired\":true,\"valueName\":\"search_term_string\"}}],\"inLanguage\":\"nb-NO\"},{\"@type\":\"Organization\",\"@id\":\"https:\\\/\\\/plastomer.se\\\/no\\\/#organization\",\"name\":\"Plastomer\",\"url\":\"https:\\\/\\\/plastomer.se\\\/no\\\/\",\"logo\":{\"@type\":\"ImageObject\",\"inLanguage\":\"nb-NO\",\"@id\":\"https:\\\/\\\/plastomer.se\\\/no\\\/#\\\/schema\\\/logo\\\/image\\\/\",\"url\":\"https:\\\/\\\/plastomer.se\\\/wp-content\\\/uploads\\\/2025\\\/04\\\/plastomer.png\",\"contentUrl\":\"https:\\\/\\\/plastomer.se\\\/wp-content\\\/uploads\\\/2025\\\/04\\\/plastomer.png\",\"width\":1024,\"height\":1024,\"caption\":\"Plastomer\"},\"image\":{\"@id\":\"https:\\\/\\\/plastomer.se\\\/no\\\/#\\\/schema\\\/logo\\\/image\\\/\"}}]}<\/script>\n<!-- \/ Yoast SEO plugin. -->","yoast_head_json":{"title":"Monteringsprofiler - Plastomer","description":"Med v\u00e5ra f\u00e4stprofiler till lastbilar h\u00e4nger du snabbt och enkelt dina st\u00e4nkskydd p\u00e5 plats. V\u00e5r unika vulst p\u00e5 skyddet samverkar i f\u00e4stet.","robots":{"index":"index","follow":"follow","max-snippet":"max-snippet:-1","max-image-preview":"max-image-preview:large","max-video-preview":"max-video-preview:-1"},"canonical":"https:\/\/plastomer.se\/no\/produkter\/produkter-lastbil\/monteringsprofiler\/","og_locale":"nb_NO","og_type":"article","og_title":"Monteringsprofiler - Plastomer","og_description":"Med v\u00e5ra f\u00e4stprofiler till lastbilar h\u00e4nger du snabbt och enkelt dina st\u00e4nkskydd p\u00e5 plats. V\u00e5r unika vulst p\u00e5 skyddet samverkar i f\u00e4stet.","og_url":"https:\/\/plastomer.se\/no\/produkter\/produkter-lastbil\/monteringsprofiler\/","og_site_name":"Plastomer","article_modified_time":"2025-11-28T12:24:01+00:00","og_image":[{"width":2300,"height":2300,"url":"https:\/\/plastomer.se\/wp-content\/uploads\/2022\/04\/truck_side-o.jpg","type":"image\/jpeg"}],"twitter_card":"summary_large_image","twitter_misc":{"Ansl. lesetid":"5 minutter"},"schema":{"@context":"https:\/\/schema.org","@graph":[{"@type":"WebPage","@id":"https:\/\/plastomer.se\/no\/produkter\/produkter-lastbil\/monteringsprofiler\/","url":"https:\/\/plastomer.se\/no\/produkter\/produkter-lastbil\/monteringsprofiler\/","name":"Monteringsprofiler - Plastomer","isPartOf":{"@id":"https:\/\/plastomer.se\/no\/#website"},"primaryImageOfPage":{"@id":"https:\/\/plastomer.se\/no\/produkter\/produkter-lastbil\/monteringsprofiler\/#primaryimage"},"image":{"@id":"https:\/\/plastomer.se\/no\/produkter\/produkter-lastbil\/monteringsprofiler\/#primaryimage"},"thumbnailUrl":"https:\/\/plastomer.se\/wp-content\/uploads\/2022\/04\/truck_side-o.jpg","datePublished":"2022-04-16T09:50:01+00:00","dateModified":"2025-11-28T12:24:01+00:00","description":"Med v\u00e5ra f\u00e4stprofiler till lastbilar h\u00e4nger du snabbt och enkelt dina st\u00e4nkskydd p\u00e5 plats. V\u00e5r unika vulst p\u00e5 skyddet samverkar i f\u00e4stet.","breadcrumb":{"@id":"https:\/\/plastomer.se\/no\/produkter\/produkter-lastbil\/monteringsprofiler\/#breadcrumb"},"inLanguage":"nb-NO","potentialAction":[{"@type":"ReadAction","target":["https:\/\/plastomer.se\/no\/produkter\/produkter-lastbil\/monteringsprofiler\/"]}]},{"@type":"ImageObject","inLanguage":"nb-NO","@id":"https:\/\/plastomer.se\/no\/produkter\/produkter-lastbil\/monteringsprofiler\/#primaryimage","url":"https:\/\/plastomer.se\/wp-content\/uploads\/2022\/04\/truck_side-o.jpg","contentUrl":"https:\/\/plastomer.se\/wp-content\/uploads\/2022\/04\/truck_side-o.jpg","width":2300,"height":2300,"caption":"PlastoMer tillbeh\u00f6r till lastbilar"},{"@type":"BreadcrumbList","@id":"https:\/\/plastomer.se\/no\/produkter\/produkter-lastbil\/monteringsprofiler\/#breadcrumb","itemListElement":[{"@type":"ListItem","position":1,"name":"Home","item":"https:\/\/plastomer.se\/no\/"},{"@type":"ListItem","position":2,"name":"Produkter","item":"https:\/\/plastomer.se\/no\/produkter\/"},{"@type":"ListItem","position":3,"name":"Produkter lastbil","item":"https:\/\/plastomer.se\/no\/produkter\/produkter-lastbil\/"},{"@type":"ListItem","position":4,"name":"Monteringsprofiler"}]},{"@type":"WebSite","@id":"https:\/\/plastomer.se\/no\/#website","url":"https:\/\/plastomer.se\/no\/","name":"Plastomer","description":"Lastbilstillbeh\u00f6r i V\u00e4rldsklass","publisher":{"@id":"https:\/\/plastomer.se\/no\/#organization"},"potentialAction":[{"@type":"SearchAction","target":{"@type":"EntryPoint","urlTemplate":"https:\/\/plastomer.se\/no\/?s={search_term_string}"},"query-input":{"@type":"PropertyValueSpecification","valueRequired":true,"valueName":"search_term_string"}}],"inLanguage":"nb-NO"},{"@type":"Organization","@id":"https:\/\/plastomer.se\/no\/#organization","name":"Plastomer","url":"https:\/\/plastomer.se\/no\/","logo":{"@type":"ImageObject","inLanguage":"nb-NO","@id":"https:\/\/plastomer.se\/no\/#\/schema\/logo\/image\/","url":"https:\/\/plastomer.se\/wp-content\/uploads\/2025\/04\/plastomer.png","contentUrl":"https:\/\/plastomer.se\/wp-content\/uploads\/2025\/04\/plastomer.png","width":1024,"height":1024,"caption":"Plastomer"},"image":{"@id":"https:\/\/plastomer.se\/no\/#\/schema\/logo\/image\/"}}]}},"_links":{"self":[{"href":"https:\/\/plastomer.se\/no\/wp-json\/wp\/v2\/pages\/3054","targetHints":{"allow":["GET"]}}],"collection":[{"href":"https:\/\/plastomer.se\/no\/wp-json\/wp\/v2\/pages"}],"about":[{"href":"https:\/\/plastomer.se\/no\/wp-json\/wp\/v2\/types\/page"}],"author":[{"embeddable":true,"href":"https:\/\/plastomer.se\/no\/wp-json\/wp\/v2\/users\/1"}],"replies":[{"embeddable":true,"href":"https:\/\/plastomer.se\/no\/wp-json\/wp\/v2\/comments?post=3054"}],"version-history":[{"count":7,"href":"https:\/\/plastomer.se\/no\/wp-json\/wp\/v2\/pages\/3054\/revisions"}],"predecessor-version":[{"id":4436,"href":"https:\/\/plastomer.se\/no\/wp-json\/wp\/v2\/pages\/3054\/revisions\/4436"}],"up":[{"embeddable":true,"href":"https:\/\/plastomer.se\/no\/wp-json\/wp\/v2\/pages\/3051"}],"wp:featuredmedia":[{"embeddable":true,"href":"https:\/\/plastomer.se\/no\/wp-json\/wp\/v2\/media\/693"}],"wp:attachment":[{"href":"https:\/\/plastomer.se\/no\/wp-json\/wp\/v2\/media?parent=3054"}],"curies":[{"name":"wp","href":"https:\/\/api.w.org\/{rel}","templated":true}]}}