{"id":3005,"date":"2022-11-03T08:07:09","date_gmt":"2022-11-03T07:07:09","guid":{"rendered":"https:\/\/plastomer.se\/produkter\/lokhen-produkter\/"},"modified":"2025-04-11T10:33:08","modified_gmt":"2025-04-11T08:33:08","slug":"lokhen-produkter","status":"publish","type":"page","link":"https:\/\/plastomer.se\/no\/produkter\/lokhen-produkter\/","title":{"rendered":"LOKHEN-produkter"},"content":{"rendered":"\n<h1>\n\t\tLOkhen sortiment\n\t<\/h1>\n\t<h2>STOPPBLOKKER OG DOKUMENTHOLDERE FRA LOKHEN<\/h2>\n<p>&nbsp;<\/p>\n<p><a href=\"https:\/\/www.lokhen.com\/\"><img loading=\"lazy\" decoding=\"async\" src=\"https:\/\/plastomer.se\/wp-content\/uploads\/2022\/11\/Logo-orizzontale_LOKHEN_esec-01-1_1641916712-300x87.png\" alt=\"Lokhen logo\" width=\"300\" height=\"87\"\/><\/a>  Nedenfor ser du et utvalg av v\u00e5re produkter fra Lokhen &#8211; for hele sortimentet, se Lokhens nettsted. Da bestiller du enkelt hos oss.<\/p>\n<section>\n   <h2>Stoppblokk &#8211; Sammenleggbar<\/h2>   \n    <img decoding=\"async\" src=\"https:\/\/plastomer.se\/wp-content\/uploads\/2022\/10\/600500100-A.png\" pm-full=\"https:\/\/plastomer.se\/wp-content\/uploads\/2022\/10\/600500100-A.png\" alt=\"Plastomer Produkter\"\/><img decoding=\"async\" src=\"https:\/\/plastomer.se\/wp-content\/uploads\/2022\/10\/600500100-C.png\" pm-full=\"https:\/\/plastomer.se\/wp-content\/uploads\/2022\/10\/600500100-C.png\" alt=\"Plastomer Produkter\"\/><img decoding=\"async\" src=\"https:\/\/plastomer.se\/wp-content\/uploads\/2022\/10\/600500100-teknisk-info.png\" pm-full=\"https:\/\/plastomer.se\/wp-content\/uploads\/2022\/10\/600500100-teknisk-info.png\" alt=\"Plastomer Produkter\"\/>\n\t\t\t\t\t\t\t<h3>Stoppblokk &#8211; Sammenleggbar<\/h3>\n\t\t\t\t<hr \/>\n\t\t\t\t\tArt nr:L (mm):B (mm):H (mm):R (mm):\t\t\t\t\n\t\t\t\tArt nr: 600500100L (mm): 472B (mm): 199H (mm): 230R (mm): 560\n<\/section>\n<section>\n   <h2>STOPPKLOSS &#8211; H\u00c5LLARE ORIGIAMY<\/h2>   \n    <img decoding=\"async\" src=\"https:\/\/plastomer.se\/wp-content\/uploads\/2025\/04\/box_nero_1.webp\" pm-full=\"https:\/\/plastomer.se\/wp-content\/uploads\/2025\/04\/box_nero_1.webp\" alt=\"Plastomer Produkter\"\/><img decoding=\"async\" src=\"https:\/\/plastomer.se\/wp-content\/uploads\/2025\/04\/box_nero_2.webp\" pm-full=\"https:\/\/plastomer.se\/wp-content\/uploads\/2025\/04\/box_nero_2.webp\" alt=\"Plastomer Produkter\"\/><img decoding=\"async\" src=\"https:\/\/plastomer.se\/wp-content\/uploads\/2025\/04\/box_nero_3.webp\" pm-full=\"https:\/\/plastomer.se\/wp-content\/uploads\/2025\/04\/box_nero_3.webp\" alt=\"Plastomer Produkter\"\/><img decoding=\"async\" src=\"https:\/\/plastomer.se\/wp-content\/uploads\/2025\/04\/Origiamy-teknik.png\" pm-full=\"https:\/\/plastomer.se\/wp-content\/uploads\/2025\/04\/Origiamy-teknik.png\" alt=\"Plastomer Produkter\"\/><img decoding=\"async\" src=\"https:\/\/plastomer.se\/wp-content\/uploads\/2025\/04\/Origiamy-hallare-1.webp\" pm-full=\"https:\/\/plastomer.se\/wp-content\/uploads\/2025\/04\/Origiamy-hallare-1.webp\" alt=\"Plastomer Produkter\"\/><img decoding=\"async\" src=\"https:\/\/plastomer.se\/wp-content\/uploads\/2025\/04\/Origiamy-hallare-2.webp\" pm-full=\"https:\/\/plastomer.se\/wp-content\/uploads\/2025\/04\/Origiamy-hallare-2.webp\" alt=\"Plastomer Produkter\"\/><img decoding=\"async\" src=\"https:\/\/plastomer.se\/wp-content\/uploads\/2025\/04\/Origiamy-hallare-3.webp\" pm-full=\"https:\/\/plastomer.se\/wp-content\/uploads\/2025\/04\/Origiamy-hallare-3.webp\" alt=\"Plastomer Produkter\"\/>\n\t\t\t\t\t\t\t<h3>STOPPKLOSS &#8211; H\u00c5LLARE ORIGIAMY<\/h3>\n\t\t\t\t<hr \/>\n\t\t\t\t\tART NR:H (MM):b (MM):L (MM):\u00d6vrigt\t\t\t\t\n\t\t\t\tART NR: 600710100H (MM): 235b (MM): 166L (MM): 314\u00d6vrigt Pulverlackad SVARTART NR: 600710200H (MM): 235\nb (MM): 166\nL (MM): 314\n\u00d6vrigt Magnelis\n<\/section>\n<section>\n   <h2>Stoppkloss &#8211; CROWNY HEAVY ST\u00c5LF\u00d6RST\u00c4RKT<\/h2>   \n    <img decoding=\"async\" src=\"https:\/\/plastomer.se\/wp-content\/uploads\/2023\/12\/crowny_46_1.webp\" pm-full=\"https:\/\/plastomer.se\/wp-content\/uploads\/2023\/12\/crowny_46_1.webp\" alt=\"Plastomer Produkter\"\/><img decoding=\"async\" src=\"https:\/\/plastomer.se\/wp-content\/uploads\/2023\/12\/crowny_46_2-1.webp\" pm-full=\"https:\/\/plastomer.se\/wp-content\/uploads\/2023\/12\/crowny_46_2-1.webp\" alt=\"Plastomer Produkter\"\/><img decoding=\"async\" src=\"https:\/\/plastomer.se\/wp-content\/uploads\/2023\/12\/crowny_46_3.webp\" pm-full=\"https:\/\/plastomer.se\/wp-content\/uploads\/2023\/12\/crowny_46_3.webp\" alt=\"Plastomer Produkter\"\/><img decoding=\"async\" src=\"https:\/\/plastomer.se\/wp-content\/uploads\/2023\/12\/LN600100100-TEKNIK.png\" pm-full=\"https:\/\/plastomer.se\/wp-content\/uploads\/2023\/12\/LN600100100-TEKNIK.png\" alt=\"Plastomer Produkter\"\/>\n\t\t\t\t\t\t\t<h3>Stoppkloss &#8211; CROWNY HEAVY ST\u00c5LF\u00d6RST\u00c4RKT<\/h3>\n\t\t\t\t<hr \/>\n\t\t\t\t\tArt nr:MODELLL (mm):B (mm):H (mm):R (mm):\t\t\t\t\n\t\t\t\tArt nr: 600100100MODELL 46L (mm): 383B (mm): 160\nH (mm): 190R (mm): 460\n<\/section>\n<section>\n   <h2>STOPPKLOSS &#8211; CROWNY 53<\/h2>   \n    <img decoding=\"async\" src=\"https:\/\/plastomer.se\/wp-content\/uploads\/2025\/04\/LN600110200.webp\" pm-full=\"https:\/\/plastomer.se\/wp-content\/uploads\/2025\/04\/LN600110200.webp\" alt=\"Plastomer Produkter\"\/><img decoding=\"async\" src=\"https:\/\/plastomer.se\/wp-content\/uploads\/2025\/04\/LN600110200-BAK.webp\" pm-full=\"https:\/\/plastomer.se\/wp-content\/uploads\/2025\/04\/LN600110200-BAK.webp\" alt=\"Plastomer Produkter\"\/><img decoding=\"async\" src=\"https:\/\/plastomer.se\/wp-content\/uploads\/2025\/04\/LN600110200-TEKNIK.png\" pm-full=\"https:\/\/plastomer.se\/wp-content\/uploads\/2025\/04\/LN600110200-TEKNIK.png\" alt=\"Plastomer Produkter\"\/>\n\t\t\t\t\t\t\t<h3>STOPPKLOSS &#8211; CROWNY 53<\/h3>\n\t\t\t\t<hr \/>\n\t\t\t\t\tArt nr:Modell:L (mm):B (MM):H (mm):R (mm):\t\t\t\t\n\t\t\t\tArt nr: 600110200Modell: 53L (mm): 467B (MM): 198H (mm): 225R (mm): 555\n<\/section>\n<section>\n   <h2>STOPPKLOSS &#8211; H\u00c5LLARE F\u00d6R CROWNY 46 OCH 53<\/h2>   \n    <img decoding=\"async\" src=\"https:\/\/plastomer.se\/wp-content\/uploads\/2025\/04\/KLOK-1-1.webp\" pm-full=\"https:\/\/plastomer.se\/wp-content\/uploads\/2025\/04\/KLOK-1-1.webp\" alt=\"Plastomer Produkter\"\/><img decoding=\"async\" src=\"https:\/\/plastomer.se\/wp-content\/uploads\/2025\/04\/KLOK-2.webp\" pm-full=\"https:\/\/plastomer.se\/wp-content\/uploads\/2025\/04\/KLOK-2.webp\" alt=\"Plastomer Produkter\"\/><img decoding=\"async\" src=\"https:\/\/plastomer.se\/wp-content\/uploads\/2025\/04\/KLOK-3.webp\" pm-full=\"https:\/\/plastomer.se\/wp-content\/uploads\/2025\/04\/KLOK-3.webp\" alt=\"Plastomer Produkter\"\/><img decoding=\"async\" src=\"https:\/\/plastomer.se\/wp-content\/uploads\/2025\/04\/KLOK-TEKNIK.png\" pm-full=\"https:\/\/plastomer.se\/wp-content\/uploads\/2025\/04\/KLOK-TEKNIK.png\" alt=\"Plastomer Produkter\"\/>\n\t\t\t\t\t\t\t<h3>STOPPKLOSS &#8211; H\u00c5LLARE F\u00d6R CROWNY 46 OCH 53<\/h3>\n\t\t\t\t<hr \/>\n\t\t\t\t\tART NR:L (MM):B (MM):\t\t\t\t\n\t\t\t\tART NR: 600250300L (MM): 258B (MM): 55\n<\/section>\n<section>\n   <h2>Stoppkloss &#8211; CROWNY HEAVY 53 St\u00e5lf\u00f6rst\u00e4rkt<\/h2>   \n    <img decoding=\"async\" src=\"https:\/\/plastomer.se\/wp-content\/uploads\/2025\/04\/crowny_heavy53_1.webp\" pm-full=\"https:\/\/plastomer.se\/wp-content\/uploads\/2025\/04\/crowny_heavy53_1.webp\" alt=\"Plastomer Produkter\"\/><img decoding=\"async\" src=\"https:\/\/plastomer.se\/wp-content\/uploads\/2025\/04\/crowny_heavy53_2-1.webp\" pm-full=\"https:\/\/plastomer.se\/wp-content\/uploads\/2025\/04\/crowny_heavy53_2-1.webp\" alt=\"Plastomer Produkter\"\/><img decoding=\"async\" src=\"https:\/\/plastomer.se\/wp-content\/uploads\/2025\/04\/crowny_heavy53_3.webp\" pm-full=\"https:\/\/plastomer.se\/wp-content\/uploads\/2025\/04\/crowny_heavy53_3.webp\" alt=\"Plastomer Produkter\"\/><img decoding=\"async\" src=\"https:\/\/plastomer.se\/wp-content\/uploads\/2025\/04\/crowny-teknik.png\" pm-full=\"https:\/\/plastomer.se\/wp-content\/uploads\/2025\/04\/crowny-teknik.png\" alt=\"Plastomer Produkter\"\/>\n\t\t\t\t\t\t\t<h3>Stoppkloss &#8211; CROWNY HEAVY 53 St\u00e5lf\u00f6rst\u00e4rkt<\/h3>\n\t\t\t\t<hr \/>\n\t\t\t\t\tArt nr:L (mm):B (mm):H (mm):R (mm):\t\t\t\t\n\t\t\t\tArt nr: 600120200L (mm): 467B (mm): 201H (mm): 230R (mm): 555\n<\/section>\n<section>\n   <h2>Stoppblokk &#8211; HOLDER<\/h2>   \n    <img decoding=\"async\" src=\"https:\/\/plastomer.se\/wp-content\/uploads\/2022\/10\/600160200-A.png\" pm-full=\"https:\/\/plastomer.se\/wp-content\/uploads\/2022\/10\/600160200-A.png\" alt=\"Plastomer Produkter\"\/><img decoding=\"async\" src=\"https:\/\/plastomer.se\/wp-content\/uploads\/2022\/10\/600160200-B.png\" pm-full=\"https:\/\/plastomer.se\/wp-content\/uploads\/2022\/10\/600160200-B.png\" alt=\"Plastomer Produkter\"\/><img decoding=\"async\" src=\"https:\/\/plastomer.se\/wp-content\/uploads\/2022\/10\/600160200-teknisk-info.png\" pm-full=\"https:\/\/plastomer.se\/wp-content\/uploads\/2022\/10\/600160200-teknisk-info.png\" alt=\"Plastomer Produkter\"\/>\n\t\t\t\t\t\t\t<h3>Stoppblokk &#8211; HOLDER<\/h3>\n\t\t\t\t<hr \/>\n\t\t\t\t\tArt nr:H (mm):B (mm):L (mm):\t\t\t\t\n\t\t\t\tArt nr: TK2055, 600160200H (mm): 167B (mm): 122L (mm): 165\n<\/section>\n<section>\n   <h2>Stoppblokk &#8211; HOLDER Sort<\/h2>   \n    <img decoding=\"async\" src=\"https:\/\/plastomer.se\/wp-content\/uploads\/2022\/11\/600180100.jpg\" pm-full=\"https:\/\/plastomer.se\/wp-content\/uploads\/2022\/11\/600180100.jpg\" alt=\"Plastomer Produkter\"\/><img decoding=\"async\" src=\"https:\/\/plastomer.se\/wp-content\/uploads\/2022\/11\/600180100-teknisk-info.jpg\" pm-full=\"https:\/\/plastomer.se\/wp-content\/uploads\/2022\/11\/600180100-teknisk-info.jpg\" alt=\"Plastomer Produkter\"\/>\n\t\t\t\t\t\t\t<h3>Stoppblokk &#8211; HOLDER Sort<\/h3>\n\t\t\t\t<hr \/>\n\t\t\t\t\tArtnr:H (mm):L (mm):B (mm):\t\t\t\t\n\t\t\t\tArtnr: TK2050, 600180100H (mm): L (mm): B (mm): \n<\/section>\n<section>\n   <h2>Dokumentholder- ROLL<\/h2>   \n    <img decoding=\"async\" src=\"https:\/\/plastomer.se\/wp-content\/uploads\/2022\/10\/ROLL-A.jpg\" pm-full=\"https:\/\/plastomer.se\/wp-content\/uploads\/2022\/10\/ROLL-A.jpg\" alt=\"Plastomer Produkter\"\/><img decoding=\"async\" src=\"https:\/\/plastomer.se\/wp-content\/uploads\/2022\/10\/ROLL-teknisk-info.png\" pm-full=\"https:\/\/plastomer.se\/wp-content\/uploads\/2022\/10\/ROLL-teknisk-info.png\" alt=\"Plastomer Produkter\"\/>\n\t\t\t\t\t\t\t<h3>Dokumentholder- ROLL<\/h3>\n\t\t\t\t<hr \/>\n\t\t\t\t\tArt nr:L (mm):B (mm):H (mm):D (mm):\t\t\t\t\n\t\t\t\tArt nr: 603000100L (mm): 124B (mm): 115H (mm): 340D (mm): 95\n<\/section>\n<section>\n   <h2>Dokumentholder- RIGHT<\/h2>   \n    <img decoding=\"async\" src=\"https:\/\/plastomer.se\/wp-content\/uploads\/2022\/10\/DOKUMENT-A.jpg\" pm-full=\"https:\/\/plastomer.se\/wp-content\/uploads\/2022\/10\/DOKUMENT-A.jpg\" alt=\"Plastomer Produkter\"\/><img decoding=\"async\" src=\"https:\/\/plastomer.se\/wp-content\/uploads\/2022\/10\/DOKUMENT-teknisk-info.png\" pm-full=\"https:\/\/plastomer.se\/wp-content\/uploads\/2022\/10\/DOKUMENT-teknisk-info.png\" alt=\"Plastomer Produkter\"\/>\n\t\t\t\t\t\t\t<h3>Dokumentholder- RIGHT<\/h3>\n\t\t\t\t<hr \/>\n\t\t\t\t\tArt nr:L (mm):B (mm):H (mm):\t\t\t\t\n\t\t\t\tArt nr: 603010100L (mm): 318B (mm): 67\nH (mm): 367\n<\/section>\n<h2>\n\t\tFLERE KATEGORIER\n\t<\/h2>\n<ul>\n<li>\n        <a href=\"https:\/\/plastomer.se\/no\/produkter\/produkter-lastbil\/sprutsikring\/\">\n            <img decoding=\"async\" src=\"https:\/\/plastomer.se\/wp-content\/uploads\/2022\/05\/Sta\u0308nkskydd-01-300x300.png\"\/>\n            <h3>Skvettlapp<\/h3>\n        <\/a>\n    <\/li><li>\n        <a href=\"https:\/\/plastomer.se\/no\/produkter\/produkter-lastbil\/sprutbeskyttelse-antispray\/\">\n            <img decoding=\"async\" src=\"https:\/\/plastomer.se\/wp-content\/uploads\/2022\/05\/Sta\u0308nkskydd-01-300x300.png\"\/>\n            <h3>Skvettlapp antispray<\/h3>\n        <\/a>\n    <\/li><li>\n        <a href=\"https:\/\/plastomer.se\/no\/produkter\/produkter-lastbil\/stankskydd-full-bredde\/\">\n            <img decoding=\"async\" src=\"https:\/\/plastomer.se\/wp-content\/uploads\/2022\/05\/Fullbreddskydd-300x300.png\"\/>\n            <h3>Skvettlapp full bredde<\/h3>\n        <\/a>\n    <\/li><li>\n        <a href=\"https:\/\/plastomer.se\/no\/produkter\/domar-produkter\/\">\n            <img decoding=\"async\" src=\"https:\/\/plastomer.se\/wp-content\/uploads\/2022\/05\/Ska\u0308rmar-Tillbeho\u0308r-03-300x300.png\"\/>\n            <h3>Skjermer &#038; tilbeh\u00f8r<\/h3>\n        <\/a>\n    <\/li><li>\n        <a href=\"https:\/\/plastomer.se\/no\/produkter\/daken-produkter\/\">\n            <img decoding=\"async\" src=\"https:\/\/plastomer.se\/wp-content\/uploads\/2022\/05\/Brandsla\u0308ckarboxar-300x300.png\"\/>\n            <h3>Brannslukningsbokser<\/h3>\n        <\/a>\n    <\/li><li>\n        <a href=\"https:\/\/plastomer.se\/no\/produkter\/daken-produkter\/verktoykasser\/\">\n            <img decoding=\"async\" src=\"https:\/\/plastomer.se\/wp-content\/uploads\/2022\/05\/Verktygsla\u030ada-05-300x300.png\"\/>\n            <h3>Verkt\u00f8ykasser<\/h3>\n        <\/a>\n    <\/li><li>\n        <a href=\"https:\/\/plastomer.se\/no\/produkter\/takler-produkter\/underkjoringsbeskyttelse\/\">\n            <img decoding=\"async\" src=\"https:\/\/plastomer.se\/wp-content\/uploads\/2022\/05\/Kantskydd-Sidoskydd-300x300.png\"\/>\n            <h3>Underkj\u00f8rningsbeskyttelse<\/h3>\n        <\/a>\n    <\/li><li>\n        <a href=\"https:\/\/plastomer.se\/no\/produkter\/produkter-lastbil\/wm-system-lasteramper\/\">\n            <img decoding=\"async\" src=\"https:\/\/plastomer.se\/wp-content\/uploads\/2022\/05\/Lastramper-08-300x300.png\"\/>\n            <h3>Lasteramper<\/h3>\n        <\/a>\n    <\/li><li>\n        <a href=\"https:\/\/plastomer.se\/no\/produkter\/takler-produkter\/stiger\/\">\n            <img decoding=\"async\" src=\"https:\/\/plastomer.se\/wp-content\/uploads\/2022\/05\/Stegar-09-300x300.png\"\/>\n            <h3>Stiger<\/h3>\n        <\/a>\n    <\/li><li>\n        <a href=\"https:\/\/plastomer.se\/no\/produkter\/lokhen-produkter\/\">\n            <img decoding=\"async\" src=\"https:\/\/plastomer.se\/wp-content\/uploads\/2022\/05\/Stoppklossar-300x300.png\"\/>\n            <h3>Stoppblokk<\/h3>\n        <\/a>\n    <\/li><li>\n        <a href=\"https:\/\/plastomer.se\/no\/produkter\/produkter-lastbil\/yuasa-batterier\/\">\n            <img decoding=\"async\" src=\"https:\/\/plastomer.se\/wp-content\/uploads\/2025\/02\/batteri_ikon-300x300.png\"\/>\n            <h3>BATTERIER<\/h3>\n        <\/a>\n    <\/li><\/ul>\n\n","protected":false},"excerpt":{"rendered":"<p>LOkhen sortiment STOPPBLOKKER OG DOKUMENTHOLDERE FRA LOKHEN &nbsp; Nedenfor ser du et utvalg av v\u00e5re produkter fra Lokhen &#8211; for hele sortimentet, se Lokhens nettsted. Da bestiller du enkelt hos oss. Stoppblokk &#8211; Sammenleggbar Stoppblokk &#8211; Sammenleggbar Art nr:L (mm):B (mm):H (mm):R (mm): Art nr: 600500100L (mm): 472B (mm): 199H (mm): 230R (mm): 560 STOPPKLOSS [&hellip;]<\/p>\n","protected":false},"author":1,"featured_media":724,"parent":2880,"menu_order":0,"comment_status":"closed","ping_status":"closed","template":"page-templates\/template-pagebuilder.php","meta":{"_acf_changed":false,"_genesis_hide_title":false,"_genesis_hide_breadcrumbs":false,"_genesis_hide_singular_image":false,"_genesis_hide_footer_widgets":false,"_genesis_custom_body_class":"","_genesis_custom_post_class":"","_genesis_layout":"","footnotes":""},"class_list":{"0":"post-3005","1":"page","2":"type-page","3":"status-publish","4":"has-post-thumbnail","6":"entry"},"acf":[],"yoast_head":"<!-- This site is optimized with the Yoast SEO plugin v27.3 - https:\/\/yoast.com\/product\/yoast-seo-wordpress\/ -->\n<title>LOKHEN-produkter - Plastomer<\/title>\n<meta name=\"description\" content=\"Vi selger produkter til lastebiler fra Lokhen - for komplett sortiment se Lokhens hjemmeside. Da bestiller du enkelt hos oss.\" \/>\n<meta name=\"robots\" content=\"index, follow, max-snippet:-1, max-image-preview:large, max-video-preview:-1\" \/>\n<link rel=\"canonical\" href=\"https:\/\/plastomer.se\/no\/produkter\/lokhen-produkter\/\" \/>\n<meta property=\"og:locale\" content=\"nb_NO\" \/>\n<meta property=\"og:type\" content=\"article\" \/>\n<meta property=\"og:title\" content=\"LOKHEN-produkter - Plastomer\" \/>\n<meta property=\"og:description\" content=\"Vi selger produkter til lastebiler fra Lokhen - for komplett sortiment se Lokhens hjemmeside. Da bestiller du enkelt hos oss.\" \/>\n<meta property=\"og:url\" content=\"https:\/\/plastomer.se\/no\/produkter\/lokhen-produkter\/\" \/>\n<meta property=\"og:site_name\" content=\"Plastomer\" \/>\n<meta property=\"article:modified_time\" content=\"2025-04-11T08:33:08+00:00\" \/>\n<meta property=\"og:image\" content=\"https:\/\/plastomer.se\/wp-content\/uploads\/2022\/04\/truck-header.jpg\" \/>\n\t<meta property=\"og:image:width\" content=\"1920\" \/>\n\t<meta property=\"og:image:height\" content=\"500\" \/>\n\t<meta property=\"og:image:type\" content=\"image\/jpeg\" \/>\n<meta name=\"twitter:card\" content=\"summary_large_image\" \/>\n<meta name=\"twitter:label1\" content=\"Ansl. lesetid\" \/>\n\t<meta name=\"twitter:data1\" content=\"7 minutter\" \/>\n<script type=\"application\/ld+json\" class=\"yoast-schema-graph\">{\"@context\":\"https:\\\/\\\/schema.org\",\"@graph\":[{\"@type\":\"WebPage\",\"@id\":\"https:\\\/\\\/plastomer.se\\\/no\\\/produkter\\\/lokhen-produkter\\\/\",\"url\":\"https:\\\/\\\/plastomer.se\\\/no\\\/produkter\\\/lokhen-produkter\\\/\",\"name\":\"LOKHEN-produkter - Plastomer\",\"isPartOf\":{\"@id\":\"https:\\\/\\\/plastomer.se\\\/no\\\/#website\"},\"primaryImageOfPage\":{\"@id\":\"https:\\\/\\\/plastomer.se\\\/no\\\/produkter\\\/lokhen-produkter\\\/#primaryimage\"},\"image\":{\"@id\":\"https:\\\/\\\/plastomer.se\\\/no\\\/produkter\\\/lokhen-produkter\\\/#primaryimage\"},\"thumbnailUrl\":\"https:\\\/\\\/plastomer.se\\\/wp-content\\\/uploads\\\/2022\\\/04\\\/truck-header.jpg\",\"datePublished\":\"2022-11-03T07:07:09+00:00\",\"dateModified\":\"2025-04-11T08:33:08+00:00\",\"description\":\"Vi selger produkter til lastebiler fra Lokhen - for komplett sortiment se Lokhens hjemmeside. Da bestiller du enkelt hos oss.\",\"breadcrumb\":{\"@id\":\"https:\\\/\\\/plastomer.se\\\/no\\\/produkter\\\/lokhen-produkter\\\/#breadcrumb\"},\"inLanguage\":\"nb-NO\",\"potentialAction\":[{\"@type\":\"ReadAction\",\"target\":[\"https:\\\/\\\/plastomer.se\\\/no\\\/produkter\\\/lokhen-produkter\\\/\"]}]},{\"@type\":\"ImageObject\",\"inLanguage\":\"nb-NO\",\"@id\":\"https:\\\/\\\/plastomer.se\\\/no\\\/produkter\\\/lokhen-produkter\\\/#primaryimage\",\"url\":\"https:\\\/\\\/plastomer.se\\\/wp-content\\\/uploads\\\/2022\\\/04\\\/truck-header.jpg\",\"contentUrl\":\"https:\\\/\\\/plastomer.se\\\/wp-content\\\/uploads\\\/2022\\\/04\\\/truck-header.jpg\",\"width\":1920,\"height\":500},{\"@type\":\"BreadcrumbList\",\"@id\":\"https:\\\/\\\/plastomer.se\\\/no\\\/produkter\\\/lokhen-produkter\\\/#breadcrumb\",\"itemListElement\":[{\"@type\":\"ListItem\",\"position\":1,\"name\":\"Home\",\"item\":\"https:\\\/\\\/plastomer.se\\\/no\\\/\"},{\"@type\":\"ListItem\",\"position\":2,\"name\":\"Produkter\",\"item\":\"https:\\\/\\\/plastomer.se\\\/no\\\/produkter\\\/\"},{\"@type\":\"ListItem\",\"position\":3,\"name\":\"LOKHEN-produkter\"}]},{\"@type\":\"WebSite\",\"@id\":\"https:\\\/\\\/plastomer.se\\\/no\\\/#website\",\"url\":\"https:\\\/\\\/plastomer.se\\\/no\\\/\",\"name\":\"Plastomer\",\"description\":\"Lastbilstillbeh\u00f6r i V\u00e4rldsklass\",\"publisher\":{\"@id\":\"https:\\\/\\\/plastomer.se\\\/no\\\/#organization\"},\"potentialAction\":[{\"@type\":\"SearchAction\",\"target\":{\"@type\":\"EntryPoint\",\"urlTemplate\":\"https:\\\/\\\/plastomer.se\\\/no\\\/?s={search_term_string}\"},\"query-input\":{\"@type\":\"PropertyValueSpecification\",\"valueRequired\":true,\"valueName\":\"search_term_string\"}}],\"inLanguage\":\"nb-NO\"},{\"@type\":\"Organization\",\"@id\":\"https:\\\/\\\/plastomer.se\\\/no\\\/#organization\",\"name\":\"Plastomer\",\"url\":\"https:\\\/\\\/plastomer.se\\\/no\\\/\",\"logo\":{\"@type\":\"ImageObject\",\"inLanguage\":\"nb-NO\",\"@id\":\"https:\\\/\\\/plastomer.se\\\/no\\\/#\\\/schema\\\/logo\\\/image\\\/\",\"url\":\"https:\\\/\\\/plastomer.se\\\/wp-content\\\/uploads\\\/2025\\\/04\\\/plastomer.png\",\"contentUrl\":\"https:\\\/\\\/plastomer.se\\\/wp-content\\\/uploads\\\/2025\\\/04\\\/plastomer.png\",\"width\":1024,\"height\":1024,\"caption\":\"Plastomer\"},\"image\":{\"@id\":\"https:\\\/\\\/plastomer.se\\\/no\\\/#\\\/schema\\\/logo\\\/image\\\/\"}}]}<\/script>\n<!-- \/ Yoast SEO plugin. -->","yoast_head_json":{"title":"LOKHEN-produkter - Plastomer","description":"Vi selger produkter til lastebiler fra Lokhen - for komplett sortiment se Lokhens hjemmeside. Da bestiller du enkelt hos oss.","robots":{"index":"index","follow":"follow","max-snippet":"max-snippet:-1","max-image-preview":"max-image-preview:large","max-video-preview":"max-video-preview:-1"},"canonical":"https:\/\/plastomer.se\/no\/produkter\/lokhen-produkter\/","og_locale":"nb_NO","og_type":"article","og_title":"LOKHEN-produkter - Plastomer","og_description":"Vi selger produkter til lastebiler fra Lokhen - for komplett sortiment se Lokhens hjemmeside. Da bestiller du enkelt hos oss.","og_url":"https:\/\/plastomer.se\/no\/produkter\/lokhen-produkter\/","og_site_name":"Plastomer","article_modified_time":"2025-04-11T08:33:08+00:00","og_image":[{"width":1920,"height":500,"url":"https:\/\/plastomer.se\/wp-content\/uploads\/2022\/04\/truck-header.jpg","type":"image\/jpeg"}],"twitter_card":"summary_large_image","twitter_misc":{"Ansl. lesetid":"7 minutter"},"schema":{"@context":"https:\/\/schema.org","@graph":[{"@type":"WebPage","@id":"https:\/\/plastomer.se\/no\/produkter\/lokhen-produkter\/","url":"https:\/\/plastomer.se\/no\/produkter\/lokhen-produkter\/","name":"LOKHEN-produkter - Plastomer","isPartOf":{"@id":"https:\/\/plastomer.se\/no\/#website"},"primaryImageOfPage":{"@id":"https:\/\/plastomer.se\/no\/produkter\/lokhen-produkter\/#primaryimage"},"image":{"@id":"https:\/\/plastomer.se\/no\/produkter\/lokhen-produkter\/#primaryimage"},"thumbnailUrl":"https:\/\/plastomer.se\/wp-content\/uploads\/2022\/04\/truck-header.jpg","datePublished":"2022-11-03T07:07:09+00:00","dateModified":"2025-04-11T08:33:08+00:00","description":"Vi selger produkter til lastebiler fra Lokhen - for komplett sortiment se Lokhens hjemmeside. Da bestiller du enkelt hos oss.","breadcrumb":{"@id":"https:\/\/plastomer.se\/no\/produkter\/lokhen-produkter\/#breadcrumb"},"inLanguage":"nb-NO","potentialAction":[{"@type":"ReadAction","target":["https:\/\/plastomer.se\/no\/produkter\/lokhen-produkter\/"]}]},{"@type":"ImageObject","inLanguage":"nb-NO","@id":"https:\/\/plastomer.se\/no\/produkter\/lokhen-produkter\/#primaryimage","url":"https:\/\/plastomer.se\/wp-content\/uploads\/2022\/04\/truck-header.jpg","contentUrl":"https:\/\/plastomer.se\/wp-content\/uploads\/2022\/04\/truck-header.jpg","width":1920,"height":500},{"@type":"BreadcrumbList","@id":"https:\/\/plastomer.se\/no\/produkter\/lokhen-produkter\/#breadcrumb","itemListElement":[{"@type":"ListItem","position":1,"name":"Home","item":"https:\/\/plastomer.se\/no\/"},{"@type":"ListItem","position":2,"name":"Produkter","item":"https:\/\/plastomer.se\/no\/produkter\/"},{"@type":"ListItem","position":3,"name":"LOKHEN-produkter"}]},{"@type":"WebSite","@id":"https:\/\/plastomer.se\/no\/#website","url":"https:\/\/plastomer.se\/no\/","name":"Plastomer","description":"Lastbilstillbeh\u00f6r i V\u00e4rldsklass","publisher":{"@id":"https:\/\/plastomer.se\/no\/#organization"},"potentialAction":[{"@type":"SearchAction","target":{"@type":"EntryPoint","urlTemplate":"https:\/\/plastomer.se\/no\/?s={search_term_string}"},"query-input":{"@type":"PropertyValueSpecification","valueRequired":true,"valueName":"search_term_string"}}],"inLanguage":"nb-NO"},{"@type":"Organization","@id":"https:\/\/plastomer.se\/no\/#organization","name":"Plastomer","url":"https:\/\/plastomer.se\/no\/","logo":{"@type":"ImageObject","inLanguage":"nb-NO","@id":"https:\/\/plastomer.se\/no\/#\/schema\/logo\/image\/","url":"https:\/\/plastomer.se\/wp-content\/uploads\/2025\/04\/plastomer.png","contentUrl":"https:\/\/plastomer.se\/wp-content\/uploads\/2025\/04\/plastomer.png","width":1024,"height":1024,"caption":"Plastomer"},"image":{"@id":"https:\/\/plastomer.se\/no\/#\/schema\/logo\/image\/"}}]}},"_links":{"self":[{"href":"https:\/\/plastomer.se\/no\/wp-json\/wp\/v2\/pages\/3005","targetHints":{"allow":["GET"]}}],"collection":[{"href":"https:\/\/plastomer.se\/no\/wp-json\/wp\/v2\/pages"}],"about":[{"href":"https:\/\/plastomer.se\/no\/wp-json\/wp\/v2\/types\/page"}],"author":[{"embeddable":true,"href":"https:\/\/plastomer.se\/no\/wp-json\/wp\/v2\/users\/1"}],"replies":[{"embeddable":true,"href":"https:\/\/plastomer.se\/no\/wp-json\/wp\/v2\/comments?post=3005"}],"version-history":[{"count":8,"href":"https:\/\/plastomer.se\/no\/wp-json\/wp\/v2\/pages\/3005\/revisions"}],"predecessor-version":[{"id":4888,"href":"https:\/\/plastomer.se\/no\/wp-json\/wp\/v2\/pages\/3005\/revisions\/4888"}],"up":[{"embeddable":true,"href":"https:\/\/plastomer.se\/no\/wp-json\/wp\/v2\/pages\/2880"}],"wp:featuredmedia":[{"embeddable":true,"href":"https:\/\/plastomer.se\/no\/wp-json\/wp\/v2\/media\/724"}],"wp:attachment":[{"href":"https:\/\/plastomer.se\/no\/wp-json\/wp\/v2\/media?parent=3005"}],"curies":[{"name":"wp","href":"https:\/\/api.w.org\/{rel}","templated":true}]}}