{"id":2922,"date":"2022-04-12T08:49:24","date_gmt":"2022-04-12T06:49:24","guid":{"rendered":"https:\/\/plastomer.se\/om-plastomer\/"},"modified":"2025-02-04T16:27:37","modified_gmt":"2025-02-04T15:27:37","slug":"om-plastomer","status":"publish","type":"page","link":"https:\/\/plastomer.se\/no\/om-plastomer\/","title":{"rendered":"Om Plastomer"},"content":{"rendered":"\n<h1>\n\t\tOm Plastomer Norway AS\n\t<\/h1>\n\t<h2>Svenskt kvalitetsprodukt siden 1982<\/h2>\n<p>Vi kjenner oss stolte over og ha v\u00e6rt en ledende akt\u00f8r i over 40 \u00e5r. Gjennom \u00e5rene har vi gradvis utviklet oss rundt kjernevirksomheten. Medarbeidere sammen med mye erfaring, kunnskap og gode ideer er en viktig forutsetning for akkurat denne veksten. V\u00e5r ambisjon for fremtiden er \u00e5 fortsette \u00e5 v\u00e6re lydh\u00f8r og innovativ og sammen med deg som kunde finne og utvikle vellykkede l\u00f8sninger.<\/p>\n<p>V\u00e5r visjon er \u00e5 m\u00f8te oss selv p\u00e5 den andre siden av verden. For \u00e5 f\u00e5 til det har vi tatt realistiske grep og lyktes utrolig godt. Vi jobber kontinuerlig med utvikling internasjonalt, fremfor alt ved \u00e5 hele tiden fors\u00f8ke \u00e5 n\u00e5 kunder utenfor Sverige. Dette blir en realitet n\u00e5r vi har deltatt p\u00e5 internasjonale messer flere \u00e5r p\u00e5 rad og det har \u00e5pnet for internasjonalt samarbeid. Gjennom v\u00e5rt langsiktige arbeid med v\u00e5re kunder, blir det ogs\u00e5 et naturlig steg \u00e5 f\u00f8lge dem n\u00e5r de ekspanderer ut i verden. Dette gj\u00f8r at det stilles h\u00f8ye krav til oss som leverand\u00f8r og til \u00e5 hele tiden analysere forholdene i ulike markeder for deretter \u00e5 gj\u00f8re v\u00e5re produkter og tilbud s\u00e5 attraktive som mulig. Vi liker \u00e5 eksportere og har gjort det i 35 \u00e5r. V\u00e5r moderne produksjon og kompetente medarbeidere s\u00f8rger for at et eksportsamarbeid er mulig. Gjennom \u00e5rene har vi ogs\u00e5 jobbet mye for \u00e5 bli sett gjennom forhandlere og vi er stadig p\u00e5 jakt etter nye og kontinuerlige representasjoner i nye markeder.<\/p>\n<p>Alle disse delene har gjort at vi i dag jobber i v\u00e5r visjon og er i stadig utvikling.<\/p>\n<h3>Vi har v\u00e6rt i virksomhet i 40 \u00e5r<\/h3>\n<p>Les v\u00e5r jubileumsbrosjyre om virksomheten og dens utvikling siden oppstarten i 1982.<\/p>\n<ul>\n<li><a href=\"https:\/\/plastomer.se\/wp-content\/uploads\/2023\/11\/PlastoMer-Jubileumsbroschyr_SE_EN-1.pdf\">Jubileumsbrosjyre SE\/ENG<\/a><\/li>\n<li><a href=\"https:\/\/plastomer.se\/wp-content\/uploads\/2023\/11\/PlastoMer-Jubileumsbroschyr_NO_EN-1.pdf\">Jubileumsbrosjyre NO\/ENG<\/a><\/li>\n<\/ul>\n<h3>Policys<\/h3>\n<p>PlastoMer Sweden AB er sertifisert i henhold til kvalitetsstyringssystemet ISO 9001 og milj\u00f8styringssystemet ISO 14001.<\/p>\n<ul>\n<li><a href=\"https:\/\/plastomer.se\/wp-content\/uploads\/2022\/04\/Kvalitets-och-miljopolicy.pdf\" target=\"_blank\" rel=\"noopener\">Kvalitets- og milj\u00f8politikk<\/a><\/li>\n<li><a href=\"https:\/\/plastomer.se\/wp-content\/uploads\/2023\/09\/Certificate-PlastoMer-ISO9001-ISO14001-eng-exp-2026-10-31.pdf\" target=\"_blank\" rel=\"noopener\">ISO 9001:2015 och ISO 14001:2015<\/a><\/li>\n<li><a href=\"https:\/\/plastomer.se\/wp-content\/uploads\/2023\/11\/EC-type-approval-e5_2021_535_VIII_2021_535_00005_00.pdf\" target=\"_blank\" rel=\"noopener\">EF-typegodkjenningssertifikat<\/a><\/li>\n<li><a href=\"https:\/\/plastomer.se\/wp-content\/uploads\/2025\/02\/GB-Type-approval-2025-01-06.pdf\">GB-typegodkjenningssertifikat<\/a><\/li>\n<li><a href=\"https:\/\/plastomer.se\/wp-content\/uploads\/2022\/04\/Integritetspolicy.pdf\" target=\"_blank\" rel=\"noopener\">Integritetspolicy<\/a><\/li>\n<li><a href=\"https:\/\/plastomer.se\/wp-content\/uploads\/2022\/04\/Cookiepolicy.pdf\" target=\"_blank\" rel=\"noopener\">Cookiepolicy<\/a><\/li>\n<\/ul>\n\t<h2>FIRMAINFORMASJON<\/h2>\n<ul>\n<li><strong>Postadresse:<\/strong> PlastoMer Norway AS, c\/o PlastoMer Sweden AB, Box 501, SE 593 25 V\u00e4stervik, Sverige<\/li>\n<li><strong>Bes\u00f8ksadresse:<\/strong> PlastoMer Norway AS, Verkstedveien 52, NO 3516 H\u00d8NEFOSS<\/li>\n<li><strong>Telefon:<\/strong> +47 90771984<\/li>\n<li><strong>E-mail:<\/strong> bjorn.nyhagen@plastomer.no<\/li>\n<li><strong>Org.nr:<\/strong> 921 766 742<\/li>\n<li><strong>VAT nr:<\/strong> NO 921 766 742 MVA<\/li>\n<\/ul>\n\n","protected":false},"excerpt":{"rendered":"<p>Om Plastomer Norway AS Svenskt kvalitetsprodukt siden 1982 Vi kjenner oss stolte over og ha v\u00e6rt en ledende akt\u00f8r i over 40 \u00e5r. Gjennom \u00e5rene har vi gradvis utviklet oss rundt kjernevirksomheten. Medarbeidere sammen med mye erfaring, kunnskap og gode ideer er en viktig forutsetning for akkurat denne veksten. V\u00e5r ambisjon for fremtiden er \u00e5 [&hellip;]<\/p>\n","protected":false},"author":1,"featured_media":693,"parent":0,"menu_order":0,"comment_status":"closed","ping_status":"closed","template":"page-templates\/template-pagebuilder.php","meta":{"_acf_changed":false,"_genesis_hide_title":false,"_genesis_hide_breadcrumbs":false,"_genesis_hide_singular_image":false,"_genesis_hide_footer_widgets":false,"_genesis_custom_body_class":"","_genesis_custom_post_class":"","_genesis_layout":"","footnotes":""},"class_list":{"0":"post-2922","1":"page","2":"type-page","3":"status-publish","4":"has-post-thumbnail","6":"entry"},"acf":[],"yoast_head":"<!-- This site is optimized with the Yoast SEO plugin v27.3 - https:\/\/yoast.com\/product\/yoast-seo-wordpress\/ -->\n<title>Om Plastomer - Plastomer<\/title>\n<meta name=\"robots\" content=\"index, follow, max-snippet:-1, max-image-preview:large, max-video-preview:-1\" \/>\n<link rel=\"canonical\" href=\"https:\/\/plastomer.se\/no\/om-plastomer\/\" \/>\n<meta property=\"og:locale\" content=\"nb_NO\" \/>\n<meta property=\"og:type\" content=\"article\" \/>\n<meta property=\"og:title\" content=\"Om Plastomer - Plastomer\" \/>\n<meta property=\"og:description\" content=\"Om Plastomer Norway AS Svenskt kvalitetsprodukt siden 1982 Vi kjenner oss stolte over og ha v\u00e6rt en ledende akt\u00f8r i over 40 \u00e5r. Gjennom \u00e5rene har vi gradvis utviklet oss rundt kjernevirksomheten. Medarbeidere sammen med mye erfaring, kunnskap og gode ideer er en viktig forutsetning for akkurat denne veksten. V\u00e5r ambisjon for fremtiden er \u00e5 [&hellip;]\" \/>\n<meta property=\"og:url\" content=\"https:\/\/plastomer.se\/no\/om-plastomer\/\" \/>\n<meta property=\"og:site_name\" content=\"Plastomer\" \/>\n<meta property=\"article:modified_time\" content=\"2025-02-04T15:27:37+00:00\" \/>\n<meta property=\"og:image\" content=\"https:\/\/plastomer.se\/wp-content\/uploads\/2022\/04\/truck_side-o.jpg\" \/>\n\t<meta property=\"og:image:width\" content=\"2300\" \/>\n\t<meta property=\"og:image:height\" content=\"2300\" \/>\n\t<meta property=\"og:image:type\" content=\"image\/jpeg\" \/>\n<meta name=\"twitter:card\" content=\"summary_large_image\" \/>\n<meta name=\"twitter:label1\" content=\"Ansl. lesetid\" \/>\n\t<meta name=\"twitter:data1\" content=\"2 minutter\" \/>\n<script type=\"application\/ld+json\" class=\"yoast-schema-graph\">{\"@context\":\"https:\\\/\\\/schema.org\",\"@graph\":[{\"@type\":\"WebPage\",\"@id\":\"https:\\\/\\\/plastomer.se\\\/no\\\/om-plastomer\\\/\",\"url\":\"https:\\\/\\\/plastomer.se\\\/no\\\/om-plastomer\\\/\",\"name\":\"Om Plastomer - Plastomer\",\"isPartOf\":{\"@id\":\"https:\\\/\\\/plastomer.se\\\/no\\\/#website\"},\"primaryImageOfPage\":{\"@id\":\"https:\\\/\\\/plastomer.se\\\/no\\\/om-plastomer\\\/#primaryimage\"},\"image\":{\"@id\":\"https:\\\/\\\/plastomer.se\\\/no\\\/om-plastomer\\\/#primaryimage\"},\"thumbnailUrl\":\"https:\\\/\\\/plastomer.se\\\/wp-content\\\/uploads\\\/2022\\\/04\\\/truck_side-o.jpg\",\"datePublished\":\"2022-04-12T06:49:24+00:00\",\"dateModified\":\"2025-02-04T15:27:37+00:00\",\"breadcrumb\":{\"@id\":\"https:\\\/\\\/plastomer.se\\\/no\\\/om-plastomer\\\/#breadcrumb\"},\"inLanguage\":\"nb-NO\",\"potentialAction\":[{\"@type\":\"ReadAction\",\"target\":[\"https:\\\/\\\/plastomer.se\\\/no\\\/om-plastomer\\\/\"]}]},{\"@type\":\"ImageObject\",\"inLanguage\":\"nb-NO\",\"@id\":\"https:\\\/\\\/plastomer.se\\\/no\\\/om-plastomer\\\/#primaryimage\",\"url\":\"https:\\\/\\\/plastomer.se\\\/wp-content\\\/uploads\\\/2022\\\/04\\\/truck_side-o.jpg\",\"contentUrl\":\"https:\\\/\\\/plastomer.se\\\/wp-content\\\/uploads\\\/2022\\\/04\\\/truck_side-o.jpg\",\"width\":2300,\"height\":2300,\"caption\":\"PlastoMer tillbeh\u00f6r till lastbilar\"},{\"@type\":\"BreadcrumbList\",\"@id\":\"https:\\\/\\\/plastomer.se\\\/no\\\/om-plastomer\\\/#breadcrumb\",\"itemListElement\":[{\"@type\":\"ListItem\",\"position\":1,\"name\":\"Home\",\"item\":\"https:\\\/\\\/plastomer.se\\\/no\\\/\"},{\"@type\":\"ListItem\",\"position\":2,\"name\":\"Om Plastomer\"}]},{\"@type\":\"WebSite\",\"@id\":\"https:\\\/\\\/plastomer.se\\\/no\\\/#website\",\"url\":\"https:\\\/\\\/plastomer.se\\\/no\\\/\",\"name\":\"Plastomer\",\"description\":\"Lastbilstillbeh\u00f6r i V\u00e4rldsklass\",\"publisher\":{\"@id\":\"https:\\\/\\\/plastomer.se\\\/no\\\/#organization\"},\"potentialAction\":[{\"@type\":\"SearchAction\",\"target\":{\"@type\":\"EntryPoint\",\"urlTemplate\":\"https:\\\/\\\/plastomer.se\\\/no\\\/?s={search_term_string}\"},\"query-input\":{\"@type\":\"PropertyValueSpecification\",\"valueRequired\":true,\"valueName\":\"search_term_string\"}}],\"inLanguage\":\"nb-NO\"},{\"@type\":\"Organization\",\"@id\":\"https:\\\/\\\/plastomer.se\\\/no\\\/#organization\",\"name\":\"Plastomer\",\"url\":\"https:\\\/\\\/plastomer.se\\\/no\\\/\",\"logo\":{\"@type\":\"ImageObject\",\"inLanguage\":\"nb-NO\",\"@id\":\"https:\\\/\\\/plastomer.se\\\/no\\\/#\\\/schema\\\/logo\\\/image\\\/\",\"url\":\"https:\\\/\\\/plastomer.se\\\/wp-content\\\/uploads\\\/2025\\\/04\\\/plastomer.png\",\"contentUrl\":\"https:\\\/\\\/plastomer.se\\\/wp-content\\\/uploads\\\/2025\\\/04\\\/plastomer.png\",\"width\":1024,\"height\":1024,\"caption\":\"Plastomer\"},\"image\":{\"@id\":\"https:\\\/\\\/plastomer.se\\\/no\\\/#\\\/schema\\\/logo\\\/image\\\/\"}}]}<\/script>\n<!-- \/ Yoast SEO plugin. -->","yoast_head_json":{"title":"Om Plastomer - Plastomer","robots":{"index":"index","follow":"follow","max-snippet":"max-snippet:-1","max-image-preview":"max-image-preview:large","max-video-preview":"max-video-preview:-1"},"canonical":"https:\/\/plastomer.se\/no\/om-plastomer\/","og_locale":"nb_NO","og_type":"article","og_title":"Om Plastomer - Plastomer","og_description":"Om Plastomer Norway AS Svenskt kvalitetsprodukt siden 1982 Vi kjenner oss stolte over og ha v\u00e6rt en ledende akt\u00f8r i over 40 \u00e5r. Gjennom \u00e5rene har vi gradvis utviklet oss rundt kjernevirksomheten. Medarbeidere sammen med mye erfaring, kunnskap og gode ideer er en viktig forutsetning for akkurat denne veksten. V\u00e5r ambisjon for fremtiden er \u00e5 [&hellip;]","og_url":"https:\/\/plastomer.se\/no\/om-plastomer\/","og_site_name":"Plastomer","article_modified_time":"2025-02-04T15:27:37+00:00","og_image":[{"width":2300,"height":2300,"url":"https:\/\/plastomer.se\/wp-content\/uploads\/2022\/04\/truck_side-o.jpg","type":"image\/jpeg"}],"twitter_card":"summary_large_image","twitter_misc":{"Ansl. lesetid":"2 minutter"},"schema":{"@context":"https:\/\/schema.org","@graph":[{"@type":"WebPage","@id":"https:\/\/plastomer.se\/no\/om-plastomer\/","url":"https:\/\/plastomer.se\/no\/om-plastomer\/","name":"Om Plastomer - Plastomer","isPartOf":{"@id":"https:\/\/plastomer.se\/no\/#website"},"primaryImageOfPage":{"@id":"https:\/\/plastomer.se\/no\/om-plastomer\/#primaryimage"},"image":{"@id":"https:\/\/plastomer.se\/no\/om-plastomer\/#primaryimage"},"thumbnailUrl":"https:\/\/plastomer.se\/wp-content\/uploads\/2022\/04\/truck_side-o.jpg","datePublished":"2022-04-12T06:49:24+00:00","dateModified":"2025-02-04T15:27:37+00:00","breadcrumb":{"@id":"https:\/\/plastomer.se\/no\/om-plastomer\/#breadcrumb"},"inLanguage":"nb-NO","potentialAction":[{"@type":"ReadAction","target":["https:\/\/plastomer.se\/no\/om-plastomer\/"]}]},{"@type":"ImageObject","inLanguage":"nb-NO","@id":"https:\/\/plastomer.se\/no\/om-plastomer\/#primaryimage","url":"https:\/\/plastomer.se\/wp-content\/uploads\/2022\/04\/truck_side-o.jpg","contentUrl":"https:\/\/plastomer.se\/wp-content\/uploads\/2022\/04\/truck_side-o.jpg","width":2300,"height":2300,"caption":"PlastoMer tillbeh\u00f6r till lastbilar"},{"@type":"BreadcrumbList","@id":"https:\/\/plastomer.se\/no\/om-plastomer\/#breadcrumb","itemListElement":[{"@type":"ListItem","position":1,"name":"Home","item":"https:\/\/plastomer.se\/no\/"},{"@type":"ListItem","position":2,"name":"Om Plastomer"}]},{"@type":"WebSite","@id":"https:\/\/plastomer.se\/no\/#website","url":"https:\/\/plastomer.se\/no\/","name":"Plastomer","description":"Lastbilstillbeh\u00f6r i V\u00e4rldsklass","publisher":{"@id":"https:\/\/plastomer.se\/no\/#organization"},"potentialAction":[{"@type":"SearchAction","target":{"@type":"EntryPoint","urlTemplate":"https:\/\/plastomer.se\/no\/?s={search_term_string}"},"query-input":{"@type":"PropertyValueSpecification","valueRequired":true,"valueName":"search_term_string"}}],"inLanguage":"nb-NO"},{"@type":"Organization","@id":"https:\/\/plastomer.se\/no\/#organization","name":"Plastomer","url":"https:\/\/plastomer.se\/no\/","logo":{"@type":"ImageObject","inLanguage":"nb-NO","@id":"https:\/\/plastomer.se\/no\/#\/schema\/logo\/image\/","url":"https:\/\/plastomer.se\/wp-content\/uploads\/2025\/04\/plastomer.png","contentUrl":"https:\/\/plastomer.se\/wp-content\/uploads\/2025\/04\/plastomer.png","width":1024,"height":1024,"caption":"Plastomer"},"image":{"@id":"https:\/\/plastomer.se\/no\/#\/schema\/logo\/image\/"}}]}},"_links":{"self":[{"href":"https:\/\/plastomer.se\/no\/wp-json\/wp\/v2\/pages\/2922","targetHints":{"allow":["GET"]}}],"collection":[{"href":"https:\/\/plastomer.se\/no\/wp-json\/wp\/v2\/pages"}],"about":[{"href":"https:\/\/plastomer.se\/no\/wp-json\/wp\/v2\/types\/page"}],"author":[{"embeddable":true,"href":"https:\/\/plastomer.se\/no\/wp-json\/wp\/v2\/users\/1"}],"replies":[{"embeddable":true,"href":"https:\/\/plastomer.se\/no\/wp-json\/wp\/v2\/comments?post=2922"}],"version-history":[{"count":12,"href":"https:\/\/plastomer.se\/no\/wp-json\/wp\/v2\/pages\/2922\/revisions"}],"predecessor-version":[{"id":4646,"href":"https:\/\/plastomer.se\/no\/wp-json\/wp\/v2\/pages\/2922\/revisions\/4646"}],"wp:featuredmedia":[{"embeddable":true,"href":"https:\/\/plastomer.se\/no\/wp-json\/wp\/v2\/media\/693"}],"wp:attachment":[{"href":"https:\/\/plastomer.se\/no\/wp-json\/wp\/v2\/media?parent=2922"}],"curies":[{"name":"wp","href":"https:\/\/api.w.org\/{rel}","templated":true}]}}