{"id":2921,"date":"2022-04-12T08:48:59","date_gmt":"2022-04-12T06:48:59","guid":{"rendered":"https:\/\/plastomer.se\/kontakt\/"},"modified":"2025-12-11T09:53:46","modified_gmt":"2025-12-11T08:53:46","slug":"kontakt","status":"publish","type":"page","link":"https:\/\/plastomer.se\/no\/kontakt\/","title":{"rendered":"Kontakt"},"content":{"rendered":"\n<h2>\n\t\tKontaktpersoner\n\t<\/h2>\n<ul>      <li>\n         <img decoding=\"async\" src=\"https:\/\/plastomer.se\/wp-content\/uploads\/2022\/04\/Bjo\u0308rn-Nyhagen-207A3964-1.jpg\"\/>\n            <h3>Bj\u00f6rn Nyhagen<\/h3>\n            Salg Norge\n            <a href=\"mailto:bjorn.nyhagen@plastomer.no\">bjorn.nyhagen@plastomer.no<\/a>\n                           <a href=\"tel:+47 90771984\">+47 90771984<\/a>\n                        \n      <\/li>\n            <li>\n         <img decoding=\"async\" src=\"https:\/\/plastomer.se\/wp-content\/uploads\/2022\/04\/Johan-Nyhlen-207A3956.jpg\"\/>\n            <h3>Johan Nyhl\u00e9n<\/h3>\n            Salgssjef\n            <a href=\"mailto:johan.nyhlen@plastomer.se\">johan.nyhlen@plastomer.se<\/a>\n                           <a href=\"tel:+46 49082281\">+46 49082281<\/a>\n                        \n      <\/li>\n            <li>\n         <img decoding=\"async\" src=\"https:\/\/plastomer.se\/wp-content\/uploads\/2022\/04\/Nicklas-Solenback-207A3926.jpg\"\/>\n            <h3>Nicklas Solenback<\/h3>\n            Salg Biltilbeh\u00f8r \/ Lastebiltilbeh\u00f8r \/ Lasteramper\n            <a href=\"mailto:nicklas.solenback@plastomer.se\">nicklas.solenback@plastomer.se<\/a>\n                           <a href=\"tel:+46 49082282\">+46 49082282<\/a>\n                        \n      <\/li>\n            <li>\n         <img decoding=\"async\" src=\"https:\/\/plastomer.se\/wp-content\/uploads\/2022\/09\/Erik-Persson-207A3968.jpg\"\/>\n            <h3>Markus Pettersson<\/h3>\n            Salg Truck tilbeh\u00f8r \/ Lasteramper\n            <a href=\"mailto:markus.pettersson@plastomer.se\">markus.pettersson@plastomer.se<\/a>\n                           <a href=\"tel:+46 49082286\">+46 49082286<\/a>\n                        \n      <\/li>\n            <li>\n         <img decoding=\"async\" src=\"https:\/\/plastomer.se\/wp-content\/uploads\/2022\/04\/Marie-Lind-207A3932.jpg\"\/>\n            <h3>Marie Lind<\/h3>\n            Salgs st\u00f8tte\n            <a href=\"mailto:marie.lind@plastomer.se\">marie.lind@plastomer.se<\/a>\n                           <a href=\"tel:+46 49082280\">+46 49082280<\/a>\n                        \n      <\/li>\n            <li>\n         <img decoding=\"async\" src=\"https:\/\/plastomer.se\/wp-content\/uploads\/2022\/04\/Mattias-Eriksson-207A3951.jpg\"\/>\n            <h3>Mattias Eriksson<\/h3>\n            Produksjon\n            <a href=\"mailto:mattias.eriksson@plastomer.se\">mattias.eriksson@plastomer.se<\/a>\n                           <a href=\"tel:+46 49082287\">+46 49082287<\/a>\n                        \n      <\/li>\n            <li>\n         <img decoding=\"async\" src=\"https:\/\/plastomer.se\/wp-content\/uploads\/2022\/11\/Anonym-Ekonomi.jpg\"\/>\n            <h3>PlastoMer Ekonomi<\/h3>\n            Ekonomi\n            <a href=\"mailto:ekonomi@plastomer.se\">ekonomi@plastomer.se<\/a>\n                           <a href=\"tel:+46 49082284\">+46 49082284<\/a>\n                        \n      <\/li>\n            <li>\n         <img decoding=\"async\" src=\"https:\/\/plastomer.se\/wp-content\/uploads\/2022\/04\/Cathrine-Ba\u0308ck-207A3931.jpg\"\/>\n            <h3>Cathrine B\u00e4ck<\/h3>\n            Administrerende direkt\u00f8r, annet salg, stab\n            <a href=\"mailto:cathrine.back@plastomer.se\">cathrine.back@plastomer.se<\/a>\n                           <a href=\"tel:+46 49082285\">+46 49082285<\/a>\n                        \n      <\/li>\n      <\/ul>\n\t<h2>Kontakt skjema<\/h2>\n<p>Ikke n\u00f8l med \u00e5 ta kontakt med oss! Vi vil kontakte deg s\u00e5 snart som mulig.<\/p>\n\n<div class=\"wpcf7 no-js\" id=\"wpcf7-f5-o1\" lang=\"sv-SE\" dir=\"ltr\" data-wpcf7-id=\"5\">\n<div class=\"screen-reader-response\"><p role=\"status\" aria-live=\"polite\" aria-atomic=\"true\"><\/p> <ul><\/ul><\/div>\n<form action=\"\/no\/wp-json\/wp\/v2\/pages\/2921#wpcf7-f5-o1\" method=\"post\" class=\"wpcf7-form init\" aria-label=\"Kontaktformul\u00e4r\" novalidate=\"novalidate\" data-status=\"init\">\n<fieldset class=\"hidden-fields-container\"><input type=\"hidden\" name=\"_wpcf7\" value=\"5\" \/><input type=\"hidden\" name=\"_wpcf7_version\" value=\"6.1.5\" \/><input type=\"hidden\" name=\"_wpcf7_locale\" value=\"sv_SE\" \/><input type=\"hidden\" name=\"_wpcf7_unit_tag\" value=\"wpcf7-f5-o1\" \/><input type=\"hidden\" name=\"_wpcf7_container_post\" value=\"0\" \/><input type=\"hidden\" name=\"_wpcf7_posted_data_hash\" value=\"\" \/>\n<\/fieldset>\n<p><label> Ditt namn *<br \/>\n<span class=\"wpcf7-form-control-wrap\" data-name=\"your-name\"><input size=\"40\" maxlength=\"400\" class=\"wpcf7-form-control wpcf7-text wpcf7-validates-as-required\" aria-required=\"true\" aria-invalid=\"false\" value=\"\" type=\"text\" name=\"your-name\" \/><\/span> <\/label>\n<\/p>\n<p><label> Din Epost *<br \/>\n<span class=\"wpcf7-form-control-wrap\" data-name=\"your-email\"><input size=\"40\" maxlength=\"400\" class=\"wpcf7-form-control wpcf7-email wpcf7-validates-as-required wpcf7-text wpcf7-validates-as-email\" aria-required=\"true\" aria-invalid=\"false\" value=\"\" type=\"email\" name=\"your-email\" \/><\/span> <\/label>\n<\/p>\n<p><label> \u00c4mne *<br \/>\n<span class=\"wpcf7-form-control-wrap\" data-name=\"your-subject\"><select class=\"wpcf7-form-control wpcf7-select wpcf7-validates-as-required\" aria-required=\"true\" aria-invalid=\"false\" name=\"your-subject\"><option value=\"St\u00e4nkskydd\">St\u00e4nkskydd<\/option><option value=\"Bilmattor\">Bilmattor<\/option><option value=\"Offertf\u00f6rfr\u00e5gan\">Offertf\u00f6rfr\u00e5gan<\/option><option value=\"\u00d6vrigt\">\u00d6vrigt<\/option><\/select><\/span> <\/label>\n<\/p>\n<p><label> Ditt meddelande<br \/>\n<span class=\"wpcf7-form-control-wrap\" data-name=\"your-message\"><textarea cols=\"40\" rows=\"10\" maxlength=\"2000\" class=\"wpcf7-form-control wpcf7-textarea\" aria-invalid=\"false\" name=\"your-message\"><\/textarea><\/span> <\/label>\n<\/p>\n<p><span class=\"wpcf7-form-control-wrap\" data-name=\"acceptance-450\"><span class=\"wpcf7-form-control wpcf7-acceptance\"><span class=\"wpcf7-list-item\"><label><input type=\"checkbox\" name=\"acceptance-450\" value=\"1\" aria-invalid=\"false\" \/><span class=\"wpcf7-list-item-label\">Jag samtycker till att ni behandlar mina personuppgifter, f\u00f6r mer information se v\u00e5r <a href=\"https:\/\/plastomer.se\/wp-content\/uploads\/2022\/04\/Integritetspolicy.pdf\">integritetspolicy<\/a>.<\/span><\/label><\/span><\/span><\/span>\n<\/p>\n<p><span class=\"wpcf7-form-control-wrap\" data-name=\"quiz-584\"><label><span class=\"wpcf7-quiz-label\">\u00c4r du en robot? Hur m\u00e5nga bokst\u00e4ver finns det i namnet: PlastoMer (9)?<\/span> <input size=\"40\" class=\"wpcf7-form-control wpcf7-quiz\" autocomplete=\"off\" aria-required=\"true\" aria-invalid=\"false\" type=\"text\" name=\"quiz-584\" \/><\/label><input type=\"hidden\" name=\"_wpcf7_quiz_answer_quiz-584\" value=\"8e20e755163f9746da7b18e583881e5b\" \/><\/span>\n<\/p>\n<p><input class=\"wpcf7-form-control wpcf7-submit has-spinner\" type=\"submit\" value=\"Skicka\" \/>\n<\/p><input type='hidden' class='wpcf7-pum' value='{\"closepopup\":false,\"closedelay\":0,\"openpopup\":false,\"openpopup_id\":0}' \/><div class=\"wpcf7-response-output\" aria-hidden=\"true\"><\/div>\n<\/form>\n<\/div>\n\n\t<p><strong>GENERELLE SP\u00d8RSM\u00c5L:<\/strong> <a href=\"mailto:bjorn.nyhagen@plastomer.no\">bjorn.nyhagen@plastomer.no<\/a><\/p>\n<p><strong>LEVERAND\u00d8RFAKTURA:<\/strong> <a href=\"mailto:info@plastomer.se\">info@plastomer.se<\/a><\/p>\n<p><strong>FINANSIELLE SP\u00d8RSM\u00c5L:<\/strong> <a href=\"mailto:ekonomi@plastomer.se\">ekonomi@plastomer.se<\/a><\/p>\n<p><strong>MILJ\u00d8SP\u00d8RSM\u00c5L:<\/strong> <a href=\"mailto:bjorn.nyhagen@plastomer.no\">bjorn.nyhagen@plastomer.no<\/a><\/p>\n<p><strong>ORDER:<\/strong> <a href=\"mailto:bjorn.nyhagen@plastomer.no\">bjorn.nyhagen@plastomer.no<\/a><\/p>\n<h2>\n\t\tVeibeskrivelse\n\t<\/h2>\n\t<iframe src=\"https:\/\/www.google.com\/maps\/embed\/v1\/place?q=Verkstedveien+52%2C+NO+3516+H%C3%98NEFOSS%2C+Norge&#038;key=AIzaSyD09zQ9PNDNNy9TadMuzRV_UsPUoWKntt8\" aria-hidden=\"true\"><\/iframe>\n\n","protected":false},"excerpt":{"rendered":"<p>Kontaktpersoner Bj\u00f6rn Nyhagen Salg Norge bjorn.nyhagen@plastomer.no +47 90771984 Johan Nyhl\u00e9n Salgssjef johan.nyhlen@plastomer.se +46 49082281 Nicklas Solenback Salg Biltilbeh\u00f8r \/ Lastebiltilbeh\u00f8r \/ Lasteramper nicklas.solenback@plastomer.se +46 49082282 Markus Pettersson Salg Truck tilbeh\u00f8r \/ Lasteramper markus.pettersson@plastomer.se +46 49082286 Marie Lind Salgs st\u00f8tte marie.lind@plastomer.se +46 49082280 Mattias Eriksson Produksjon mattias.eriksson@plastomer.se +46 49082287 PlastoMer Ekonomi Ekonomi ekonomi@plastomer.se +46 49082284 Cathrine [&hellip;]<\/p>\n","protected":false},"author":1,"featured_media":693,"parent":0,"menu_order":0,"comment_status":"closed","ping_status":"closed","template":"page-templates\/template-pagebuilder.php","meta":{"_acf_changed":false,"_genesis_hide_title":false,"_genesis_hide_breadcrumbs":false,"_genesis_hide_singular_image":false,"_genesis_hide_footer_widgets":false,"_genesis_custom_body_class":"","_genesis_custom_post_class":"","_genesis_layout":"","footnotes":""},"class_list":{"0":"post-2921","1":"page","2":"type-page","3":"status-publish","4":"has-post-thumbnail","6":"entry"},"acf":[],"yoast_head":"<!-- This site is optimized with the Yoast SEO plugin v27.4 - https:\/\/yoast.com\/product\/yoast-seo-wordpress\/ -->\n<title>Kontakt - Plastomer<\/title>\n<meta name=\"description\" content=\"Ikke n\u00f8l med \u00e5 ta kontakt med en av oss i PlastoMer! Vi kontakter deg s\u00e5 snart som mulig for \u00e5 hjelpe deg med foresp\u00f8rselen din.\" \/>\n<meta name=\"robots\" content=\"index, follow, max-snippet:-1, max-image-preview:large, max-video-preview:-1\" \/>\n<link rel=\"canonical\" href=\"https:\/\/plastomer.se\/no\/kontakt\/\" \/>\n<meta property=\"og:locale\" content=\"nb_NO\" \/>\n<meta property=\"og:type\" content=\"article\" \/>\n<meta property=\"og:title\" content=\"Kontakt - Plastomer\" \/>\n<meta property=\"og:description\" content=\"Ikke n\u00f8l med \u00e5 ta kontakt med en av oss i PlastoMer! Vi kontakter deg s\u00e5 snart som mulig for \u00e5 hjelpe deg med foresp\u00f8rselen din.\" \/>\n<meta property=\"og:url\" content=\"https:\/\/plastomer.se\/no\/kontakt\/\" \/>\n<meta property=\"og:site_name\" content=\"Plastomer\" \/>\n<meta property=\"article:modified_time\" content=\"2025-12-11T08:53:46+00:00\" \/>\n<meta property=\"og:image\" content=\"https:\/\/plastomer.se\/wp-content\/uploads\/2022\/04\/truck_side-o.jpg\" \/>\n\t<meta property=\"og:image:width\" content=\"2300\" \/>\n\t<meta property=\"og:image:height\" content=\"2300\" \/>\n\t<meta property=\"og:image:type\" content=\"image\/jpeg\" \/>\n<meta name=\"twitter:card\" content=\"summary_large_image\" \/>\n<meta name=\"twitter:label1\" content=\"Ansl. lesetid\" \/>\n\t<meta name=\"twitter:data1\" content=\"3 minutter\" \/>\n<script type=\"application\/ld+json\" class=\"yoast-schema-graph\">{\"@context\":\"https:\\\/\\\/schema.org\",\"@graph\":[{\"@type\":\"WebPage\",\"@id\":\"https:\\\/\\\/plastomer.se\\\/no\\\/kontakt\\\/\",\"url\":\"https:\\\/\\\/plastomer.se\\\/no\\\/kontakt\\\/\",\"name\":\"Kontakt - Plastomer\",\"isPartOf\":{\"@id\":\"https:\\\/\\\/plastomer.se\\\/no\\\/#website\"},\"primaryImageOfPage\":{\"@id\":\"https:\\\/\\\/plastomer.se\\\/no\\\/kontakt\\\/#primaryimage\"},\"image\":{\"@id\":\"https:\\\/\\\/plastomer.se\\\/no\\\/kontakt\\\/#primaryimage\"},\"thumbnailUrl\":\"https:\\\/\\\/plastomer.se\\\/wp-content\\\/uploads\\\/2022\\\/04\\\/truck_side-o.jpg\",\"datePublished\":\"2022-04-12T06:48:59+00:00\",\"dateModified\":\"2025-12-11T08:53:46+00:00\",\"description\":\"Ikke n\u00f8l med \u00e5 ta kontakt med en av oss i PlastoMer! Vi kontakter deg s\u00e5 snart som mulig for \u00e5 hjelpe deg med foresp\u00f8rselen din.\",\"breadcrumb\":{\"@id\":\"https:\\\/\\\/plastomer.se\\\/no\\\/kontakt\\\/#breadcrumb\"},\"inLanguage\":\"nb-NO\",\"potentialAction\":[{\"@type\":\"ReadAction\",\"target\":[\"https:\\\/\\\/plastomer.se\\\/no\\\/kontakt\\\/\"]}]},{\"@type\":\"ImageObject\",\"inLanguage\":\"nb-NO\",\"@id\":\"https:\\\/\\\/plastomer.se\\\/no\\\/kontakt\\\/#primaryimage\",\"url\":\"https:\\\/\\\/plastomer.se\\\/wp-content\\\/uploads\\\/2022\\\/04\\\/truck_side-o.jpg\",\"contentUrl\":\"https:\\\/\\\/plastomer.se\\\/wp-content\\\/uploads\\\/2022\\\/04\\\/truck_side-o.jpg\",\"width\":2300,\"height\":2300,\"caption\":\"PlastoMer tillbeh\u00f6r till lastbilar\"},{\"@type\":\"BreadcrumbList\",\"@id\":\"https:\\\/\\\/plastomer.se\\\/no\\\/kontakt\\\/#breadcrumb\",\"itemListElement\":[{\"@type\":\"ListItem\",\"position\":1,\"name\":\"Home\",\"item\":\"https:\\\/\\\/plastomer.se\\\/no\\\/\"},{\"@type\":\"ListItem\",\"position\":2,\"name\":\"Kontakt\"}]},{\"@type\":\"WebSite\",\"@id\":\"https:\\\/\\\/plastomer.se\\\/no\\\/#website\",\"url\":\"https:\\\/\\\/plastomer.se\\\/no\\\/\",\"name\":\"Plastomer\",\"description\":\"Lastbilstillbeh\u00f6r i V\u00e4rldsklass\",\"publisher\":{\"@id\":\"https:\\\/\\\/plastomer.se\\\/no\\\/#organization\"},\"potentialAction\":[{\"@type\":\"SearchAction\",\"target\":{\"@type\":\"EntryPoint\",\"urlTemplate\":\"https:\\\/\\\/plastomer.se\\\/no\\\/?s={search_term_string}\"},\"query-input\":{\"@type\":\"PropertyValueSpecification\",\"valueRequired\":true,\"valueName\":\"search_term_string\"}}],\"inLanguage\":\"nb-NO\"},{\"@type\":\"Organization\",\"@id\":\"https:\\\/\\\/plastomer.se\\\/no\\\/#organization\",\"name\":\"Plastomer\",\"url\":\"https:\\\/\\\/plastomer.se\\\/no\\\/\",\"logo\":{\"@type\":\"ImageObject\",\"inLanguage\":\"nb-NO\",\"@id\":\"https:\\\/\\\/plastomer.se\\\/no\\\/#\\\/schema\\\/logo\\\/image\\\/\",\"url\":\"https:\\\/\\\/plastomer.se\\\/wp-content\\\/uploads\\\/2025\\\/04\\\/plastomer.png\",\"contentUrl\":\"https:\\\/\\\/plastomer.se\\\/wp-content\\\/uploads\\\/2025\\\/04\\\/plastomer.png\",\"width\":1024,\"height\":1024,\"caption\":\"Plastomer\"},\"image\":{\"@id\":\"https:\\\/\\\/plastomer.se\\\/no\\\/#\\\/schema\\\/logo\\\/image\\\/\"}}]}<\/script>\n<!-- \/ Yoast SEO plugin. -->","yoast_head_json":{"title":"Kontakt - Plastomer","description":"Ikke n\u00f8l med \u00e5 ta kontakt med en av oss i PlastoMer! Vi kontakter deg s\u00e5 snart som mulig for \u00e5 hjelpe deg med foresp\u00f8rselen din.","robots":{"index":"index","follow":"follow","max-snippet":"max-snippet:-1","max-image-preview":"max-image-preview:large","max-video-preview":"max-video-preview:-1"},"canonical":"https:\/\/plastomer.se\/no\/kontakt\/","og_locale":"nb_NO","og_type":"article","og_title":"Kontakt - Plastomer","og_description":"Ikke n\u00f8l med \u00e5 ta kontakt med en av oss i PlastoMer! Vi kontakter deg s\u00e5 snart som mulig for \u00e5 hjelpe deg med foresp\u00f8rselen din.","og_url":"https:\/\/plastomer.se\/no\/kontakt\/","og_site_name":"Plastomer","article_modified_time":"2025-12-11T08:53:46+00:00","og_image":[{"width":2300,"height":2300,"url":"https:\/\/plastomer.se\/wp-content\/uploads\/2022\/04\/truck_side-o.jpg","type":"image\/jpeg"}],"twitter_card":"summary_large_image","twitter_misc":{"Ansl. lesetid":"3 minutter"},"schema":{"@context":"https:\/\/schema.org","@graph":[{"@type":"WebPage","@id":"https:\/\/plastomer.se\/no\/kontakt\/","url":"https:\/\/plastomer.se\/no\/kontakt\/","name":"Kontakt - Plastomer","isPartOf":{"@id":"https:\/\/plastomer.se\/no\/#website"},"primaryImageOfPage":{"@id":"https:\/\/plastomer.se\/no\/kontakt\/#primaryimage"},"image":{"@id":"https:\/\/plastomer.se\/no\/kontakt\/#primaryimage"},"thumbnailUrl":"https:\/\/plastomer.se\/wp-content\/uploads\/2022\/04\/truck_side-o.jpg","datePublished":"2022-04-12T06:48:59+00:00","dateModified":"2025-12-11T08:53:46+00:00","description":"Ikke n\u00f8l med \u00e5 ta kontakt med en av oss i PlastoMer! Vi kontakter deg s\u00e5 snart som mulig for \u00e5 hjelpe deg med foresp\u00f8rselen din.","breadcrumb":{"@id":"https:\/\/plastomer.se\/no\/kontakt\/#breadcrumb"},"inLanguage":"nb-NO","potentialAction":[{"@type":"ReadAction","target":["https:\/\/plastomer.se\/no\/kontakt\/"]}]},{"@type":"ImageObject","inLanguage":"nb-NO","@id":"https:\/\/plastomer.se\/no\/kontakt\/#primaryimage","url":"https:\/\/plastomer.se\/wp-content\/uploads\/2022\/04\/truck_side-o.jpg","contentUrl":"https:\/\/plastomer.se\/wp-content\/uploads\/2022\/04\/truck_side-o.jpg","width":2300,"height":2300,"caption":"PlastoMer tillbeh\u00f6r till lastbilar"},{"@type":"BreadcrumbList","@id":"https:\/\/plastomer.se\/no\/kontakt\/#breadcrumb","itemListElement":[{"@type":"ListItem","position":1,"name":"Home","item":"https:\/\/plastomer.se\/no\/"},{"@type":"ListItem","position":2,"name":"Kontakt"}]},{"@type":"WebSite","@id":"https:\/\/plastomer.se\/no\/#website","url":"https:\/\/plastomer.se\/no\/","name":"Plastomer","description":"Lastbilstillbeh\u00f6r i V\u00e4rldsklass","publisher":{"@id":"https:\/\/plastomer.se\/no\/#organization"},"potentialAction":[{"@type":"SearchAction","target":{"@type":"EntryPoint","urlTemplate":"https:\/\/plastomer.se\/no\/?s={search_term_string}"},"query-input":{"@type":"PropertyValueSpecification","valueRequired":true,"valueName":"search_term_string"}}],"inLanguage":"nb-NO"},{"@type":"Organization","@id":"https:\/\/plastomer.se\/no\/#organization","name":"Plastomer","url":"https:\/\/plastomer.se\/no\/","logo":{"@type":"ImageObject","inLanguage":"nb-NO","@id":"https:\/\/plastomer.se\/no\/#\/schema\/logo\/image\/","url":"https:\/\/plastomer.se\/wp-content\/uploads\/2025\/04\/plastomer.png","contentUrl":"https:\/\/plastomer.se\/wp-content\/uploads\/2025\/04\/plastomer.png","width":1024,"height":1024,"caption":"Plastomer"},"image":{"@id":"https:\/\/plastomer.se\/no\/#\/schema\/logo\/image\/"}}]}},"_links":{"self":[{"href":"https:\/\/plastomer.se\/no\/wp-json\/wp\/v2\/pages\/2921","targetHints":{"allow":["GET"]}}],"collection":[{"href":"https:\/\/plastomer.se\/no\/wp-json\/wp\/v2\/pages"}],"about":[{"href":"https:\/\/plastomer.se\/no\/wp-json\/wp\/v2\/types\/page"}],"author":[{"embeddable":true,"href":"https:\/\/plastomer.se\/no\/wp-json\/wp\/v2\/users\/1"}],"replies":[{"embeddable":true,"href":"https:\/\/plastomer.se\/no\/wp-json\/wp\/v2\/comments?post=2921"}],"version-history":[{"count":14,"href":"https:\/\/plastomer.se\/no\/wp-json\/wp\/v2\/pages\/2921\/revisions"}],"predecessor-version":[{"id":4451,"href":"https:\/\/plastomer.se\/no\/wp-json\/wp\/v2\/pages\/2921\/revisions\/4451"}],"wp:featuredmedia":[{"embeddable":true,"href":"https:\/\/plastomer.se\/no\/wp-json\/wp\/v2\/media\/693"}],"wp:attachment":[{"href":"https:\/\/plastomer.se\/no\/wp-json\/wp\/v2\/media?parent=2921"}],"curies":[{"name":"wp","href":"https:\/\/api.w.org\/{rel}","templated":true}]}}