{"id":2890,"date":"2022-04-19T12:31:48","date_gmt":"2022-04-19T10:31:48","guid":{"rendered":"https:\/\/plastomer.se\/plastomer-sweden-ab\/"},"modified":"2025-02-13T08:59:25","modified_gmt":"2025-02-13T07:59:25","slug":"plastomer-sweden-ab","status":"publish","type":"page","link":"https:\/\/plastomer.se\/no\/","title":{"rendered":"PlastoMer Sweden AB"},"content":{"rendered":"\n<h1>\n\t\tLastebiltilbeh\u00f8r<br \/>i verdensklasse\n\t<\/h1>\n<h2>\n\t\t<a href=\"https:\/\/plastomer.se\/no\/produkter\/produkter-lastbil\/yuasa-batterier\/\" title=\"NYHET - Yuasa Batterier\"  target=\"_self\">\n\t\tNYHET &#8211; Yuasa Batterier\n\t\t<\/a>\n\t<\/h2>\n\t\t\t\t<a href=\"https:\/\/plastomer.se\/no\/produkter\/produkter-lastbil\/yuasa-batterier\/\"  target=\"_self\" itemprop=\"url\">\n\t\t\t\t<img loading=\"lazy\" decoding=\"async\" src=\"https:\/\/plastomer.se\/wp-content\/uploads\/2025\/02\/Super-Heavy-Duty_YBX-SHD.png\" alt=\"Super-Heavy-Duty_YBX-SHD\" itemprop=\"image\" height=\"267\" width=\"800\" title=\"Super-Heavy-Duty_YBX-SHD\" onerror=\"this.style.display='none'\"  \/>\n\t\t\t\t<\/a>\n<h2>\n\t\tProdukter hos PlastoMer\n\t<\/h2>\n<ul>\n<li>\n        <a href=\"https:\/\/plastomer.se\/no\/produkter\/produkter-lastbil\/sprutsikring\/\">\n            <img decoding=\"async\" src=\"https:\/\/plastomer.se\/wp-content\/uploads\/2022\/05\/Sta\u0308nkskydd-01-300x300.png\"\/>\n            <h3>Skvettlapp<\/h3>\n        <\/a>\n    <\/li><li>\n        <a href=\"https:\/\/plastomer.se\/no\/produkter\/produkter-lastbil\/sprutbeskyttelse-antispray\/\">\n            <img decoding=\"async\" src=\"https:\/\/plastomer.se\/wp-content\/uploads\/2022\/05\/Sta\u0308nkskydd-01-300x300.png\"\/>\n            <h3>Skvettlapp antispray<\/h3>\n        <\/a>\n    <\/li><li>\n        <a href=\"https:\/\/plastomer.se\/no\/produkter\/produkter-lastbil\/stankskydd-full-bredde\/\">\n            <img decoding=\"async\" src=\"https:\/\/plastomer.se\/wp-content\/uploads\/2022\/05\/Fullbreddskydd-300x300.png\"\/>\n            <h3>Skvettlapp full bredde<\/h3>\n        <\/a>\n    <\/li><li>\n        <a href=\"https:\/\/plastomer.se\/no\/produkter\/domar-produkter\/\">\n            <img decoding=\"async\" src=\"https:\/\/plastomer.se\/wp-content\/uploads\/2022\/05\/Ska\u0308rmar-Tillbeho\u0308r-03-300x300.png\"\/>\n            <h3>Skjermer &#038; tilbeh\u00f8r<\/h3>\n        <\/a>\n    <\/li><li>\n        <a href=\"https:\/\/plastomer.se\/no\/produkter\/daken-produkter\/\">\n            <img decoding=\"async\" src=\"https:\/\/plastomer.se\/wp-content\/uploads\/2022\/05\/Brandsla\u0308ckarboxar-300x300.png\"\/>\n            <h3>Brannslukningsbokser<\/h3>\n        <\/a>\n    <\/li><li>\n        <a href=\"https:\/\/plastomer.se\/no\/produkter\/daken-produkter\/verktoykasser\/\">\n            <img decoding=\"async\" src=\"https:\/\/plastomer.se\/wp-content\/uploads\/2022\/05\/Verktygsla\u030ada-05-300x300.png\"\/>\n            <h3>Verkt\u00f8ykasser<\/h3>\n        <\/a>\n    <\/li><li>\n        <a href=\"https:\/\/plastomer.se\/no\/produkter\/takler-produkter\/underkjoringsbeskyttelse\/\">\n            <img decoding=\"async\" src=\"https:\/\/plastomer.se\/wp-content\/uploads\/2022\/05\/Kantskydd-Sidoskydd-300x300.png\"\/>\n            <h3>Underkj\u00f8rningsbeskyttelse<\/h3>\n        <\/a>\n    <\/li><li>\n        <a href=\"https:\/\/plastomer.se\/no\/produkter\/produkter-lastbil\/wm-system-lasteramper\/\">\n            <img decoding=\"async\" src=\"https:\/\/plastomer.se\/wp-content\/uploads\/2022\/05\/Lastramper-08-300x300.png\"\/>\n            <h3>Lasteramper<\/h3>\n        <\/a>\n    <\/li><li>\n        <a href=\"https:\/\/plastomer.se\/no\/produkter\/takler-produkter\/stiger\/\">\n            <img decoding=\"async\" src=\"https:\/\/plastomer.se\/wp-content\/uploads\/2022\/05\/Stegar-09-300x300.png\"\/>\n            <h3>Stiger<\/h3>\n        <\/a>\n    <\/li><li>\n        <a href=\"https:\/\/plastomer.se\/no\/produkter\/lokhen-produkter\/\">\n            <img decoding=\"async\" src=\"https:\/\/plastomer.se\/wp-content\/uploads\/2022\/05\/Stoppklossar-300x300.png\"\/>\n            <h3>Stoppblokk<\/h3>\n        <\/a>\n    <\/li><li>\n        <a href=\"https:\/\/plastomer.se\/no\/produkter\/produkter-lastbil\/yuasa-batterier\/\">\n            <img decoding=\"async\" src=\"https:\/\/plastomer.se\/wp-content\/uploads\/2025\/02\/batteri_ikon-300x300.png\"\/>\n            <h3>BATTERIER<\/h3>\n        <\/a>\n    <\/li><\/ul>\n\t\t\t<a href=\"https:\/\/plastomer.se\/wp-content\/uploads\/2025\/02\/katalog_no_v6_mindre.pdf\" target=\"_blank\" rel=\"noopener\">\n\t\t\t\t\t\t\tPRODUKTKATALOG\n\t\t\t\t\t<\/a>\n\t\t\t\t\t\t\t\t\t\t\t Ikke g\u00e5 glipp!\n\t\t\t\t\t\t\t\t\t\t\t\t\t\t\t\t<h2>M\u00f8t oss p\u00e5 \u00e5rets messer<\/h2>\n\t\t\t\t\t\t\t\t\t\t\t\t\t\t\t\t<p>I \u00e5r finner du PlastoMer p\u00e5 flere store messer i b\u00e5de Sverige og Norge.<\/p>\n\t\t\t\t\t\t\t\t\t\t\t\t\t\t\t\t<a href=\"https:\/\/plastomer.se\/nyheter\">les mer om messene<\/a>\n\t\t\t\t\t\t\t\t\t\t\tSprutvakt med egen logo\n\t\t\t\t\t\t\t\t\t\t\t\t\t\t\t\t<h2>Vis hvem som er foran med trykket p\u00e5 din skvettlapp!<\/h2>\n\t\t\t\t\t\t\t\t\t\t\t\t\t\t\t\t<p>PlastoMers sprutbeskyttelse holder absolutt h\u00f8yeste kvalitet, selv n\u00e5r det kommer til ekstreme klimaforhold. I n\u00e6rt samarbeid med kunden p\u00e5tar vi oss b\u00e5de sm\u00e5 og store oppdrag hvor vi kan tilby b\u00e5de standard og spesiallaget.<\/p>\n\t\t\t\t\t\t\t\t\t\t\t\t\t\t\t\t<a href=\"#\">Les mer<\/a>\n\t<h1>Velkommen til PlastoMer &#8211; Tilbeh\u00f8r til lastebiler<\/h1>\n<p><strong><em>Vi er et selskap med sterke forretningsomr\u00e5der innenfor plastindustrien. Vi produserer og selger til<\/em><em>tilbeh\u00f8r til b\u00e5de lastebiler og personbiler.<\/em><\/strong><\/p>\n<p>PlastoMer er markedsleder innen produkter og tilbeh\u00f8r til lastebiler og fremfor alt skvettlapp med reklametrykk, produktet som alt en gang startet rundt. I dag er dette b\u00e5de skreddersydd og videreutviklet etter kundenes spesifikke \u00f8nsker. Skvettlapper og fullbredde skvettlapper for underkj\u00f8ringsbjelken kan spesialdesignes, lages etter m\u00e5l og etterbehandles med v\u00e5r propriet\u00e6re EU-kompatibel vannabsorberende antispray. V\u00e5re produkter er utviklet med hensyn til utseende, kuldebestandighet, vekt og kjemikaliebestandighet. Brukervennlighet er alltid i fokus. Vi supplerer v\u00e5rt sprutbeskyttelsessortiment med &laquo;rundt hjulet&raquo;-produkter. Gjennom samarbeidet med Domar har vi v\u00e6rt et byr\u00e5 for deres sikre og solide skjermer og tilbeh\u00f8r til b\u00e5de lastebiler og anleggsbiler i 15 \u00e5r. Utviklingen p\u00e5 lastebilsiden er et stort og viktig steg for selskapet og gj\u00f8r at vi flytter bransjen fremover.<\/p>\n<p>All produksjon foreg\u00e5r i egnede lokaler i Vestervik. Ta gjerne kontakt for mer informasjon om noen av v\u00e5re produkter for lastebiler.<\/p>\n\t\t\t<a href=\"https:\/\/plastomer.se\/no\/om-plastomer\/\" target=\"_self\">\n\t\t\t\t\t\t\tOm PlastoMer\n\t\t\t\t\t<\/a>\n\t\t\t<a href=\"https:\/\/plastomer.se\/no\/kontakt\/\" target=\"_self\">\n\t\t\t\t\t\t\tKontakt\n\t\t\t\t\t<\/a>\n<h2>\n\t\t<a href=\"https:\/\/plastomer.se\/produkter\/lastbil\/stankskydd\/\" title=\"Vis hvem som er foran med trykket ditt p\u00e5 skvettlapp!\"  target=\"_self\">\n\t\tVis hvem som er foran med trykket ditt p\u00e5 skvettlapp!\n\t\t<\/a>\n\t<\/h2>\n<h2>\n\t\t<a href=\"https:\/\/plastomer.se\/produkter\/daken\/\" title=\"Verkt\u00f8ykasser fra Daken\"  target=\"_self\">\n\t\tVerkt\u00f8ykasser fra Daken\n\t\t<\/a>\n\t<\/h2>\n\t<p>Bestiller du enkelt hos oss<\/p>\n\t<p>Kontakt selger &#8211; bjorn.nyhagen@plastomer.no | +47 9077 1984<\/p>\n\t<h2>\n\t\tV\u00e5re leverand\u00f8rer\n\t<\/h2>\n<ul><li>\n         <a href=\"https:\/\/www.daken.it\/en\/\">\n            <img decoding=\"async\" src=\"https:\/\/plastomer.se\/wp-content\/uploads\/2022\/04\/brand-daken.png\" alt=\"brand\"\/>\n         <\/a>\n      <\/li><li>\n         <a href=\"https:\/\/www.domar.it\/\">\n            <img decoding=\"async\" src=\"https:\/\/plastomer.se\/wp-content\/uploads\/2022\/04\/brand-domar.png\" alt=\"brand\"\/>\n         <\/a>\n      <\/li><li>\n         <a href=\"https:\/\/www.lokhen.com\/\">\n            <img decoding=\"async\" src=\"https:\/\/plastomer.se\/wp-content\/uploads\/2022\/04\/brand-lokhen.png\" alt=\"brand\"\/>\n         <\/a>\n      <\/li><li>\n         <a href=\"https:\/\/taklergroup.com\/\">\n            <img decoding=\"async\" src=\"https:\/\/plastomer.se\/wp-content\/uploads\/2022\/04\/brand-takler.png\" alt=\"brand\"\/>\n         <\/a>\n      <\/li><li>\n         <a href=\"https:\/\/www.wmsystem.com\/se\">\n            <img decoding=\"async\" src=\"https:\/\/plastomer.se\/wp-content\/uploads\/2022\/04\/brand-wmsystem.png\" alt=\"brand\"\/>\n         <\/a>\n      <\/li><\/ul>\n\t<p>For det komplette utvalget fra v\u00e5re leverand\u00f8rer, se respektive nettside. Da bestiller du enkelt hos oss.<\/p>\n<ul><li>\n         <a href=\"https:\/\/www.plastomer.se\">\n            <img decoding=\"async\" src=\"https:\/\/plastomer.se\/wp-content\/uploads\/2023\/02\/Logo-PMN-Original.png\" alt=\"brand\"\/>\n         <\/a>\n      <\/li><\/ul>\n","protected":false},"excerpt":{"rendered":"<p>Lastebiltilbeh\u00f8ri verdensklasse NYHET &#8211; Yuasa Batterier Produkter hos PlastoMer Skvettlapp Skvettlapp antispray Skvettlapp full bredde Skjermer &#038; tilbeh\u00f8r Brannslukningsbokser Verkt\u00f8ykasser Underkj\u00f8rningsbeskyttelse Lasteramper Stiger Stoppblokk BATTERIER PRODUKTKATALOG Ikke g\u00e5 glipp! M\u00f8t oss p\u00e5 \u00e5rets messer I \u00e5r finner du PlastoMer p\u00e5 flere store messer i b\u00e5de Sverige og Norge. les mer om messene Sprutvakt med egen [&hellip;]<\/p>\n","protected":false},"author":1,"featured_media":693,"parent":0,"menu_order":0,"comment_status":"closed","ping_status":"closed","template":"page-templates\/template-pagebuilder.php","meta":{"_acf_changed":false,"_genesis_hide_title":false,"_genesis_hide_breadcrumbs":false,"_genesis_hide_singular_image":false,"_genesis_hide_footer_widgets":false,"_genesis_custom_body_class":"","_genesis_custom_post_class":"","_genesis_layout":"","footnotes":""},"class_list":{"0":"post-2890","1":"page","2":"type-page","3":"status-publish","4":"has-post-thumbnail","6":"entry"},"acf":[],"yoast_head":"<!-- This site is optimized with the Yoast SEO plugin v27.4 - https:\/\/yoast.com\/product\/yoast-seo-wordpress\/ -->\n<title>PlastoMer Sweden AB - Plastomer<\/title>\n<meta name=\"description\" content=\"Vi er et selskap med sterke forretningsomr\u00e5der innenfor plastindustrien. Vi produserer og selger tilbeh\u00f8r til b\u00e5de lastebiler og personbiler.\" \/>\n<meta name=\"robots\" content=\"index, follow, max-snippet:-1, max-image-preview:large, max-video-preview:-1\" \/>\n<link rel=\"canonical\" href=\"https:\/\/plastomer.se\/no\/\" \/>\n<meta property=\"og:locale\" content=\"nb_NO\" \/>\n<meta property=\"og:type\" content=\"article\" \/>\n<meta property=\"og:title\" content=\"PlastoMer Sweden AB - Plastomer\" \/>\n<meta property=\"og:description\" content=\"Vi er et selskap med sterke forretningsomr\u00e5der innenfor plastindustrien. Vi produserer og selger tilbeh\u00f8r til b\u00e5de lastebiler og personbiler.\" \/>\n<meta property=\"og:url\" content=\"https:\/\/plastomer.se\/no\/\" \/>\n<meta property=\"og:site_name\" content=\"Plastomer\" \/>\n<meta property=\"article:modified_time\" content=\"2025-02-13T07:59:25+00:00\" \/>\n<meta property=\"og:image\" content=\"https:\/\/plastomer.se\/wp-content\/uploads\/2022\/04\/truck_side-o.jpg\" \/>\n\t<meta property=\"og:image:width\" content=\"2300\" \/>\n\t<meta property=\"og:image:height\" content=\"2300\" \/>\n\t<meta property=\"og:image:type\" content=\"image\/jpeg\" \/>\n<meta name=\"twitter:card\" content=\"summary_large_image\" \/>\n<meta name=\"twitter:label1\" content=\"Ansl. lesetid\" \/>\n\t<meta name=\"twitter:data1\" content=\"5 minutter\" \/>\n<script type=\"application\/ld+json\" class=\"yoast-schema-graph\">{\"@context\":\"https:\\\/\\\/schema.org\",\"@graph\":[{\"@type\":\"WebPage\",\"@id\":\"https:\\\/\\\/plastomer.se\\\/no\\\/\",\"url\":\"https:\\\/\\\/plastomer.se\\\/no\\\/\",\"name\":\"PlastoMer Sweden AB - Plastomer\",\"isPartOf\":{\"@id\":\"https:\\\/\\\/plastomer.se\\\/no\\\/#website\"},\"primaryImageOfPage\":{\"@id\":\"https:\\\/\\\/plastomer.se\\\/no\\\/#primaryimage\"},\"image\":{\"@id\":\"https:\\\/\\\/plastomer.se\\\/no\\\/#primaryimage\"},\"thumbnailUrl\":\"https:\\\/\\\/plastomer.se\\\/wp-content\\\/uploads\\\/2022\\\/04\\\/truck_side-o.jpg\",\"datePublished\":\"2022-04-19T10:31:48+00:00\",\"dateModified\":\"2025-02-13T07:59:25+00:00\",\"description\":\"Vi er et selskap med sterke forretningsomr\u00e5der innenfor plastindustrien. Vi produserer og selger tilbeh\u00f8r til b\u00e5de lastebiler og personbiler.\",\"breadcrumb\":{\"@id\":\"https:\\\/\\\/plastomer.se\\\/no\\\/#breadcrumb\"},\"inLanguage\":\"nb-NO\",\"potentialAction\":[{\"@type\":\"ReadAction\",\"target\":[\"https:\\\/\\\/plastomer.se\\\/no\\\/\"]}]},{\"@type\":\"ImageObject\",\"inLanguage\":\"nb-NO\",\"@id\":\"https:\\\/\\\/plastomer.se\\\/no\\\/#primaryimage\",\"url\":\"https:\\\/\\\/plastomer.se\\\/wp-content\\\/uploads\\\/2022\\\/04\\\/truck_side-o.jpg\",\"contentUrl\":\"https:\\\/\\\/plastomer.se\\\/wp-content\\\/uploads\\\/2022\\\/04\\\/truck_side-o.jpg\",\"width\":2300,\"height\":2300,\"caption\":\"PlastoMer tillbeh\u00f6r till lastbilar\"},{\"@type\":\"BreadcrumbList\",\"@id\":\"https:\\\/\\\/plastomer.se\\\/no\\\/#breadcrumb\",\"itemListElement\":[{\"@type\":\"ListItem\",\"position\":1,\"name\":\"Home\",\"item\":\"https:\\\/\\\/plastomer.se\\\/no\\\/\"},{\"@type\":\"ListItem\",\"position\":2,\"name\":\"PlastoMer Sweden AB\"}]},{\"@type\":\"WebSite\",\"@id\":\"https:\\\/\\\/plastomer.se\\\/no\\\/#website\",\"url\":\"https:\\\/\\\/plastomer.se\\\/no\\\/\",\"name\":\"Plastomer\",\"description\":\"Lastbilstillbeh\u00f6r i V\u00e4rldsklass\",\"publisher\":{\"@id\":\"https:\\\/\\\/plastomer.se\\\/no\\\/#organization\"},\"potentialAction\":[{\"@type\":\"SearchAction\",\"target\":{\"@type\":\"EntryPoint\",\"urlTemplate\":\"https:\\\/\\\/plastomer.se\\\/no\\\/?s={search_term_string}\"},\"query-input\":{\"@type\":\"PropertyValueSpecification\",\"valueRequired\":true,\"valueName\":\"search_term_string\"}}],\"inLanguage\":\"nb-NO\"},{\"@type\":\"Organization\",\"@id\":\"https:\\\/\\\/plastomer.se\\\/no\\\/#organization\",\"name\":\"Plastomer\",\"url\":\"https:\\\/\\\/plastomer.se\\\/no\\\/\",\"logo\":{\"@type\":\"ImageObject\",\"inLanguage\":\"nb-NO\",\"@id\":\"https:\\\/\\\/plastomer.se\\\/no\\\/#\\\/schema\\\/logo\\\/image\\\/\",\"url\":\"https:\\\/\\\/plastomer.se\\\/wp-content\\\/uploads\\\/2025\\\/04\\\/plastomer.png\",\"contentUrl\":\"https:\\\/\\\/plastomer.se\\\/wp-content\\\/uploads\\\/2025\\\/04\\\/plastomer.png\",\"width\":1024,\"height\":1024,\"caption\":\"Plastomer\"},\"image\":{\"@id\":\"https:\\\/\\\/plastomer.se\\\/no\\\/#\\\/schema\\\/logo\\\/image\\\/\"}}]}<\/script>\n<!-- \/ Yoast SEO plugin. -->","yoast_head_json":{"title":"PlastoMer Sweden AB - Plastomer","description":"Vi er et selskap med sterke forretningsomr\u00e5der innenfor plastindustrien. Vi produserer og selger tilbeh\u00f8r til b\u00e5de lastebiler og personbiler.","robots":{"index":"index","follow":"follow","max-snippet":"max-snippet:-1","max-image-preview":"max-image-preview:large","max-video-preview":"max-video-preview:-1"},"canonical":"https:\/\/plastomer.se\/no\/","og_locale":"nb_NO","og_type":"article","og_title":"PlastoMer Sweden AB - Plastomer","og_description":"Vi er et selskap med sterke forretningsomr\u00e5der innenfor plastindustrien. Vi produserer og selger tilbeh\u00f8r til b\u00e5de lastebiler og personbiler.","og_url":"https:\/\/plastomer.se\/no\/","og_site_name":"Plastomer","article_modified_time":"2025-02-13T07:59:25+00:00","og_image":[{"width":2300,"height":2300,"url":"https:\/\/plastomer.se\/wp-content\/uploads\/2022\/04\/truck_side-o.jpg","type":"image\/jpeg"}],"twitter_card":"summary_large_image","twitter_misc":{"Ansl. lesetid":"5 minutter"},"schema":{"@context":"https:\/\/schema.org","@graph":[{"@type":"WebPage","@id":"https:\/\/plastomer.se\/no\/","url":"https:\/\/plastomer.se\/no\/","name":"PlastoMer Sweden AB - Plastomer","isPartOf":{"@id":"https:\/\/plastomer.se\/no\/#website"},"primaryImageOfPage":{"@id":"https:\/\/plastomer.se\/no\/#primaryimage"},"image":{"@id":"https:\/\/plastomer.se\/no\/#primaryimage"},"thumbnailUrl":"https:\/\/plastomer.se\/wp-content\/uploads\/2022\/04\/truck_side-o.jpg","datePublished":"2022-04-19T10:31:48+00:00","dateModified":"2025-02-13T07:59:25+00:00","description":"Vi er et selskap med sterke forretningsomr\u00e5der innenfor plastindustrien. Vi produserer og selger tilbeh\u00f8r til b\u00e5de lastebiler og personbiler.","breadcrumb":{"@id":"https:\/\/plastomer.se\/no\/#breadcrumb"},"inLanguage":"nb-NO","potentialAction":[{"@type":"ReadAction","target":["https:\/\/plastomer.se\/no\/"]}]},{"@type":"ImageObject","inLanguage":"nb-NO","@id":"https:\/\/plastomer.se\/no\/#primaryimage","url":"https:\/\/plastomer.se\/wp-content\/uploads\/2022\/04\/truck_side-o.jpg","contentUrl":"https:\/\/plastomer.se\/wp-content\/uploads\/2022\/04\/truck_side-o.jpg","width":2300,"height":2300,"caption":"PlastoMer tillbeh\u00f6r till lastbilar"},{"@type":"BreadcrumbList","@id":"https:\/\/plastomer.se\/no\/#breadcrumb","itemListElement":[{"@type":"ListItem","position":1,"name":"Home","item":"https:\/\/plastomer.se\/no\/"},{"@type":"ListItem","position":2,"name":"PlastoMer Sweden AB"}]},{"@type":"WebSite","@id":"https:\/\/plastomer.se\/no\/#website","url":"https:\/\/plastomer.se\/no\/","name":"Plastomer","description":"Lastbilstillbeh\u00f6r i V\u00e4rldsklass","publisher":{"@id":"https:\/\/plastomer.se\/no\/#organization"},"potentialAction":[{"@type":"SearchAction","target":{"@type":"EntryPoint","urlTemplate":"https:\/\/plastomer.se\/no\/?s={search_term_string}"},"query-input":{"@type":"PropertyValueSpecification","valueRequired":true,"valueName":"search_term_string"}}],"inLanguage":"nb-NO"},{"@type":"Organization","@id":"https:\/\/plastomer.se\/no\/#organization","name":"Plastomer","url":"https:\/\/plastomer.se\/no\/","logo":{"@type":"ImageObject","inLanguage":"nb-NO","@id":"https:\/\/plastomer.se\/no\/#\/schema\/logo\/image\/","url":"https:\/\/plastomer.se\/wp-content\/uploads\/2025\/04\/plastomer.png","contentUrl":"https:\/\/plastomer.se\/wp-content\/uploads\/2025\/04\/plastomer.png","width":1024,"height":1024,"caption":"Plastomer"},"image":{"@id":"https:\/\/plastomer.se\/no\/#\/schema\/logo\/image\/"}}]}},"_links":{"self":[{"href":"https:\/\/plastomer.se\/no\/wp-json\/wp\/v2\/pages\/2890","targetHints":{"allow":["GET"]}}],"collection":[{"href":"https:\/\/plastomer.se\/no\/wp-json\/wp\/v2\/pages"}],"about":[{"href":"https:\/\/plastomer.se\/no\/wp-json\/wp\/v2\/types\/page"}],"author":[{"embeddable":true,"href":"https:\/\/plastomer.se\/no\/wp-json\/wp\/v2\/users\/1"}],"replies":[{"embeddable":true,"href":"https:\/\/plastomer.se\/no\/wp-json\/wp\/v2\/comments?post=2890"}],"version-history":[{"count":25,"href":"https:\/\/plastomer.se\/no\/wp-json\/wp\/v2\/pages\/2890\/revisions"}],"predecessor-version":[{"id":4729,"href":"https:\/\/plastomer.se\/no\/wp-json\/wp\/v2\/pages\/2890\/revisions\/4729"}],"wp:featuredmedia":[{"embeddable":true,"href":"https:\/\/plastomer.se\/no\/wp-json\/wp\/v2\/media\/693"}],"wp:attachment":[{"href":"https:\/\/plastomer.se\/no\/wp-json\/wp\/v2\/media?parent=2890"}],"curies":[{"name":"wp","href":"https:\/\/api.w.org\/{rel}","templated":true}]}}