{"id":2888,"date":"2022-04-19T11:06:07","date_gmt":"2022-04-19T09:06:07","guid":{"rendered":"https:\/\/plastomer.se\/aterforsaljare\/"},"modified":"2023-02-08T10:01:12","modified_gmt":"2023-02-08T09:01:12","slug":"aterforsaljare","status":"publish","type":"page","link":"https:\/\/plastomer.se\/no\/produkter\/bilprodukter\/aterforsaljare\/","title":{"rendered":"\u00c5terf\u00f6rs\u00e4ljare"},"content":{"rendered":"\n<h1>\n\t\t\u00c5terf\u00f6rs\u00e4ljare\n\t<\/h1>\n<section>\n   <h2>\u00c5terf\u00f6rs\u00e4ljare<\/h2>   \n\t\t\t\t\t\t\t<h3>\u00c5terf\u00f6rs\u00e4ljare<\/h3>\n\t\t\t\t<hr \/>\n\t\t\t\t\tLandVirksomhetTelefonWebb\t\t\t\t\n\t\t\t\tLand BelgienVirksomhet Carplus N.V.Telefon +32-32 33 39 84Webb Land DanmarkVirksomhet Avant Danmark\/Dansk BiludstyrTelefon Webb www.biludstyr.dkLand EstlandVirksomhet Motoral Eesti ASTelefon +372 620 1464Webb www.motoral.eeLand LitauernVirksomhet Looking for distributorTelefon Webb Land NorgeVirksomhet AS S\u00f8rensen og BalchenTelefon Webb www.sogb.noLand PolenVirksomhet Autoparts Import, Telefon +48 32 209 52 32Webb www.autoparts.net.plLand PortugalVirksomhet Looking for distributorTelefon Webb Land SchweizVirksomhet Looking for distributorTelefon Webb Land SverigeVirksomhet Huzells i Karlstad AB, \nMekonomen Grossist AB,Telefon +46 (0)54-85 22 00Webb www.huzells.se<br \/>\nwww.mekonomen.se Land TjeckienVirksomhet Looking for distributorTelefon Webb Land TysklandVirksomhet Carl Geo. HeiseTelefon Tel-no.+49 40 538 70 75\nFax-no.+49 40 538 7176Webb www.rensi.deLand UngernVirksomhet Hungaria POLI-CAR BTTelefon Webb www.autoszonyeg.netLand USAVirksomhet Swedish Car Parts Inc.\nIPD Company Inc.Telefon +1-7733 812 600\n+1-5032 577 589Webb www.swedishcarparts.com <br \/>www.ipdusa.comLand \u00d6sterrikeVirksomhet Hahn Fahrzeugbauteile und R\u00e5der HGTelefon +43 12141062Webb \n<\/section>\n<h2>\n\t\tFlere kategorier\n\t<\/h2>\n<ul>\n<li>\n        <a href=\"https:\/\/plastomer.se\/no\/produkter\/produkter-lastbil\/sprutsikring\/\">\n            <img decoding=\"async\" src=\"https:\/\/plastomer.se\/wp-content\/uploads\/2022\/05\/Sta\u0308nkskydd-01-300x300.png\"\/>\n            <h3>Skvettlapp<\/h3>\n        <\/a>\n    <\/li><li>\n        <a href=\"https:\/\/plastomer.se\/no\/produkter\/produkter-lastbil\/sprutbeskyttelse-antispray\/\">\n            <img decoding=\"async\" src=\"https:\/\/plastomer.se\/wp-content\/uploads\/2022\/05\/Sta\u0308nkskydd-01-300x300.png\"\/>\n            <h3>Skvettlapp antispray<\/h3>\n        <\/a>\n    <\/li><li>\n        <a href=\"https:\/\/plastomer.se\/no\/produkter\/produkter-lastbil\/stankskydd-full-bredde\/\">\n            <img decoding=\"async\" src=\"https:\/\/plastomer.se\/wp-content\/uploads\/2022\/05\/Fullbreddskydd-300x300.png\"\/>\n            <h3>Skvettlapp full bredde<\/h3>\n        <\/a>\n    <\/li><li>\n        <a href=\"https:\/\/plastomer.se\/no\/produkter\/domar-produkter\/\">\n            <img decoding=\"async\" src=\"https:\/\/plastomer.se\/wp-content\/uploads\/2022\/05\/Ska\u0308rmar-Tillbeho\u0308r-03-300x300.png\"\/>\n            <h3>Skjermer &#038; tilbeh\u00f8r<\/h3>\n        <\/a>\n    <\/li><li>\n        <a href=\"https:\/\/plastomer.se\/no\/produkter\/daken-produkter\/\">\n            <img decoding=\"async\" src=\"https:\/\/plastomer.se\/wp-content\/uploads\/2022\/05\/Brandsla\u0308ckarboxar-300x300.png\"\/>\n            <h3>Brannslukningsbokser<\/h3>\n        <\/a>\n    <\/li><li>\n        <a href=\"https:\/\/plastomer.se\/no\/produkter\/daken-produkter\/verktoykasser\/\">\n            <img decoding=\"async\" src=\"https:\/\/plastomer.se\/wp-content\/uploads\/2022\/05\/Verktygsla\u030ada-05-300x300.png\"\/>\n            <h3>Verkt\u00f8ykasser<\/h3>\n        <\/a>\n    <\/li><li>\n        <a href=\"https:\/\/plastomer.se\/no\/produkter\/takler-produkter\/underkjoringsbeskyttelse\/\">\n            <img decoding=\"async\" src=\"https:\/\/plastomer.se\/wp-content\/uploads\/2022\/05\/Kantskydd-Sidoskydd-300x300.png\"\/>\n            <h3>Underkj\u00f8rningsbeskyttelse<\/h3>\n        <\/a>\n    <\/li><li>\n        <a href=\"https:\/\/plastomer.se\/no\/produkter\/produkter-lastbil\/wm-system-lasteramper\/\">\n            <img decoding=\"async\" src=\"https:\/\/plastomer.se\/wp-content\/uploads\/2022\/05\/Lastramper-08-300x300.png\"\/>\n            <h3>Lasteramper<\/h3>\n        <\/a>\n    <\/li><li>\n        <a href=\"https:\/\/plastomer.se\/no\/produkter\/takler-produkter\/stiger\/\">\n            <img decoding=\"async\" src=\"https:\/\/plastomer.se\/wp-content\/uploads\/2022\/05\/Stegar-09-300x300.png\"\/>\n            <h3>Stiger<\/h3>\n        <\/a>\n    <\/li><li>\n        <a href=\"https:\/\/plastomer.se\/no\/produkter\/lokhen-produkter\/\">\n            <img decoding=\"async\" src=\"https:\/\/plastomer.se\/wp-content\/uploads\/2022\/05\/Stoppklossar-300x300.png\"\/>\n            <h3>Stoppblokk<\/h3>\n        <\/a>\n    <\/li><\/ul>\n\n","protected":false},"excerpt":{"rendered":"<p>\u00c5terf\u00f6rs\u00e4ljare \u00c5terf\u00f6rs\u00e4ljare \u00c5terf\u00f6rs\u00e4ljare LandVirksomhetTelefonWebb Land BelgienVirksomhet Carplus N.V.Telefon +32-32 33 39 84Webb Land DanmarkVirksomhet Avant Danmark\/Dansk BiludstyrTelefon Webb www.biludstyr.dkLand EstlandVirksomhet Motoral Eesti ASTelefon +372 620 1464Webb www.motoral.eeLand LitauernVirksomhet Looking for distributorTelefon Webb Land NorgeVirksomhet AS S\u00f8rensen og BalchenTelefon Webb www.sogb.noLand PolenVirksomhet Autoparts Import, Telefon +48 32 209 52 32Webb www.autoparts.net.plLand PortugalVirksomhet Looking for distributorTelefon Webb [&hellip;]<\/p>\n","protected":false},"author":1,"featured_media":693,"parent":2889,"menu_order":0,"comment_status":"closed","ping_status":"closed","template":"page-templates\/template-pagebuilder.php","meta":{"_acf_changed":false,"_genesis_hide_title":false,"_genesis_hide_breadcrumbs":false,"_genesis_hide_singular_image":false,"_genesis_hide_footer_widgets":false,"_genesis_custom_body_class":"","_genesis_custom_post_class":"","_genesis_layout":"","footnotes":""},"class_list":{"0":"post-2888","1":"page","2":"type-page","3":"status-publish","4":"has-post-thumbnail","6":"entry"},"acf":[],"yoast_head":"<!-- This site is optimized with the Yoast SEO plugin v27.4 - https:\/\/yoast.com\/product\/yoast-seo-wordpress\/ -->\n<title>\u00c5terf\u00f6rs\u00e4ljare - Plastomer<\/title>\n<meta name=\"robots\" content=\"index, follow, max-snippet:-1, max-image-preview:large, max-video-preview:-1\" \/>\n<link rel=\"canonical\" href=\"https:\/\/plastomer.se\/no\/produkter\/bilprodukter\/aterforsaljare\/\" \/>\n<meta property=\"og:locale\" content=\"nb_NO\" \/>\n<meta property=\"og:type\" content=\"article\" \/>\n<meta property=\"og:title\" content=\"\u00c5terf\u00f6rs\u00e4ljare - Plastomer\" \/>\n<meta property=\"og:description\" content=\"\u00c5terf\u00f6rs\u00e4ljare \u00c5terf\u00f6rs\u00e4ljare \u00c5terf\u00f6rs\u00e4ljare LandVirksomhetTelefonWebb Land BelgienVirksomhet Carplus N.V.Telefon +32-32 33 39 84Webb Land DanmarkVirksomhet Avant Danmark\/Dansk BiludstyrTelefon Webb www.biludstyr.dkLand EstlandVirksomhet Motoral Eesti ASTelefon +372 620 1464Webb www.motoral.eeLand LitauernVirksomhet Looking for distributorTelefon Webb Land NorgeVirksomhet AS S\u00f8rensen og BalchenTelefon Webb www.sogb.noLand PolenVirksomhet Autoparts Import, Telefon +48 32 209 52 32Webb www.autoparts.net.plLand PortugalVirksomhet Looking for distributorTelefon Webb [&hellip;]\" \/>\n<meta property=\"og:url\" content=\"https:\/\/plastomer.se\/no\/produkter\/bilprodukter\/aterforsaljare\/\" \/>\n<meta property=\"og:site_name\" content=\"Plastomer\" \/>\n<meta property=\"article:modified_time\" content=\"2023-02-08T09:01:12+00:00\" \/>\n<meta property=\"og:image\" content=\"https:\/\/plastomer.se\/wp-content\/uploads\/2022\/04\/truck_side-o.jpg\" \/>\n\t<meta property=\"og:image:width\" content=\"2300\" \/>\n\t<meta property=\"og:image:height\" content=\"2300\" \/>\n\t<meta property=\"og:image:type\" content=\"image\/jpeg\" \/>\n<meta name=\"twitter:card\" content=\"summary_large_image\" \/>\n<meta name=\"twitter:label1\" content=\"Ansl. lesetid\" \/>\n\t<meta name=\"twitter:data1\" content=\"3 minutter\" \/>\n<script type=\"application\/ld+json\" class=\"yoast-schema-graph\">{\"@context\":\"https:\\\/\\\/schema.org\",\"@graph\":[{\"@type\":\"WebPage\",\"@id\":\"https:\\\/\\\/plastomer.se\\\/no\\\/produkter\\\/bilprodukter\\\/aterforsaljare\\\/\",\"url\":\"https:\\\/\\\/plastomer.se\\\/no\\\/produkter\\\/bilprodukter\\\/aterforsaljare\\\/\",\"name\":\"\u00c5terf\u00f6rs\u00e4ljare - Plastomer\",\"isPartOf\":{\"@id\":\"https:\\\/\\\/plastomer.se\\\/no\\\/#website\"},\"primaryImageOfPage\":{\"@id\":\"https:\\\/\\\/plastomer.se\\\/no\\\/produkter\\\/bilprodukter\\\/aterforsaljare\\\/#primaryimage\"},\"image\":{\"@id\":\"https:\\\/\\\/plastomer.se\\\/no\\\/produkter\\\/bilprodukter\\\/aterforsaljare\\\/#primaryimage\"},\"thumbnailUrl\":\"https:\\\/\\\/plastomer.se\\\/wp-content\\\/uploads\\\/2022\\\/04\\\/truck_side-o.jpg\",\"datePublished\":\"2022-04-19T09:06:07+00:00\",\"dateModified\":\"2023-02-08T09:01:12+00:00\",\"breadcrumb\":{\"@id\":\"https:\\\/\\\/plastomer.se\\\/no\\\/produkter\\\/bilprodukter\\\/aterforsaljare\\\/#breadcrumb\"},\"inLanguage\":\"nb-NO\",\"potentialAction\":[{\"@type\":\"ReadAction\",\"target\":[\"https:\\\/\\\/plastomer.se\\\/no\\\/produkter\\\/bilprodukter\\\/aterforsaljare\\\/\"]}]},{\"@type\":\"ImageObject\",\"inLanguage\":\"nb-NO\",\"@id\":\"https:\\\/\\\/plastomer.se\\\/no\\\/produkter\\\/bilprodukter\\\/aterforsaljare\\\/#primaryimage\",\"url\":\"https:\\\/\\\/plastomer.se\\\/wp-content\\\/uploads\\\/2022\\\/04\\\/truck_side-o.jpg\",\"contentUrl\":\"https:\\\/\\\/plastomer.se\\\/wp-content\\\/uploads\\\/2022\\\/04\\\/truck_side-o.jpg\",\"width\":2300,\"height\":2300,\"caption\":\"PlastoMer tillbeh\u00f6r till lastbilar\"},{\"@type\":\"BreadcrumbList\",\"@id\":\"https:\\\/\\\/plastomer.se\\\/no\\\/produkter\\\/bilprodukter\\\/aterforsaljare\\\/#breadcrumb\",\"itemListElement\":[{\"@type\":\"ListItem\",\"position\":1,\"name\":\"Home\",\"item\":\"https:\\\/\\\/plastomer.se\\\/no\\\/\"},{\"@type\":\"ListItem\",\"position\":2,\"name\":\"Produkter\",\"item\":\"https:\\\/\\\/plastomer.se\\\/no\\\/produkter\\\/\"},{\"@type\":\"ListItem\",\"position\":3,\"name\":\"Bilprodukter\",\"item\":\"https:\\\/\\\/plastomer.se\\\/no\\\/produkter\\\/bilprodukter\\\/\"},{\"@type\":\"ListItem\",\"position\":4,\"name\":\"\u00c5terf\u00f6rs\u00e4ljare\"}]},{\"@type\":\"WebSite\",\"@id\":\"https:\\\/\\\/plastomer.se\\\/no\\\/#website\",\"url\":\"https:\\\/\\\/plastomer.se\\\/no\\\/\",\"name\":\"Plastomer\",\"description\":\"Lastbilstillbeh\u00f6r i V\u00e4rldsklass\",\"publisher\":{\"@id\":\"https:\\\/\\\/plastomer.se\\\/no\\\/#organization\"},\"potentialAction\":[{\"@type\":\"SearchAction\",\"target\":{\"@type\":\"EntryPoint\",\"urlTemplate\":\"https:\\\/\\\/plastomer.se\\\/no\\\/?s={search_term_string}\"},\"query-input\":{\"@type\":\"PropertyValueSpecification\",\"valueRequired\":true,\"valueName\":\"search_term_string\"}}],\"inLanguage\":\"nb-NO\"},{\"@type\":\"Organization\",\"@id\":\"https:\\\/\\\/plastomer.se\\\/no\\\/#organization\",\"name\":\"Plastomer\",\"url\":\"https:\\\/\\\/plastomer.se\\\/no\\\/\",\"logo\":{\"@type\":\"ImageObject\",\"inLanguage\":\"nb-NO\",\"@id\":\"https:\\\/\\\/plastomer.se\\\/no\\\/#\\\/schema\\\/logo\\\/image\\\/\",\"url\":\"https:\\\/\\\/plastomer.se\\\/wp-content\\\/uploads\\\/2025\\\/04\\\/plastomer.png\",\"contentUrl\":\"https:\\\/\\\/plastomer.se\\\/wp-content\\\/uploads\\\/2025\\\/04\\\/plastomer.png\",\"width\":1024,\"height\":1024,\"caption\":\"Plastomer\"},\"image\":{\"@id\":\"https:\\\/\\\/plastomer.se\\\/no\\\/#\\\/schema\\\/logo\\\/image\\\/\"}}]}<\/script>\n<!-- \/ Yoast SEO plugin. -->","yoast_head_json":{"title":"\u00c5terf\u00f6rs\u00e4ljare - Plastomer","robots":{"index":"index","follow":"follow","max-snippet":"max-snippet:-1","max-image-preview":"max-image-preview:large","max-video-preview":"max-video-preview:-1"},"canonical":"https:\/\/plastomer.se\/no\/produkter\/bilprodukter\/aterforsaljare\/","og_locale":"nb_NO","og_type":"article","og_title":"\u00c5terf\u00f6rs\u00e4ljare - Plastomer","og_description":"\u00c5terf\u00f6rs\u00e4ljare \u00c5terf\u00f6rs\u00e4ljare \u00c5terf\u00f6rs\u00e4ljare LandVirksomhetTelefonWebb Land BelgienVirksomhet Carplus N.V.Telefon +32-32 33 39 84Webb Land DanmarkVirksomhet Avant Danmark\/Dansk BiludstyrTelefon Webb www.biludstyr.dkLand EstlandVirksomhet Motoral Eesti ASTelefon +372 620 1464Webb www.motoral.eeLand LitauernVirksomhet Looking for distributorTelefon Webb Land NorgeVirksomhet AS S\u00f8rensen og BalchenTelefon Webb www.sogb.noLand PolenVirksomhet Autoparts Import, Telefon +48 32 209 52 32Webb www.autoparts.net.plLand PortugalVirksomhet Looking for distributorTelefon Webb [&hellip;]","og_url":"https:\/\/plastomer.se\/no\/produkter\/bilprodukter\/aterforsaljare\/","og_site_name":"Plastomer","article_modified_time":"2023-02-08T09:01:12+00:00","og_image":[{"width":2300,"height":2300,"url":"https:\/\/plastomer.se\/wp-content\/uploads\/2022\/04\/truck_side-o.jpg","type":"image\/jpeg"}],"twitter_card":"summary_large_image","twitter_misc":{"Ansl. lesetid":"3 minutter"},"schema":{"@context":"https:\/\/schema.org","@graph":[{"@type":"WebPage","@id":"https:\/\/plastomer.se\/no\/produkter\/bilprodukter\/aterforsaljare\/","url":"https:\/\/plastomer.se\/no\/produkter\/bilprodukter\/aterforsaljare\/","name":"\u00c5terf\u00f6rs\u00e4ljare - Plastomer","isPartOf":{"@id":"https:\/\/plastomer.se\/no\/#website"},"primaryImageOfPage":{"@id":"https:\/\/plastomer.se\/no\/produkter\/bilprodukter\/aterforsaljare\/#primaryimage"},"image":{"@id":"https:\/\/plastomer.se\/no\/produkter\/bilprodukter\/aterforsaljare\/#primaryimage"},"thumbnailUrl":"https:\/\/plastomer.se\/wp-content\/uploads\/2022\/04\/truck_side-o.jpg","datePublished":"2022-04-19T09:06:07+00:00","dateModified":"2023-02-08T09:01:12+00:00","breadcrumb":{"@id":"https:\/\/plastomer.se\/no\/produkter\/bilprodukter\/aterforsaljare\/#breadcrumb"},"inLanguage":"nb-NO","potentialAction":[{"@type":"ReadAction","target":["https:\/\/plastomer.se\/no\/produkter\/bilprodukter\/aterforsaljare\/"]}]},{"@type":"ImageObject","inLanguage":"nb-NO","@id":"https:\/\/plastomer.se\/no\/produkter\/bilprodukter\/aterforsaljare\/#primaryimage","url":"https:\/\/plastomer.se\/wp-content\/uploads\/2022\/04\/truck_side-o.jpg","contentUrl":"https:\/\/plastomer.se\/wp-content\/uploads\/2022\/04\/truck_side-o.jpg","width":2300,"height":2300,"caption":"PlastoMer tillbeh\u00f6r till lastbilar"},{"@type":"BreadcrumbList","@id":"https:\/\/plastomer.se\/no\/produkter\/bilprodukter\/aterforsaljare\/#breadcrumb","itemListElement":[{"@type":"ListItem","position":1,"name":"Home","item":"https:\/\/plastomer.se\/no\/"},{"@type":"ListItem","position":2,"name":"Produkter","item":"https:\/\/plastomer.se\/no\/produkter\/"},{"@type":"ListItem","position":3,"name":"Bilprodukter","item":"https:\/\/plastomer.se\/no\/produkter\/bilprodukter\/"},{"@type":"ListItem","position":4,"name":"\u00c5terf\u00f6rs\u00e4ljare"}]},{"@type":"WebSite","@id":"https:\/\/plastomer.se\/no\/#website","url":"https:\/\/plastomer.se\/no\/","name":"Plastomer","description":"Lastbilstillbeh\u00f6r i V\u00e4rldsklass","publisher":{"@id":"https:\/\/plastomer.se\/no\/#organization"},"potentialAction":[{"@type":"SearchAction","target":{"@type":"EntryPoint","urlTemplate":"https:\/\/plastomer.se\/no\/?s={search_term_string}"},"query-input":{"@type":"PropertyValueSpecification","valueRequired":true,"valueName":"search_term_string"}}],"inLanguage":"nb-NO"},{"@type":"Organization","@id":"https:\/\/plastomer.se\/no\/#organization","name":"Plastomer","url":"https:\/\/plastomer.se\/no\/","logo":{"@type":"ImageObject","inLanguage":"nb-NO","@id":"https:\/\/plastomer.se\/no\/#\/schema\/logo\/image\/","url":"https:\/\/plastomer.se\/wp-content\/uploads\/2025\/04\/plastomer.png","contentUrl":"https:\/\/plastomer.se\/wp-content\/uploads\/2025\/04\/plastomer.png","width":1024,"height":1024,"caption":"Plastomer"},"image":{"@id":"https:\/\/plastomer.se\/no\/#\/schema\/logo\/image\/"}}]}},"_links":{"self":[{"href":"https:\/\/plastomer.se\/no\/wp-json\/wp\/v2\/pages\/2888","targetHints":{"allow":["GET"]}}],"collection":[{"href":"https:\/\/plastomer.se\/no\/wp-json\/wp\/v2\/pages"}],"about":[{"href":"https:\/\/plastomer.se\/no\/wp-json\/wp\/v2\/types\/page"}],"author":[{"embeddable":true,"href":"https:\/\/plastomer.se\/no\/wp-json\/wp\/v2\/users\/1"}],"replies":[{"embeddable":true,"href":"https:\/\/plastomer.se\/no\/wp-json\/wp\/v2\/comments?post=2888"}],"version-history":[{"count":4,"href":"https:\/\/plastomer.se\/no\/wp-json\/wp\/v2\/pages\/2888\/revisions"}],"predecessor-version":[{"id":4060,"href":"https:\/\/plastomer.se\/no\/wp-json\/wp\/v2\/pages\/2888\/revisions\/4060"}],"up":[{"embeddable":true,"href":"https:\/\/plastomer.se\/no\/wp-json\/wp\/v2\/pages\/2889"}],"wp:featuredmedia":[{"embeddable":true,"href":"https:\/\/plastomer.se\/no\/wp-json\/wp\/v2\/media\/693"}],"wp:attachment":[{"href":"https:\/\/plastomer.se\/no\/wp-json\/wp\/v2\/media?parent=2888"}],"curies":[{"name":"wp","href":"https:\/\/api.w.org\/{rel}","templated":true}]}}