{"id":2883,"date":"2022-04-19T10:35:55","date_gmt":"2022-04-19T08:35:55","guid":{"rendered":"https:\/\/plastomer.se\/rensi-bilmatter\/"},"modified":"2023-11-30T14:27:03","modified_gmt":"2023-11-30T13:27:03","slug":"rensi-bilmatter","status":"publish","type":"page","link":"https:\/\/plastomer.se\/no\/produkter\/bilprodukter\/rensi-bilmatter\/","title":{"rendered":"Rensi bilmatter"},"content":{"rendered":"\n<h1>\n\t\tRensi bilmatter\n\t<\/h1>\n\t<h2>Rensi -Bilmatte for all slags v\u00e6r<\/h2>\n<p>Sk\u00e5lformen, passformen, m\u00f8nsteret og materialet bidrar til \u00e5 holde smuss og vann p\u00e5 teppet og gj\u00f8r bilen enkel \u00e5 rengj\u00f8re. Utvalget av rensi-matter dekker over 200 forskjellige bilmodeller, hvorav de vanligste er presentert i v\u00e5r anbefalingstabell. Hver matte har et tresifret nummer og anbefalingstabellen, som oppdateres fortl\u00f8pende, viser hvilken matte som passer for din bil. Du kan finne rensi bilmatter i din biltilbeh\u00f8rsbutikk. rensi bilmatten er laget av PE-LD (low-density polyethylene), som med tillegg av syntetisk gummi f\u00e5r sine unike egenskaper og en mykere f\u00f8lelse. Den er 100 % resirkulerbar og har et resirkuleringssymbol.<\/p>\n<p>rensi gj\u00f8r det enkelt for deg \u00e5 holde gulvplassen i bilen ren og luktfri. rensi holder ogs\u00e5 plassen under teppet t\u00f8rr og forhindrer dermed mugg. Den er slagfast og slitesterk ved temperaturer ned til -40\u00b0C. Bilmatten er testet og oppfyller kravene til flammesikkerhet i henhold til U.S. standard DOT-FMVSS 302.<\/p>\n<p>rensi vaskes best med vanlig vaskemiddel og en svamp eller oppvaskb\u00f8rste. Skyll deretter med rent vann. Det er ogs\u00e5 bra \u00e5 h\u00f8ytrykksvaske rensi.<\/p>\n\t\t\t<a href=\"https:\/\/plastomer.se\/wp-content\/uploads\/2022\/11\/2022-421020-rektabell-recommendationlist-42-2022.pdf\" target=\"_blank\" role=\"button\" rel=\"noopener\">\n\t\t\t\t\t\t\trensi anbefalingstabell\n\t\t\t\t\t<\/a>\n\t<p><img loading=\"lazy\" decoding=\"async\" src=\"https:\/\/plastomer.se\/wp-content\/uploads\/2022\/04\/rensi_logo_hemsida-14-e1571997224544-300x129.jpg\" alt=\"\" width=\"150\" height=\"64\"><\/p>\n<h3>fordeler<\/h3>\n<ul>\n<li>Samler opp smuss og fuktighet takket v\u00e6re de h\u00f8ye kantene rundt teppet.<\/li>\n<li>Sterkt redusert risiko for rust.<\/li>\n<li>Tekstilet under teppet holdes rent og t\u00f8rt, noe som forhindrer vond lukt og mugg.<\/li>\n<li>Matten er utformet p\u00e5 en m\u00e5te som gj\u00f8r den enkel \u00e5 ta av og t\u00f8mme.<\/li>\n<li>Meget slitesterk og kan normalt brukes i hele kj\u00f8ret\u00f8yets levetid.<\/li>\n<li>Ved \u00e5 beskytte bilgulvet med rensi \u00f8ker du gjensalgsverdien p\u00e5 bilen din.<\/li>\n<\/ul>\n<h3>Sp\u00f8rsm\u00e5l<\/h3>\n<ul>\n<li>Har du sp\u00f8rsm\u00e5l eller \u00f8nsker r\u00e5d om renhold, ring oss p\u00e5 tlf <a href=\"tel:0490-822%2080\">0490-822 80<\/a>, eller e-post til <a href=\"mailto:info@plastomer.se\">info@plastomer.se.<\/a><\/li>\n<\/ul>\n","protected":false},"excerpt":{"rendered":"<p>Rensi bilmatter Rensi -Bilmatte for all slags v\u00e6r Sk\u00e5lformen, passformen, m\u00f8nsteret og materialet bidrar til \u00e5 holde smuss og vann p\u00e5 teppet og gj\u00f8r bilen enkel \u00e5 rengj\u00f8re. Utvalget av rensi-matter dekker over 200 forskjellige bilmodeller, hvorav de vanligste er presentert i v\u00e5r anbefalingstabell. Hver matte har et tresifret nummer og anbefalingstabellen, som oppdateres fortl\u00f8pende, [&hellip;]<\/p>\n","protected":false},"author":1,"featured_media":693,"parent":2889,"menu_order":0,"comment_status":"closed","ping_status":"closed","template":"page-templates\/template-pagebuilder.php","meta":{"_acf_changed":false,"_genesis_hide_title":false,"_genesis_hide_breadcrumbs":false,"_genesis_hide_singular_image":false,"_genesis_hide_footer_widgets":false,"_genesis_custom_body_class":"","_genesis_custom_post_class":"","_genesis_layout":"","footnotes":""},"class_list":{"0":"post-2883","1":"page","2":"type-page","3":"status-publish","4":"has-post-thumbnail","6":"entry"},"acf":[],"yoast_head":"<!-- This site is optimized with the Yoast SEO plugin v27.3 - https:\/\/yoast.com\/product\/yoast-seo-wordpress\/ -->\n<title>Rensi bilmatter - Plastomer<\/title>\n<meta name=\"description\" content=\"Utvalget av rensi bilmatter dekker over 200 forskjellige bilmodeller, hvorav de vanligste er presentert i v\u00e5r anbefalingstabell.\" \/>\n<meta name=\"robots\" content=\"index, follow, max-snippet:-1, max-image-preview:large, max-video-preview:-1\" \/>\n<link rel=\"canonical\" href=\"https:\/\/plastomer.se\/no\/produkter\/bilprodukter\/rensi-bilmatter\/\" \/>\n<meta property=\"og:locale\" content=\"nb_NO\" \/>\n<meta property=\"og:type\" content=\"article\" \/>\n<meta property=\"og:title\" content=\"Rensi bilmatter - Plastomer\" \/>\n<meta property=\"og:description\" content=\"Utvalget av rensi bilmatter dekker over 200 forskjellige bilmodeller, hvorav de vanligste er presentert i v\u00e5r anbefalingstabell.\" \/>\n<meta property=\"og:url\" content=\"https:\/\/plastomer.se\/no\/produkter\/bilprodukter\/rensi-bilmatter\/\" \/>\n<meta property=\"og:site_name\" content=\"Plastomer\" \/>\n<meta property=\"article:modified_time\" content=\"2023-11-30T13:27:03+00:00\" \/>\n<meta property=\"og:image\" content=\"https:\/\/plastomer.se\/wp-content\/uploads\/2022\/04\/truck_side-o.jpg\" \/>\n\t<meta property=\"og:image:width\" content=\"2300\" \/>\n\t<meta property=\"og:image:height\" content=\"2300\" \/>\n\t<meta property=\"og:image:type\" content=\"image\/jpeg\" \/>\n<meta name=\"twitter:card\" content=\"summary_large_image\" \/>\n<meta name=\"twitter:label1\" content=\"Ansl. lesetid\" \/>\n\t<meta name=\"twitter:data1\" content=\"2 minutter\" \/>\n<script type=\"application\/ld+json\" class=\"yoast-schema-graph\">{\"@context\":\"https:\\\/\\\/schema.org\",\"@graph\":[{\"@type\":\"WebPage\",\"@id\":\"https:\\\/\\\/plastomer.se\\\/no\\\/produkter\\\/bilprodukter\\\/rensi-bilmatter\\\/\",\"url\":\"https:\\\/\\\/plastomer.se\\\/no\\\/produkter\\\/bilprodukter\\\/rensi-bilmatter\\\/\",\"name\":\"Rensi bilmatter - Plastomer\",\"isPartOf\":{\"@id\":\"https:\\\/\\\/plastomer.se\\\/no\\\/#website\"},\"primaryImageOfPage\":{\"@id\":\"https:\\\/\\\/plastomer.se\\\/no\\\/produkter\\\/bilprodukter\\\/rensi-bilmatter\\\/#primaryimage\"},\"image\":{\"@id\":\"https:\\\/\\\/plastomer.se\\\/no\\\/produkter\\\/bilprodukter\\\/rensi-bilmatter\\\/#primaryimage\"},\"thumbnailUrl\":\"https:\\\/\\\/plastomer.se\\\/wp-content\\\/uploads\\\/2022\\\/04\\\/truck_side-o.jpg\",\"datePublished\":\"2022-04-19T08:35:55+00:00\",\"dateModified\":\"2023-11-30T13:27:03+00:00\",\"description\":\"Utvalget av rensi bilmatter dekker over 200 forskjellige bilmodeller, hvorav de vanligste er presentert i v\u00e5r anbefalingstabell.\",\"breadcrumb\":{\"@id\":\"https:\\\/\\\/plastomer.se\\\/no\\\/produkter\\\/bilprodukter\\\/rensi-bilmatter\\\/#breadcrumb\"},\"inLanguage\":\"nb-NO\",\"potentialAction\":[{\"@type\":\"ReadAction\",\"target\":[\"https:\\\/\\\/plastomer.se\\\/no\\\/produkter\\\/bilprodukter\\\/rensi-bilmatter\\\/\"]}]},{\"@type\":\"ImageObject\",\"inLanguage\":\"nb-NO\",\"@id\":\"https:\\\/\\\/plastomer.se\\\/no\\\/produkter\\\/bilprodukter\\\/rensi-bilmatter\\\/#primaryimage\",\"url\":\"https:\\\/\\\/plastomer.se\\\/wp-content\\\/uploads\\\/2022\\\/04\\\/truck_side-o.jpg\",\"contentUrl\":\"https:\\\/\\\/plastomer.se\\\/wp-content\\\/uploads\\\/2022\\\/04\\\/truck_side-o.jpg\",\"width\":2300,\"height\":2300,\"caption\":\"PlastoMer tillbeh\u00f6r till lastbilar\"},{\"@type\":\"BreadcrumbList\",\"@id\":\"https:\\\/\\\/plastomer.se\\\/no\\\/produkter\\\/bilprodukter\\\/rensi-bilmatter\\\/#breadcrumb\",\"itemListElement\":[{\"@type\":\"ListItem\",\"position\":1,\"name\":\"Home\",\"item\":\"https:\\\/\\\/plastomer.se\\\/no\\\/\"},{\"@type\":\"ListItem\",\"position\":2,\"name\":\"Produkter\",\"item\":\"https:\\\/\\\/plastomer.se\\\/no\\\/produkter\\\/\"},{\"@type\":\"ListItem\",\"position\":3,\"name\":\"Bilprodukter\",\"item\":\"https:\\\/\\\/plastomer.se\\\/no\\\/produkter\\\/bilprodukter\\\/\"},{\"@type\":\"ListItem\",\"position\":4,\"name\":\"Rensi bilmatter\"}]},{\"@type\":\"WebSite\",\"@id\":\"https:\\\/\\\/plastomer.se\\\/no\\\/#website\",\"url\":\"https:\\\/\\\/plastomer.se\\\/no\\\/\",\"name\":\"Plastomer\",\"description\":\"Lastbilstillbeh\u00f6r i V\u00e4rldsklass\",\"publisher\":{\"@id\":\"https:\\\/\\\/plastomer.se\\\/no\\\/#organization\"},\"potentialAction\":[{\"@type\":\"SearchAction\",\"target\":{\"@type\":\"EntryPoint\",\"urlTemplate\":\"https:\\\/\\\/plastomer.se\\\/no\\\/?s={search_term_string}\"},\"query-input\":{\"@type\":\"PropertyValueSpecification\",\"valueRequired\":true,\"valueName\":\"search_term_string\"}}],\"inLanguage\":\"nb-NO\"},{\"@type\":\"Organization\",\"@id\":\"https:\\\/\\\/plastomer.se\\\/no\\\/#organization\",\"name\":\"Plastomer\",\"url\":\"https:\\\/\\\/plastomer.se\\\/no\\\/\",\"logo\":{\"@type\":\"ImageObject\",\"inLanguage\":\"nb-NO\",\"@id\":\"https:\\\/\\\/plastomer.se\\\/no\\\/#\\\/schema\\\/logo\\\/image\\\/\",\"url\":\"https:\\\/\\\/plastomer.se\\\/wp-content\\\/uploads\\\/2025\\\/04\\\/plastomer.png\",\"contentUrl\":\"https:\\\/\\\/plastomer.se\\\/wp-content\\\/uploads\\\/2025\\\/04\\\/plastomer.png\",\"width\":1024,\"height\":1024,\"caption\":\"Plastomer\"},\"image\":{\"@id\":\"https:\\\/\\\/plastomer.se\\\/no\\\/#\\\/schema\\\/logo\\\/image\\\/\"}}]}<\/script>\n<!-- \/ Yoast SEO plugin. -->","yoast_head_json":{"title":"Rensi bilmatter - Plastomer","description":"Utvalget av rensi bilmatter dekker over 200 forskjellige bilmodeller, hvorav de vanligste er presentert i v\u00e5r anbefalingstabell.","robots":{"index":"index","follow":"follow","max-snippet":"max-snippet:-1","max-image-preview":"max-image-preview:large","max-video-preview":"max-video-preview:-1"},"canonical":"https:\/\/plastomer.se\/no\/produkter\/bilprodukter\/rensi-bilmatter\/","og_locale":"nb_NO","og_type":"article","og_title":"Rensi bilmatter - Plastomer","og_description":"Utvalget av rensi bilmatter dekker over 200 forskjellige bilmodeller, hvorav de vanligste er presentert i v\u00e5r anbefalingstabell.","og_url":"https:\/\/plastomer.se\/no\/produkter\/bilprodukter\/rensi-bilmatter\/","og_site_name":"Plastomer","article_modified_time":"2023-11-30T13:27:03+00:00","og_image":[{"width":2300,"height":2300,"url":"https:\/\/plastomer.se\/wp-content\/uploads\/2022\/04\/truck_side-o.jpg","type":"image\/jpeg"}],"twitter_card":"summary_large_image","twitter_misc":{"Ansl. lesetid":"2 minutter"},"schema":{"@context":"https:\/\/schema.org","@graph":[{"@type":"WebPage","@id":"https:\/\/plastomer.se\/no\/produkter\/bilprodukter\/rensi-bilmatter\/","url":"https:\/\/plastomer.se\/no\/produkter\/bilprodukter\/rensi-bilmatter\/","name":"Rensi bilmatter - Plastomer","isPartOf":{"@id":"https:\/\/plastomer.se\/no\/#website"},"primaryImageOfPage":{"@id":"https:\/\/plastomer.se\/no\/produkter\/bilprodukter\/rensi-bilmatter\/#primaryimage"},"image":{"@id":"https:\/\/plastomer.se\/no\/produkter\/bilprodukter\/rensi-bilmatter\/#primaryimage"},"thumbnailUrl":"https:\/\/plastomer.se\/wp-content\/uploads\/2022\/04\/truck_side-o.jpg","datePublished":"2022-04-19T08:35:55+00:00","dateModified":"2023-11-30T13:27:03+00:00","description":"Utvalget av rensi bilmatter dekker over 200 forskjellige bilmodeller, hvorav de vanligste er presentert i v\u00e5r anbefalingstabell.","breadcrumb":{"@id":"https:\/\/plastomer.se\/no\/produkter\/bilprodukter\/rensi-bilmatter\/#breadcrumb"},"inLanguage":"nb-NO","potentialAction":[{"@type":"ReadAction","target":["https:\/\/plastomer.se\/no\/produkter\/bilprodukter\/rensi-bilmatter\/"]}]},{"@type":"ImageObject","inLanguage":"nb-NO","@id":"https:\/\/plastomer.se\/no\/produkter\/bilprodukter\/rensi-bilmatter\/#primaryimage","url":"https:\/\/plastomer.se\/wp-content\/uploads\/2022\/04\/truck_side-o.jpg","contentUrl":"https:\/\/plastomer.se\/wp-content\/uploads\/2022\/04\/truck_side-o.jpg","width":2300,"height":2300,"caption":"PlastoMer tillbeh\u00f6r till lastbilar"},{"@type":"BreadcrumbList","@id":"https:\/\/plastomer.se\/no\/produkter\/bilprodukter\/rensi-bilmatter\/#breadcrumb","itemListElement":[{"@type":"ListItem","position":1,"name":"Home","item":"https:\/\/plastomer.se\/no\/"},{"@type":"ListItem","position":2,"name":"Produkter","item":"https:\/\/plastomer.se\/no\/produkter\/"},{"@type":"ListItem","position":3,"name":"Bilprodukter","item":"https:\/\/plastomer.se\/no\/produkter\/bilprodukter\/"},{"@type":"ListItem","position":4,"name":"Rensi bilmatter"}]},{"@type":"WebSite","@id":"https:\/\/plastomer.se\/no\/#website","url":"https:\/\/plastomer.se\/no\/","name":"Plastomer","description":"Lastbilstillbeh\u00f6r i V\u00e4rldsklass","publisher":{"@id":"https:\/\/plastomer.se\/no\/#organization"},"potentialAction":[{"@type":"SearchAction","target":{"@type":"EntryPoint","urlTemplate":"https:\/\/plastomer.se\/no\/?s={search_term_string}"},"query-input":{"@type":"PropertyValueSpecification","valueRequired":true,"valueName":"search_term_string"}}],"inLanguage":"nb-NO"},{"@type":"Organization","@id":"https:\/\/plastomer.se\/no\/#organization","name":"Plastomer","url":"https:\/\/plastomer.se\/no\/","logo":{"@type":"ImageObject","inLanguage":"nb-NO","@id":"https:\/\/plastomer.se\/no\/#\/schema\/logo\/image\/","url":"https:\/\/plastomer.se\/wp-content\/uploads\/2025\/04\/plastomer.png","contentUrl":"https:\/\/plastomer.se\/wp-content\/uploads\/2025\/04\/plastomer.png","width":1024,"height":1024,"caption":"Plastomer"},"image":{"@id":"https:\/\/plastomer.se\/no\/#\/schema\/logo\/image\/"}}]}},"_links":{"self":[{"href":"https:\/\/plastomer.se\/no\/wp-json\/wp\/v2\/pages\/2883","targetHints":{"allow":["GET"]}}],"collection":[{"href":"https:\/\/plastomer.se\/no\/wp-json\/wp\/v2\/pages"}],"about":[{"href":"https:\/\/plastomer.se\/no\/wp-json\/wp\/v2\/types\/page"}],"author":[{"embeddable":true,"href":"https:\/\/plastomer.se\/no\/wp-json\/wp\/v2\/users\/1"}],"replies":[{"embeddable":true,"href":"https:\/\/plastomer.se\/no\/wp-json\/wp\/v2\/comments?post=2883"}],"version-history":[{"count":3,"href":"https:\/\/plastomer.se\/no\/wp-json\/wp\/v2\/pages\/2883\/revisions"}],"predecessor-version":[{"id":4038,"href":"https:\/\/plastomer.se\/no\/wp-json\/wp\/v2\/pages\/2883\/revisions\/4038"}],"up":[{"embeddable":true,"href":"https:\/\/plastomer.se\/no\/wp-json\/wp\/v2\/pages\/2889"}],"wp:featuredmedia":[{"embeddable":true,"href":"https:\/\/plastomer.se\/no\/wp-json\/wp\/v2\/media\/693"}],"wp:attachment":[{"href":"https:\/\/plastomer.se\/no\/wp-json\/wp\/v2\/media?parent=2883"}],"curies":[{"name":"wp","href":"https:\/\/api.w.org\/{rel}","templated":true}]}}