{"id":2880,"date":"2022-04-12T08:51:52","date_gmt":"2022-04-12T06:51:52","guid":{"rendered":"https:\/\/plastomer.se\/produkter\/"},"modified":"2025-06-30T13:48:53","modified_gmt":"2025-06-30T11:48:53","slug":"produkter","status":"publish","type":"page","link":"https:\/\/plastomer.se\/no\/produkter\/","title":{"rendered":"Produkter"},"content":{"rendered":"\n<h1>\n\t\t\tProdukter\t<\/h1>\n\t<h2>Velkommen til Plastomer Sverige<\/h2>\n<p>Vi produserer og selger produkter og tilbeh\u00f8r til b\u00e5de lastebiler og personbiler. I dag er vi markedsleder p\u00e5 skvettlapper med reklametrykk, produktet som alt en gang startet rundt. Vi supplerer v\u00e5rt sprutbeskyttelsessortiment med &laquo;rundt hjulet&raquo;-produkter. Gjennom samarbeidet med Domar har vi v\u00e6rt et byr\u00e5 for deres trygge og solide skjermer og tilbeh\u00f8r til b\u00e5de lastebiler og anleggsbiler i snart 10 \u00e5r. Vi har ett brett utbud av lastbilsprodukter fr\u00e5n flera av branschens ledande tillverkareVi har et bredt utvalg av lastebilprodukter fra flere av bransjens ledende produsenter. Vi tilbyr alt fra lasteramper og stiger til sprutbeskyttere og stoppere. Her p\u00e5 nettsiden v\u00e5r finner du noe av v\u00e5re leverand\u00f8rers sortiment. P\u00e5 nettsiden deres finner du hele utvalget. Alle produkter kan enkelt bestilles gjennom oss.<\/p>\n<p>All produksjon foreg\u00e5r i egnede lokaler i Vestervik. Du er velkommen til \u00e5 kontakte oss for mer informasjon.<\/p>\n<p>&nbsp;<\/p>\n<ul>\n<li>\n        <a href=\"https:\/\/plastomer.se\/produkter\/lastbil\/stankskydd\/\">\n            <img decoding=\"async\" src=\"https:\/\/plastomer.se\/wp-content\/uploads\/2022\/05\/Sta\u0308nkskydd-01-300x300.png\"\/>\n            <h3>St\u00e4nkskydd<\/h3>\n        <\/a>\n    <\/li><li>\n        <a href=\"https:\/\/plastomer.se\/produkter\/lastbil\/rensi-spray-anti-spray\/\">\n            <img decoding=\"async\" src=\"https:\/\/plastomer.se\/wp-content\/uploads\/2022\/05\/Sta\u0308nkskydd-01-300x300.png\"\/>\n            <h3>St\u00e4nkskydd med antispray<\/h3>\n        <\/a>\n    <\/li><li>\n        <a href=\"https:\/\/plastomer.se\/produkter\/lastbil\/fullbreddsskydd-uks\/\">\n            <img decoding=\"async\" src=\"https:\/\/plastomer.se\/wp-content\/uploads\/2022\/05\/Fullbreddskydd-300x300.png\"\/>\n            <h3>Fullbreddskydd<\/h3>\n        <\/a>\n    <\/li><li>\n        <a href=\"https:\/\/plastomer.se\/produkter\/domar\">\n            <img decoding=\"async\" src=\"https:\/\/plastomer.se\/wp-content\/uploads\/2022\/05\/Ska\u0308rmar-Tillbeho\u0308r-03-300x300.png\"\/>\n            <h3>Sk\u00e4rmar &#038; sk\u00e4rmtillbeh\u00f6r<\/h3>\n        <\/a>\n    <\/li><li>\n        <a href=\"https:\/\/plastomer.se\/produkter\/daken\/brandslackarboxar\">\n            <img decoding=\"async\" src=\"https:\/\/plastomer.se\/wp-content\/uploads\/2022\/05\/Brandsla\u0308ckarboxar-300x300.png\"\/>\n            <h3>Brandsl\u00e4ckar-boxar<\/h3>\n        <\/a>\n    <\/li><li>\n        <a href=\"https:\/\/plastomer.se\/produkter\/daken\/verktygslador\">\n            <img decoding=\"async\" src=\"https:\/\/plastomer.se\/wp-content\/uploads\/2022\/05\/Verktygsla\u030ada-05-300x300.png\"\/>\n            <h3>Verktygsl\u00e5dor<\/h3>\n        <\/a>\n    <\/li><li>\n        <a href=\"https:\/\/plastomer.se\/produkter\/takler\/underkorningsskydd\">\n            <img decoding=\"async\" src=\"https:\/\/plastomer.se\/wp-content\/uploads\/2022\/05\/Kantskydd-Sidoskydd-300x300.png\"\/>\n            <h3>Kantskydd &#038; sidoskydd<\/h3>\n        <\/a>\n    <\/li><li>\n        <a href=\"https:\/\/plastomer.se\/produkter\/lastbil\/wm-system-sortiment\">\n            <img decoding=\"async\" src=\"https:\/\/plastomer.se\/wp-content\/uploads\/2022\/05\/Lastramper-08-300x300.png\"\/>\n            <h3>Lastramper<\/h3>\n        <\/a>\n    <\/li><li>\n        <a href=\"https:\/\/plastomer.se\/produkter\/takler\/stegar\">\n            <img decoding=\"async\" src=\"https:\/\/plastomer.se\/wp-content\/uploads\/2022\/05\/Stegar-09-300x300.png\"\/>\n            <h3>Stegar<\/h3>\n        <\/a>\n    <\/li><li>\n        <a href=\"https:\/\/plastomer.se\/produkter\/lokhen-produkter\">\n            <img decoding=\"async\" src=\"https:\/\/plastomer.se\/wp-content\/uploads\/2022\/05\/Stoppklossar-300x300.png\"\/>\n            <h3>Stoppklossar<\/h3>\n        <\/a>\n    <\/li><\/ul>\n<h2>\n\t\t<a href=\"https:\/\/plastomer.se\/produkter\/lastbil\/stankskydd\/\" title=\"Visa vem som ligger f\u00f6re med ditt tryck p\u00e5 st\u00e4nkskydden!\"  target=\"_self\">\n\t\t\tVisa vem som ligger f\u00f6re med ditt tryck p\u00e5 st\u00e4nkskydden!\t\t<\/a>\n\t<\/h2>\n<h2>\n\t\t<a href=\"https:\/\/plastomer.se\/produkter\/daken\/\" title=\"Verktygsl\u00e5dor fr\u00e5n daken\"  target=\"_self\">\n\t\t\tVerktygsl\u00e5dor fr\u00e5n daken\t\t<\/a>\n\t<\/h2>\n\t<p>Best\u00e4ller du enkelt fr\u00e5n oss<\/p>\n\t<p>Kontakta S\u00e4ljare &#8211; sales@plastomer.se | 0490-822 80<\/p>\n\t<h2>Passasjerbiler<\/h2>\n<p>P\u00e5 personbilsiden er det fokus p\u00e5 personbilmatter av merket rensi. Utvalget av rensi matter dekker over 200 forskjellige bilmodeller. Som et supplement til bilmattene selger vi ogs\u00e5 bagasjeromsmatter. P\u00e5 personbilsiden tilbys ogs\u00e5 et sortiment som multibokser, for lagrings- og sorteringshjelp, kulebeskyttere til hengerfeste og sprutbeskyttere til personbiler hvor selskapet i dag er agentur for kvalitetsleverand\u00f8ren Powerflow.<\/p>\n<h2>\n\t\t<a href=\"http:\/\/shop.plastomer.se\" title=\"Bes\u00f8k v\u00e5r nettbutikk - Her finner du bagasjeromsmatten til din bil.\"  target=\"_blank\"  rel=\"noopener\">\n\t\t\tBes\u00f8k v\u00e5r nettbutikk &#8211; Her finner du bagasjeromsmatten til din bil.\t\t<\/a>\n\t<\/h2>\n\t<p>velkommen inn<\/p>\n<h2>\n\t\t<a href=\"https:\/\/plastomer.se\/produkter\/lastbil\/daken\/\" title=\"Allv\u00e6rs teppe.\"  target=\"_self\">\n\t\t\tAllv\u00e6rs teppe.\t\t<\/a>\n\t<\/h2>\n\t<p>Beskytt bilen din med rensi bilkart. Les mer om fordelene med rensi<\/p>\n\t<p>Kontakt Sales &#8211; bjorn.nyhagen@plastomer.no | 090771984<\/p>\n\t\n","protected":false},"excerpt":{"rendered":"<p>Produkter Velkommen til Plastomer Sverige Vi produserer og selger produkter og tilbeh\u00f8r til b\u00e5de lastebiler og personbiler. I dag er vi markedsleder p\u00e5 skvettlapper med reklametrykk, produktet som alt en gang startet rundt. Vi supplerer v\u00e5rt sprutbeskyttelsessortiment med &laquo;rundt hjulet&raquo;-produkter. Gjennom samarbeidet med Domar har vi v\u00e6rt et byr\u00e5 for deres trygge og solide skjermer [&hellip;]<\/p>\n","protected":false},"author":1,"featured_media":724,"parent":0,"menu_order":0,"comment_status":"closed","ping_status":"closed","template":"page-templates\/template-pagebuilder.php","meta":{"_acf_changed":false,"_genesis_hide_title":false,"_genesis_hide_breadcrumbs":false,"_genesis_hide_singular_image":false,"_genesis_hide_footer_widgets":false,"_genesis_custom_body_class":"","_genesis_custom_post_class":"","_genesis_layout":"","footnotes":""},"class_list":{"0":"post-2880","1":"page","2":"type-page","3":"status-publish","4":"has-post-thumbnail","6":"entry"},"acf":[],"yoast_head":"<!-- This site is optimized with the Yoast SEO plugin v27.3 - https:\/\/yoast.com\/product\/yoast-seo-wordpress\/ -->\n<title>Lastebil produkter - Plastomer<\/title>\n<meta name=\"description\" content=\"Vi produserer og selger lastebilprodukter og tilbeh\u00f8r. Vi selger alt fra skjermer til lasteramper og produserer v\u00e5re egne skjermer.\" \/>\n<meta name=\"robots\" content=\"index, follow, max-snippet:-1, max-image-preview:large, max-video-preview:-1\" \/>\n<link rel=\"canonical\" href=\"https:\/\/plastomer.se\/no\/produkter\/\" \/>\n<meta property=\"og:locale\" content=\"nb_NO\" \/>\n<meta property=\"og:type\" content=\"article\" \/>\n<meta property=\"og:title\" content=\"Lastebil produkter - Plastomer\" \/>\n<meta property=\"og:description\" content=\"Vi produserer og selger lastebilprodukter og tilbeh\u00f8r. Vi selger alt fra skjermer til lasteramper og produserer v\u00e5re egne skjermer.\" \/>\n<meta property=\"og:url\" content=\"https:\/\/plastomer.se\/no\/produkter\/\" \/>\n<meta property=\"og:site_name\" content=\"Plastomer\" \/>\n<meta property=\"article:modified_time\" content=\"2025-06-30T11:48:53+00:00\" \/>\n<meta property=\"og:image\" content=\"https:\/\/plastomer.se\/wp-content\/uploads\/2022\/04\/truck-header.jpg\" \/>\n\t<meta property=\"og:image:width\" content=\"1920\" \/>\n\t<meta property=\"og:image:height\" content=\"500\" \/>\n\t<meta property=\"og:image:type\" content=\"image\/jpeg\" \/>\n<meta name=\"twitter:card\" content=\"summary_large_image\" \/>\n<meta name=\"twitter:label1\" content=\"Ansl. lesetid\" \/>\n\t<meta name=\"twitter:data1\" content=\"4 minutter\" \/>\n<script type=\"application\/ld+json\" class=\"yoast-schema-graph\">{\"@context\":\"https:\\\/\\\/schema.org\",\"@graph\":[{\"@type\":\"WebPage\",\"@id\":\"https:\\\/\\\/plastomer.se\\\/no\\\/produkter\\\/\",\"url\":\"https:\\\/\\\/plastomer.se\\\/no\\\/produkter\\\/\",\"name\":\"Lastebil produkter - Plastomer\",\"isPartOf\":{\"@id\":\"https:\\\/\\\/plastomer.se\\\/no\\\/#website\"},\"primaryImageOfPage\":{\"@id\":\"https:\\\/\\\/plastomer.se\\\/no\\\/produkter\\\/#primaryimage\"},\"image\":{\"@id\":\"https:\\\/\\\/plastomer.se\\\/no\\\/produkter\\\/#primaryimage\"},\"thumbnailUrl\":\"https:\\\/\\\/plastomer.se\\\/wp-content\\\/uploads\\\/2022\\\/04\\\/truck-header.jpg\",\"datePublished\":\"2022-04-12T06:51:52+00:00\",\"dateModified\":\"2025-06-30T11:48:53+00:00\",\"description\":\"Vi produserer og selger lastebilprodukter og tilbeh\u00f8r. Vi selger alt fra skjermer til lasteramper og produserer v\u00e5re egne skjermer.\",\"breadcrumb\":{\"@id\":\"https:\\\/\\\/plastomer.se\\\/no\\\/produkter\\\/#breadcrumb\"},\"inLanguage\":\"nb-NO\",\"potentialAction\":[{\"@type\":\"ReadAction\",\"target\":[\"https:\\\/\\\/plastomer.se\\\/no\\\/produkter\\\/\"]}]},{\"@type\":\"ImageObject\",\"inLanguage\":\"nb-NO\",\"@id\":\"https:\\\/\\\/plastomer.se\\\/no\\\/produkter\\\/#primaryimage\",\"url\":\"https:\\\/\\\/plastomer.se\\\/wp-content\\\/uploads\\\/2022\\\/04\\\/truck-header.jpg\",\"contentUrl\":\"https:\\\/\\\/plastomer.se\\\/wp-content\\\/uploads\\\/2022\\\/04\\\/truck-header.jpg\",\"width\":1920,\"height\":500},{\"@type\":\"BreadcrumbList\",\"@id\":\"https:\\\/\\\/plastomer.se\\\/no\\\/produkter\\\/#breadcrumb\",\"itemListElement\":[{\"@type\":\"ListItem\",\"position\":1,\"name\":\"Home\",\"item\":\"https:\\\/\\\/plastomer.se\\\/no\\\/\"},{\"@type\":\"ListItem\",\"position\":2,\"name\":\"Produkter\"}]},{\"@type\":\"WebSite\",\"@id\":\"https:\\\/\\\/plastomer.se\\\/no\\\/#website\",\"url\":\"https:\\\/\\\/plastomer.se\\\/no\\\/\",\"name\":\"Plastomer\",\"description\":\"Lastbilstillbeh\u00f6r i V\u00e4rldsklass\",\"publisher\":{\"@id\":\"https:\\\/\\\/plastomer.se\\\/no\\\/#organization\"},\"potentialAction\":[{\"@type\":\"SearchAction\",\"target\":{\"@type\":\"EntryPoint\",\"urlTemplate\":\"https:\\\/\\\/plastomer.se\\\/no\\\/?s={search_term_string}\"},\"query-input\":{\"@type\":\"PropertyValueSpecification\",\"valueRequired\":true,\"valueName\":\"search_term_string\"}}],\"inLanguage\":\"nb-NO\"},{\"@type\":\"Organization\",\"@id\":\"https:\\\/\\\/plastomer.se\\\/no\\\/#organization\",\"name\":\"Plastomer\",\"url\":\"https:\\\/\\\/plastomer.se\\\/no\\\/\",\"logo\":{\"@type\":\"ImageObject\",\"inLanguage\":\"nb-NO\",\"@id\":\"https:\\\/\\\/plastomer.se\\\/no\\\/#\\\/schema\\\/logo\\\/image\\\/\",\"url\":\"https:\\\/\\\/plastomer.se\\\/wp-content\\\/uploads\\\/2025\\\/04\\\/plastomer.png\",\"contentUrl\":\"https:\\\/\\\/plastomer.se\\\/wp-content\\\/uploads\\\/2025\\\/04\\\/plastomer.png\",\"width\":1024,\"height\":1024,\"caption\":\"Plastomer\"},\"image\":{\"@id\":\"https:\\\/\\\/plastomer.se\\\/no\\\/#\\\/schema\\\/logo\\\/image\\\/\"}}]}<\/script>\n<!-- \/ Yoast SEO plugin. -->","yoast_head_json":{"title":"Lastebil produkter - Plastomer","description":"Vi produserer og selger lastebilprodukter og tilbeh\u00f8r. Vi selger alt fra skjermer til lasteramper og produserer v\u00e5re egne skjermer.","robots":{"index":"index","follow":"follow","max-snippet":"max-snippet:-1","max-image-preview":"max-image-preview:large","max-video-preview":"max-video-preview:-1"},"canonical":"https:\/\/plastomer.se\/no\/produkter\/","og_locale":"nb_NO","og_type":"article","og_title":"Lastebil produkter - Plastomer","og_description":"Vi produserer og selger lastebilprodukter og tilbeh\u00f8r. Vi selger alt fra skjermer til lasteramper og produserer v\u00e5re egne skjermer.","og_url":"https:\/\/plastomer.se\/no\/produkter\/","og_site_name":"Plastomer","article_modified_time":"2025-06-30T11:48:53+00:00","og_image":[{"width":1920,"height":500,"url":"https:\/\/plastomer.se\/wp-content\/uploads\/2022\/04\/truck-header.jpg","type":"image\/jpeg"}],"twitter_card":"summary_large_image","twitter_misc":{"Ansl. lesetid":"4 minutter"},"schema":{"@context":"https:\/\/schema.org","@graph":[{"@type":"WebPage","@id":"https:\/\/plastomer.se\/no\/produkter\/","url":"https:\/\/plastomer.se\/no\/produkter\/","name":"Lastebil produkter - Plastomer","isPartOf":{"@id":"https:\/\/plastomer.se\/no\/#website"},"primaryImageOfPage":{"@id":"https:\/\/plastomer.se\/no\/produkter\/#primaryimage"},"image":{"@id":"https:\/\/plastomer.se\/no\/produkter\/#primaryimage"},"thumbnailUrl":"https:\/\/plastomer.se\/wp-content\/uploads\/2022\/04\/truck-header.jpg","datePublished":"2022-04-12T06:51:52+00:00","dateModified":"2025-06-30T11:48:53+00:00","description":"Vi produserer og selger lastebilprodukter og tilbeh\u00f8r. Vi selger alt fra skjermer til lasteramper og produserer v\u00e5re egne skjermer.","breadcrumb":{"@id":"https:\/\/plastomer.se\/no\/produkter\/#breadcrumb"},"inLanguage":"nb-NO","potentialAction":[{"@type":"ReadAction","target":["https:\/\/plastomer.se\/no\/produkter\/"]}]},{"@type":"ImageObject","inLanguage":"nb-NO","@id":"https:\/\/plastomer.se\/no\/produkter\/#primaryimage","url":"https:\/\/plastomer.se\/wp-content\/uploads\/2022\/04\/truck-header.jpg","contentUrl":"https:\/\/plastomer.se\/wp-content\/uploads\/2022\/04\/truck-header.jpg","width":1920,"height":500},{"@type":"BreadcrumbList","@id":"https:\/\/plastomer.se\/no\/produkter\/#breadcrumb","itemListElement":[{"@type":"ListItem","position":1,"name":"Home","item":"https:\/\/plastomer.se\/no\/"},{"@type":"ListItem","position":2,"name":"Produkter"}]},{"@type":"WebSite","@id":"https:\/\/plastomer.se\/no\/#website","url":"https:\/\/plastomer.se\/no\/","name":"Plastomer","description":"Lastbilstillbeh\u00f6r i V\u00e4rldsklass","publisher":{"@id":"https:\/\/plastomer.se\/no\/#organization"},"potentialAction":[{"@type":"SearchAction","target":{"@type":"EntryPoint","urlTemplate":"https:\/\/plastomer.se\/no\/?s={search_term_string}"},"query-input":{"@type":"PropertyValueSpecification","valueRequired":true,"valueName":"search_term_string"}}],"inLanguage":"nb-NO"},{"@type":"Organization","@id":"https:\/\/plastomer.se\/no\/#organization","name":"Plastomer","url":"https:\/\/plastomer.se\/no\/","logo":{"@type":"ImageObject","inLanguage":"nb-NO","@id":"https:\/\/plastomer.se\/no\/#\/schema\/logo\/image\/","url":"https:\/\/plastomer.se\/wp-content\/uploads\/2025\/04\/plastomer.png","contentUrl":"https:\/\/plastomer.se\/wp-content\/uploads\/2025\/04\/plastomer.png","width":1024,"height":1024,"caption":"Plastomer"},"image":{"@id":"https:\/\/plastomer.se\/no\/#\/schema\/logo\/image\/"}}]}},"_links":{"self":[{"href":"https:\/\/plastomer.se\/no\/wp-json\/wp\/v2\/pages\/2880","targetHints":{"allow":["GET"]}}],"collection":[{"href":"https:\/\/plastomer.se\/no\/wp-json\/wp\/v2\/pages"}],"about":[{"href":"https:\/\/plastomer.se\/no\/wp-json\/wp\/v2\/types\/page"}],"author":[{"embeddable":true,"href":"https:\/\/plastomer.se\/no\/wp-json\/wp\/v2\/users\/1"}],"replies":[{"embeddable":true,"href":"https:\/\/plastomer.se\/no\/wp-json\/wp\/v2\/comments?post=2880"}],"version-history":[{"count":7,"href":"https:\/\/plastomer.se\/no\/wp-json\/wp\/v2\/pages\/2880\/revisions"}],"predecessor-version":[{"id":4945,"href":"https:\/\/plastomer.se\/no\/wp-json\/wp\/v2\/pages\/2880\/revisions\/4945"}],"wp:featuredmedia":[{"embeddable":true,"href":"https:\/\/plastomer.se\/no\/wp-json\/wp\/v2\/media\/724"}],"wp:attachment":[{"href":"https:\/\/plastomer.se\/no\/wp-json\/wp\/v2\/media?parent=2880"}],"curies":[{"name":"wp","href":"https:\/\/api.w.org\/{rel}","templated":true}]}}