{"id":2878,"date":"2022-11-03T15:53:54","date_gmt":"2022-11-03T14:53:54","guid":{"rendered":"https:\/\/plastomer.se\/verktoykasser\/"},"modified":"2025-02-13T09:09:05","modified_gmt":"2025-02-13T08:09:05","slug":"verktoykasser","status":"publish","type":"page","link":"https:\/\/plastomer.se\/no\/produkter\/daken-produkter\/verktoykasser\/","title":{"rendered":"Verkt\u00f8ykasser"},"content":{"rendered":"\n<h1>\n\t\tDaken Verkt\u00f8ykasser\n\t<\/h1>\n\t<h2>Verkt\u00f8ykasser fr\u00e5n Daken<\/h2>\n<p>  PlastoMers verkt\u00f8ykasser for lastebiler kommer fra Daken. Verkt\u00f8ykassene finnes i flere st\u00f8rrelser og varianter, de er stabile og t\u00e5ler b\u00e5de varme og kulde.  <a href=\"https:\/\/www.daken.it\/\"><img loading=\"lazy\" decoding=\"async\" src=\"https:\/\/plastomer.se\/wp-content\/uploads\/2022\/04\/brand-daken-300x101.png\" alt=\"\" width=\"150\" height=\"50\"\/><\/a>  Nedenfor ser du et utvalg av v\u00e5re produkter fra Daken &#8211; for det komplette utvalget, se Daken-nettstedet. Da bestiller du enkelt hos oss.<\/p>\n<section>\n   <h2>Verkt\u00f8ykasse &#8211; METALL Z12, Z40<\/h2>   \n    <img decoding=\"async\" src=\"https:\/\/plastomer.se\/wp-content\/uploads\/2022\/04\/Daken_A_Z12-13-2.jpg\" pm-full=\"https:\/\/plastomer.se\/wp-content\/uploads\/2022\/04\/Daken_A_Z12-13-2.jpg\" alt=\"Plastomer Produkter\"\/><img decoding=\"async\" src=\"https:\/\/plastomer.se\/wp-content\/uploads\/2022\/04\/Daken_B_Z12-13-2.jpg\" pm-full=\"https:\/\/plastomer.se\/wp-content\/uploads\/2022\/04\/Daken_B_Z12-13-2.jpg\" alt=\"Plastomer Produkter\"\/><img decoding=\"async\" src=\"https:\/\/plastomer.se\/wp-content\/uploads\/2022\/04\/Teknisk-info-3.jpg\" pm-full=\"https:\/\/plastomer.se\/wp-content\/uploads\/2022\/04\/Teknisk-info-3.jpg\" alt=\"Plastomer Produkter\"\/>\n\t\t\t\t\t\t\t<h3>Verkt\u00f8ykasse &#8211; METALL Z12, Z40<\/h3>\n\t\t\t\t<hr \/>\n\t\t\t\t\tArt Nr:Ytre m\u00e5l (mm):Vekt (kg)Antall h\u00e5ndtak:Kapasitet (L):\t\t\t\t\n\t\t\t\tArt Nr: 8Z1200Ytre m\u00e5l (mm): 400x300x300Vekt (kg) 8,9Antall h\u00e5ndtak: 1Kapasitet (L): 32Art Nr: 8Z1210Ytre m\u00e5l (mm): 500x350x400Vekt (kg) 14,6Antall h\u00e5ndtak: 1Kapasitet (L): 63Art Nr: 8Z1221Ytre m\u00e5l (mm): 600x600x600Vekt (kg) 27,9Antall h\u00e5ndtak: 1Kapasitet (L): 194Art Nr: 8Z1222Ytre m\u00e5l (mm): 600x500x500Vekt (kg) 24Antall h\u00e5ndtak: 1Kapasitet (L): 140Art Nr: 8Z1240Ytre m\u00e5l (mm): 800x500x500Vekt (kg) 28,1Antall h\u00e5ndtak: 2Kapasitet (L): 180Art Nr: 8Z1260Ytre m\u00e5l (mm): 1000x500x500Vekt (kg) 33,4Antall h\u00e5ndtak: 2Kapasitet (L): 225Art Nr: 8Z1263Ytre m\u00e5l (mm): 1000x600x600Vekt (kg) 40,6Antall h\u00e5ndtak: 2Kapasitet (L): 324Art Nr: 8Z4022Ytre m\u00e5l (mm): 600x500x500Vekt (kg) 24Antall h\u00e5ndtak: 1Kapasitet (L): 140Art Nr: 8Z4060Ytre m\u00e5l (mm): 1000x500x500Vekt (kg) 33,4Antall h\u00e5ndtak: 2Kapasitet (L): 225\n<\/section>\n<section>\n   <h2>Verkt\u00f8ykasse &#8211; Plast &#8211; WELVET<\/h2>   \n    <img decoding=\"async\" src=\"https:\/\/plastomer.se\/wp-content\/uploads\/2022\/04\/Welvet81000-e1421400189499.jpg\" pm-full=\"https:\/\/plastomer.se\/wp-content\/uploads\/2022\/04\/Welvet81000-e1421400189499.jpg\" alt=\"Plastomer Produkter\"\/><img decoding=\"async\" src=\"https:\/\/plastomer.se\/wp-content\/uploads\/2022\/04\/Welvet81002-e1421400302963.jpg\" pm-full=\"https:\/\/plastomer.se\/wp-content\/uploads\/2022\/04\/Welvet81002-e1421400302963.jpg\" alt=\"Plastomer Produkter\"\/><img decoding=\"async\" src=\"https:\/\/plastomer.se\/wp-content\/uploads\/2022\/04\/Welvet81004-e1421400349396.jpg\" pm-full=\"https:\/\/plastomer.se\/wp-content\/uploads\/2022\/04\/Welvet81004-e1421400349396.jpg\" alt=\"Plastomer Produkter\"\/><img decoding=\"async\" src=\"https:\/\/plastomer.se\/wp-content\/uploads\/2022\/04\/welvet81006-e1421400400798.jpg\" pm-full=\"https:\/\/plastomer.se\/wp-content\/uploads\/2022\/04\/welvet81006-e1421400400798.jpg\" alt=\"Plastomer Produkter\"\/><img decoding=\"async\" src=\"https:\/\/plastomer.se\/wp-content\/uploads\/2022\/04\/welvet81008-e1421400430129.jpg\" pm-full=\"https:\/\/plastomer.se\/wp-content\/uploads\/2022\/04\/welvet81008-e1421400430129.jpg\" alt=\"Plastomer Produkter\"\/><img decoding=\"async\" src=\"https:\/\/plastomer.se\/wp-content\/uploads\/2022\/04\/Teknisk-info-2.jpg\" pm-full=\"https:\/\/plastomer.se\/wp-content\/uploads\/2022\/04\/Teknisk-info-2.jpg\" alt=\"Plastomer Produkter\"\/><img decoding=\"async\" src=\"https:\/\/plastomer.se\/wp-content\/uploads\/2022\/04\/WELVET-1.jpg\" pm-full=\"https:\/\/plastomer.se\/wp-content\/uploads\/2022\/04\/WELVET-1.jpg\" alt=\"Plastomer Produkter\"\/><img decoding=\"async\" src=\"https:\/\/plastomer.se\/wp-content\/uploads\/2022\/04\/WELVET-2-e1670831773827.jpg\" pm-full=\"https:\/\/plastomer.se\/wp-content\/uploads\/2022\/04\/WELVET-2-e1670831773827.jpg\" alt=\"Plastomer Produkter\"\/><img decoding=\"async\" src=\"https:\/\/plastomer.se\/wp-content\/uploads\/2022\/04\/WELVET-3-e1670831861826.jpg\" pm-full=\"https:\/\/plastomer.se\/wp-content\/uploads\/2022\/04\/WELVET-3-e1670831861826.jpg\" alt=\"Plastomer Produkter\"\/>\n\t\t\t\t\t\t\t<h3>Verkt\u00f8ykasse &#8211; Plast &#8211; WELVET<\/h3>\n\t\t\t\t<hr \/>\n\t\t\t\t\tArt Nr:Ytre m\u00e5l (mm):Maksimal belastning (kg):Vikt (kg):kapasitet (L):\t\t\t\t\n\t\t\t\tArt Nr: DA81000Ytre m\u00e5l (mm): 410x348x340Maksimal belastning (kg): 40Vikt (kg): 3,0kapasitet (L): 26Art Nr: DA81004Ytre m\u00e5l (mm): 630x450x480Maksimal belastning (kg): 60Vikt (kg): 8,0kapasitet (L): 75Art Nr: DA81006Ytre m\u00e5l (mm): 830x500xx470Maksimal belastning (kg): 65Vikt (kg): 10,5kapasitet (L): 120Art Nr: DA81008Ytre m\u00e5l (mm): 1030x500x455Maksimal belastning (kg): 70Vikt (kg): 13,0kapasitet (L): 155,5\n<\/section>\n<section>\n   <h2>Verkt\u00f8ykasse &#8211; Plast &#8211; JUST<\/h2>   \n    <img decoding=\"async\" src=\"https:\/\/plastomer.se\/wp-content\/uploads\/2022\/10\/81105.jpg\" pm-full=\"https:\/\/plastomer.se\/wp-content\/uploads\/2022\/10\/81105.jpg\" alt=\"Plastomer Produkter\"\/><img decoding=\"async\" src=\"https:\/\/plastomer.se\/wp-content\/uploads\/2022\/10\/Teknisk-info-5.jpg\" pm-full=\"https:\/\/plastomer.se\/wp-content\/uploads\/2022\/10\/Teknisk-info-5.jpg\" alt=\"Plastomer Produkter\"\/><img decoding=\"async\" src=\"https:\/\/plastomer.se\/wp-content\/uploads\/2022\/10\/JUST-1.jpg\" pm-full=\"https:\/\/plastomer.se\/wp-content\/uploads\/2022\/10\/JUST-1.jpg\" alt=\"Plastomer Produkter\"\/><img decoding=\"async\" src=\"https:\/\/plastomer.se\/wp-content\/uploads\/2022\/10\/JUST-2.jpg\" pm-full=\"https:\/\/plastomer.se\/wp-content\/uploads\/2022\/10\/JUST-2.jpg\" alt=\"Plastomer Produkter\"\/><img decoding=\"async\" src=\"https:\/\/plastomer.se\/wp-content\/uploads\/2022\/10\/JUST-3.jpg\" pm-full=\"https:\/\/plastomer.se\/wp-content\/uploads\/2022\/10\/JUST-3.jpg\" alt=\"Plastomer Produkter\"\/>\n\t\t\t\t\t\t\t<h3>Verkt\u00f8ykasse &#8211; Plast &#8211; JUST<\/h3>\n\t\t\t\t<hr \/>\n\t\t\t\t\tArt Nr:Ytre m\u00e5l (mm):Maksimal belastning (kg):Vikt (kg):Kapasitet (L):\t\t\t\t\n\t\t\t\tArt Nr: DA81105Ytre m\u00e5l (mm): 750x350x300Maksimal belastning (kg): 45Vikt (kg): 4,4Kapasitet (L): 47,5\n<\/section>\n<section>\n   <h2>Verkt\u00f8ykasse &#8211; Plast &#8211; PITBOX<\/h2>   \n    <img decoding=\"async\" src=\"https:\/\/plastomer.se\/wp-content\/uploads\/2022\/10\/86004-A.jpg\" pm-full=\"https:\/\/plastomer.se\/wp-content\/uploads\/2022\/10\/86004-A.jpg\" alt=\"Plastomer Produkter\"\/><img decoding=\"async\" src=\"https:\/\/plastomer.se\/wp-content\/uploads\/2022\/10\/pitbox-teknisk-info-1.jpg\" pm-full=\"https:\/\/plastomer.se\/wp-content\/uploads\/2022\/10\/pitbox-teknisk-info-1.jpg\" alt=\"Plastomer Produkter\"\/><img decoding=\"async\" src=\"https:\/\/plastomer.se\/wp-content\/uploads\/2022\/10\/Pitbox-b-1.jpg\" pm-full=\"https:\/\/plastomer.se\/wp-content\/uploads\/2022\/10\/Pitbox-b-1.jpg\" alt=\"Plastomer Produkter\"\/><img decoding=\"async\" src=\"https:\/\/plastomer.se\/wp-content\/uploads\/2022\/10\/Pitbox-c-1.jpg\" pm-full=\"https:\/\/plastomer.se\/wp-content\/uploads\/2022\/10\/Pitbox-c-1.jpg\" alt=\"Plastomer Produkter\"\/>\n\t\t\t\t\t\t\t<h3>Verkt\u00f8ykasse &#8211; Plast &#8211; PITBOX<\/h3>\n\t\t\t\t<hr \/>\n\t\t\t\t\tArt nr:Ytre m\u00e5l (mm):Vikt (kg):Kapasitet (L):\t\t\t\t\n\t\t\t\tArt nr: DA86004Ytre m\u00e5l (mm): 655x520x570Vikt (kg): 6,3Kapasitet (L): 108,5\n<\/section>\n<section>\n   <h2>F\u00e4ste &#8211; Brandsl\u00e4ckarbox \/ verktygsl\u00e5da<\/h2>   \n    <img decoding=\"async\" src=\"https:\/\/plastomer.se\/wp-content\/uploads\/2023\/12\/da88402-2.jpg\" pm-full=\"https:\/\/plastomer.se\/wp-content\/uploads\/2023\/12\/da88402-2.jpg\" alt=\"Plastomer Produkter\"\/><img decoding=\"async\" src=\"https:\/\/plastomer.se\/wp-content\/uploads\/2023\/12\/da88402.jpg\" pm-full=\"https:\/\/plastomer.se\/wp-content\/uploads\/2023\/12\/da88402.jpg\" alt=\"Plastomer Produkter\"\/>\n\t\t\t\t\t\t\t<h3>F\u00e4ste &#8211; Brandsl\u00e4ckarbox \/ verktygsl\u00e5da<\/h3>\n\t\t\t\t<hr \/>\n\t\t\t\t Art nr: L\u00e4ngd (mm): DA88402 250\n<\/section>\n<h2>\n\t\tFlere kategorier\n\t<\/h2>\n<ul>\n<li>\n        <a href=\"https:\/\/plastomer.se\/no\/produkter\/produkter-lastbil\/sprutsikring\/\">\n            <img decoding=\"async\" src=\"https:\/\/plastomer.se\/wp-content\/uploads\/2022\/05\/Sta\u0308nkskydd-01-300x300.png\"\/>\n            <h3>Skvettlapp<\/h3>\n        <\/a>\n    <\/li><li>\n        <a href=\"https:\/\/plastomer.se\/no\/produkter\/produkter-lastbil\/sprutbeskyttelse-antispray\/\">\n            <img decoding=\"async\" src=\"https:\/\/plastomer.se\/wp-content\/uploads\/2022\/05\/Sta\u0308nkskydd-01-300x300.png\"\/>\n            <h3>Skvettlapp antispray<\/h3>\n        <\/a>\n    <\/li><li>\n        <a href=\"https:\/\/plastomer.se\/no\/produkter\/produkter-lastbil\/stankskydd-full-bredde\/\">\n            <img decoding=\"async\" src=\"https:\/\/plastomer.se\/wp-content\/uploads\/2022\/05\/Fullbreddskydd-300x300.png\"\/>\n            <h3>Skvettlapp full bredde<\/h3>\n        <\/a>\n    <\/li><li>\n        <a href=\"https:\/\/plastomer.se\/no\/produkter\/domar-produkter\/\">\n            <img decoding=\"async\" src=\"https:\/\/plastomer.se\/wp-content\/uploads\/2022\/05\/Ska\u0308rmar-Tillbeho\u0308r-03-300x300.png\"\/>\n            <h3>Skjermer &#038; tilbeh\u00f8r<\/h3>\n        <\/a>\n    <\/li><li>\n        <a href=\"https:\/\/plastomer.se\/no\/produkter\/daken-produkter\/\">\n            <img decoding=\"async\" src=\"https:\/\/plastomer.se\/wp-content\/uploads\/2022\/05\/Brandsla\u0308ckarboxar-300x300.png\"\/>\n            <h3>Brannslukningsbokser<\/h3>\n        <\/a>\n    <\/li><li>\n        <a href=\"https:\/\/plastomer.se\/no\/produkter\/daken-produkter\/verktoykasser\/\">\n            <img decoding=\"async\" src=\"https:\/\/plastomer.se\/wp-content\/uploads\/2022\/05\/Verktygsla\u030ada-05-300x300.png\"\/>\n            <h3>Verkt\u00f8ykasser<\/h3>\n        <\/a>\n    <\/li><li>\n        <a href=\"https:\/\/plastomer.se\/no\/produkter\/takler-produkter\/underkjoringsbeskyttelse\/\">\n            <img decoding=\"async\" src=\"https:\/\/plastomer.se\/wp-content\/uploads\/2022\/05\/Kantskydd-Sidoskydd-300x300.png\"\/>\n            <h3>Underkj\u00f8rningsbeskyttelse<\/h3>\n        <\/a>\n    <\/li><li>\n        <a href=\"https:\/\/plastomer.se\/no\/produkter\/produkter-lastbil\/wm-system-lasteramper\/\">\n            <img decoding=\"async\" src=\"https:\/\/plastomer.se\/wp-content\/uploads\/2022\/05\/Lastramper-08-300x300.png\"\/>\n            <h3>Lasteramper<\/h3>\n        <\/a>\n    <\/li><li>\n        <a href=\"https:\/\/plastomer.se\/no\/produkter\/takler-produkter\/stiger\/\">\n            <img decoding=\"async\" src=\"https:\/\/plastomer.se\/wp-content\/uploads\/2022\/05\/Stegar-09-300x300.png\"\/>\n            <h3>Stiger<\/h3>\n        <\/a>\n    <\/li><li>\n        <a href=\"https:\/\/plastomer.se\/no\/produkter\/lokhen-produkter\/\">\n            <img decoding=\"async\" src=\"https:\/\/plastomer.se\/wp-content\/uploads\/2022\/05\/Stoppklossar-300x300.png\"\/>\n            <h3>Stoppblokk<\/h3>\n        <\/a>\n    <\/li><li>\n        <a href=\"https:\/\/plastomer.se\/no\/produkter\/produkter-lastbil\/yuasa-batterier\/\">\n            <img decoding=\"async\" src=\"https:\/\/plastomer.se\/wp-content\/uploads\/2025\/02\/batteri_ikon-300x300.png\"\/>\n            <h3>BATTERIER<\/h3>\n        <\/a>\n    <\/li><\/ul>\n\n","protected":false},"excerpt":{"rendered":"<p>Daken Verkt\u00f8ykasser Verkt\u00f8ykasser fr\u00e5n Daken PlastoMers verkt\u00f8ykasser for lastebiler kommer fra Daken. Verkt\u00f8ykassene finnes i flere st\u00f8rrelser og varianter, de er stabile og t\u00e5ler b\u00e5de varme og kulde. Nedenfor ser du et utvalg av v\u00e5re produkter fra Daken &#8211; for det komplette utvalget, se Daken-nettstedet. Da bestiller du enkelt hos oss. Verkt\u00f8ykasse &#8211; METALL Z12, [&hellip;]<\/p>\n","protected":false},"author":1,"featured_media":693,"parent":2882,"menu_order":0,"comment_status":"closed","ping_status":"closed","template":"page-templates\/template-pagebuilder.php","meta":{"_acf_changed":false,"_genesis_hide_title":false,"_genesis_hide_breadcrumbs":false,"_genesis_hide_singular_image":false,"_genesis_hide_footer_widgets":false,"_genesis_custom_body_class":"","_genesis_custom_post_class":"","_genesis_layout":"","footnotes":""},"class_list":{"0":"post-2878","1":"page","2":"type-page","3":"status-publish","4":"has-post-thumbnail","6":"entry"},"acf":[],"yoast_head":"<!-- This site is optimized with the Yoast SEO plugin v27.3 - https:\/\/yoast.com\/product\/yoast-seo-wordpress\/ -->\n<title>Verkt\u00f8ykasser for lastebiler - Plastomer<\/title>\n<meta name=\"description\" content=\"PlastoMers verkt\u00f8ykasser for lastebiler kommer fra Daken. Verkt\u00f8ykassene finnes i flere st\u00f8rrelser og varianter.\" \/>\n<meta name=\"robots\" content=\"index, follow, max-snippet:-1, max-image-preview:large, max-video-preview:-1\" \/>\n<link rel=\"canonical\" href=\"https:\/\/plastomer.se\/no\/produkter\/daken-produkter\/verktoykasser\/\" \/>\n<meta property=\"og:locale\" content=\"nb_NO\" \/>\n<meta property=\"og:type\" content=\"article\" \/>\n<meta property=\"og:title\" content=\"Verkt\u00f8ykasser for lastebiler - Plastomer\" \/>\n<meta property=\"og:description\" content=\"PlastoMers verkt\u00f8ykasser for lastebiler kommer fra Daken. Verkt\u00f8ykassene finnes i flere st\u00f8rrelser og varianter.\" \/>\n<meta property=\"og:url\" content=\"https:\/\/plastomer.se\/no\/produkter\/daken-produkter\/verktoykasser\/\" \/>\n<meta property=\"og:site_name\" content=\"Plastomer\" \/>\n<meta property=\"article:modified_time\" content=\"2025-02-13T08:09:05+00:00\" \/>\n<meta property=\"og:image\" content=\"https:\/\/plastomer.se\/wp-content\/uploads\/2022\/04\/truck_side-o.jpg\" \/>\n\t<meta property=\"og:image:width\" content=\"2300\" \/>\n\t<meta property=\"og:image:height\" content=\"2300\" \/>\n\t<meta property=\"og:image:type\" content=\"image\/jpeg\" \/>\n<meta name=\"twitter:card\" content=\"summary_large_image\" \/>\n<meta name=\"twitter:label1\" content=\"Ansl. lesetid\" \/>\n\t<meta name=\"twitter:data1\" content=\"12 minutter\" \/>\n<script type=\"application\/ld+json\" class=\"yoast-schema-graph\">{\"@context\":\"https:\\\/\\\/schema.org\",\"@graph\":[{\"@type\":\"WebPage\",\"@id\":\"https:\\\/\\\/plastomer.se\\\/no\\\/produkter\\\/daken-produkter\\\/verktoykasser\\\/\",\"url\":\"https:\\\/\\\/plastomer.se\\\/no\\\/produkter\\\/daken-produkter\\\/verktoykasser\\\/\",\"name\":\"Verkt\u00f8ykasser for lastebiler - Plastomer\",\"isPartOf\":{\"@id\":\"https:\\\/\\\/plastomer.se\\\/no\\\/#website\"},\"primaryImageOfPage\":{\"@id\":\"https:\\\/\\\/plastomer.se\\\/no\\\/produkter\\\/daken-produkter\\\/verktoykasser\\\/#primaryimage\"},\"image\":{\"@id\":\"https:\\\/\\\/plastomer.se\\\/no\\\/produkter\\\/daken-produkter\\\/verktoykasser\\\/#primaryimage\"},\"thumbnailUrl\":\"https:\\\/\\\/plastomer.se\\\/wp-content\\\/uploads\\\/2022\\\/04\\\/truck_side-o.jpg\",\"datePublished\":\"2022-11-03T14:53:54+00:00\",\"dateModified\":\"2025-02-13T08:09:05+00:00\",\"description\":\"PlastoMers verkt\u00f8ykasser for lastebiler kommer fra Daken. Verkt\u00f8ykassene finnes i flere st\u00f8rrelser og varianter.\",\"breadcrumb\":{\"@id\":\"https:\\\/\\\/plastomer.se\\\/no\\\/produkter\\\/daken-produkter\\\/verktoykasser\\\/#breadcrumb\"},\"inLanguage\":\"nb-NO\",\"potentialAction\":[{\"@type\":\"ReadAction\",\"target\":[\"https:\\\/\\\/plastomer.se\\\/no\\\/produkter\\\/daken-produkter\\\/verktoykasser\\\/\"]}]},{\"@type\":\"ImageObject\",\"inLanguage\":\"nb-NO\",\"@id\":\"https:\\\/\\\/plastomer.se\\\/no\\\/produkter\\\/daken-produkter\\\/verktoykasser\\\/#primaryimage\",\"url\":\"https:\\\/\\\/plastomer.se\\\/wp-content\\\/uploads\\\/2022\\\/04\\\/truck_side-o.jpg\",\"contentUrl\":\"https:\\\/\\\/plastomer.se\\\/wp-content\\\/uploads\\\/2022\\\/04\\\/truck_side-o.jpg\",\"width\":2300,\"height\":2300,\"caption\":\"PlastoMer tillbeh\u00f6r till lastbilar\"},{\"@type\":\"BreadcrumbList\",\"@id\":\"https:\\\/\\\/plastomer.se\\\/no\\\/produkter\\\/daken-produkter\\\/verktoykasser\\\/#breadcrumb\",\"itemListElement\":[{\"@type\":\"ListItem\",\"position\":1,\"name\":\"Home\",\"item\":\"https:\\\/\\\/plastomer.se\\\/no\\\/\"},{\"@type\":\"ListItem\",\"position\":2,\"name\":\"Produkter\",\"item\":\"https:\\\/\\\/plastomer.se\\\/no\\\/produkter\\\/\"},{\"@type\":\"ListItem\",\"position\":3,\"name\":\"DAKEN-produkter\",\"item\":\"https:\\\/\\\/plastomer.se\\\/no\\\/produkter\\\/daken-produkter\\\/\"},{\"@type\":\"ListItem\",\"position\":4,\"name\":\"Verkt\u00f8ykasser\"}]},{\"@type\":\"WebSite\",\"@id\":\"https:\\\/\\\/plastomer.se\\\/no\\\/#website\",\"url\":\"https:\\\/\\\/plastomer.se\\\/no\\\/\",\"name\":\"Plastomer\",\"description\":\"Lastbilstillbeh\u00f6r i V\u00e4rldsklass\",\"publisher\":{\"@id\":\"https:\\\/\\\/plastomer.se\\\/no\\\/#organization\"},\"potentialAction\":[{\"@type\":\"SearchAction\",\"target\":{\"@type\":\"EntryPoint\",\"urlTemplate\":\"https:\\\/\\\/plastomer.se\\\/no\\\/?s={search_term_string}\"},\"query-input\":{\"@type\":\"PropertyValueSpecification\",\"valueRequired\":true,\"valueName\":\"search_term_string\"}}],\"inLanguage\":\"nb-NO\"},{\"@type\":\"Organization\",\"@id\":\"https:\\\/\\\/plastomer.se\\\/no\\\/#organization\",\"name\":\"Plastomer\",\"url\":\"https:\\\/\\\/plastomer.se\\\/no\\\/\",\"logo\":{\"@type\":\"ImageObject\",\"inLanguage\":\"nb-NO\",\"@id\":\"https:\\\/\\\/plastomer.se\\\/no\\\/#\\\/schema\\\/logo\\\/image\\\/\",\"url\":\"https:\\\/\\\/plastomer.se\\\/wp-content\\\/uploads\\\/2025\\\/04\\\/plastomer.png\",\"contentUrl\":\"https:\\\/\\\/plastomer.se\\\/wp-content\\\/uploads\\\/2025\\\/04\\\/plastomer.png\",\"width\":1024,\"height\":1024,\"caption\":\"Plastomer\"},\"image\":{\"@id\":\"https:\\\/\\\/plastomer.se\\\/no\\\/#\\\/schema\\\/logo\\\/image\\\/\"}}]}<\/script>\n<!-- \/ Yoast SEO plugin. -->","yoast_head_json":{"title":"Verkt\u00f8ykasser for lastebiler - Plastomer","description":"PlastoMers verkt\u00f8ykasser for lastebiler kommer fra Daken. Verkt\u00f8ykassene finnes i flere st\u00f8rrelser og varianter.","robots":{"index":"index","follow":"follow","max-snippet":"max-snippet:-1","max-image-preview":"max-image-preview:large","max-video-preview":"max-video-preview:-1"},"canonical":"https:\/\/plastomer.se\/no\/produkter\/daken-produkter\/verktoykasser\/","og_locale":"nb_NO","og_type":"article","og_title":"Verkt\u00f8ykasser for lastebiler - Plastomer","og_description":"PlastoMers verkt\u00f8ykasser for lastebiler kommer fra Daken. Verkt\u00f8ykassene finnes i flere st\u00f8rrelser og varianter.","og_url":"https:\/\/plastomer.se\/no\/produkter\/daken-produkter\/verktoykasser\/","og_site_name":"Plastomer","article_modified_time":"2025-02-13T08:09:05+00:00","og_image":[{"width":2300,"height":2300,"url":"https:\/\/plastomer.se\/wp-content\/uploads\/2022\/04\/truck_side-o.jpg","type":"image\/jpeg"}],"twitter_card":"summary_large_image","twitter_misc":{"Ansl. lesetid":"12 minutter"},"schema":{"@context":"https:\/\/schema.org","@graph":[{"@type":"WebPage","@id":"https:\/\/plastomer.se\/no\/produkter\/daken-produkter\/verktoykasser\/","url":"https:\/\/plastomer.se\/no\/produkter\/daken-produkter\/verktoykasser\/","name":"Verkt\u00f8ykasser for lastebiler - Plastomer","isPartOf":{"@id":"https:\/\/plastomer.se\/no\/#website"},"primaryImageOfPage":{"@id":"https:\/\/plastomer.se\/no\/produkter\/daken-produkter\/verktoykasser\/#primaryimage"},"image":{"@id":"https:\/\/plastomer.se\/no\/produkter\/daken-produkter\/verktoykasser\/#primaryimage"},"thumbnailUrl":"https:\/\/plastomer.se\/wp-content\/uploads\/2022\/04\/truck_side-o.jpg","datePublished":"2022-11-03T14:53:54+00:00","dateModified":"2025-02-13T08:09:05+00:00","description":"PlastoMers verkt\u00f8ykasser for lastebiler kommer fra Daken. Verkt\u00f8ykassene finnes i flere st\u00f8rrelser og varianter.","breadcrumb":{"@id":"https:\/\/plastomer.se\/no\/produkter\/daken-produkter\/verktoykasser\/#breadcrumb"},"inLanguage":"nb-NO","potentialAction":[{"@type":"ReadAction","target":["https:\/\/plastomer.se\/no\/produkter\/daken-produkter\/verktoykasser\/"]}]},{"@type":"ImageObject","inLanguage":"nb-NO","@id":"https:\/\/plastomer.se\/no\/produkter\/daken-produkter\/verktoykasser\/#primaryimage","url":"https:\/\/plastomer.se\/wp-content\/uploads\/2022\/04\/truck_side-o.jpg","contentUrl":"https:\/\/plastomer.se\/wp-content\/uploads\/2022\/04\/truck_side-o.jpg","width":2300,"height":2300,"caption":"PlastoMer tillbeh\u00f6r till lastbilar"},{"@type":"BreadcrumbList","@id":"https:\/\/plastomer.se\/no\/produkter\/daken-produkter\/verktoykasser\/#breadcrumb","itemListElement":[{"@type":"ListItem","position":1,"name":"Home","item":"https:\/\/plastomer.se\/no\/"},{"@type":"ListItem","position":2,"name":"Produkter","item":"https:\/\/plastomer.se\/no\/produkter\/"},{"@type":"ListItem","position":3,"name":"DAKEN-produkter","item":"https:\/\/plastomer.se\/no\/produkter\/daken-produkter\/"},{"@type":"ListItem","position":4,"name":"Verkt\u00f8ykasser"}]},{"@type":"WebSite","@id":"https:\/\/plastomer.se\/no\/#website","url":"https:\/\/plastomer.se\/no\/","name":"Plastomer","description":"Lastbilstillbeh\u00f6r i V\u00e4rldsklass","publisher":{"@id":"https:\/\/plastomer.se\/no\/#organization"},"potentialAction":[{"@type":"SearchAction","target":{"@type":"EntryPoint","urlTemplate":"https:\/\/plastomer.se\/no\/?s={search_term_string}"},"query-input":{"@type":"PropertyValueSpecification","valueRequired":true,"valueName":"search_term_string"}}],"inLanguage":"nb-NO"},{"@type":"Organization","@id":"https:\/\/plastomer.se\/no\/#organization","name":"Plastomer","url":"https:\/\/plastomer.se\/no\/","logo":{"@type":"ImageObject","inLanguage":"nb-NO","@id":"https:\/\/plastomer.se\/no\/#\/schema\/logo\/image\/","url":"https:\/\/plastomer.se\/wp-content\/uploads\/2025\/04\/plastomer.png","contentUrl":"https:\/\/plastomer.se\/wp-content\/uploads\/2025\/04\/plastomer.png","width":1024,"height":1024,"caption":"Plastomer"},"image":{"@id":"https:\/\/plastomer.se\/no\/#\/schema\/logo\/image\/"}}]}},"_links":{"self":[{"href":"https:\/\/plastomer.se\/no\/wp-json\/wp\/v2\/pages\/2878","targetHints":{"allow":["GET"]}}],"collection":[{"href":"https:\/\/plastomer.se\/no\/wp-json\/wp\/v2\/pages"}],"about":[{"href":"https:\/\/plastomer.se\/no\/wp-json\/wp\/v2\/types\/page"}],"author":[{"embeddable":true,"href":"https:\/\/plastomer.se\/no\/wp-json\/wp\/v2\/users\/1"}],"replies":[{"embeddable":true,"href":"https:\/\/plastomer.se\/no\/wp-json\/wp\/v2\/comments?post=2878"}],"version-history":[{"count":7,"href":"https:\/\/plastomer.se\/no\/wp-json\/wp\/v2\/pages\/2878\/revisions"}],"predecessor-version":[{"id":4739,"href":"https:\/\/plastomer.se\/no\/wp-json\/wp\/v2\/pages\/2878\/revisions\/4739"}],"up":[{"embeddable":true,"href":"https:\/\/plastomer.se\/no\/wp-json\/wp\/v2\/pages\/2882"}],"wp:featuredmedia":[{"embeddable":true,"href":"https:\/\/plastomer.se\/no\/wp-json\/wp\/v2\/media\/693"}],"wp:attachment":[{"href":"https:\/\/plastomer.se\/no\/wp-json\/wp\/v2\/media?parent=2878"}],"curies":[{"name":"wp","href":"https:\/\/api.w.org\/{rel}","templated":true}]}}