{"id":916,"date":"2022-04-19T10:35:55","date_gmt":"2022-04-19T08:35:55","guid":{"rendered":"https:\/\/plastomer.evdy.se\/products\/products-car\/rensi-car-mats\/"},"modified":"2023-11-30T13:43:58","modified_gmt":"2023-11-30T12:43:58","slug":"rensi-car-mats","status":"publish","type":"page","link":"https:\/\/plastomer.se\/en\/products\/products-car\/rensi-car-mats\/","title":{"rendered":"Rensi car mats"},"content":{"rendered":"\n<h1>\n\t\tRensi car mats\n\t<\/h1>\n\t<h2>Rensi &#8211; The perfect car mat for all seasons<\/h2>\n<p>The bowl shape, the fitness, the pattern and special quality keeps dirt and damp on the mat and makes the car easy to clean. The rensi assortment is covering over 200 different car models, all is presented in our recommendation list. Each mat has three-digit number and the list shows which code number fits to each car model. The rensi car mat is made from LD-PE (low-density polyethylen), which gets it unique properties as well as a softer sense with an admixture of synthetic rubber. rensi is 100% recyclable and is provided with recycling symbol. rensi is manufactured in our factory in V\u00e4stervik Sweden.<\/p>\n<p>rensi has been developed to make it easy for you to keep the floor-surface clean and odourless. rensi will also keep the surface dry under the mat and will prevent the presence of mould. rensi is shock resistant and stands wear down to a temperature of 40\u00b0C below freezing-point. rensi has been tested an complies with the flammability requirements according to U.S standard DOT-FMVSS 302.\u00a0Wash rensi with common detergent using brush and rinse with clean water. You could also use a high-pressure wash appliance for rensi.<\/p>\n<p><img loading=\"lazy\" decoding=\"async\" src=\"https:\/\/plastomer.se\/wp-content\/uploads\/2022\/04\/rensi_logo_hemsida-14-e1571997224544-300x129.jpg\" alt=\"\" width=\"150\" height=\"64\" \/><\/p>\n<h3>Advantages<\/h3>\n<ul>\n<li>Easy collection of dirt and moisture due to the high edges around the mat.<\/li>\n<li>Greatly reduced risk of rust.<\/li>\n<li>Textile under the carpet is kept clean and dry, preventing odors and mildew\/mould.<\/li>\n<li>The mat is designed in a way that makes it easy to take out and emptied of dirt and water.<\/li>\n<li>Very durable and can typically be used during the vehicle\u00b4s entire life.<\/li>\n<li>By protecting the floor of your car with rensi you will increase the resale value of your car and your car will be as clean as it was the first day you bought it!<\/li>\n<\/ul>\n<h3>Questions<\/h3>\n<ul>\n<li>If you have any further questions or ideas concerning rensi you are welcome to phone us on <a href=\"tel:0490-822%2080\">+46(0)490-822 80<\/a>, or e-mail to <a href=\"mailto:info@plastomer.se\">info@plastomer.se<\/a><\/li>\n<\/ul>\n<h2>\n\t\tMore Categories\n\t<\/h2>\n<ul>\n<li>\n        <a href=\"https:\/\/plastomer.se\/en\/products\/products-truck\/mud-flaps\/\">\n            <img decoding=\"async\" src=\"https:\/\/plastomer.se\/wp-content\/uploads\/2022\/04\/icon-skarmar-och-tillbehor-300x204.png\"\/>\n            <h3>St\u00e4nkskydd<\/h3>\n        <\/a>\n    <\/li><li>\n        <a href=\"https:\/\/plastomer.se\/en\/products\/products-truck\/anti-spray-mud-flap\/\">\n            <img decoding=\"async\" src=\"https:\/\/plastomer.se\/wp-content\/uploads\/2022\/04\/icon-skarmar-och-tillbehor-300x204.png\"\/>\n            <h3>Rensispray<\/h3>\n        <\/a>\n    <\/li><li>\n        <a href=\"https:\/\/plastomer.se\/en\/pm-product\/mudflaps\/\">\n            <img decoding=\"async\" src=\"https:\/\/plastomer.se\/wp-content\/uploads\/2022\/04\/icon-skarmar-och-tillbehor-300x204.png\"\/>\n            <h3>Sk\u00e4rmar &#038; sk\u00e4rmtillbeh\u00f6r<\/h3>\n        <\/a>\n    <\/li><li>\n        <a href=\"https:\/\/plastomer.se\/produkter\/lastbil\/daken\/\">\n            <img decoding=\"async\" src=\"https:\/\/plastomer.se\/wp-content\/uploads\/2022\/04\/icon-brandslackarlada-284x300.png\"\/>\n            <h3>Brandsl\u00e4ckar-boxar<\/h3>\n        <\/a>\n    <\/li><li>\n        <a href=\"#\">\n            <img decoding=\"async\" src=\"https:\/\/plastomer.se\/wp-content\/uploads\/2022\/04\/icon-tools-300x217.png\"\/>\n            <h3>Verktygsl\u00e5dor<\/h3>\n        <\/a>\n    <\/li><li>\n        <a href=\"https:\/\/plastomer.se\/en\/products\/products-truck\/anti-spray-mud-flap\/\">\n            <img decoding=\"async\" src=\"https:\/\/plastomer.se\/wp-content\/uploads\/2022\/04\/icon-skarmar-och-tillbehor-300x204.png\"\/>\n            <h3>Fullbreddskydd<\/h3>\n        <\/a>\n    <\/li><li>\n        <a href=\"https:\/\/plastomer.se\/en\/products\/products-truck\/bumper-mud-flaps\/\">\n            <img decoding=\"async\" src=\"https:\/\/plastomer.se\/wp-content\/uploads\/2022\/04\/icon-kantskydd-300x178.png\"\/>\n            <h3>Kantskydd &#038; sidoskydd<\/h3>\n        <\/a>\n    <\/li><li>\n        <a href=\"https:\/\/plastomer.se\/en\/products\/products-truck\/vm-system-products\/\">\n            <img decoding=\"async\" src=\"https:\/\/plastomer.se\/wp-content\/uploads\/2022\/04\/icon-lastramper-300x251.png\"\/>\n            <h3>Lastramper<\/h3>\n        <\/a>\n    <\/li><li>\n        <a href=\"https:\/\/plastomer.se\/produkter\/lastbil\/takler\/\">\n            <img decoding=\"async\" src=\"https:\/\/plastomer.se\/wp-content\/uploads\/2022\/04\/icon-ladder-268x300.png\"\/>\n            <h3>Stegar<\/h3>\n        <\/a>\n    <\/li><li>\n        <a href=\"#\">\n            <img decoding=\"async\" src=\"https:\/\/plastomer.se\/wp-content\/uploads\/2022\/04\/icon-stoppklossar-300x238.png\"\/>\n            <h3>Stoppklossar<\/h3>\n        <\/a>\n    <\/li><\/ul>\n\n","protected":false},"excerpt":{"rendered":"<p>Rensi car mats Rensi &#8211; The perfect car mat for all seasons The bowl shape, the fitness, the pattern and special quality keeps dirt and damp on the mat and makes the car easy to clean. The rensi assortment is covering over 200 different car models, all is presented in our recommendation list. Each mat [&hellip;]<\/p>\n","protected":false},"author":1,"featured_media":539,"parent":905,"menu_order":0,"comment_status":"closed","ping_status":"closed","template":"page-templates\/template-pagebuilder.php","meta":{"_acf_changed":false,"_genesis_hide_title":false,"_genesis_hide_breadcrumbs":false,"_genesis_hide_singular_image":false,"_genesis_hide_footer_widgets":false,"_genesis_custom_body_class":"","_genesis_custom_post_class":"","_genesis_layout":"","footnotes":""},"class_list":{"0":"post-916","1":"page","2":"type-page","3":"status-publish","4":"has-post-thumbnail","6":"entry"},"acf":[],"yoast_head":"<!-- This site is optimized with the Yoast SEO plugin v27.4 - https:\/\/yoast.com\/product\/yoast-seo-wordpress\/ -->\n<title>Rensi car mats - Plastomer<\/title>\n<meta name=\"description\" content=\"The range of rensi car mats covers over 200 different car models, the most common of which are presented in our recommendation table.\" \/>\n<meta name=\"robots\" content=\"index, follow, max-snippet:-1, max-image-preview:large, max-video-preview:-1\" \/>\n<link rel=\"canonical\" href=\"https:\/\/plastomer.se\/en\/products\/products-car\/rensi-car-mats\/\" \/>\n<meta property=\"og:locale\" content=\"en_US\" \/>\n<meta property=\"og:type\" content=\"article\" \/>\n<meta property=\"og:title\" content=\"Rensi car mats - Plastomer\" \/>\n<meta property=\"og:description\" content=\"The range of rensi car mats covers over 200 different car models, the most common of which are presented in our recommendation table.\" \/>\n<meta property=\"og:url\" content=\"https:\/\/plastomer.se\/en\/products\/products-car\/rensi-car-mats\/\" \/>\n<meta property=\"og:site_name\" content=\"Plastomer\" \/>\n<meta property=\"article:modified_time\" content=\"2023-11-30T12:43:58+00:00\" \/>\n<meta property=\"og:image\" content=\"https:\/\/plastomer.se\/wp-content\/uploads\/2022\/04\/truck_side-o.jpg\" \/>\n\t<meta property=\"og:image:width\" content=\"2300\" \/>\n\t<meta property=\"og:image:height\" content=\"2300\" \/>\n\t<meta property=\"og:image:type\" content=\"image\/jpeg\" \/>\n<meta name=\"twitter:card\" content=\"summary_large_image\" \/>\n<script type=\"application\/ld+json\" class=\"yoast-schema-graph\">{\"@context\":\"https:\\\/\\\/schema.org\",\"@graph\":[{\"@type\":\"WebPage\",\"@id\":\"https:\\\/\\\/plastomer.se\\\/en\\\/products\\\/products-car\\\/rensi-car-mats\\\/\",\"url\":\"https:\\\/\\\/plastomer.se\\\/en\\\/products\\\/products-car\\\/rensi-car-mats\\\/\",\"name\":\"Rensi car mats - Plastomer\",\"isPartOf\":{\"@id\":\"https:\\\/\\\/plastomer.se\\\/en\\\/#website\"},\"primaryImageOfPage\":{\"@id\":\"https:\\\/\\\/plastomer.se\\\/en\\\/products\\\/products-car\\\/rensi-car-mats\\\/#primaryimage\"},\"image\":{\"@id\":\"https:\\\/\\\/plastomer.se\\\/en\\\/products\\\/products-car\\\/rensi-car-mats\\\/#primaryimage\"},\"thumbnailUrl\":\"https:\\\/\\\/plastomer.se\\\/wp-content\\\/uploads\\\/2022\\\/04\\\/truck_side-o.jpg\",\"datePublished\":\"2022-04-19T08:35:55+00:00\",\"dateModified\":\"2023-11-30T12:43:58+00:00\",\"description\":\"The range of rensi car mats covers over 200 different car models, the most common of which are presented in our recommendation table.\",\"breadcrumb\":{\"@id\":\"https:\\\/\\\/plastomer.se\\\/en\\\/products\\\/products-car\\\/rensi-car-mats\\\/#breadcrumb\"},\"inLanguage\":\"en-US\",\"potentialAction\":[{\"@type\":\"ReadAction\",\"target\":[\"https:\\\/\\\/plastomer.se\\\/en\\\/products\\\/products-car\\\/rensi-car-mats\\\/\"]}]},{\"@type\":\"ImageObject\",\"inLanguage\":\"en-US\",\"@id\":\"https:\\\/\\\/plastomer.se\\\/en\\\/products\\\/products-car\\\/rensi-car-mats\\\/#primaryimage\",\"url\":\"https:\\\/\\\/plastomer.se\\\/wp-content\\\/uploads\\\/2022\\\/04\\\/truck_side-o.jpg\",\"contentUrl\":\"https:\\\/\\\/plastomer.se\\\/wp-content\\\/uploads\\\/2022\\\/04\\\/truck_side-o.jpg\",\"width\":2300,\"height\":2300,\"caption\":\"PlastoMer tillbeh\u00f6r till lastbilar\"},{\"@type\":\"BreadcrumbList\",\"@id\":\"https:\\\/\\\/plastomer.se\\\/en\\\/products\\\/products-car\\\/rensi-car-mats\\\/#breadcrumb\",\"itemListElement\":[{\"@type\":\"ListItem\",\"position\":1,\"name\":\"Home\",\"item\":\"https:\\\/\\\/plastomer.se\\\/en\\\/\"},{\"@type\":\"ListItem\",\"position\":2,\"name\":\"Products\",\"item\":\"https:\\\/\\\/plastomer.se\\\/en\\\/products\\\/\"},{\"@type\":\"ListItem\",\"position\":3,\"name\":\"Automotive products\",\"item\":\"https:\\\/\\\/plastomer.se\\\/en\\\/products\\\/products-car\\\/\"},{\"@type\":\"ListItem\",\"position\":4,\"name\":\"Rensi car mats\"}]},{\"@type\":\"WebSite\",\"@id\":\"https:\\\/\\\/plastomer.se\\\/en\\\/#website\",\"url\":\"https:\\\/\\\/plastomer.se\\\/en\\\/\",\"name\":\"Plastomer\",\"description\":\"Lastbilstillbeh\u00f6r i V\u00e4rldsklass\",\"publisher\":{\"@id\":\"https:\\\/\\\/plastomer.se\\\/en\\\/#organization\"},\"potentialAction\":[{\"@type\":\"SearchAction\",\"target\":{\"@type\":\"EntryPoint\",\"urlTemplate\":\"https:\\\/\\\/plastomer.se\\\/en\\\/?s={search_term_string}\"},\"query-input\":{\"@type\":\"PropertyValueSpecification\",\"valueRequired\":true,\"valueName\":\"search_term_string\"}}],\"inLanguage\":\"en-US\"},{\"@type\":\"Organization\",\"@id\":\"https:\\\/\\\/plastomer.se\\\/en\\\/#organization\",\"name\":\"Plastomer\",\"url\":\"https:\\\/\\\/plastomer.se\\\/en\\\/\",\"logo\":{\"@type\":\"ImageObject\",\"inLanguage\":\"en-US\",\"@id\":\"https:\\\/\\\/plastomer.se\\\/en\\\/#\\\/schema\\\/logo\\\/image\\\/\",\"url\":\"https:\\\/\\\/plastomer.se\\\/wp-content\\\/uploads\\\/2025\\\/04\\\/plastomer.png\",\"contentUrl\":\"https:\\\/\\\/plastomer.se\\\/wp-content\\\/uploads\\\/2025\\\/04\\\/plastomer.png\",\"width\":1024,\"height\":1024,\"caption\":\"Plastomer\"},\"image\":{\"@id\":\"https:\\\/\\\/plastomer.se\\\/en\\\/#\\\/schema\\\/logo\\\/image\\\/\"}}]}<\/script>\n<!-- \/ Yoast SEO plugin. -->","yoast_head_json":{"title":"Rensi car mats - Plastomer","description":"The range of rensi car mats covers over 200 different car models, the most common of which are presented in our recommendation table.","robots":{"index":"index","follow":"follow","max-snippet":"max-snippet:-1","max-image-preview":"max-image-preview:large","max-video-preview":"max-video-preview:-1"},"canonical":"https:\/\/plastomer.se\/en\/products\/products-car\/rensi-car-mats\/","og_locale":"en_US","og_type":"article","og_title":"Rensi car mats - Plastomer","og_description":"The range of rensi car mats covers over 200 different car models, the most common of which are presented in our recommendation table.","og_url":"https:\/\/plastomer.se\/en\/products\/products-car\/rensi-car-mats\/","og_site_name":"Plastomer","article_modified_time":"2023-11-30T12:43:58+00:00","og_image":[{"width":2300,"height":2300,"url":"https:\/\/plastomer.se\/wp-content\/uploads\/2022\/04\/truck_side-o.jpg","type":"image\/jpeg"}],"twitter_card":"summary_large_image","schema":{"@context":"https:\/\/schema.org","@graph":[{"@type":"WebPage","@id":"https:\/\/plastomer.se\/en\/products\/products-car\/rensi-car-mats\/","url":"https:\/\/plastomer.se\/en\/products\/products-car\/rensi-car-mats\/","name":"Rensi car mats - Plastomer","isPartOf":{"@id":"https:\/\/plastomer.se\/en\/#website"},"primaryImageOfPage":{"@id":"https:\/\/plastomer.se\/en\/products\/products-car\/rensi-car-mats\/#primaryimage"},"image":{"@id":"https:\/\/plastomer.se\/en\/products\/products-car\/rensi-car-mats\/#primaryimage"},"thumbnailUrl":"https:\/\/plastomer.se\/wp-content\/uploads\/2022\/04\/truck_side-o.jpg","datePublished":"2022-04-19T08:35:55+00:00","dateModified":"2023-11-30T12:43:58+00:00","description":"The range of rensi car mats covers over 200 different car models, the most common of which are presented in our recommendation table.","breadcrumb":{"@id":"https:\/\/plastomer.se\/en\/products\/products-car\/rensi-car-mats\/#breadcrumb"},"inLanguage":"en-US","potentialAction":[{"@type":"ReadAction","target":["https:\/\/plastomer.se\/en\/products\/products-car\/rensi-car-mats\/"]}]},{"@type":"ImageObject","inLanguage":"en-US","@id":"https:\/\/plastomer.se\/en\/products\/products-car\/rensi-car-mats\/#primaryimage","url":"https:\/\/plastomer.se\/wp-content\/uploads\/2022\/04\/truck_side-o.jpg","contentUrl":"https:\/\/plastomer.se\/wp-content\/uploads\/2022\/04\/truck_side-o.jpg","width":2300,"height":2300,"caption":"PlastoMer tillbeh\u00f6r till lastbilar"},{"@type":"BreadcrumbList","@id":"https:\/\/plastomer.se\/en\/products\/products-car\/rensi-car-mats\/#breadcrumb","itemListElement":[{"@type":"ListItem","position":1,"name":"Home","item":"https:\/\/plastomer.se\/en\/"},{"@type":"ListItem","position":2,"name":"Products","item":"https:\/\/plastomer.se\/en\/products\/"},{"@type":"ListItem","position":3,"name":"Automotive products","item":"https:\/\/plastomer.se\/en\/products\/products-car\/"},{"@type":"ListItem","position":4,"name":"Rensi car mats"}]},{"@type":"WebSite","@id":"https:\/\/plastomer.se\/en\/#website","url":"https:\/\/plastomer.se\/en\/","name":"Plastomer","description":"Lastbilstillbeh\u00f6r i V\u00e4rldsklass","publisher":{"@id":"https:\/\/plastomer.se\/en\/#organization"},"potentialAction":[{"@type":"SearchAction","target":{"@type":"EntryPoint","urlTemplate":"https:\/\/plastomer.se\/en\/?s={search_term_string}"},"query-input":{"@type":"PropertyValueSpecification","valueRequired":true,"valueName":"search_term_string"}}],"inLanguage":"en-US"},{"@type":"Organization","@id":"https:\/\/plastomer.se\/en\/#organization","name":"Plastomer","url":"https:\/\/plastomer.se\/en\/","logo":{"@type":"ImageObject","inLanguage":"en-US","@id":"https:\/\/plastomer.se\/en\/#\/schema\/logo\/image\/","url":"https:\/\/plastomer.se\/wp-content\/uploads\/2025\/04\/plastomer.png","contentUrl":"https:\/\/plastomer.se\/wp-content\/uploads\/2025\/04\/plastomer.png","width":1024,"height":1024,"caption":"Plastomer"},"image":{"@id":"https:\/\/plastomer.se\/en\/#\/schema\/logo\/image\/"}}]}},"_links":{"self":[{"href":"https:\/\/plastomer.se\/en\/wp-json\/wp\/v2\/pages\/916","targetHints":{"allow":["GET"]}}],"collection":[{"href":"https:\/\/plastomer.se\/en\/wp-json\/wp\/v2\/pages"}],"about":[{"href":"https:\/\/plastomer.se\/en\/wp-json\/wp\/v2\/types\/page"}],"author":[{"embeddable":true,"href":"https:\/\/plastomer.se\/en\/wp-json\/wp\/v2\/users\/1"}],"replies":[{"embeddable":true,"href":"https:\/\/plastomer.se\/en\/wp-json\/wp\/v2\/comments?post=916"}],"version-history":[{"count":4,"href":"https:\/\/plastomer.se\/en\/wp-json\/wp\/v2\/pages\/916\/revisions"}],"predecessor-version":[{"id":4478,"href":"https:\/\/plastomer.se\/en\/wp-json\/wp\/v2\/pages\/916\/revisions\/4478"}],"up":[{"embeddable":true,"href":"https:\/\/plastomer.se\/en\/wp-json\/wp\/v2\/pages\/905"}],"wp:featuredmedia":[{"embeddable":true,"href":"https:\/\/plastomer.se\/en\/wp-json\/wp\/v2\/media\/539"}],"wp:attachment":[{"href":"https:\/\/plastomer.se\/en\/wp-json\/wp\/v2\/media?parent=916"}],"curies":[{"name":"wp","href":"https:\/\/api.w.org\/{rel}","templated":true}]}}