{"id":907,"date":"2022-04-19T11:06:07","date_gmt":"2022-04-19T09:06:07","guid":{"rendered":"https:\/\/plastomer.evdy.se\/products\/products-car\/retailers\/"},"modified":"2023-11-23T16:32:13","modified_gmt":"2023-11-23T15:32:13","slug":"retailers","status":"publish","type":"page","link":"https:\/\/plastomer.se\/en\/products\/products-car\/retailers\/","title":{"rendered":"Retailers"},"content":{"rendered":"\n<h1>\n\t\t\u00c5terf\u00f6rs\u00e4ljare\n\t<\/h1>\n\t\t\t\t\t\t\t<h3>\u00c5terf\u00f6rs\u00e4ljare<\/h3>\n\t\t\t\t<hr>\n\t\t\t\t\tLandF\u00f6retagTelefonWebb\t\t\t\t\n\t\t\t\tLand BelgienF\u00f6retag Carplus N.V.Telefon +32-32 33 39 84Webb Land DanmarkF\u00f6retag Avant Danmark\/Dansk BiludstyrTelefon Webb www.biludstyr.dkLand EstlandF\u00f6retag Motoral Eesti ASTelefon +372 620 1464Webb www.motoral.eeLand FinlandF\u00f6retag Motoral OYTelefon +358 10 55070Webb www.motoral.fiLand GreklandF\u00f6retag Th. Archontopoulos &amp; CoTelefon +30 210 4565 565Webb www.coverstyle.grLand LitauernF\u00f6retag Looking for distributorTelefon Webb Land Nederl\u00e4ndernaF\u00f6retag Van Rheenen Harlem BVTelefon +31 023 525 89 00Webb www.vanrheenen.nlLand NorgeF\u00f6retag Kolberg Caspary A\/S, \nAS S\u00f8rensen og Balchen, \nOtto Olsen,Telefon Webb www.kcl.no \nwww.sogb.no\nwww.oo.noLand PolenF\u00f6retag Autoparts Import, Telefon +48 32 209 52 32Webb www.autoparts.net.plLand PortugalF\u00f6retag Looking for distributorTelefon Webb Land RysslandF\u00f6retag Looking for distributor.Telefon Webb Land SchweizF\u00f6retag Looking for distributorTelefon Webb Land SverigeF\u00f6retag Huzells i Karlstad AB, \nMekonomen Grossist AB,Telefon +46 (0)54-85 22 00Webb www.huzells.se \nwww.mekonomen.se Land TjeckienF\u00f6retag Looking for distributorTelefon Webb Land TysklandF\u00f6retag Carl Geo. HeiseTelefon Tel-no.+49 40 538 70 75\nFax-no.+49 40 538 7176Webb www.rensi.deLand UngernF\u00f6retag Hungaria POLI-CAR BTTelefon Webb www.autoszonyeg.netLand USAF\u00f6retag Swedish Car Parts Inc.\nIPD Company Inc.Telefon +1-7733 812 600\n+1-5032 577 589Webb www.swedishcarparts.com \nwww.ipdusa.comLand \u00d6sterrikeF\u00f6retag Hahn Fahrzeugbauteile und R\u00e5der HGTelefon +43 12141062Webb \n\t<h2>\n\t\tFler Kategorier\n\t<\/h2>\n<ul>\n<li>\n        <a href=\"#\">\n            <img decoding=\"async\" src=\"https:\/\/plastomer.se\/wp-content\/uploads\/2022\/04\/icon-skarmar-och-tillbehor-300x204.png\">\n            <h3>St\u00e4nkskydd<\/h3>\n        <\/a>\n    <\/li><li>\n        <a href=\"#\">\n            <img decoding=\"async\" src=\"https:\/\/plastomer.se\/wp-content\/uploads\/2022\/04\/icon-skarmar-och-tillbehor-300x204.png\">\n            <h3>Rensispray<\/h3>\n        <\/a>\n    <\/li><li>\n        <a href=\"#\">\n            <img decoding=\"async\" src=\"https:\/\/plastomer.se\/wp-content\/uploads\/2022\/04\/icon-skarmar-och-tillbehor-300x204.png\">\n            <h3>Sk\u00e4rmar &amp; sk\u00e4rmtillbeh\u00f6r<\/h3>\n        <\/a>\n    <\/li><li>\n        <a href=\"#\">\n            <img decoding=\"async\" src=\"https:\/\/plastomer.se\/wp-content\/uploads\/2022\/04\/icon-brandslackarlada-284x300.png\">\n            <h3>Brandsl\u00e4ckar-boxar<\/h3>\n        <\/a>\n    <\/li><li>\n        <a href=\"#\">\n            <img decoding=\"async\" src=\"https:\/\/plastomer.se\/wp-content\/uploads\/2022\/04\/icon-tools-300x217.png\">\n            <h3>Verktygsl\u00e5dor<\/h3>\n        <\/a>\n    <\/li><li>\n        <a href=\"\">\n            <img decoding=\"async\" src=\"https:\/\/plastomer.se\/wp-content\/uploads\/2022\/04\/icon-skarmar-och-tillbehor-300x204.png\">\n            <h3>Fullbreddskydd<\/h3>\n        <\/a>\n    <\/li><li>\n        <a href=\"\">\n            <img decoding=\"async\" src=\"https:\/\/plastomer.se\/wp-content\/uploads\/2022\/04\/icon-kantskydd-300x178.png\">\n            <h3>Kantskydd &amp; sidoskydd<\/h3>\n        <\/a>\n    <\/li><li>\n        <a href=\"#\">\n            <img decoding=\"async\" src=\"https:\/\/plastomer.se\/wp-content\/uploads\/2022\/04\/icon-lastramper-300x251.png\">\n            <h3>Lastramper<\/h3>\n        <\/a>\n    <\/li><li>\n        <a href=\"#\">\n            <img decoding=\"async\" src=\"https:\/\/plastomer.se\/wp-content\/uploads\/2022\/04\/icon-ladder-268x300.png\">\n            <h3>Stegar<\/h3>\n        <\/a>\n    <\/li><li>\n        <a href=\"#\">\n            <img decoding=\"async\" src=\"https:\/\/plastomer.se\/wp-content\/uploads\/2022\/04\/icon-stoppklossar-300x238.png\">\n            <h3>Stoppklossar<\/h3>\n        <\/a>\n    <\/li><\/ul>\n","protected":false},"excerpt":{"rendered":"<p>\u00c5terf\u00f6rs\u00e4ljare \u00c5terf\u00f6rs\u00e4ljare LandF\u00f6retagTelefonWebb Land BelgienF\u00f6retag Carplus N.V.Telefon +32-32 33 39 84Webb Land DanmarkF\u00f6retag Avant Danmark\/Dansk BiludstyrTelefon Webb www.biludstyr.dkLand EstlandF\u00f6retag Motoral Eesti ASTelefon +372 620 1464Webb www.motoral.eeLand FinlandF\u00f6retag Motoral OYTelefon +358 10 55070Webb www.motoral.fiLand GreklandF\u00f6retag Th. Archontopoulos &amp; CoTelefon +30 210 4565 565Webb www.coverstyle.grLand LitauernF\u00f6retag Looking for distributorTelefon Webb Land Nederl\u00e4ndernaF\u00f6retag Van Rheenen Harlem BVTelefon +31 [&hellip;]<\/p>\n","protected":false},"author":1,"featured_media":539,"parent":905,"menu_order":0,"comment_status":"closed","ping_status":"closed","template":"page-templates\/template-pagebuilder.php","meta":{"_acf_changed":false,"_genesis_hide_title":false,"_genesis_hide_breadcrumbs":false,"_genesis_hide_singular_image":false,"_genesis_hide_footer_widgets":false,"_genesis_custom_body_class":"","_genesis_custom_post_class":"","_genesis_layout":"","footnotes":""},"class_list":{"0":"post-907","1":"page","2":"type-page","3":"status-publish","4":"has-post-thumbnail","6":"entry"},"acf":[],"yoast_head":"<!-- This site is optimized with the Yoast SEO plugin v27.4 - https:\/\/yoast.com\/product\/yoast-seo-wordpress\/ -->\n<title>Retailers - Plastomer<\/title>\n<meta name=\"robots\" content=\"index, follow, max-snippet:-1, max-image-preview:large, max-video-preview:-1\" \/>\n<link rel=\"canonical\" href=\"https:\/\/plastomer.se\/en\/products\/products-car\/retailers\/\" \/>\n<meta property=\"og:locale\" content=\"en_US\" \/>\n<meta property=\"og:type\" content=\"article\" \/>\n<meta property=\"og:title\" content=\"Retailers - Plastomer\" \/>\n<meta property=\"og:description\" content=\"\u00c5terf\u00f6rs\u00e4ljare \u00c5terf\u00f6rs\u00e4ljare LandF\u00f6retagTelefonWebb Land BelgienF\u00f6retag Carplus N.V.Telefon +32-32 33 39 84Webb Land DanmarkF\u00f6retag Avant Danmark\/Dansk BiludstyrTelefon Webb www.biludstyr.dkLand EstlandF\u00f6retag Motoral Eesti ASTelefon +372 620 1464Webb www.motoral.eeLand FinlandF\u00f6retag Motoral OYTelefon +358 10 55070Webb www.motoral.fiLand GreklandF\u00f6retag Th. Archontopoulos &amp; CoTelefon +30 210 4565 565Webb www.coverstyle.grLand LitauernF\u00f6retag Looking for distributorTelefon Webb Land Nederl\u00e4ndernaF\u00f6retag Van Rheenen Harlem BVTelefon +31 [&hellip;]\" \/>\n<meta property=\"og:url\" content=\"https:\/\/plastomer.se\/en\/products\/products-car\/retailers\/\" \/>\n<meta property=\"og:site_name\" content=\"Plastomer\" \/>\n<meta property=\"article:modified_time\" content=\"2023-11-23T15:32:13+00:00\" \/>\n<meta property=\"og:image\" content=\"https:\/\/plastomer.se\/wp-content\/uploads\/2022\/04\/truck_side-o.jpg\" \/>\n\t<meta property=\"og:image:width\" content=\"2300\" \/>\n\t<meta property=\"og:image:height\" content=\"2300\" \/>\n\t<meta property=\"og:image:type\" content=\"image\/jpeg\" \/>\n<meta name=\"twitter:card\" content=\"summary_large_image\" \/>\n<script type=\"application\/ld+json\" class=\"yoast-schema-graph\">{\"@context\":\"https:\\\/\\\/schema.org\",\"@graph\":[{\"@type\":\"WebPage\",\"@id\":\"https:\\\/\\\/plastomer.se\\\/en\\\/products\\\/products-car\\\/retailers\\\/\",\"url\":\"https:\\\/\\\/plastomer.se\\\/en\\\/products\\\/products-car\\\/retailers\\\/\",\"name\":\"Retailers - Plastomer\",\"isPartOf\":{\"@id\":\"https:\\\/\\\/plastomer.se\\\/en\\\/#website\"},\"primaryImageOfPage\":{\"@id\":\"https:\\\/\\\/plastomer.se\\\/en\\\/products\\\/products-car\\\/retailers\\\/#primaryimage\"},\"image\":{\"@id\":\"https:\\\/\\\/plastomer.se\\\/en\\\/products\\\/products-car\\\/retailers\\\/#primaryimage\"},\"thumbnailUrl\":\"https:\\\/\\\/plastomer.se\\\/wp-content\\\/uploads\\\/2022\\\/04\\\/truck_side-o.jpg\",\"datePublished\":\"2022-04-19T09:06:07+00:00\",\"dateModified\":\"2023-11-23T15:32:13+00:00\",\"breadcrumb\":{\"@id\":\"https:\\\/\\\/plastomer.se\\\/en\\\/products\\\/products-car\\\/retailers\\\/#breadcrumb\"},\"inLanguage\":\"en-US\",\"potentialAction\":[{\"@type\":\"ReadAction\",\"target\":[\"https:\\\/\\\/plastomer.se\\\/en\\\/products\\\/products-car\\\/retailers\\\/\"]}]},{\"@type\":\"ImageObject\",\"inLanguage\":\"en-US\",\"@id\":\"https:\\\/\\\/plastomer.se\\\/en\\\/products\\\/products-car\\\/retailers\\\/#primaryimage\",\"url\":\"https:\\\/\\\/plastomer.se\\\/wp-content\\\/uploads\\\/2022\\\/04\\\/truck_side-o.jpg\",\"contentUrl\":\"https:\\\/\\\/plastomer.se\\\/wp-content\\\/uploads\\\/2022\\\/04\\\/truck_side-o.jpg\",\"width\":2300,\"height\":2300,\"caption\":\"PlastoMer tillbeh\u00f6r till lastbilar\"},{\"@type\":\"BreadcrumbList\",\"@id\":\"https:\\\/\\\/plastomer.se\\\/en\\\/products\\\/products-car\\\/retailers\\\/#breadcrumb\",\"itemListElement\":[{\"@type\":\"ListItem\",\"position\":1,\"name\":\"Home\",\"item\":\"https:\\\/\\\/plastomer.se\\\/en\\\/\"},{\"@type\":\"ListItem\",\"position\":2,\"name\":\"Products\",\"item\":\"https:\\\/\\\/plastomer.se\\\/en\\\/products\\\/\"},{\"@type\":\"ListItem\",\"position\":3,\"name\":\"Automotive products\",\"item\":\"https:\\\/\\\/plastomer.se\\\/en\\\/products\\\/products-car\\\/\"},{\"@type\":\"ListItem\",\"position\":4,\"name\":\"Retailers\"}]},{\"@type\":\"WebSite\",\"@id\":\"https:\\\/\\\/plastomer.se\\\/en\\\/#website\",\"url\":\"https:\\\/\\\/plastomer.se\\\/en\\\/\",\"name\":\"Plastomer\",\"description\":\"Lastbilstillbeh\u00f6r i V\u00e4rldsklass\",\"publisher\":{\"@id\":\"https:\\\/\\\/plastomer.se\\\/en\\\/#organization\"},\"potentialAction\":[{\"@type\":\"SearchAction\",\"target\":{\"@type\":\"EntryPoint\",\"urlTemplate\":\"https:\\\/\\\/plastomer.se\\\/en\\\/?s={search_term_string}\"},\"query-input\":{\"@type\":\"PropertyValueSpecification\",\"valueRequired\":true,\"valueName\":\"search_term_string\"}}],\"inLanguage\":\"en-US\"},{\"@type\":\"Organization\",\"@id\":\"https:\\\/\\\/plastomer.se\\\/en\\\/#organization\",\"name\":\"Plastomer\",\"url\":\"https:\\\/\\\/plastomer.se\\\/en\\\/\",\"logo\":{\"@type\":\"ImageObject\",\"inLanguage\":\"en-US\",\"@id\":\"https:\\\/\\\/plastomer.se\\\/en\\\/#\\\/schema\\\/logo\\\/image\\\/\",\"url\":\"https:\\\/\\\/plastomer.se\\\/wp-content\\\/uploads\\\/2025\\\/04\\\/plastomer.png\",\"contentUrl\":\"https:\\\/\\\/plastomer.se\\\/wp-content\\\/uploads\\\/2025\\\/04\\\/plastomer.png\",\"width\":1024,\"height\":1024,\"caption\":\"Plastomer\"},\"image\":{\"@id\":\"https:\\\/\\\/plastomer.se\\\/en\\\/#\\\/schema\\\/logo\\\/image\\\/\"}}]}<\/script>\n<!-- \/ Yoast SEO plugin. -->","yoast_head_json":{"title":"Retailers - Plastomer","robots":{"index":"index","follow":"follow","max-snippet":"max-snippet:-1","max-image-preview":"max-image-preview:large","max-video-preview":"max-video-preview:-1"},"canonical":"https:\/\/plastomer.se\/en\/products\/products-car\/retailers\/","og_locale":"en_US","og_type":"article","og_title":"Retailers - Plastomer","og_description":"\u00c5terf\u00f6rs\u00e4ljare \u00c5terf\u00f6rs\u00e4ljare LandF\u00f6retagTelefonWebb Land BelgienF\u00f6retag Carplus N.V.Telefon +32-32 33 39 84Webb Land DanmarkF\u00f6retag Avant Danmark\/Dansk BiludstyrTelefon Webb www.biludstyr.dkLand EstlandF\u00f6retag Motoral Eesti ASTelefon +372 620 1464Webb www.motoral.eeLand FinlandF\u00f6retag Motoral OYTelefon +358 10 55070Webb www.motoral.fiLand GreklandF\u00f6retag Th. Archontopoulos &amp; CoTelefon +30 210 4565 565Webb www.coverstyle.grLand LitauernF\u00f6retag Looking for distributorTelefon Webb Land Nederl\u00e4ndernaF\u00f6retag Van Rheenen Harlem BVTelefon +31 [&hellip;]","og_url":"https:\/\/plastomer.se\/en\/products\/products-car\/retailers\/","og_site_name":"Plastomer","article_modified_time":"2023-11-23T15:32:13+00:00","og_image":[{"width":2300,"height":2300,"url":"https:\/\/plastomer.se\/wp-content\/uploads\/2022\/04\/truck_side-o.jpg","type":"image\/jpeg"}],"twitter_card":"summary_large_image","schema":{"@context":"https:\/\/schema.org","@graph":[{"@type":"WebPage","@id":"https:\/\/plastomer.se\/en\/products\/products-car\/retailers\/","url":"https:\/\/plastomer.se\/en\/products\/products-car\/retailers\/","name":"Retailers - Plastomer","isPartOf":{"@id":"https:\/\/plastomer.se\/en\/#website"},"primaryImageOfPage":{"@id":"https:\/\/plastomer.se\/en\/products\/products-car\/retailers\/#primaryimage"},"image":{"@id":"https:\/\/plastomer.se\/en\/products\/products-car\/retailers\/#primaryimage"},"thumbnailUrl":"https:\/\/plastomer.se\/wp-content\/uploads\/2022\/04\/truck_side-o.jpg","datePublished":"2022-04-19T09:06:07+00:00","dateModified":"2023-11-23T15:32:13+00:00","breadcrumb":{"@id":"https:\/\/plastomer.se\/en\/products\/products-car\/retailers\/#breadcrumb"},"inLanguage":"en-US","potentialAction":[{"@type":"ReadAction","target":["https:\/\/plastomer.se\/en\/products\/products-car\/retailers\/"]}]},{"@type":"ImageObject","inLanguage":"en-US","@id":"https:\/\/plastomer.se\/en\/products\/products-car\/retailers\/#primaryimage","url":"https:\/\/plastomer.se\/wp-content\/uploads\/2022\/04\/truck_side-o.jpg","contentUrl":"https:\/\/plastomer.se\/wp-content\/uploads\/2022\/04\/truck_side-o.jpg","width":2300,"height":2300,"caption":"PlastoMer tillbeh\u00f6r till lastbilar"},{"@type":"BreadcrumbList","@id":"https:\/\/plastomer.se\/en\/products\/products-car\/retailers\/#breadcrumb","itemListElement":[{"@type":"ListItem","position":1,"name":"Home","item":"https:\/\/plastomer.se\/en\/"},{"@type":"ListItem","position":2,"name":"Products","item":"https:\/\/plastomer.se\/en\/products\/"},{"@type":"ListItem","position":3,"name":"Automotive products","item":"https:\/\/plastomer.se\/en\/products\/products-car\/"},{"@type":"ListItem","position":4,"name":"Retailers"}]},{"@type":"WebSite","@id":"https:\/\/plastomer.se\/en\/#website","url":"https:\/\/plastomer.se\/en\/","name":"Plastomer","description":"Lastbilstillbeh\u00f6r i V\u00e4rldsklass","publisher":{"@id":"https:\/\/plastomer.se\/en\/#organization"},"potentialAction":[{"@type":"SearchAction","target":{"@type":"EntryPoint","urlTemplate":"https:\/\/plastomer.se\/en\/?s={search_term_string}"},"query-input":{"@type":"PropertyValueSpecification","valueRequired":true,"valueName":"search_term_string"}}],"inLanguage":"en-US"},{"@type":"Organization","@id":"https:\/\/plastomer.se\/en\/#organization","name":"Plastomer","url":"https:\/\/plastomer.se\/en\/","logo":{"@type":"ImageObject","inLanguage":"en-US","@id":"https:\/\/plastomer.se\/en\/#\/schema\/logo\/image\/","url":"https:\/\/plastomer.se\/wp-content\/uploads\/2025\/04\/plastomer.png","contentUrl":"https:\/\/plastomer.se\/wp-content\/uploads\/2025\/04\/plastomer.png","width":1024,"height":1024,"caption":"Plastomer"},"image":{"@id":"https:\/\/plastomer.se\/en\/#\/schema\/logo\/image\/"}}]}},"_links":{"self":[{"href":"https:\/\/plastomer.se\/en\/wp-json\/wp\/v2\/pages\/907","targetHints":{"allow":["GET"]}}],"collection":[{"href":"https:\/\/plastomer.se\/en\/wp-json\/wp\/v2\/pages"}],"about":[{"href":"https:\/\/plastomer.se\/en\/wp-json\/wp\/v2\/types\/page"}],"author":[{"embeddable":true,"href":"https:\/\/plastomer.se\/en\/wp-json\/wp\/v2\/users\/1"}],"replies":[{"embeddable":true,"href":"https:\/\/plastomer.se\/en\/wp-json\/wp\/v2\/comments?post=907"}],"version-history":[{"count":3,"href":"https:\/\/plastomer.se\/en\/wp-json\/wp\/v2\/pages\/907\/revisions"}],"predecessor-version":[{"id":4447,"href":"https:\/\/plastomer.se\/en\/wp-json\/wp\/v2\/pages\/907\/revisions\/4447"}],"up":[{"embeddable":true,"href":"https:\/\/plastomer.se\/en\/wp-json\/wp\/v2\/pages\/905"}],"wp:featuredmedia":[{"embeddable":true,"href":"https:\/\/plastomer.se\/en\/wp-json\/wp\/v2\/media\/539"}],"wp:attachment":[{"href":"https:\/\/plastomer.se\/en\/wp-json\/wp\/v2\/media?parent=907"}],"curies":[{"name":"wp","href":"https:\/\/api.w.org\/{rel}","templated":true}]}}