{"id":903,"date":"2022-04-16T11:50:30","date_gmt":"2022-04-16T09:50:30","guid":{"rendered":"https:\/\/plastomer.evdy.se\/products\/products-truck\/certificate-and-catalogues-download\/"},"modified":"2025-12-11T09:55:55","modified_gmt":"2025-12-11T08:55:55","slug":"certificate-and-catalogues-download","status":"publish","type":"page","link":"https:\/\/plastomer.se\/en\/products\/products-truck\/certificate-and-catalogues-download\/","title":{"rendered":"Certificate and catalogues &#8211; Download"},"content":{"rendered":"\n<h1>\n\t\tCertificate &#8211; Download\n\t<\/h1>\n\t<h2>Certificate &#8211; Download<\/h2>\n<ul>\n<li><a href=\"https:\/\/plastomer.se\/wp-content\/uploads\/2022\/04\/Kvalitets-och-miljopolicy.pdf\" target=\"_blank\" rel=\"noopener\">Quality- and Environmental Policy<\/a><\/li>\n<li><a href=\"https:\/\/plastomer.se\/wp-content\/uploads\/2023\/09\/Certificate-PlastoMer-ISO9001-ISO14001-eng-exp-2026-10-31.pdf\" target=\"_blank\" rel=\"noopener\">Certificate PlastoMer ISO9001:2015 ISO14001: 2015<\/a><\/li>\n<li><a href=\"https:\/\/plastomer.se\/wp-content\/uploads\/2023\/11\/EC-type-approval-e5_2021_535_VIII_2021_535_00005_00.pdf\" target=\"_blank\" rel=\"noopener\">EC type-approval certificate<\/a><\/li>\n\n<li>Please visit our suppliers individual websites to view the entire assortment range. You then order easily from us!<\/li>\n<\/ul>\n<ul><li>\n         <a href=\"https:\/\/www.daken.it\/en\/\">\n            <img decoding=\"async\" src=\"https:\/\/plastomer.se\/wp-content\/uploads\/2022\/04\/brand-daken.png\" alt=\"brand\">\n         <\/a>\n      <\/li><li>\n         <a href=\"https:\/\/www.domar.it\/\">\n            <img decoding=\"async\" src=\"https:\/\/plastomer.se\/wp-content\/uploads\/2022\/04\/brand-domar.png\" alt=\"brand\">\n         <\/a>\n      <\/li><li>\n         <a href=\"https:\/\/www.lokhen.com\/\">\n            <img decoding=\"async\" src=\"https:\/\/plastomer.se\/wp-content\/uploads\/2022\/04\/brand-lokhen.png\" alt=\"brand\">\n         <\/a>\n      <\/li><li>\n         <a href=\"https:\/\/taklergroup.com\/\">\n            <img decoding=\"async\" src=\"https:\/\/plastomer.se\/wp-content\/uploads\/2022\/04\/brand-takler.png\" alt=\"brand\">\n         <\/a>\n      <\/li><li>\n         <a href=\"https:\/\/www.wmsystem.com\/se\">\n            <img decoding=\"async\" src=\"https:\/\/plastomer.se\/wp-content\/uploads\/2022\/04\/brand-wmsystem.png\" alt=\"brand\">\n         <\/a>\n      <\/li><\/ul><h2>\n\t\tMore Categories\n\t<\/h2>\n<ul>\n<li>\n        <a href=\"https:\/\/plastomer.se\/en\/products\/products-truck\/mud-flaps\/\">\n            <img decoding=\"async\" src=\"https:\/\/plastomer.se\/wp-content\/uploads\/2022\/05\/St\u00e4nkskydd-01-300x300.png\">\n            <h3>St\u00e4nkskydd<\/h3>\n        <\/a>\n    <\/li><li>\n        <a href=\"https:\/\/plastomer.se\/en\/products\/products-truck\/anti-spray-mud-flap\/\">\n            <img decoding=\"async\" src=\"https:\/\/plastomer.se\/wp-content\/uploads\/2022\/05\/St\u00e4nkskydd-01-300x300.png\">\n            <h3>St\u00e4nkskydd med antispray<\/h3>\n        <\/a>\n    <\/li><li>\n        <a href=\"https:\/\/plastomer.se\/en\/products\/products-truck\/bumper-mud-flaps\/\">\n            <img decoding=\"async\" src=\"https:\/\/plastomer.se\/wp-content\/uploads\/2022\/05\/Fullbreddskydd-300x300.png\">\n            <h3>Fullbreddskydd<\/h3>\n        <\/a>\n    <\/li><li>\n        <a href=\"https:\/\/plastomer.se\/en\/products\/domar-products\/\">\n            <img decoding=\"async\" src=\"https:\/\/plastomer.se\/wp-content\/uploads\/2022\/05\/Sk\u00e4rmar-Tillbeh\u00f6r-03-300x300.png\">\n            <h3>Sk\u00e4rmar &amp; sk\u00e4rmtillbeh\u00f6r<\/h3>\n        <\/a>\n    <\/li><li>\n        <a href=\"https:\/\/plastomer.se\/en\/products\/daken-products\/fire-extinguisher-boxes\/\">\n            <img decoding=\"async\" src=\"https:\/\/plastomer.se\/wp-content\/uploads\/2022\/05\/Brandsl\u00e4ckarboxar-300x300.png\">\n            <h3>Brandsl\u00e4ckar-boxar<\/h3>\n        <\/a>\n    <\/li><li>\n        <a href=\"https:\/\/plastomer.se\/en\/products\/daken-products\/tool-boxes\/\">\n            <img decoding=\"async\" src=\"https:\/\/plastomer.se\/wp-content\/uploads\/2022\/05\/Verktygsl\u00e5da-05-300x300.png\">\n            <h3>Verktygsl\u00e5dor<\/h3>\n        <\/a>\n    <\/li><li>\n        <a href=\"https:\/\/plastomer.se\/en\/products\/takler-products\/underrun-protection\/\">\n            <img decoding=\"async\" src=\"https:\/\/plastomer.se\/wp-content\/uploads\/2022\/05\/Kantskydd-Sidoskydd-300x300.png\">\n            <h3>Kantskydd &amp; sidoskydd<\/h3>\n        <\/a>\n    <\/li><li>\n        <a href=\"https:\/\/plastomer.se\/en\/products\/products-truck\/wm-system-products\/\">\n            <img decoding=\"async\" src=\"https:\/\/plastomer.se\/wp-content\/uploads\/2022\/05\/Lastramper-08-300x300.png\">\n            <h3>Lastramper<\/h3>\n        <\/a>\n    <\/li><li>\n        <a href=\"https:\/\/plastomer.se\/en\/products\/takler-products\/ladders\/\">\n            <img decoding=\"async\" src=\"https:\/\/plastomer.se\/wp-content\/uploads\/2022\/05\/Stegar-09-300x300.png\">\n            <h3>Stegar<\/h3>\n        <\/a>\n    <\/li><li>\n        <a href=\"https:\/\/plastomer.se\/en\/products\/lokhen-products\/\">\n            <img decoding=\"async\" src=\"https:\/\/plastomer.se\/wp-content\/uploads\/2022\/05\/Stoppklossar-300x300.png\">\n            <h3>Stoppklossar<\/h3>\n        <\/a>\n    <\/li><\/ul>\n","protected":false},"excerpt":{"rendered":"<p>Certificate &#8211; Download Certificate &#8211; Download Quality- and Environmental Policy Certificate PlastoMer ISO9001:2015 ISO14001: 2015 EC type-approval certificate Please visit our suppliers individual websites to view the entire assortment range. You then order easily from us! More Categories St\u00e4nkskydd St\u00e4nkskydd med antispray Fullbreddskydd Sk\u00e4rmar &amp; sk\u00e4rmtillbeh\u00f6r Brandsl\u00e4ckar-boxar Verktygsl\u00e5dor Kantskydd &amp; sidoskydd Lastramper Stegar Stoppklossar<\/p>\n","protected":false},"author":1,"featured_media":569,"parent":876,"menu_order":0,"comment_status":"closed","ping_status":"closed","template":"page-templates\/template-pagebuilder.php","meta":{"_acf_changed":false,"_genesis_hide_title":false,"_genesis_hide_breadcrumbs":false,"_genesis_hide_singular_image":false,"_genesis_hide_footer_widgets":false,"_genesis_custom_body_class":"","_genesis_custom_post_class":"","_genesis_layout":"","footnotes":""},"class_list":{"0":"post-903","1":"page","2":"type-page","3":"status-publish","4":"has-post-thumbnail","6":"entry"},"acf":[],"yoast_head":"<!-- This site is optimized with the Yoast SEO plugin v27.3 - https:\/\/yoast.com\/product\/yoast-seo-wordpress\/ -->\n<title>Certificate and catalogues - Download - Plastomer<\/title>\n<meta name=\"robots\" content=\"index, follow, max-snippet:-1, max-image-preview:large, max-video-preview:-1\" \/>\n<link rel=\"canonical\" href=\"https:\/\/plastomer.se\/en\/products\/products-truck\/certificate-and-catalogues-download\/\" \/>\n<meta property=\"og:locale\" content=\"en_US\" \/>\n<meta property=\"og:type\" content=\"article\" \/>\n<meta property=\"og:title\" content=\"Certificate and catalogues - Download - Plastomer\" \/>\n<meta property=\"og:description\" content=\"Certificate &#8211; Download Certificate &#8211; Download Quality- and Environmental Policy Certificate PlastoMer ISO9001:2015 ISO14001: 2015 EC type-approval certificate Please visit our suppliers individual websites to view the entire assortment range. You then order easily from us! More Categories St\u00e4nkskydd St\u00e4nkskydd med antispray Fullbreddskydd Sk\u00e4rmar &amp; sk\u00e4rmtillbeh\u00f6r Brandsl\u00e4ckar-boxar Verktygsl\u00e5dor Kantskydd &amp; sidoskydd Lastramper Stegar Stoppklossar\" \/>\n<meta property=\"og:url\" content=\"https:\/\/plastomer.se\/en\/products\/products-truck\/certificate-and-catalogues-download\/\" \/>\n<meta property=\"og:site_name\" content=\"Plastomer\" \/>\n<meta property=\"article:modified_time\" content=\"2025-12-11T08:55:55+00:00\" \/>\n<meta property=\"og:image\" content=\"https:\/\/plastomer.se\/wp-content\/uploads\/2022\/04\/truck-header.jpg\" \/>\n\t<meta property=\"og:image:width\" content=\"1920\" \/>\n\t<meta property=\"og:image:height\" content=\"500\" \/>\n\t<meta property=\"og:image:type\" content=\"image\/jpeg\" \/>\n<meta name=\"twitter:card\" content=\"summary_large_image\" \/>\n<script type=\"application\/ld+json\" class=\"yoast-schema-graph\">{\"@context\":\"https:\\\/\\\/schema.org\",\"@graph\":[{\"@type\":\"WebPage\",\"@id\":\"https:\\\/\\\/plastomer.se\\\/en\\\/products\\\/products-truck\\\/certificate-and-catalogues-download\\\/\",\"url\":\"https:\\\/\\\/plastomer.se\\\/en\\\/products\\\/products-truck\\\/certificate-and-catalogues-download\\\/\",\"name\":\"Certificate and catalogues - Download - Plastomer\",\"isPartOf\":{\"@id\":\"https:\\\/\\\/plastomer.se\\\/en\\\/#website\"},\"primaryImageOfPage\":{\"@id\":\"https:\\\/\\\/plastomer.se\\\/en\\\/products\\\/products-truck\\\/certificate-and-catalogues-download\\\/#primaryimage\"},\"image\":{\"@id\":\"https:\\\/\\\/plastomer.se\\\/en\\\/products\\\/products-truck\\\/certificate-and-catalogues-download\\\/#primaryimage\"},\"thumbnailUrl\":\"https:\\\/\\\/plastomer.se\\\/wp-content\\\/uploads\\\/2022\\\/04\\\/truck-header.jpg\",\"datePublished\":\"2022-04-16T09:50:30+00:00\",\"dateModified\":\"2025-12-11T08:55:55+00:00\",\"breadcrumb\":{\"@id\":\"https:\\\/\\\/plastomer.se\\\/en\\\/products\\\/products-truck\\\/certificate-and-catalogues-download\\\/#breadcrumb\"},\"inLanguage\":\"en-US\",\"potentialAction\":[{\"@type\":\"ReadAction\",\"target\":[\"https:\\\/\\\/plastomer.se\\\/en\\\/products\\\/products-truck\\\/certificate-and-catalogues-download\\\/\"]}]},{\"@type\":\"ImageObject\",\"inLanguage\":\"en-US\",\"@id\":\"https:\\\/\\\/plastomer.se\\\/en\\\/products\\\/products-truck\\\/certificate-and-catalogues-download\\\/#primaryimage\",\"url\":\"https:\\\/\\\/plastomer.se\\\/wp-content\\\/uploads\\\/2022\\\/04\\\/truck-header.jpg\",\"contentUrl\":\"https:\\\/\\\/plastomer.se\\\/wp-content\\\/uploads\\\/2022\\\/04\\\/truck-header.jpg\",\"width\":1920,\"height\":500},{\"@type\":\"BreadcrumbList\",\"@id\":\"https:\\\/\\\/plastomer.se\\\/en\\\/products\\\/products-truck\\\/certificate-and-catalogues-download\\\/#breadcrumb\",\"itemListElement\":[{\"@type\":\"ListItem\",\"position\":1,\"name\":\"Home\",\"item\":\"https:\\\/\\\/plastomer.se\\\/en\\\/\"},{\"@type\":\"ListItem\",\"position\":2,\"name\":\"Products\",\"item\":\"https:\\\/\\\/plastomer.se\\\/en\\\/products\\\/\"},{\"@type\":\"ListItem\",\"position\":3,\"name\":\"Products truck\",\"item\":\"https:\\\/\\\/plastomer.se\\\/en\\\/products\\\/products-truck\\\/\"},{\"@type\":\"ListItem\",\"position\":4,\"name\":\"Certificate and catalogues &#8211; Download\"}]},{\"@type\":\"WebSite\",\"@id\":\"https:\\\/\\\/plastomer.se\\\/en\\\/#website\",\"url\":\"https:\\\/\\\/plastomer.se\\\/en\\\/\",\"name\":\"Plastomer\",\"description\":\"Lastbilstillbeh\u00f6r i V\u00e4rldsklass\",\"publisher\":{\"@id\":\"https:\\\/\\\/plastomer.se\\\/en\\\/#organization\"},\"potentialAction\":[{\"@type\":\"SearchAction\",\"target\":{\"@type\":\"EntryPoint\",\"urlTemplate\":\"https:\\\/\\\/plastomer.se\\\/en\\\/?s={search_term_string}\"},\"query-input\":{\"@type\":\"PropertyValueSpecification\",\"valueRequired\":true,\"valueName\":\"search_term_string\"}}],\"inLanguage\":\"en-US\"},{\"@type\":\"Organization\",\"@id\":\"https:\\\/\\\/plastomer.se\\\/en\\\/#organization\",\"name\":\"Plastomer\",\"url\":\"https:\\\/\\\/plastomer.se\\\/en\\\/\",\"logo\":{\"@type\":\"ImageObject\",\"inLanguage\":\"en-US\",\"@id\":\"https:\\\/\\\/plastomer.se\\\/en\\\/#\\\/schema\\\/logo\\\/image\\\/\",\"url\":\"https:\\\/\\\/plastomer.se\\\/wp-content\\\/uploads\\\/2025\\\/04\\\/plastomer.png\",\"contentUrl\":\"https:\\\/\\\/plastomer.se\\\/wp-content\\\/uploads\\\/2025\\\/04\\\/plastomer.png\",\"width\":1024,\"height\":1024,\"caption\":\"Plastomer\"},\"image\":{\"@id\":\"https:\\\/\\\/plastomer.se\\\/en\\\/#\\\/schema\\\/logo\\\/image\\\/\"}}]}<\/script>\n<!-- \/ Yoast SEO plugin. -->","yoast_head_json":{"title":"Certificate and catalogues - Download - Plastomer","robots":{"index":"index","follow":"follow","max-snippet":"max-snippet:-1","max-image-preview":"max-image-preview:large","max-video-preview":"max-video-preview:-1"},"canonical":"https:\/\/plastomer.se\/en\/products\/products-truck\/certificate-and-catalogues-download\/","og_locale":"en_US","og_type":"article","og_title":"Certificate and catalogues - Download - Plastomer","og_description":"Certificate &#8211; Download Certificate &#8211; Download Quality- and Environmental Policy Certificate PlastoMer ISO9001:2015 ISO14001: 2015 EC type-approval certificate Please visit our suppliers individual websites to view the entire assortment range. You then order easily from us! More Categories St\u00e4nkskydd St\u00e4nkskydd med antispray Fullbreddskydd Sk\u00e4rmar &amp; sk\u00e4rmtillbeh\u00f6r Brandsl\u00e4ckar-boxar Verktygsl\u00e5dor Kantskydd &amp; sidoskydd Lastramper Stegar Stoppklossar","og_url":"https:\/\/plastomer.se\/en\/products\/products-truck\/certificate-and-catalogues-download\/","og_site_name":"Plastomer","article_modified_time":"2025-12-11T08:55:55+00:00","og_image":[{"width":1920,"height":500,"url":"https:\/\/plastomer.se\/wp-content\/uploads\/2022\/04\/truck-header.jpg","type":"image\/jpeg"}],"twitter_card":"summary_large_image","schema":{"@context":"https:\/\/schema.org","@graph":[{"@type":"WebPage","@id":"https:\/\/plastomer.se\/en\/products\/products-truck\/certificate-and-catalogues-download\/","url":"https:\/\/plastomer.se\/en\/products\/products-truck\/certificate-and-catalogues-download\/","name":"Certificate and catalogues - Download - Plastomer","isPartOf":{"@id":"https:\/\/plastomer.se\/en\/#website"},"primaryImageOfPage":{"@id":"https:\/\/plastomer.se\/en\/products\/products-truck\/certificate-and-catalogues-download\/#primaryimage"},"image":{"@id":"https:\/\/plastomer.se\/en\/products\/products-truck\/certificate-and-catalogues-download\/#primaryimage"},"thumbnailUrl":"https:\/\/plastomer.se\/wp-content\/uploads\/2022\/04\/truck-header.jpg","datePublished":"2022-04-16T09:50:30+00:00","dateModified":"2025-12-11T08:55:55+00:00","breadcrumb":{"@id":"https:\/\/plastomer.se\/en\/products\/products-truck\/certificate-and-catalogues-download\/#breadcrumb"},"inLanguage":"en-US","potentialAction":[{"@type":"ReadAction","target":["https:\/\/plastomer.se\/en\/products\/products-truck\/certificate-and-catalogues-download\/"]}]},{"@type":"ImageObject","inLanguage":"en-US","@id":"https:\/\/plastomer.se\/en\/products\/products-truck\/certificate-and-catalogues-download\/#primaryimage","url":"https:\/\/plastomer.se\/wp-content\/uploads\/2022\/04\/truck-header.jpg","contentUrl":"https:\/\/plastomer.se\/wp-content\/uploads\/2022\/04\/truck-header.jpg","width":1920,"height":500},{"@type":"BreadcrumbList","@id":"https:\/\/plastomer.se\/en\/products\/products-truck\/certificate-and-catalogues-download\/#breadcrumb","itemListElement":[{"@type":"ListItem","position":1,"name":"Home","item":"https:\/\/plastomer.se\/en\/"},{"@type":"ListItem","position":2,"name":"Products","item":"https:\/\/plastomer.se\/en\/products\/"},{"@type":"ListItem","position":3,"name":"Products truck","item":"https:\/\/plastomer.se\/en\/products\/products-truck\/"},{"@type":"ListItem","position":4,"name":"Certificate and catalogues &#8211; Download"}]},{"@type":"WebSite","@id":"https:\/\/plastomer.se\/en\/#website","url":"https:\/\/plastomer.se\/en\/","name":"Plastomer","description":"Lastbilstillbeh\u00f6r i V\u00e4rldsklass","publisher":{"@id":"https:\/\/plastomer.se\/en\/#organization"},"potentialAction":[{"@type":"SearchAction","target":{"@type":"EntryPoint","urlTemplate":"https:\/\/plastomer.se\/en\/?s={search_term_string}"},"query-input":{"@type":"PropertyValueSpecification","valueRequired":true,"valueName":"search_term_string"}}],"inLanguage":"en-US"},{"@type":"Organization","@id":"https:\/\/plastomer.se\/en\/#organization","name":"Plastomer","url":"https:\/\/plastomer.se\/en\/","logo":{"@type":"ImageObject","inLanguage":"en-US","@id":"https:\/\/plastomer.se\/en\/#\/schema\/logo\/image\/","url":"https:\/\/plastomer.se\/wp-content\/uploads\/2025\/04\/plastomer.png","contentUrl":"https:\/\/plastomer.se\/wp-content\/uploads\/2025\/04\/plastomer.png","width":1024,"height":1024,"caption":"Plastomer"},"image":{"@id":"https:\/\/plastomer.se\/en\/#\/schema\/logo\/image\/"}}]}},"_links":{"self":[{"href":"https:\/\/plastomer.se\/en\/wp-json\/wp\/v2\/pages\/903","targetHints":{"allow":["GET"]}}],"collection":[{"href":"https:\/\/plastomer.se\/en\/wp-json\/wp\/v2\/pages"}],"about":[{"href":"https:\/\/plastomer.se\/en\/wp-json\/wp\/v2\/types\/page"}],"author":[{"embeddable":true,"href":"https:\/\/plastomer.se\/en\/wp-json\/wp\/v2\/users\/1"}],"replies":[{"embeddable":true,"href":"https:\/\/plastomer.se\/en\/wp-json\/wp\/v2\/comments?post=903"}],"version-history":[{"count":11,"href":"https:\/\/plastomer.se\/en\/wp-json\/wp\/v2\/pages\/903\/revisions"}],"predecessor-version":[{"id":5037,"href":"https:\/\/plastomer.se\/en\/wp-json\/wp\/v2\/pages\/903\/revisions\/5037"}],"up":[{"embeddable":true,"href":"https:\/\/plastomer.se\/en\/wp-json\/wp\/v2\/pages\/876"}],"wp:featuredmedia":[{"embeddable":true,"href":"https:\/\/plastomer.se\/en\/wp-json\/wp\/v2\/media\/569"}],"wp:attachment":[{"href":"https:\/\/plastomer.se\/en\/wp-json\/wp\/v2\/media?parent=903"}],"curies":[{"name":"wp","href":"https:\/\/api.w.org\/{rel}","templated":true}]}}