{"id":902,"date":"2022-04-16T11:50:01","date_gmt":"2022-04-16T09:50:01","guid":{"rendered":"https:\/\/plastomer.evdy.se\/products\/products-truck\/holders\/"},"modified":"2025-11-28T13:23:24","modified_gmt":"2025-11-28T12:23:24","slug":"holders","status":"publish","type":"page","link":"https:\/\/plastomer.se\/en\/products\/products-truck\/holders\/","title":{"rendered":"Holders"},"content":{"rendered":"\n<h1>\n\t\tHolders\n\t<\/h1>\n\t<h2>Holders &#8211; Made in Sweden<\/h2>\n<p>With the aluminium holder you can fasten the mud flap quick and easy. Our unique bulb on the mud flap works together with the holder &#8211; in case you would drive back on something you only loose the mud flap while mudguard and holders stay undamaged.<\/p>\n<h3>Advantages<\/h3>\n<ul>\n<li>Easy to change mud flaps<\/li>\n<li>No downtime in the workshop<\/li>\n<\/ul>\n<p>You can either call us, tel: <a href=\"tel:0490-822%2080\">+46(0)490-822 80<\/a> for personal service or you can send us an e-mail at: <a href=\"mailto:info@plastomer.se\">info@plastomer.se<\/a><\/p>\n<section>\n   <h2>Holders<\/h2>   \n    <img decoding=\"async\" src=\"https:\/\/plastomer.se\/wp-content\/uploads\/2022\/04\/profil01-1024x649.jpg\" pm-full=\"https:\/\/plastomer.se\/wp-content\/uploads\/2022\/04\/profil01-scaled.jpg\" alt=\"Plastomer Produkter\"\/><img decoding=\"async\" src=\"https:\/\/plastomer.se\/wp-content\/uploads\/2022\/04\/profil02-1024x649.jpg\" pm-full=\"https:\/\/plastomer.se\/wp-content\/uploads\/2022\/04\/profil02-scaled.jpg\" alt=\"Plastomer Produkter\"\/>\n\t\t\t\t\t\t\t<h3>Holders<\/h3>\n\t\t\t\t<hr \/>\n\t\t\t\t\tArt nr.Length (mm)Description\t\t\t\t\n\t\t\t\tArt nr. 080400Length (mm) 400Description Standard fastening profile, supplied with bolt and locking screw, applies to all formats.Art nr. 080500Length (mm) 500Description Standard fastening profile, supplied with bolt and locking screw, applies to all formats.Art nr. 080600Length (mm) 600Description Standard fastening profile, supplied with bolt and locking screw, applies to all formats.Art nr. 080600VLength (mm) 600Description Angled fastening profile, supplied with bolt and locking screw, applies to all formats.\n\t\t\t\t\t\t\t<p>For larger quantities or other lengths, contact us for more information.<\/p>\n<\/section>\n<section>\n   <h2>Fastening profiles &#8211; Accessories<\/h2>   \n    <img decoding=\"async\" src=\"https:\/\/plastomer.se\/wp-content\/uploads\/2022\/10\/M6-skruv.jpg\" pm-full=\"https:\/\/plastomer.se\/wp-content\/uploads\/2022\/10\/M6-skruv.jpg\" alt=\"Plastomer Produkter\"\/><img decoding=\"async\" src=\"https:\/\/plastomer.se\/wp-content\/uploads\/2022\/10\/M6-mutter.jpg\" pm-full=\"https:\/\/plastomer.se\/wp-content\/uploads\/2022\/10\/M6-mutter.jpg\" alt=\"Plastomer Produkter\"\/><img decoding=\"async\" src=\"https:\/\/plastomer.se\/wp-content\/uploads\/2022\/10\/M6-andskydd.jpg\" pm-full=\"https:\/\/plastomer.se\/wp-content\/uploads\/2022\/10\/M6-andskydd.jpg\" alt=\"Plastomer Produkter\"\/><img decoding=\"async\" src=\"https:\/\/plastomer.se\/wp-content\/uploads\/2022\/10\/M6-vagnsbult.png\" pm-full=\"https:\/\/plastomer.se\/wp-content\/uploads\/2022\/10\/M6-vagnsbult.png\" alt=\"Plastomer Produkter\"\/>\n\t\t\t\t\t\t\t<h3>Fastening profiles &#8211; Accessories<\/h3>\n\t\t\t\t<hr \/>\n\t\t\t\t\tArt nr.Description\t\t\t\t\n\t\t\t\tArt nr. 080015Description Bag, 130x220x0.075 mm, with carriage bolt.Art nr. 080047Description carriage bolt. M6, 25mm.Art nr. 080048Description carriage bolt. M6, 20mm.Art nr. 080051Description Nut M6.Art nr. 080052Description Screw, hexagon, M6x16Art nr. 080053Description End protection for screw M6.\n<\/section>\n<h2>\n\t\tMore Categories\n\t<\/h2>\n<ul>\n<li>\n        <a href=\"https:\/\/plastomer.se\/en\/products\/products-truck\/mud-flaps\/\">\n            <img decoding=\"async\" src=\"https:\/\/plastomer.se\/wp-content\/uploads\/2022\/05\/Sta\u0308nkskydd-01-300x300.png\"\/>\n            <h3>Mud flaps<\/h3>\n        <\/a>\n    <\/li><li>\n        <a href=\"https:\/\/plastomer.se\/en\/products\/products-truck\/anti-spray-mud-flap\/\">\n            <img decoding=\"async\" src=\"https:\/\/plastomer.se\/wp-content\/uploads\/2022\/05\/Sta\u0308nkskydd-01-300x300.png\"\/>\n            <h3>Anti-spray mud flaps<\/h3>\n        <\/a>\n    <\/li><li>\n        <a href=\"https:\/\/plastomer.se\/en\/products\/products-truck\/bumper-mud-flaps\/\">\n            <img decoding=\"async\" src=\"https:\/\/plastomer.se\/wp-content\/uploads\/2022\/05\/Fullbreddskydd-300x300.png\"\/>\n            <h3>Bumper mud flaps<\/h3>\n        <\/a>\n    <\/li><li>\n        <a href=\"https:\/\/plastomer.se\/en\/products\/domar-products\/\">\n            <img decoding=\"async\" src=\"https:\/\/plastomer.se\/wp-content\/uploads\/2022\/05\/Ska\u0308rmar-Tillbeho\u0308r-03-300x300.png\"\/>\n            <h3>Domar mudgards &#038; acessories<\/h3>\n        <\/a>\n    <\/li><li>\n        <a href=\"https:\/\/plastomer.se\/en\/products\/daken-products\/\">\n            <img decoding=\"async\" src=\"https:\/\/plastomer.se\/wp-content\/uploads\/2022\/05\/Brandsla\u0308ckarboxar-300x300.png\"\/>\n            <h3>Fire extinguisher Boxes<\/h3>\n        <\/a>\n    <\/li><li>\n        <a href=\"https:\/\/plastomer.se\/en\/products\/daken-products\/\">\n            <img decoding=\"async\" src=\"https:\/\/plastomer.se\/wp-content\/uploads\/2022\/05\/Verktygsla\u030ada-05-300x300.png\"\/>\n            <h3>Toolboxes<\/h3>\n        <\/a>\n    <\/li><li>\n        <a href=\"https:\/\/plastomer.se\/en\/products\/takler-products\/\">\n            <img decoding=\"async\" src=\"https:\/\/plastomer.se\/wp-content\/uploads\/2022\/05\/Kantskydd-Sidoskydd-300x300.png\"\/>\n            <h3>Side systems<\/h3>\n        <\/a>\n    <\/li><li>\n        <a href=\"https:\/\/plastomer.se\/en\/products\/products-truck\/wm-system-products\/\">\n            <img decoding=\"async\" src=\"https:\/\/plastomer.se\/wp-content\/uploads\/2022\/05\/Lastramper-08-300x300.png\"\/>\n            <h3>WM System loading ramps<\/h3>\n        <\/a>\n    <\/li><li>\n        <a href=\"https:\/\/plastomer.se\/en\/products\/takler-products\/ladders\/\">\n            <img decoding=\"async\" src=\"https:\/\/plastomer.se\/wp-content\/uploads\/2022\/05\/Stegar-09-300x300.png\"\/>\n            <h3>ladder<\/h3>\n        <\/a>\n    <\/li><li>\n        <a href=\"https:\/\/plastomer.se\/en\/products\/lokhen-products\/\">\n            <img decoding=\"async\" src=\"https:\/\/plastomer.se\/wp-content\/uploads\/2022\/05\/Stoppklossar-300x300.png\"\/>\n            <h3>Stop blocks<\/h3>\n        <\/a>\n    <\/li><\/ul>\n\n","protected":false},"excerpt":{"rendered":"<p>Holders Holders &#8211; Made in Sweden With the aluminium holder you can fasten the mud flap quick and easy. Our unique bulb on the mud flap works together with the holder &#8211; in case you would drive back on something you only loose the mud flap while mudguard and holders stay undamaged. Advantages Easy to [&hellip;]<\/p>\n","protected":false},"author":1,"featured_media":539,"parent":876,"menu_order":0,"comment_status":"closed","ping_status":"closed","template":"page-templates\/template-pagebuilder.php","meta":{"_acf_changed":false,"_genesis_hide_title":false,"_genesis_hide_breadcrumbs":false,"_genesis_hide_singular_image":false,"_genesis_hide_footer_widgets":false,"_genesis_custom_body_class":"","_genesis_custom_post_class":"","_genesis_layout":"","footnotes":""},"class_list":{"0":"post-902","1":"page","2":"type-page","3":"status-publish","4":"has-post-thumbnail","6":"entry"},"acf":[],"yoast_head":"<!-- This site is optimized with the Yoast SEO plugin v27.3 - https:\/\/yoast.com\/product\/yoast-seo-wordpress\/ -->\n<title>Holders - Plastomer<\/title>\n<meta name=\"description\" content=\"Med v\u00e5ra f\u00e4stprofiler till lastbilar h\u00e4nger du snabbt och enkelt dina st\u00e4nkskydd p\u00e5 plats. V\u00e5r unika vulst p\u00e5 skyddet samverkar i f\u00e4stet.\" \/>\n<meta name=\"robots\" content=\"index, follow, max-snippet:-1, max-image-preview:large, max-video-preview:-1\" \/>\n<link rel=\"canonical\" href=\"https:\/\/plastomer.se\/en\/products\/products-truck\/holders\/\" \/>\n<meta property=\"og:locale\" content=\"en_US\" \/>\n<meta property=\"og:type\" content=\"article\" \/>\n<meta property=\"og:title\" content=\"Holders - Plastomer\" \/>\n<meta property=\"og:description\" content=\"Med v\u00e5ra f\u00e4stprofiler till lastbilar h\u00e4nger du snabbt och enkelt dina st\u00e4nkskydd p\u00e5 plats. V\u00e5r unika vulst p\u00e5 skyddet samverkar i f\u00e4stet.\" \/>\n<meta property=\"og:url\" content=\"https:\/\/plastomer.se\/en\/products\/products-truck\/holders\/\" \/>\n<meta property=\"og:site_name\" content=\"Plastomer\" \/>\n<meta property=\"article:modified_time\" content=\"2025-11-28T12:23:24+00:00\" \/>\n<meta property=\"og:image\" content=\"https:\/\/plastomer.se\/wp-content\/uploads\/2022\/04\/truck_side-o.jpg\" \/>\n\t<meta property=\"og:image:width\" content=\"2300\" \/>\n\t<meta property=\"og:image:height\" content=\"2300\" \/>\n\t<meta property=\"og:image:type\" content=\"image\/jpeg\" \/>\n<meta name=\"twitter:card\" content=\"summary_large_image\" \/>\n<script type=\"application\/ld+json\" class=\"yoast-schema-graph\">{\"@context\":\"https:\\\/\\\/schema.org\",\"@graph\":[{\"@type\":\"WebPage\",\"@id\":\"https:\\\/\\\/plastomer.se\\\/en\\\/products\\\/products-truck\\\/holders\\\/\",\"url\":\"https:\\\/\\\/plastomer.se\\\/en\\\/products\\\/products-truck\\\/holders\\\/\",\"name\":\"Holders - Plastomer\",\"isPartOf\":{\"@id\":\"https:\\\/\\\/plastomer.se\\\/en\\\/#website\"},\"primaryImageOfPage\":{\"@id\":\"https:\\\/\\\/plastomer.se\\\/en\\\/products\\\/products-truck\\\/holders\\\/#primaryimage\"},\"image\":{\"@id\":\"https:\\\/\\\/plastomer.se\\\/en\\\/products\\\/products-truck\\\/holders\\\/#primaryimage\"},\"thumbnailUrl\":\"https:\\\/\\\/plastomer.se\\\/wp-content\\\/uploads\\\/2022\\\/04\\\/truck_side-o.jpg\",\"datePublished\":\"2022-04-16T09:50:01+00:00\",\"dateModified\":\"2025-11-28T12:23:24+00:00\",\"description\":\"Med v\u00e5ra f\u00e4stprofiler till lastbilar h\u00e4nger du snabbt och enkelt dina st\u00e4nkskydd p\u00e5 plats. V\u00e5r unika vulst p\u00e5 skyddet samverkar i f\u00e4stet.\",\"breadcrumb\":{\"@id\":\"https:\\\/\\\/plastomer.se\\\/en\\\/products\\\/products-truck\\\/holders\\\/#breadcrumb\"},\"inLanguage\":\"en-US\",\"potentialAction\":[{\"@type\":\"ReadAction\",\"target\":[\"https:\\\/\\\/plastomer.se\\\/en\\\/products\\\/products-truck\\\/holders\\\/\"]}]},{\"@type\":\"ImageObject\",\"inLanguage\":\"en-US\",\"@id\":\"https:\\\/\\\/plastomer.se\\\/en\\\/products\\\/products-truck\\\/holders\\\/#primaryimage\",\"url\":\"https:\\\/\\\/plastomer.se\\\/wp-content\\\/uploads\\\/2022\\\/04\\\/truck_side-o.jpg\",\"contentUrl\":\"https:\\\/\\\/plastomer.se\\\/wp-content\\\/uploads\\\/2022\\\/04\\\/truck_side-o.jpg\",\"width\":2300,\"height\":2300,\"caption\":\"PlastoMer tillbeh\u00f6r till lastbilar\"},{\"@type\":\"BreadcrumbList\",\"@id\":\"https:\\\/\\\/plastomer.se\\\/en\\\/products\\\/products-truck\\\/holders\\\/#breadcrumb\",\"itemListElement\":[{\"@type\":\"ListItem\",\"position\":1,\"name\":\"Home\",\"item\":\"https:\\\/\\\/plastomer.se\\\/en\\\/\"},{\"@type\":\"ListItem\",\"position\":2,\"name\":\"Products\",\"item\":\"https:\\\/\\\/plastomer.se\\\/en\\\/products\\\/\"},{\"@type\":\"ListItem\",\"position\":3,\"name\":\"Products truck\",\"item\":\"https:\\\/\\\/plastomer.se\\\/en\\\/products\\\/products-truck\\\/\"},{\"@type\":\"ListItem\",\"position\":4,\"name\":\"Holders\"}]},{\"@type\":\"WebSite\",\"@id\":\"https:\\\/\\\/plastomer.se\\\/en\\\/#website\",\"url\":\"https:\\\/\\\/plastomer.se\\\/en\\\/\",\"name\":\"Plastomer\",\"description\":\"Lastbilstillbeh\u00f6r i V\u00e4rldsklass\",\"publisher\":{\"@id\":\"https:\\\/\\\/plastomer.se\\\/en\\\/#organization\"},\"potentialAction\":[{\"@type\":\"SearchAction\",\"target\":{\"@type\":\"EntryPoint\",\"urlTemplate\":\"https:\\\/\\\/plastomer.se\\\/en\\\/?s={search_term_string}\"},\"query-input\":{\"@type\":\"PropertyValueSpecification\",\"valueRequired\":true,\"valueName\":\"search_term_string\"}}],\"inLanguage\":\"en-US\"},{\"@type\":\"Organization\",\"@id\":\"https:\\\/\\\/plastomer.se\\\/en\\\/#organization\",\"name\":\"Plastomer\",\"url\":\"https:\\\/\\\/plastomer.se\\\/en\\\/\",\"logo\":{\"@type\":\"ImageObject\",\"inLanguage\":\"en-US\",\"@id\":\"https:\\\/\\\/plastomer.se\\\/en\\\/#\\\/schema\\\/logo\\\/image\\\/\",\"url\":\"https:\\\/\\\/plastomer.se\\\/wp-content\\\/uploads\\\/2025\\\/04\\\/plastomer.png\",\"contentUrl\":\"https:\\\/\\\/plastomer.se\\\/wp-content\\\/uploads\\\/2025\\\/04\\\/plastomer.png\",\"width\":1024,\"height\":1024,\"caption\":\"Plastomer\"},\"image\":{\"@id\":\"https:\\\/\\\/plastomer.se\\\/en\\\/#\\\/schema\\\/logo\\\/image\\\/\"}}]}<\/script>\n<!-- \/ Yoast SEO plugin. -->","yoast_head_json":{"title":"Holders - Plastomer","description":"Med v\u00e5ra f\u00e4stprofiler till lastbilar h\u00e4nger du snabbt och enkelt dina st\u00e4nkskydd p\u00e5 plats. V\u00e5r unika vulst p\u00e5 skyddet samverkar i f\u00e4stet.","robots":{"index":"index","follow":"follow","max-snippet":"max-snippet:-1","max-image-preview":"max-image-preview:large","max-video-preview":"max-video-preview:-1"},"canonical":"https:\/\/plastomer.se\/en\/products\/products-truck\/holders\/","og_locale":"en_US","og_type":"article","og_title":"Holders - Plastomer","og_description":"Med v\u00e5ra f\u00e4stprofiler till lastbilar h\u00e4nger du snabbt och enkelt dina st\u00e4nkskydd p\u00e5 plats. V\u00e5r unika vulst p\u00e5 skyddet samverkar i f\u00e4stet.","og_url":"https:\/\/plastomer.se\/en\/products\/products-truck\/holders\/","og_site_name":"Plastomer","article_modified_time":"2025-11-28T12:23:24+00:00","og_image":[{"width":2300,"height":2300,"url":"https:\/\/plastomer.se\/wp-content\/uploads\/2022\/04\/truck_side-o.jpg","type":"image\/jpeg"}],"twitter_card":"summary_large_image","schema":{"@context":"https:\/\/schema.org","@graph":[{"@type":"WebPage","@id":"https:\/\/plastomer.se\/en\/products\/products-truck\/holders\/","url":"https:\/\/plastomer.se\/en\/products\/products-truck\/holders\/","name":"Holders - Plastomer","isPartOf":{"@id":"https:\/\/plastomer.se\/en\/#website"},"primaryImageOfPage":{"@id":"https:\/\/plastomer.se\/en\/products\/products-truck\/holders\/#primaryimage"},"image":{"@id":"https:\/\/plastomer.se\/en\/products\/products-truck\/holders\/#primaryimage"},"thumbnailUrl":"https:\/\/plastomer.se\/wp-content\/uploads\/2022\/04\/truck_side-o.jpg","datePublished":"2022-04-16T09:50:01+00:00","dateModified":"2025-11-28T12:23:24+00:00","description":"Med v\u00e5ra f\u00e4stprofiler till lastbilar h\u00e4nger du snabbt och enkelt dina st\u00e4nkskydd p\u00e5 plats. V\u00e5r unika vulst p\u00e5 skyddet samverkar i f\u00e4stet.","breadcrumb":{"@id":"https:\/\/plastomer.se\/en\/products\/products-truck\/holders\/#breadcrumb"},"inLanguage":"en-US","potentialAction":[{"@type":"ReadAction","target":["https:\/\/plastomer.se\/en\/products\/products-truck\/holders\/"]}]},{"@type":"ImageObject","inLanguage":"en-US","@id":"https:\/\/plastomer.se\/en\/products\/products-truck\/holders\/#primaryimage","url":"https:\/\/plastomer.se\/wp-content\/uploads\/2022\/04\/truck_side-o.jpg","contentUrl":"https:\/\/plastomer.se\/wp-content\/uploads\/2022\/04\/truck_side-o.jpg","width":2300,"height":2300,"caption":"PlastoMer tillbeh\u00f6r till lastbilar"},{"@type":"BreadcrumbList","@id":"https:\/\/plastomer.se\/en\/products\/products-truck\/holders\/#breadcrumb","itemListElement":[{"@type":"ListItem","position":1,"name":"Home","item":"https:\/\/plastomer.se\/en\/"},{"@type":"ListItem","position":2,"name":"Products","item":"https:\/\/plastomer.se\/en\/products\/"},{"@type":"ListItem","position":3,"name":"Products truck","item":"https:\/\/plastomer.se\/en\/products\/products-truck\/"},{"@type":"ListItem","position":4,"name":"Holders"}]},{"@type":"WebSite","@id":"https:\/\/plastomer.se\/en\/#website","url":"https:\/\/plastomer.se\/en\/","name":"Plastomer","description":"Lastbilstillbeh\u00f6r i V\u00e4rldsklass","publisher":{"@id":"https:\/\/plastomer.se\/en\/#organization"},"potentialAction":[{"@type":"SearchAction","target":{"@type":"EntryPoint","urlTemplate":"https:\/\/plastomer.se\/en\/?s={search_term_string}"},"query-input":{"@type":"PropertyValueSpecification","valueRequired":true,"valueName":"search_term_string"}}],"inLanguage":"en-US"},{"@type":"Organization","@id":"https:\/\/plastomer.se\/en\/#organization","name":"Plastomer","url":"https:\/\/plastomer.se\/en\/","logo":{"@type":"ImageObject","inLanguage":"en-US","@id":"https:\/\/plastomer.se\/en\/#\/schema\/logo\/image\/","url":"https:\/\/plastomer.se\/wp-content\/uploads\/2025\/04\/plastomer.png","contentUrl":"https:\/\/plastomer.se\/wp-content\/uploads\/2025\/04\/plastomer.png","width":1024,"height":1024,"caption":"Plastomer"},"image":{"@id":"https:\/\/plastomer.se\/en\/#\/schema\/logo\/image\/"}}]}},"_links":{"self":[{"href":"https:\/\/plastomer.se\/en\/wp-json\/wp\/v2\/pages\/902","targetHints":{"allow":["GET"]}}],"collection":[{"href":"https:\/\/plastomer.se\/en\/wp-json\/wp\/v2\/pages"}],"about":[{"href":"https:\/\/plastomer.se\/en\/wp-json\/wp\/v2\/types\/page"}],"author":[{"embeddable":true,"href":"https:\/\/plastomer.se\/en\/wp-json\/wp\/v2\/users\/1"}],"replies":[{"embeddable":true,"href":"https:\/\/plastomer.se\/en\/wp-json\/wp\/v2\/comments?post=902"}],"version-history":[{"count":4,"href":"https:\/\/plastomer.se\/en\/wp-json\/wp\/v2\/pages\/902\/revisions"}],"predecessor-version":[{"id":4461,"href":"https:\/\/plastomer.se\/en\/wp-json\/wp\/v2\/pages\/902\/revisions\/4461"}],"up":[{"embeddable":true,"href":"https:\/\/plastomer.se\/en\/wp-json\/wp\/v2\/pages\/876"}],"wp:featuredmedia":[{"embeddable":true,"href":"https:\/\/plastomer.se\/en\/wp-json\/wp\/v2\/media\/539"}],"wp:attachment":[{"href":"https:\/\/plastomer.se\/en\/wp-json\/wp\/v2\/media?parent=902"}],"curies":[{"name":"wp","href":"https:\/\/api.w.org\/{rel}","templated":true}]}}