{"id":874,"date":"2022-04-12T08:51:52","date_gmt":"2022-04-12T06:51:52","guid":{"rendered":"https:\/\/plastomer.evdy.se\/products\/"},"modified":"2025-10-24T10:25:35","modified_gmt":"2025-10-24T08:25:35","slug":"products","status":"publish","type":"page","link":"https:\/\/plastomer.se\/en\/products\/","title":{"rendered":"Products"},"content":{"rendered":"\n<h1>\n\t\t\tProducts\t<\/h1>\n\t<h2>Welcome to PlastoMer Sweden<\/h2>\n<p>We manufacture and sell products and accessories for both trucks and cars. We are a leading supplier for mud flaps in Sweden &#8211; the product from which it all started. Today this product is both custom-made and further developed for our custumers specific needs. Through the collaboration with Domar, we have had an agency for almost 10 years on their safe and strong screens and accessories for both trucks and construction vehicles. We have a wide range of truck products from several of the industry&#8217;s leading manufacturers. We offer everything from loading ramps and ladders to splash guards and stoppers. Here on our website you will find some of our suppliers&#8217; range. On their website you will find the complete range. All products can easily be ordered through us.<\/p>\n<p>All manufacturing is done in our factory in V\u00e4stervik. You are welcome to contact us for further information.<\/p>\n<p>&nbsp;<\/p>\n<ul>\n<li>\n        <a href=\"https:\/\/plastomer.se\/en\/products\/products-truck\/mud-flaps\/\">\n            <img decoding=\"async\" src=\"https:\/\/plastomer.se\/wp-content\/uploads\/2022\/05\/Sta\u0308nkskydd-01-300x300.png\"\/>\n            <h3>St\u00e4nkskydd<\/h3>\n        <\/a>\n    <\/li><li>\n        <a href=\"https:\/\/plastomer.se\/en\/products\/products-truck\/anti-spray-mud-flap\/\">\n            <img decoding=\"async\" src=\"https:\/\/plastomer.se\/wp-content\/uploads\/2022\/05\/Sta\u0308nkskydd-01-300x300.png\"\/>\n            <h3>St\u00e4nkskydd med antispray<\/h3>\n        <\/a>\n    <\/li><li>\n        <a href=\"https:\/\/plastomer.se\/en\/products\/products-truck\/bumper-mud-flaps\/\">\n            <img decoding=\"async\" src=\"https:\/\/plastomer.se\/wp-content\/uploads\/2022\/05\/Fullbreddskydd-300x300.png\"\/>\n            <h3>Fullbreddskydd<\/h3>\n        <\/a>\n    <\/li><li>\n        <a href=\"https:\/\/plastomer.se\/en\/products\/domar-products\/\">\n            <img decoding=\"async\" src=\"https:\/\/plastomer.se\/wp-content\/uploads\/2022\/05\/Ska\u0308rmar-Tillbeho\u0308r-03-300x300.png\"\/>\n            <h3>Sk\u00e4rmar &#038; sk\u00e4rmtillbeh\u00f6r<\/h3>\n        <\/a>\n    <\/li><li>\n        <a href=\"https:\/\/plastomer.se\/en\/products\/daken-products\/fire-extinguisher-boxes\/\">\n            <img decoding=\"async\" src=\"https:\/\/plastomer.se\/wp-content\/uploads\/2022\/05\/Brandsla\u0308ckarboxar-300x300.png\"\/>\n            <h3>Brandsl\u00e4ckar-boxar<\/h3>\n        <\/a>\n    <\/li><li>\n        <a href=\"https:\/\/plastomer.se\/en\/products\/daken-products\/tool-boxes\/\">\n            <img decoding=\"async\" src=\"https:\/\/plastomer.se\/wp-content\/uploads\/2022\/05\/Verktygsla\u030ada-05-300x300.png\"\/>\n            <h3>Verktygsl\u00e5dor<\/h3>\n        <\/a>\n    <\/li><li>\n        <a href=\"https:\/\/plastomer.se\/en\/products\/takler-products\/underrun-protection\/\">\n            <img decoding=\"async\" src=\"https:\/\/plastomer.se\/wp-content\/uploads\/2022\/05\/Kantskydd-Sidoskydd-300x300.png\"\/>\n            <h3>Kantskydd &#038; sidoskydd<\/h3>\n        <\/a>\n    <\/li><li>\n        <a href=\"https:\/\/plastomer.se\/en\/products\/products-truck\/wm-system-products\/\">\n            <img decoding=\"async\" src=\"https:\/\/plastomer.se\/wp-content\/uploads\/2022\/05\/Lastramper-08-300x300.png\"\/>\n            <h3>Lastramper<\/h3>\n        <\/a>\n    <\/li><li>\n        <a href=\"https:\/\/plastomer.se\/en\/products\/takler-products\/ladders\/\">\n            <img decoding=\"async\" src=\"https:\/\/plastomer.se\/wp-content\/uploads\/2022\/05\/Stegar-09-300x300.png\"\/>\n            <h3>Stegar<\/h3>\n        <\/a>\n    <\/li><li>\n        <a href=\"https:\/\/plastomer.se\/en\/products\/lokhen-products\/\">\n            <img decoding=\"async\" src=\"https:\/\/plastomer.se\/wp-content\/uploads\/2022\/05\/Stoppklossar-300x300.png\"\/>\n            <h3>Stoppklossar<\/h3>\n        <\/a>\n    <\/li><\/ul>\n<h2>\n\t\t<a href=\"https:\/\/plastomer.se\/en\/products\/products-truck\/mud-flaps\/\" title=\"Visa vem som ligger f\u00f6re med ditt tryck p\u00e5 st\u00e4nkskydden!\"  target=\"_self\">\n\t\t\tVisa vem som ligger f\u00f6re med ditt tryck p\u00e5 st\u00e4nkskydden!\t\t<\/a>\n\t<\/h2>\n<h2>\n\t\t<a href=\"https:\/\/plastomer.se\/en\/products\/daken-products\/\" title=\"Verktygsl\u00e5dor fr\u00e5n daken\"  target=\"_self\">\n\t\t\tVerktygsl\u00e5dor fr\u00e5n daken\t\t<\/a>\n\t<\/h2>\n\t<p>Best\u00e4ller du enkelt fr\u00e5n oss<\/p>\n\t<p>Kontakta S\u00e4ljare &#8211; sales@plastomer.se | 0490-822 80<\/p>\n\t<h2>Cars<\/h2>\n<p>On the car business the focus lies on the rensi car mats. The rensi assortment covers more than 200 car models. The material gives the car mat unique properties and adds a softer feeling for you as a driver. It is a 100% recyclable, which is extremely important for our daily environmental work. As a complement to the car mats we have also become a retailer for trunk liners. Car mats are custom-made for each car model to get perfect fitting and offer the best protection from fluids and dirt inside &#8211; easy to clean. Among the car accessories we also offer multibox for storage and sorting, tow-hook covers and mud flaps. We are retailers for the quality brand PowerFlow.<\/p>\n<h2>\n\t\t<a href=\"http:\/\/shop.plastomer.se\" title=\"Visit our webshop - Here you will find the trunk mat for your car.\"  target=\"_blank\"  rel=\"noopener\">\n\t\t\tVisit our webshop &#8211; Here you will find the trunk mat for your car.\t\t<\/a>\n\t<\/h2>\n\t<p>welcome in<\/p>\n<h2>\n\t\t<a href=\"https:\/\/plastomer.se\/produkter\/lastbil\/daken\/\" title=\"All weather carpet.\"  target=\"_self\">\n\t\t\tAll weather carpet.\t\t<\/a>\n\t<\/h2>\n\t<p>Protect your car with rensi car map. Read more about the benefits of rensi<\/p>\n\t<p>Contact Sales &#8211; sales@plastomer.se | 0490-822 80<\/p>\n\t\n","protected":false},"excerpt":{"rendered":"<p>Products Welcome to PlastoMer Sweden We manufacture and sell products and accessories for both trucks and cars. We are a leading supplier for mud flaps in Sweden &#8211; the product from which it all started. Today this product is both custom-made and further developed for our custumers specific needs. Through the collaboration with Domar, we [&hellip;]<\/p>\n","protected":false},"author":1,"featured_media":569,"parent":0,"menu_order":0,"comment_status":"closed","ping_status":"closed","template":"page-templates\/template-pagebuilder.php","meta":{"_acf_changed":false,"_genesis_hide_title":false,"_genesis_hide_breadcrumbs":false,"_genesis_hide_singular_image":false,"_genesis_hide_footer_widgets":false,"_genesis_custom_body_class":"","_genesis_custom_post_class":"","_genesis_layout":"","footnotes":""},"class_list":{"0":"post-874","1":"page","2":"type-page","3":"status-publish","4":"has-post-thumbnail","6":"entry"},"acf":[],"yoast_head":"<!-- This site is optimized with the Yoast SEO plugin v27.3 - https:\/\/yoast.com\/product\/yoast-seo-wordpress\/ -->\n<title>Truck products - Plastomer<\/title>\n<meta name=\"description\" content=\"We manufacture and sell truck products and accessories. We sell everything from screens to loading ramps and manufacture our own mudguards.\" \/>\n<meta name=\"robots\" content=\"index, follow, max-snippet:-1, max-image-preview:large, max-video-preview:-1\" \/>\n<link rel=\"canonical\" href=\"https:\/\/plastomer.se\/en\/products\/\" \/>\n<meta property=\"og:locale\" content=\"en_US\" \/>\n<meta property=\"og:type\" content=\"article\" \/>\n<meta property=\"og:title\" content=\"Truck products - Plastomer\" \/>\n<meta property=\"og:description\" content=\"We manufacture and sell truck products and accessories. We sell everything from screens to loading ramps and manufacture our own mudguards.\" \/>\n<meta property=\"og:url\" content=\"https:\/\/plastomer.se\/en\/products\/\" \/>\n<meta property=\"og:site_name\" content=\"Plastomer\" \/>\n<meta property=\"article:modified_time\" content=\"2025-10-24T08:25:35+00:00\" \/>\n<meta property=\"og:image\" content=\"https:\/\/plastomer.se\/wp-content\/uploads\/2022\/04\/truck-header.jpg\" \/>\n\t<meta property=\"og:image:width\" content=\"1920\" \/>\n\t<meta property=\"og:image:height\" content=\"500\" \/>\n\t<meta property=\"og:image:type\" content=\"image\/jpeg\" \/>\n<meta name=\"twitter:card\" content=\"summary_large_image\" \/>\n<meta name=\"twitter:label1\" content=\"Est. reading time\" \/>\n\t<meta name=\"twitter:data1\" content=\"4 minutes\" \/>\n<script type=\"application\/ld+json\" class=\"yoast-schema-graph\">{\"@context\":\"https:\\\/\\\/schema.org\",\"@graph\":[{\"@type\":\"WebPage\",\"@id\":\"https:\\\/\\\/plastomer.se\\\/en\\\/products\\\/\",\"url\":\"https:\\\/\\\/plastomer.se\\\/en\\\/products\\\/\",\"name\":\"Truck products - Plastomer\",\"isPartOf\":{\"@id\":\"https:\\\/\\\/plastomer.se\\\/en\\\/#website\"},\"primaryImageOfPage\":{\"@id\":\"https:\\\/\\\/plastomer.se\\\/en\\\/products\\\/#primaryimage\"},\"image\":{\"@id\":\"https:\\\/\\\/plastomer.se\\\/en\\\/products\\\/#primaryimage\"},\"thumbnailUrl\":\"https:\\\/\\\/plastomer.se\\\/wp-content\\\/uploads\\\/2022\\\/04\\\/truck-header.jpg\",\"datePublished\":\"2022-04-12T06:51:52+00:00\",\"dateModified\":\"2025-10-24T08:25:35+00:00\",\"description\":\"We manufacture and sell truck products and accessories. We sell everything from screens to loading ramps and manufacture our own mudguards.\",\"breadcrumb\":{\"@id\":\"https:\\\/\\\/plastomer.se\\\/en\\\/products\\\/#breadcrumb\"},\"inLanguage\":\"en-US\",\"potentialAction\":[{\"@type\":\"ReadAction\",\"target\":[\"https:\\\/\\\/plastomer.se\\\/en\\\/products\\\/\"]}]},{\"@type\":\"ImageObject\",\"inLanguage\":\"en-US\",\"@id\":\"https:\\\/\\\/plastomer.se\\\/en\\\/products\\\/#primaryimage\",\"url\":\"https:\\\/\\\/plastomer.se\\\/wp-content\\\/uploads\\\/2022\\\/04\\\/truck-header.jpg\",\"contentUrl\":\"https:\\\/\\\/plastomer.se\\\/wp-content\\\/uploads\\\/2022\\\/04\\\/truck-header.jpg\",\"width\":1920,\"height\":500},{\"@type\":\"BreadcrumbList\",\"@id\":\"https:\\\/\\\/plastomer.se\\\/en\\\/products\\\/#breadcrumb\",\"itemListElement\":[{\"@type\":\"ListItem\",\"position\":1,\"name\":\"Home\",\"item\":\"https:\\\/\\\/plastomer.se\\\/en\\\/\"},{\"@type\":\"ListItem\",\"position\":2,\"name\":\"Products\"}]},{\"@type\":\"WebSite\",\"@id\":\"https:\\\/\\\/plastomer.se\\\/en\\\/#website\",\"url\":\"https:\\\/\\\/plastomer.se\\\/en\\\/\",\"name\":\"Plastomer\",\"description\":\"Lastbilstillbeh\u00f6r i V\u00e4rldsklass\",\"publisher\":{\"@id\":\"https:\\\/\\\/plastomer.se\\\/en\\\/#organization\"},\"potentialAction\":[{\"@type\":\"SearchAction\",\"target\":{\"@type\":\"EntryPoint\",\"urlTemplate\":\"https:\\\/\\\/plastomer.se\\\/en\\\/?s={search_term_string}\"},\"query-input\":{\"@type\":\"PropertyValueSpecification\",\"valueRequired\":true,\"valueName\":\"search_term_string\"}}],\"inLanguage\":\"en-US\"},{\"@type\":\"Organization\",\"@id\":\"https:\\\/\\\/plastomer.se\\\/en\\\/#organization\",\"name\":\"Plastomer\",\"url\":\"https:\\\/\\\/plastomer.se\\\/en\\\/\",\"logo\":{\"@type\":\"ImageObject\",\"inLanguage\":\"en-US\",\"@id\":\"https:\\\/\\\/plastomer.se\\\/en\\\/#\\\/schema\\\/logo\\\/image\\\/\",\"url\":\"https:\\\/\\\/plastomer.se\\\/wp-content\\\/uploads\\\/2025\\\/04\\\/plastomer.png\",\"contentUrl\":\"https:\\\/\\\/plastomer.se\\\/wp-content\\\/uploads\\\/2025\\\/04\\\/plastomer.png\",\"width\":1024,\"height\":1024,\"caption\":\"Plastomer\"},\"image\":{\"@id\":\"https:\\\/\\\/plastomer.se\\\/en\\\/#\\\/schema\\\/logo\\\/image\\\/\"}}]}<\/script>\n<!-- \/ Yoast SEO plugin. -->","yoast_head_json":{"title":"Truck products - Plastomer","description":"We manufacture and sell truck products and accessories. We sell everything from screens to loading ramps and manufacture our own mudguards.","robots":{"index":"index","follow":"follow","max-snippet":"max-snippet:-1","max-image-preview":"max-image-preview:large","max-video-preview":"max-video-preview:-1"},"canonical":"https:\/\/plastomer.se\/en\/products\/","og_locale":"en_US","og_type":"article","og_title":"Truck products - Plastomer","og_description":"We manufacture and sell truck products and accessories. We sell everything from screens to loading ramps and manufacture our own mudguards.","og_url":"https:\/\/plastomer.se\/en\/products\/","og_site_name":"Plastomer","article_modified_time":"2025-10-24T08:25:35+00:00","og_image":[{"width":1920,"height":500,"url":"https:\/\/plastomer.se\/wp-content\/uploads\/2022\/04\/truck-header.jpg","type":"image\/jpeg"}],"twitter_card":"summary_large_image","twitter_misc":{"Est. reading time":"4 minutes"},"schema":{"@context":"https:\/\/schema.org","@graph":[{"@type":"WebPage","@id":"https:\/\/plastomer.se\/en\/products\/","url":"https:\/\/plastomer.se\/en\/products\/","name":"Truck products - Plastomer","isPartOf":{"@id":"https:\/\/plastomer.se\/en\/#website"},"primaryImageOfPage":{"@id":"https:\/\/plastomer.se\/en\/products\/#primaryimage"},"image":{"@id":"https:\/\/plastomer.se\/en\/products\/#primaryimage"},"thumbnailUrl":"https:\/\/plastomer.se\/wp-content\/uploads\/2022\/04\/truck-header.jpg","datePublished":"2022-04-12T06:51:52+00:00","dateModified":"2025-10-24T08:25:35+00:00","description":"We manufacture and sell truck products and accessories. We sell everything from screens to loading ramps and manufacture our own mudguards.","breadcrumb":{"@id":"https:\/\/plastomer.se\/en\/products\/#breadcrumb"},"inLanguage":"en-US","potentialAction":[{"@type":"ReadAction","target":["https:\/\/plastomer.se\/en\/products\/"]}]},{"@type":"ImageObject","inLanguage":"en-US","@id":"https:\/\/plastomer.se\/en\/products\/#primaryimage","url":"https:\/\/plastomer.se\/wp-content\/uploads\/2022\/04\/truck-header.jpg","contentUrl":"https:\/\/plastomer.se\/wp-content\/uploads\/2022\/04\/truck-header.jpg","width":1920,"height":500},{"@type":"BreadcrumbList","@id":"https:\/\/plastomer.se\/en\/products\/#breadcrumb","itemListElement":[{"@type":"ListItem","position":1,"name":"Home","item":"https:\/\/plastomer.se\/en\/"},{"@type":"ListItem","position":2,"name":"Products"}]},{"@type":"WebSite","@id":"https:\/\/plastomer.se\/en\/#website","url":"https:\/\/plastomer.se\/en\/","name":"Plastomer","description":"Lastbilstillbeh\u00f6r i V\u00e4rldsklass","publisher":{"@id":"https:\/\/plastomer.se\/en\/#organization"},"potentialAction":[{"@type":"SearchAction","target":{"@type":"EntryPoint","urlTemplate":"https:\/\/plastomer.se\/en\/?s={search_term_string}"},"query-input":{"@type":"PropertyValueSpecification","valueRequired":true,"valueName":"search_term_string"}}],"inLanguage":"en-US"},{"@type":"Organization","@id":"https:\/\/plastomer.se\/en\/#organization","name":"Plastomer","url":"https:\/\/plastomer.se\/en\/","logo":{"@type":"ImageObject","inLanguage":"en-US","@id":"https:\/\/plastomer.se\/en\/#\/schema\/logo\/image\/","url":"https:\/\/plastomer.se\/wp-content\/uploads\/2025\/04\/plastomer.png","contentUrl":"https:\/\/plastomer.se\/wp-content\/uploads\/2025\/04\/plastomer.png","width":1024,"height":1024,"caption":"Plastomer"},"image":{"@id":"https:\/\/plastomer.se\/en\/#\/schema\/logo\/image\/"}}]}},"_links":{"self":[{"href":"https:\/\/plastomer.se\/en\/wp-json\/wp\/v2\/pages\/874","targetHints":{"allow":["GET"]}}],"collection":[{"href":"https:\/\/plastomer.se\/en\/wp-json\/wp\/v2\/pages"}],"about":[{"href":"https:\/\/plastomer.se\/en\/wp-json\/wp\/v2\/types\/page"}],"author":[{"embeddable":true,"href":"https:\/\/plastomer.se\/en\/wp-json\/wp\/v2\/users\/1"}],"replies":[{"embeddable":true,"href":"https:\/\/plastomer.se\/en\/wp-json\/wp\/v2\/comments?post=874"}],"version-history":[{"count":5,"href":"https:\/\/plastomer.se\/en\/wp-json\/wp\/v2\/pages\/874\/revisions"}],"predecessor-version":[{"id":4983,"href":"https:\/\/plastomer.se\/en\/wp-json\/wp\/v2\/pages\/874\/revisions\/4983"}],"wp:featuredmedia":[{"embeddable":true,"href":"https:\/\/plastomer.se\/en\/wp-json\/wp\/v2\/media\/569"}],"wp:attachment":[{"href":"https:\/\/plastomer.se\/en\/wp-json\/wp\/v2\/media?parent=874"}],"curies":[{"name":"wp","href":"https:\/\/api.w.org\/{rel}","templated":true}]}}