{"id":873,"date":"2022-04-14T11:34:18","date_gmt":"2022-04-14T09:34:18","guid":{"rendered":"https:\/\/plastomer.evdy.se\/mud-flaps\/"},"modified":"2023-11-30T13:54:45","modified_gmt":"2023-11-30T12:54:45","slug":"mud-flaps","status":"publish","type":"page","link":"https:\/\/plastomer.se\/en\/products\/products-truck\/mud-flaps\/","title":{"rendered":"Mud flaps &#8211; Sizes"},"content":{"rendered":"\n<h1>\n\t\tMud flaps &#8211; Sizes\n\t<\/h1>\n\t<h2>Show who&#8217;s in-front with advertising mud flaps!<\/h2>\n<p>The PlastoMer mud flaps is of highest quality, even when it comes to extreme weather conditions. In close collaboration with the customer, we undertake both small and large assignments where we can offer both standard and tailor-made solutions.<\/p>\n<p>We manufacture our mud flaps in different sizes, you choose text or a logo as you wish. Our mud flaps can be ordered with or without EC-approved spray suppression system-rensi spray. We also have splash guards in full width for attachment to the underrunning beam.<\/p>\n<section>\n   <h2>Mud Flaps &#8211; Sizes<\/h2>   \n\t\t\t\t\t\t\t<h3>Mud Flaps &#8211; Sizes<\/h3>\n\t\t\t\t<hr \/>\n\t\t\t\t\tArt. nr.Format (mm)Advertising area (mm)Comment\t\t\t\t\n\t\t\t\tArt. nr. 6240Format (mm) 620 x 400Advertising area (mm) 570 x 300Comment Art. nr. 6535Format (mm) 650 x 350Advertising area (mm) 450 x 250Comment Adaptable\n(can be cut in the edges to 500 mm wide)Art. nr. 6235Format (mm) 620 x 350Advertising area (mm) 450 x 250Comment Can be adapted from 6535Art. nr. 6035Format (mm) 600 x 350Advertising area (mm) 450 x 250Comment Can be adapted from 6535Art. nr. 5035Format (mm) 500 x 350Advertising area (mm) 450 x 250Comment Can be adapted from 6535Art. nr. 4235Format (mm) 420 x 350Advertising area (mm) 380 x 250Comment \n\t\t\t\t\t\t\t<p>The splash guards are available in a variety of colors, the print can be obtained in many different variations. For other measurements, colors, quantities, or other questions. Contact us for more information.<\/p>\n<\/section>\n\t<h2>Order picture and price proposal!<\/h2>\n<p>Enter your information and we will get back to you.<\/p>\n\t\n<div class=\"wpcf7 no-js\" id=\"wpcf7-f688-o1\" lang=\"sv-SE\" dir=\"ltr\" data-wpcf7-id=\"688\">\n<div class=\"screen-reader-response\"><p role=\"status\" aria-live=\"polite\" aria-atomic=\"true\"><\/p> <ul><\/ul><\/div>\n<form action=\"\/en\/wp-json\/wp\/v2\/pages\/873#wpcf7-f688-o1\" method=\"post\" class=\"wpcf7-form init\" aria-label=\"Kontaktformul\u00e4r\" enctype=\"multipart\/form-data\" novalidate=\"novalidate\" data-status=\"init\">\n<fieldset class=\"hidden-fields-container\"><input type=\"hidden\" name=\"_wpcf7\" value=\"688\" \/><input type=\"hidden\" name=\"_wpcf7_version\" value=\"6.1.5\" \/><input type=\"hidden\" name=\"_wpcf7_locale\" value=\"sv_SE\" \/><input type=\"hidden\" name=\"_wpcf7_unit_tag\" value=\"wpcf7-f688-o1\" \/><input type=\"hidden\" name=\"_wpcf7_container_post\" value=\"0\" \/><input type=\"hidden\" name=\"_wpcf7_posted_data_hash\" value=\"\" \/>\n<\/fieldset>\n<div class=\"form-col\">\n\t<p><label> Modell\/format p\u00e5 St\u00e4nkskydd *<br \/>\n<span class=\"wpcf7-form-control-wrap\" data-name=\"select-size\"><select class=\"wpcf7-form-control wpcf7-select wpcf7-validates-as-required\" aria-required=\"true\" aria-invalid=\"false\" name=\"select-size\"><option value=\"420x350 mm\">420x350 mm<\/option><option value=\"650x 350 mm\">650x 350 mm<\/option><option value=\"620x 350 mm\">620x 350 mm<\/option><option value=\"600x350  mm\">600x350  mm<\/option><option value=\"550x350 mm\">550x350 mm<\/option><option value=\"500x350 mm\">500x350 mm<\/option><option value=\"620x400 mm\">620x400 mm<\/option><\/select><\/span> <\/label><br \/>\n<label> Antal St\u00e4nkskydd *<br \/>\n<span class=\"wpcf7-form-control-wrap\" data-name=\"print-count\"><select class=\"wpcf7-form-control wpcf7-select wpcf7-validates-as-required\" aria-required=\"true\" aria-invalid=\"false\" name=\"print-count\"><option value=\"10\">10<\/option><option value=\"30\">30<\/option><option value=\"60\">60<\/option><option value=\"90\">90<\/option><option value=\"150\">150<\/option><option value=\"300\">300<\/option><option value=\"300+\">300+<\/option><\/select><\/span> <\/label>\n\t<\/p>\n<\/div>\n<div class=\"form-col\">\n\t<p><label> F\u00e4rg p\u00e5 St\u00e4nksydd *<br \/>\n<span class=\"wpcf7-form-control-wrap\" data-name=\"color-bg\"><select class=\"wpcf7-form-control wpcf7-select wpcf7-validates-as-required\" aria-required=\"true\" aria-invalid=\"false\" name=\"color-bg\"><option value=\"Svart\">Svart<\/option><option value=\"Vit\">Vit<\/option><option value=\"Bl\u00e5\">Bl\u00e5<\/option><option value=\"Gul\">Gul<\/option><option value=\"R\u00f6d\">R\u00f6d<\/option><\/select><\/span> <\/label><br \/>\n<label> Antal f\u00e4rger i tryck *<br \/>\n<span class=\"wpcf7-form-control-wrap\" data-name=\"color-count\"><select class=\"wpcf7-form-control wpcf7-select wpcf7-validates-as-required\" aria-required=\"true\" aria-invalid=\"false\" name=\"color-count\"><option value=\"1\">1<\/option><option value=\"2\">2<\/option><option value=\"3\">3<\/option><option value=\"4\">4<\/option><option value=\"5\">5<\/option><option value=\"6\">6<\/option><option value=\"7\">7<\/option><option value=\"8\">8<\/option><option value=\"9\">9<\/option><option value=\"10\">10<\/option><\/select><\/span> <\/label><br \/>\n<label> Med Antispray *<br \/>\n<span class=\"wpcf7-form-control-wrap\" data-name=\"extra-antispray\"><select class=\"wpcf7-form-control wpcf7-select wpcf7-validates-as-required\" aria-required=\"true\" aria-invalid=\"false\" name=\"extra-antispray\"><option value=\"Ja\">Ja<\/option><option value=\"Nej\">Nej<\/option><\/select><\/span> <\/label>\n\t<\/p>\n<\/div>\n<div class=\"form-col\">\n\t<p><label> Namn *<br \/>\n<span class=\"wpcf7-form-control-wrap\" data-name=\"customer-name\"><input size=\"40\" maxlength=\"400\" class=\"wpcf7-form-control wpcf7-text wpcf7-validates-as-required\" aria-required=\"true\" aria-invalid=\"false\" value=\"\" type=\"text\" name=\"customer-name\" \/><\/span> <\/label><br \/>\n<label> E-post *<br \/>\n<span class=\"wpcf7-form-control-wrap\" data-name=\"customer-email\"><input size=\"40\" maxlength=\"400\" class=\"wpcf7-form-control wpcf7-email wpcf7-validates-as-required wpcf7-text wpcf7-validates-as-email\" aria-required=\"true\" aria-invalid=\"false\" value=\"\" type=\"email\" name=\"customer-email\" \/><\/span> <\/label><br \/>\n<label> Telefonnummer *<br \/>\n<span class=\"wpcf7-form-control-wrap\" data-name=\"customer-phone\"><input size=\"40\" maxlength=\"400\" class=\"wpcf7-form-control wpcf7-tel wpcf7-validates-as-required wpcf7-text wpcf7-validates-as-tel\" aria-required=\"true\" aria-invalid=\"false\" value=\"\" type=\"tel\" name=\"customer-phone\" \/><\/span> <\/label>\n\t<\/p>\n<\/div>\n<p><label> Bild - Din tryckfil (valfritt) (Max Storlek: 8Mb. Filtyp: pdf, eps)<br \/>\n<span class=\"wpcf7-form-control-wrap\" data-name=\"file-824\"><input size=\"40\" class=\"wpcf7-form-control wpcf7-file\" accept=\".pdf,.eps\" aria-invalid=\"false\" type=\"file\" name=\"file-824\" \/><\/span> <\/label>\n<\/p>\n<p><label> \u00d6vriga kommentarer och ytterligare information vid eventuell specialbest\u00e4llning*<br \/>\n<span class=\"wpcf7-form-control-wrap\" data-name=\"textruta\"><textarea cols=\"40\" rows=\"10\" maxlength=\"2000\" class=\"wpcf7-form-control wpcf7-textarea\" aria-invalid=\"false\" name=\"textruta\"><\/textarea><\/span><\/label>\n<\/p>\n<p><span class=\"wpcf7-form-control-wrap\" data-name=\"quiz-584\"><label><span class=\"wpcf7-quiz-label\">\u00c4r du en robot? Hur m\u00e5nga bokst\u00e4ver finns det i namnet: PlastoMer (9)?<\/span> <input size=\"40\" class=\"wpcf7-form-control wpcf7-quiz\" autocomplete=\"off\" aria-required=\"true\" aria-invalid=\"false\" type=\"text\" name=\"quiz-584\" \/><\/label><input type=\"hidden\" name=\"_wpcf7_quiz_answer_quiz-584\" value=\"8e20e755163f9746da7b18e583881e5b\" \/><\/span>\n<\/p>\n<p><input class=\"wpcf7-form-control wpcf7-submit has-spinner\" type=\"submit\" value=\"Skicka\" \/>\n<\/p><input type='hidden' class='wpcf7-pum' value='{\"closepopup\":false,\"closedelay\":0,\"openpopup\":false,\"openpopup_id\":0}' \/><div class=\"wpcf7-response-output\" aria-hidden=\"true\"><\/div>\n<\/form>\n<\/div>\n\n<h2>\n\t\tMore Categories\n\t<\/h2>\n<ul>\n<li>\n        <a href=\"https:\/\/plastomer.se\/en\/products\/products-truck\/mud-flaps\/\">\n            <img decoding=\"async\" src=\"https:\/\/plastomer.se\/wp-content\/uploads\/2022\/05\/Sta\u0308nkskydd-01-300x300.png\"\/>\n            <h3>Mud flaps<\/h3>\n        <\/a>\n    <\/li><li>\n        <a href=\"https:\/\/plastomer.se\/en\/products\/products-truck\/anti-spray-mud-flap\/\">\n            <img decoding=\"async\" src=\"https:\/\/plastomer.se\/wp-content\/uploads\/2022\/05\/Sta\u0308nkskydd-01-300x300.png\"\/>\n            <h3>Anti-spray mud flaps<\/h3>\n        <\/a>\n    <\/li><li>\n        <a href=\"https:\/\/plastomer.se\/en\/products\/products-truck\/bumper-mud-flaps\/\">\n            <img decoding=\"async\" src=\"https:\/\/plastomer.se\/wp-content\/uploads\/2022\/05\/Fullbreddskydd-300x300.png\"\/>\n            <h3>Bumper mud flaps<\/h3>\n        <\/a>\n    <\/li><li>\n        <a href=\"https:\/\/plastomer.se\/en\/products\/domar-products\/\">\n            <img decoding=\"async\" src=\"https:\/\/plastomer.se\/wp-content\/uploads\/2022\/05\/Ska\u0308rmar-Tillbeho\u0308r-03-300x300.png\"\/>\n            <h3>Domar mudgards &#038; acessories<\/h3>\n        <\/a>\n    <\/li><li>\n        <a href=\"https:\/\/plastomer.se\/en\/products\/daken-products\/\">\n            <img decoding=\"async\" src=\"https:\/\/plastomer.se\/wp-content\/uploads\/2022\/05\/Brandsla\u0308ckarboxar-300x300.png\"\/>\n            <h3>Fire extinguisher Boxes<\/h3>\n        <\/a>\n    <\/li><li>\n        <a href=\"https:\/\/plastomer.se\/en\/products\/daken-products\/\">\n            <img decoding=\"async\" src=\"https:\/\/plastomer.se\/wp-content\/uploads\/2022\/05\/Verktygsla\u030ada-05-300x300.png\"\/>\n            <h3>Toolboxes<\/h3>\n        <\/a>\n    <\/li><li>\n        <a href=\"https:\/\/plastomer.se\/en\/products\/takler-products\/\">\n            <img decoding=\"async\" src=\"https:\/\/plastomer.se\/wp-content\/uploads\/2022\/05\/Kantskydd-Sidoskydd-300x300.png\"\/>\n            <h3>Side systems<\/h3>\n        <\/a>\n    <\/li><li>\n        <a href=\"https:\/\/plastomer.se\/en\/products\/products-truck\/wm-system-products\/\">\n            <img decoding=\"async\" src=\"https:\/\/plastomer.se\/wp-content\/uploads\/2022\/05\/Lastramper-08-300x300.png\"\/>\n            <h3>WM System loading ramps<\/h3>\n        <\/a>\n    <\/li><li>\n        <a href=\"https:\/\/plastomer.se\/en\/products\/takler-products\/ladders\/\">\n            <img decoding=\"async\" src=\"https:\/\/plastomer.se\/wp-content\/uploads\/2022\/05\/Stegar-09-300x300.png\"\/>\n            <h3>ladder<\/h3>\n        <\/a>\n    <\/li><li>\n        <a href=\"https:\/\/plastomer.se\/en\/products\/lokhen-products\/\">\n            <img decoding=\"async\" src=\"https:\/\/plastomer.se\/wp-content\/uploads\/2022\/05\/Stoppklossar-300x300.png\"\/>\n            <h3>Stop blocks<\/h3>\n        <\/a>\n    <\/li><\/ul>\n\n","protected":false},"excerpt":{"rendered":"<p>Mud flaps &#8211; Sizes Show who&#8217;s in-front with advertising mud flaps! The PlastoMer mud flaps is of highest quality, even when it comes to extreme weather conditions. In close collaboration with the customer, we undertake both small and large assignments where we can offer both standard and tailor-made solutions. We manufacture our mud flaps in [&hellip;]<\/p>\n","protected":false},"author":1,"featured_media":569,"parent":876,"menu_order":0,"comment_status":"closed","ping_status":"closed","template":"page-templates\/template-pagebuilder.php","meta":{"_acf_changed":false,"_genesis_hide_title":false,"_genesis_hide_breadcrumbs":false,"_genesis_hide_singular_image":false,"_genesis_hide_footer_widgets":false,"_genesis_custom_body_class":"","_genesis_custom_post_class":"","_genesis_layout":"","footnotes":""},"class_list":{"0":"post-873","1":"page","2":"type-page","3":"status-publish","4":"has-post-thumbnail","6":"entry"},"acf":[],"yoast_head":"<!-- This site is optimized with the Yoast SEO plugin v27.4 - https:\/\/yoast.com\/product\/yoast-seo-wordpress\/ -->\n<title>Mud flaps - Sizes - Plastomer<\/title>\n<meta name=\"description\" content=\"PlastoMer&#039;s splash guard for trucks maintains the absolute highest quality, even in extreme climatic conditions. Can be obtained with pressure.\" \/>\n<meta name=\"robots\" content=\"index, follow, max-snippet:-1, max-image-preview:large, max-video-preview:-1\" \/>\n<link rel=\"canonical\" href=\"https:\/\/plastomer.se\/en\/products\/products-truck\/mud-flaps\/\" \/>\n<meta property=\"og:locale\" content=\"en_US\" \/>\n<meta property=\"og:type\" content=\"article\" \/>\n<meta property=\"og:title\" content=\"Mud flaps - Sizes - Plastomer\" \/>\n<meta property=\"og:description\" content=\"PlastoMer&#039;s splash guard for trucks maintains the absolute highest quality, even in extreme climatic conditions. Can be obtained with pressure.\" \/>\n<meta property=\"og:url\" content=\"https:\/\/plastomer.se\/en\/products\/products-truck\/mud-flaps\/\" \/>\n<meta property=\"og:site_name\" content=\"Plastomer\" \/>\n<meta property=\"article:modified_time\" content=\"2023-11-30T12:54:45+00:00\" \/>\n<meta property=\"og:image\" content=\"https:\/\/plastomer.se\/wp-content\/uploads\/2022\/04\/truck-header.jpg\" \/>\n\t<meta property=\"og:image:width\" content=\"1920\" \/>\n\t<meta property=\"og:image:height\" content=\"500\" \/>\n\t<meta property=\"og:image:type\" content=\"image\/jpeg\" \/>\n<meta name=\"twitter:card\" content=\"summary_large_image\" \/>\n<script type=\"application\/ld+json\" class=\"yoast-schema-graph\">{\"@context\":\"https:\\\/\\\/schema.org\",\"@graph\":[{\"@type\":\"WebPage\",\"@id\":\"https:\\\/\\\/plastomer.se\\\/en\\\/products\\\/products-truck\\\/mud-flaps\\\/\",\"url\":\"https:\\\/\\\/plastomer.se\\\/en\\\/products\\\/products-truck\\\/mud-flaps\\\/\",\"name\":\"Mud flaps - Sizes - Plastomer\",\"isPartOf\":{\"@id\":\"https:\\\/\\\/plastomer.se\\\/en\\\/#website\"},\"primaryImageOfPage\":{\"@id\":\"https:\\\/\\\/plastomer.se\\\/en\\\/products\\\/products-truck\\\/mud-flaps\\\/#primaryimage\"},\"image\":{\"@id\":\"https:\\\/\\\/plastomer.se\\\/en\\\/products\\\/products-truck\\\/mud-flaps\\\/#primaryimage\"},\"thumbnailUrl\":\"https:\\\/\\\/plastomer.se\\\/wp-content\\\/uploads\\\/2022\\\/04\\\/truck-header.jpg\",\"datePublished\":\"2022-04-14T09:34:18+00:00\",\"dateModified\":\"2023-11-30T12:54:45+00:00\",\"description\":\"PlastoMer's splash guard for trucks maintains the absolute highest quality, even in extreme climatic conditions. Can be obtained with pressure.\",\"breadcrumb\":{\"@id\":\"https:\\\/\\\/plastomer.se\\\/en\\\/products\\\/products-truck\\\/mud-flaps\\\/#breadcrumb\"},\"inLanguage\":\"en-US\",\"potentialAction\":[{\"@type\":\"ReadAction\",\"target\":[\"https:\\\/\\\/plastomer.se\\\/en\\\/products\\\/products-truck\\\/mud-flaps\\\/\"]}]},{\"@type\":\"ImageObject\",\"inLanguage\":\"en-US\",\"@id\":\"https:\\\/\\\/plastomer.se\\\/en\\\/products\\\/products-truck\\\/mud-flaps\\\/#primaryimage\",\"url\":\"https:\\\/\\\/plastomer.se\\\/wp-content\\\/uploads\\\/2022\\\/04\\\/truck-header.jpg\",\"contentUrl\":\"https:\\\/\\\/plastomer.se\\\/wp-content\\\/uploads\\\/2022\\\/04\\\/truck-header.jpg\",\"width\":1920,\"height\":500},{\"@type\":\"BreadcrumbList\",\"@id\":\"https:\\\/\\\/plastomer.se\\\/en\\\/products\\\/products-truck\\\/mud-flaps\\\/#breadcrumb\",\"itemListElement\":[{\"@type\":\"ListItem\",\"position\":1,\"name\":\"Home\",\"item\":\"https:\\\/\\\/plastomer.se\\\/en\\\/\"},{\"@type\":\"ListItem\",\"position\":2,\"name\":\"Products\",\"item\":\"https:\\\/\\\/plastomer.se\\\/en\\\/products\\\/\"},{\"@type\":\"ListItem\",\"position\":3,\"name\":\"Products truck\",\"item\":\"https:\\\/\\\/plastomer.se\\\/en\\\/products\\\/products-truck\\\/\"},{\"@type\":\"ListItem\",\"position\":4,\"name\":\"Mud flaps &#8211; Sizes\"}]},{\"@type\":\"WebSite\",\"@id\":\"https:\\\/\\\/plastomer.se\\\/en\\\/#website\",\"url\":\"https:\\\/\\\/plastomer.se\\\/en\\\/\",\"name\":\"Plastomer\",\"description\":\"Lastbilstillbeh\u00f6r i V\u00e4rldsklass\",\"publisher\":{\"@id\":\"https:\\\/\\\/plastomer.se\\\/en\\\/#organization\"},\"potentialAction\":[{\"@type\":\"SearchAction\",\"target\":{\"@type\":\"EntryPoint\",\"urlTemplate\":\"https:\\\/\\\/plastomer.se\\\/en\\\/?s={search_term_string}\"},\"query-input\":{\"@type\":\"PropertyValueSpecification\",\"valueRequired\":true,\"valueName\":\"search_term_string\"}}],\"inLanguage\":\"en-US\"},{\"@type\":\"Organization\",\"@id\":\"https:\\\/\\\/plastomer.se\\\/en\\\/#organization\",\"name\":\"Plastomer\",\"url\":\"https:\\\/\\\/plastomer.se\\\/en\\\/\",\"logo\":{\"@type\":\"ImageObject\",\"inLanguage\":\"en-US\",\"@id\":\"https:\\\/\\\/plastomer.se\\\/en\\\/#\\\/schema\\\/logo\\\/image\\\/\",\"url\":\"https:\\\/\\\/plastomer.se\\\/wp-content\\\/uploads\\\/2025\\\/04\\\/plastomer.png\",\"contentUrl\":\"https:\\\/\\\/plastomer.se\\\/wp-content\\\/uploads\\\/2025\\\/04\\\/plastomer.png\",\"width\":1024,\"height\":1024,\"caption\":\"Plastomer\"},\"image\":{\"@id\":\"https:\\\/\\\/plastomer.se\\\/en\\\/#\\\/schema\\\/logo\\\/image\\\/\"}}]}<\/script>\n<!-- \/ Yoast SEO plugin. -->","yoast_head_json":{"title":"Mud flaps - Sizes - Plastomer","description":"PlastoMer's splash guard for trucks maintains the absolute highest quality, even in extreme climatic conditions. Can be obtained with pressure.","robots":{"index":"index","follow":"follow","max-snippet":"max-snippet:-1","max-image-preview":"max-image-preview:large","max-video-preview":"max-video-preview:-1"},"canonical":"https:\/\/plastomer.se\/en\/products\/products-truck\/mud-flaps\/","og_locale":"en_US","og_type":"article","og_title":"Mud flaps - Sizes - Plastomer","og_description":"PlastoMer's splash guard for trucks maintains the absolute highest quality, even in extreme climatic conditions. Can be obtained with pressure.","og_url":"https:\/\/plastomer.se\/en\/products\/products-truck\/mud-flaps\/","og_site_name":"Plastomer","article_modified_time":"2023-11-30T12:54:45+00:00","og_image":[{"width":1920,"height":500,"url":"https:\/\/plastomer.se\/wp-content\/uploads\/2022\/04\/truck-header.jpg","type":"image\/jpeg"}],"twitter_card":"summary_large_image","schema":{"@context":"https:\/\/schema.org","@graph":[{"@type":"WebPage","@id":"https:\/\/plastomer.se\/en\/products\/products-truck\/mud-flaps\/","url":"https:\/\/plastomer.se\/en\/products\/products-truck\/mud-flaps\/","name":"Mud flaps - Sizes - Plastomer","isPartOf":{"@id":"https:\/\/plastomer.se\/en\/#website"},"primaryImageOfPage":{"@id":"https:\/\/plastomer.se\/en\/products\/products-truck\/mud-flaps\/#primaryimage"},"image":{"@id":"https:\/\/plastomer.se\/en\/products\/products-truck\/mud-flaps\/#primaryimage"},"thumbnailUrl":"https:\/\/plastomer.se\/wp-content\/uploads\/2022\/04\/truck-header.jpg","datePublished":"2022-04-14T09:34:18+00:00","dateModified":"2023-11-30T12:54:45+00:00","description":"PlastoMer's splash guard for trucks maintains the absolute highest quality, even in extreme climatic conditions. Can be obtained with pressure.","breadcrumb":{"@id":"https:\/\/plastomer.se\/en\/products\/products-truck\/mud-flaps\/#breadcrumb"},"inLanguage":"en-US","potentialAction":[{"@type":"ReadAction","target":["https:\/\/plastomer.se\/en\/products\/products-truck\/mud-flaps\/"]}]},{"@type":"ImageObject","inLanguage":"en-US","@id":"https:\/\/plastomer.se\/en\/products\/products-truck\/mud-flaps\/#primaryimage","url":"https:\/\/plastomer.se\/wp-content\/uploads\/2022\/04\/truck-header.jpg","contentUrl":"https:\/\/plastomer.se\/wp-content\/uploads\/2022\/04\/truck-header.jpg","width":1920,"height":500},{"@type":"BreadcrumbList","@id":"https:\/\/plastomer.se\/en\/products\/products-truck\/mud-flaps\/#breadcrumb","itemListElement":[{"@type":"ListItem","position":1,"name":"Home","item":"https:\/\/plastomer.se\/en\/"},{"@type":"ListItem","position":2,"name":"Products","item":"https:\/\/plastomer.se\/en\/products\/"},{"@type":"ListItem","position":3,"name":"Products truck","item":"https:\/\/plastomer.se\/en\/products\/products-truck\/"},{"@type":"ListItem","position":4,"name":"Mud flaps &#8211; Sizes"}]},{"@type":"WebSite","@id":"https:\/\/plastomer.se\/en\/#website","url":"https:\/\/plastomer.se\/en\/","name":"Plastomer","description":"Lastbilstillbeh\u00f6r i V\u00e4rldsklass","publisher":{"@id":"https:\/\/plastomer.se\/en\/#organization"},"potentialAction":[{"@type":"SearchAction","target":{"@type":"EntryPoint","urlTemplate":"https:\/\/plastomer.se\/en\/?s={search_term_string}"},"query-input":{"@type":"PropertyValueSpecification","valueRequired":true,"valueName":"search_term_string"}}],"inLanguage":"en-US"},{"@type":"Organization","@id":"https:\/\/plastomer.se\/en\/#organization","name":"Plastomer","url":"https:\/\/plastomer.se\/en\/","logo":{"@type":"ImageObject","inLanguage":"en-US","@id":"https:\/\/plastomer.se\/en\/#\/schema\/logo\/image\/","url":"https:\/\/plastomer.se\/wp-content\/uploads\/2025\/04\/plastomer.png","contentUrl":"https:\/\/plastomer.se\/wp-content\/uploads\/2025\/04\/plastomer.png","width":1024,"height":1024,"caption":"Plastomer"},"image":{"@id":"https:\/\/plastomer.se\/en\/#\/schema\/logo\/image\/"}}]}},"_links":{"self":[{"href":"https:\/\/plastomer.se\/en\/wp-json\/wp\/v2\/pages\/873","targetHints":{"allow":["GET"]}}],"collection":[{"href":"https:\/\/plastomer.se\/en\/wp-json\/wp\/v2\/pages"}],"about":[{"href":"https:\/\/plastomer.se\/en\/wp-json\/wp\/v2\/types\/page"}],"author":[{"embeddable":true,"href":"https:\/\/plastomer.se\/en\/wp-json\/wp\/v2\/users\/1"}],"replies":[{"embeddable":true,"href":"https:\/\/plastomer.se\/en\/wp-json\/wp\/v2\/comments?post=873"}],"version-history":[{"count":4,"href":"https:\/\/plastomer.se\/en\/wp-json\/wp\/v2\/pages\/873\/revisions"}],"predecessor-version":[{"id":3991,"href":"https:\/\/plastomer.se\/en\/wp-json\/wp\/v2\/pages\/873\/revisions\/3991"}],"up":[{"embeddable":true,"href":"https:\/\/plastomer.se\/en\/wp-json\/wp\/v2\/pages\/876"}],"wp:featuredmedia":[{"embeddable":true,"href":"https:\/\/plastomer.se\/en\/wp-json\/wp\/v2\/media\/569"}],"wp:attachment":[{"href":"https:\/\/plastomer.se\/en\/wp-json\/wp\/v2\/media?parent=873"}],"curies":[{"name":"wp","href":"https:\/\/api.w.org\/{rel}","templated":true}]}}