{"id":674,"date":"2022-04-19T12:31:48","date_gmt":"2022-04-19T10:31:48","guid":{"rendered":"https:\/\/www.plastomer.evdy.se\/plastomer\/"},"modified":"2026-04-23T14:32:56","modified_gmt":"2026-04-23T12:32:56","slug":"plastomer","status":"publish","type":"page","link":"https:\/\/plastomer.se\/en\/","title":{"rendered":"PlastoMer Sweden AB"},"content":{"rendered":"\n<h1>\n\t\t\tTruck accessories<br \/>in World Class\t<\/h1>\n<h2>\n\t\t\tProducts\t<\/h2>\n<ul>\n<li>\n        <a href=\"https:\/\/plastomer.se\/en\/products\/products-truck\/mud-flaps\/\">\n            <img decoding=\"async\" src=\"https:\/\/plastomer.se\/wp-content\/uploads\/2022\/05\/Sta\u0308nkskydd-01-300x300.png\"\/>\n            <h3>Mud flaps<\/h3>\n        <\/a>\n    <\/li><li>\n        <a href=\"https:\/\/plastomer.se\/en\/products\/products-truck\/anti-spray-mud-flap\/\">\n            <img decoding=\"async\" src=\"https:\/\/plastomer.se\/wp-content\/uploads\/2022\/05\/Sta\u0308nkskydd-01-300x300.png\"\/>\n            <h3>Anti-spray mud flaps<\/h3>\n        <\/a>\n    <\/li><li>\n        <a href=\"https:\/\/plastomer.se\/en\/products\/products-truck\/bumper-mud-flaps\/\">\n            <img decoding=\"async\" src=\"https:\/\/plastomer.se\/wp-content\/uploads\/2022\/05\/Fullbreddskydd-300x300.png\"\/>\n            <h3>Bumper mud flaps<\/h3>\n        <\/a>\n    <\/li><li>\n        <a href=\"https:\/\/plastomer.se\/en\/products\/domar-products\/\">\n            <img decoding=\"async\" src=\"https:\/\/plastomer.se\/wp-content\/uploads\/2022\/05\/Ska\u0308rmar-Tillbeho\u0308r-03-300x300.png\"\/>\n            <h3>Domar mudgards &#038; acessories<\/h3>\n        <\/a>\n    <\/li><li>\n        <a href=\"https:\/\/plastomer.se\/en\/products\/daken-products\/\">\n            <img decoding=\"async\" src=\"https:\/\/plastomer.se\/wp-content\/uploads\/2022\/05\/Brandsla\u0308ckarboxar-300x300.png\"\/>\n            <h3>Fire extinguisher Boxes<\/h3>\n        <\/a>\n    <\/li><li>\n        <a href=\"https:\/\/plastomer.se\/en\/products\/daken-products\/\">\n            <img decoding=\"async\" src=\"https:\/\/plastomer.se\/wp-content\/uploads\/2022\/05\/Verktygsla\u030ada-05-300x300.png\"\/>\n            <h3>Toolboxes<\/h3>\n        <\/a>\n    <\/li><li>\n        <a href=\"https:\/\/plastomer.se\/en\/products\/takler-products\/\">\n            <img decoding=\"async\" src=\"https:\/\/plastomer.se\/wp-content\/uploads\/2022\/05\/Kantskydd-Sidoskydd-300x300.png\"\/>\n            <h3>Side systems<\/h3>\n        <\/a>\n    <\/li><li>\n        <a href=\"https:\/\/plastomer.se\/en\/products\/products-truck\/wm-system-products\/\">\n            <img decoding=\"async\" src=\"https:\/\/plastomer.se\/wp-content\/uploads\/2022\/05\/Lastramper-08-300x300.png\"\/>\n            <h3>WM System loading ramps<\/h3>\n        <\/a>\n    <\/li><li>\n        <a href=\"https:\/\/plastomer.se\/en\/products\/takler-products\/ladders\/\">\n            <img decoding=\"async\" src=\"https:\/\/plastomer.se\/wp-content\/uploads\/2022\/05\/Stegar-09-300x300.png\"\/>\n            <h3>ladder<\/h3>\n        <\/a>\n    <\/li><li>\n        <a href=\"https:\/\/plastomer.se\/en\/products\/lokhen-products\/\">\n            <img decoding=\"async\" src=\"https:\/\/plastomer.se\/wp-content\/uploads\/2022\/05\/Stoppklossar-300x300.png\"\/>\n            <h3>Stop blocks<\/h3>\n        <\/a>\n    <\/li><\/ul>\n\t\t\t<a href=\"https:\/\/plastomer.se\/wp-content\/uploads\/2025\/02\/plastomer_katalog_eng_digital_mindre.pdf\"  target=\"_blank\" rel=\"noopener\"    rel=\"noopener\">\n\t\t\t\t\t\t\tPRODUCT CATALOG\n\t\t\t\t\t<\/a>\n\t\t\t\t\t\t\t\t\t\t\tMissa inte!\n\t\t\t\t\t\t\t\t\t\t\t\t\t\t\t\t<h2>Tr\u00e4ffa oss p\u00e5 \u00e5rets m\u00e4ssor<\/h2>\n\t\t\t\t\t\t\t\t\t\t\t\t\t\t\t\t<p>I \u00e5r hittar du PlastoMer p\u00e5 flera stora m\u00e4ssor i b\u00e5de Sverige och Norge.<\/p>\n\t\t\t\t\t\t\t\t\t\t\t\t\t\t\t\t<a href=\"https:\/\/plastomer.se\/nyheter\">L\u00e4s mer om m\u00e4ssorna<\/a>\n\t\t\t\t\t\t\t\t\t\t\tSt\u00e4nkskydd med egen logga\n\t\t\t\t\t\t\t\t\t\t\t\t\t\t\t\t<h2>Visa vem som ligger f\u00f6re med ditt tryck p\u00e5 st\u00e4nkskydden!<\/h2>\n\t\t\t\t\t\t\t\t\t\t\t\t\t\t\t\t<p>PlastoMers st\u00e4nkskydd h\u00e5ller absolut h\u00f6gsta kvalit\u00e9, \u00e4ven n\u00e4r det g\u00e4ller extrema klimatf\u00f6rh\u00e5llanden. I ett n\u00e4ra samarbete med kunden \u00e5tar vi oss b\u00e5de sm\u00e5 som stora uppdrag d\u00e4r vi kan erbjuda s\u00e5v\u00e4l standard som skr\u00e4ddarsytt. <\/p>\n\t\t\t\t\t\t\t\t\t\t\t\t\t\t\t\t<a href=\"#\">L\u00e4s mer<\/a>\n\t<h1>Welcome to PlastoMer<\/h1>\n<p><strong><em>We are a company with strong businesses within the plastic industry. We produce accessories <\/em><em>for trucks as well as for cars<\/em><\/strong><\/p>\n<p>PlastoMer is the market leader in mud flaps with advertising printing, the product around which everything once started. Today this product is both custom-made and further developed for our customers specific needs. Mud flaps and full-width flaps for the bumper can be custom-made, measured, adjusted and post-processed with our EC-approved and patent spray suppression system. Our products are developed in consideration of looks, temperature resistance, weight and chemical resistance. The user perspective is always in focus. Today, this product is both custom-made and further developed for our custumers specific needs. Through our collaboration with Domar, we have been an agency for their safe and sturdy mud guards and accessories for both trucks and construction vehicles for many years. The development on the truck side is a big and important step for the company and enables us to move the industry forward.<\/p>\n<p>All manufacturing is done in our factory in V\u00e4stervik. Contact us for more information.<\/p>\n\t\t\t<a href=\"https:\/\/plastomer.se\/om\/\"  target=\"_self\">\n\t\t\t\t\t\t\tAbout PlastoMer\n\t\t\t\t\t<\/a>\n\t\t\t<a href=\"https:\/\/plastomer.se\/kontakt\/\"  target=\"_self\">\n\t\t\t\t\t\t\tContact\n\t\t\t\t\t<\/a>\n<h2>\n\t\t<a href=\"https:\/\/plastomer.se\/produkter\/lastbil\/stankskydd\/\" title=\"Visa vem som ligger f\u00f6re med ditt tryck p\u00e5 st\u00e4nkskydden!\"  target=\"_self\">\n\t\t\tVisa vem som ligger f\u00f6re med ditt tryck p\u00e5 st\u00e4nkskydden!\t\t<\/a>\n\t<\/h2>\n<h2>\n\t\t<a href=\"https:\/\/plastomer.se\/produkter\/daken\/\" title=\"Verktygsl\u00e5dor fr\u00e5n daken\"  target=\"_self\">\n\t\t\tVerktygsl\u00e5dor fr\u00e5n daken\t\t<\/a>\n\t<\/h2>\n\t<p>Best\u00e4ller du enkelt fr\u00e5n oss<\/p>\n\t<p>Kontakta S\u00e4ljare &#8211; sales@plastomer.se | 0490-822 80<\/p>\n\t<h2>\n\t\t\tOur suppliers\t<\/h2>\n<ul><li>\n         <a href=\"https:\/\/www.daken.it\/en\/\">\n            <img decoding=\"async\" src=\"https:\/\/plastomer.se\/wp-content\/uploads\/2022\/04\/brand-daken.png\" alt=\"brand\"\/>\n         <\/a>\n      <\/li><li>\n         <a href=\"https:\/\/www.domar.it\/\">\n            <img decoding=\"async\" src=\"https:\/\/plastomer.se\/wp-content\/uploads\/2022\/04\/brand-domar.png\" alt=\"brand\"\/>\n         <\/a>\n      <\/li><li>\n         <a href=\"https:\/\/www.lokhen.com\/\">\n            <img decoding=\"async\" src=\"https:\/\/plastomer.se\/wp-content\/uploads\/2022\/04\/brand-lokhen.png\" alt=\"brand\"\/>\n         <\/a>\n      <\/li><li>\n         <a href=\"https:\/\/taklergroup.com\/\">\n            <img decoding=\"async\" src=\"https:\/\/plastomer.se\/wp-content\/uploads\/2022\/04\/brand-takler.png\" alt=\"brand\"\/>\n         <\/a>\n      <\/li><li>\n         <a href=\"https:\/\/www.wmsystem.com\/se\">\n            <img decoding=\"async\" src=\"https:\/\/plastomer.se\/wp-content\/uploads\/2022\/04\/brand-wmsystem.png\" alt=\"brand\"\/>\n         <\/a>\n      <\/li><\/ul>\n\t<p>Please visit our suppliers individual websites to view the entire assortment range. You can then conveniently place your order with us<\/p>\n<ul><li>\n         <a href=\"https:\/\/www.plastomer.se\">\n            <img decoding=\"async\" src=\"https:\/\/plastomer.se\/wp-content\/uploads\/2022\/10\/plastomer.png\" alt=\"brand\"\/>\n         <\/a>\n      <\/li><\/ul>\n","protected":false},"excerpt":{"rendered":"<p>Truck accessoriesin World Class Products Mud flaps Anti-spray mud flaps Bumper mud flaps Domar mudgards &#038; acessories Fire extinguisher Boxes Toolboxes Side systems WM System loading ramps ladder Stop blocks PRODUCT CATALOG Missa inte! Tr\u00e4ffa oss p\u00e5 \u00e5rets m\u00e4ssor I \u00e5r hittar du PlastoMer p\u00e5 flera stora m\u00e4ssor i b\u00e5de Sverige och Norge. L\u00e4s mer [&hellip;]<\/p>\n","protected":false},"author":1,"featured_media":539,"parent":0,"menu_order":0,"comment_status":"closed","ping_status":"closed","template":"page-templates\/template-pagebuilder.php","meta":{"_acf_changed":false,"_genesis_hide_title":false,"_genesis_hide_breadcrumbs":false,"_genesis_hide_singular_image":false,"_genesis_hide_footer_widgets":false,"_genesis_custom_body_class":"","_genesis_custom_post_class":"","_genesis_layout":"","footnotes":""},"class_list":{"0":"post-674","1":"page","2":"type-page","3":"status-publish","4":"has-post-thumbnail","6":"entry"},"acf":[],"yoast_head":"<!-- This site is optimized with the Yoast SEO plugin v27.6 - https:\/\/yoast.com\/product\/yoast-seo-wordpress\/ -->\n<title>PlastoMer Sweden AB - Plastomer<\/title>\n<meta name=\"robots\" content=\"index, follow, max-snippet:-1, max-image-preview:large, max-video-preview:-1\" \/>\n<link rel=\"canonical\" href=\"https:\/\/plastomer.se\/en\/\" \/>\n<meta property=\"og:locale\" content=\"en_US\" \/>\n<meta property=\"og:type\" content=\"article\" \/>\n<meta property=\"og:title\" content=\"PlastoMer Sweden AB - Plastomer\" \/>\n<meta property=\"og:description\" content=\"Truck accessoriesin World Class Products Mud flaps Anti-spray mud flaps Bumper mud flaps Domar mudgards &#038; acessories Fire extinguisher Boxes Toolboxes Side systems WM System loading ramps ladder Stop blocks PRODUCT CATALOG Missa inte! Tr\u00e4ffa oss p\u00e5 \u00e5rets m\u00e4ssor I \u00e5r hittar du PlastoMer p\u00e5 flera stora m\u00e4ssor i b\u00e5de Sverige och Norge. L\u00e4s mer [&hellip;]\" \/>\n<meta property=\"og:url\" content=\"https:\/\/plastomer.se\/en\/\" \/>\n<meta property=\"og:site_name\" content=\"Plastomer\" \/>\n<meta property=\"article:modified_time\" content=\"2026-04-23T12:32:56+00:00\" \/>\n<meta property=\"og:image\" content=\"https:\/\/plastomer.se\/wp-content\/uploads\/2022\/04\/truck_side-o.jpg\" \/>\n\t<meta property=\"og:image:width\" content=\"2300\" \/>\n\t<meta property=\"og:image:height\" content=\"2300\" \/>\n\t<meta property=\"og:image:type\" content=\"image\/jpeg\" \/>\n<meta name=\"twitter:card\" content=\"summary_large_image\" \/>\n<meta name=\"twitter:label1\" content=\"Est. reading time\" \/>\n\t<meta name=\"twitter:data1\" content=\"5 minutes\" \/>\n<script type=\"application\/ld+json\" class=\"yoast-schema-graph\">{\"@context\":\"https:\\\/\\\/schema.org\",\"@graph\":[{\"@type\":\"WebPage\",\"@id\":\"https:\\\/\\\/plastomer.se\\\/en\\\/\",\"url\":\"https:\\\/\\\/plastomer.se\\\/en\\\/\",\"name\":\"PlastoMer Sweden AB - Plastomer\",\"isPartOf\":{\"@id\":\"https:\\\/\\\/plastomer.se\\\/en\\\/#website\"},\"primaryImageOfPage\":{\"@id\":\"https:\\\/\\\/plastomer.se\\\/en\\\/#primaryimage\"},\"image\":{\"@id\":\"https:\\\/\\\/plastomer.se\\\/en\\\/#primaryimage\"},\"thumbnailUrl\":\"https:\\\/\\\/plastomer.se\\\/wp-content\\\/uploads\\\/2022\\\/04\\\/truck_side-o.jpg\",\"datePublished\":\"2022-04-19T10:31:48+00:00\",\"dateModified\":\"2026-04-23T12:32:56+00:00\",\"breadcrumb\":{\"@id\":\"https:\\\/\\\/plastomer.se\\\/en\\\/#breadcrumb\"},\"inLanguage\":\"en-US\",\"potentialAction\":[{\"@type\":\"ReadAction\",\"target\":[\"https:\\\/\\\/plastomer.se\\\/en\\\/\"]}]},{\"@type\":\"ImageObject\",\"inLanguage\":\"en-US\",\"@id\":\"https:\\\/\\\/plastomer.se\\\/en\\\/#primaryimage\",\"url\":\"https:\\\/\\\/plastomer.se\\\/wp-content\\\/uploads\\\/2022\\\/04\\\/truck_side-o.jpg\",\"contentUrl\":\"https:\\\/\\\/plastomer.se\\\/wp-content\\\/uploads\\\/2022\\\/04\\\/truck_side-o.jpg\",\"width\":2300,\"height\":2300,\"caption\":\"PlastoMer tillbeh\u00f6r till lastbilar\"},{\"@type\":\"BreadcrumbList\",\"@id\":\"https:\\\/\\\/plastomer.se\\\/en\\\/#breadcrumb\",\"itemListElement\":[{\"@type\":\"ListItem\",\"position\":1,\"name\":\"Home\",\"item\":\"https:\\\/\\\/plastomer.se\\\/en\\\/\"},{\"@type\":\"ListItem\",\"position\":2,\"name\":\"PlastoMer Sweden AB\"}]},{\"@type\":\"WebSite\",\"@id\":\"https:\\\/\\\/plastomer.se\\\/en\\\/#website\",\"url\":\"https:\\\/\\\/plastomer.se\\\/en\\\/\",\"name\":\"Plastomer\",\"description\":\"Lastbilstillbeh\u00f6r i V\u00e4rldsklass\",\"publisher\":{\"@id\":\"https:\\\/\\\/plastomer.se\\\/en\\\/#organization\"},\"potentialAction\":[{\"@type\":\"SearchAction\",\"target\":{\"@type\":\"EntryPoint\",\"urlTemplate\":\"https:\\\/\\\/plastomer.se\\\/en\\\/?s={search_term_string}\"},\"query-input\":{\"@type\":\"PropertyValueSpecification\",\"valueRequired\":true,\"valueName\":\"search_term_string\"}}],\"inLanguage\":\"en-US\"},{\"@type\":\"Organization\",\"@id\":\"https:\\\/\\\/plastomer.se\\\/en\\\/#organization\",\"name\":\"Plastomer\",\"url\":\"https:\\\/\\\/plastomer.se\\\/en\\\/\",\"logo\":{\"@type\":\"ImageObject\",\"inLanguage\":\"en-US\",\"@id\":\"https:\\\/\\\/plastomer.se\\\/en\\\/#\\\/schema\\\/logo\\\/image\\\/\",\"url\":\"https:\\\/\\\/plastomer.se\\\/wp-content\\\/uploads\\\/2025\\\/04\\\/plastomer.png\",\"contentUrl\":\"https:\\\/\\\/plastomer.se\\\/wp-content\\\/uploads\\\/2025\\\/04\\\/plastomer.png\",\"width\":1024,\"height\":1024,\"caption\":\"Plastomer\"},\"image\":{\"@id\":\"https:\\\/\\\/plastomer.se\\\/en\\\/#\\\/schema\\\/logo\\\/image\\\/\"}}]}<\/script>\n<!-- \/ Yoast SEO plugin. -->","yoast_head_json":{"title":"PlastoMer Sweden AB - Plastomer","robots":{"index":"index","follow":"follow","max-snippet":"max-snippet:-1","max-image-preview":"max-image-preview:large","max-video-preview":"max-video-preview:-1"},"canonical":"https:\/\/plastomer.se\/en\/","og_locale":"en_US","og_type":"article","og_title":"PlastoMer Sweden AB - Plastomer","og_description":"Truck accessoriesin World Class Products Mud flaps Anti-spray mud flaps Bumper mud flaps Domar mudgards &#038; acessories Fire extinguisher Boxes Toolboxes Side systems WM System loading ramps ladder Stop blocks PRODUCT CATALOG Missa inte! Tr\u00e4ffa oss p\u00e5 \u00e5rets m\u00e4ssor I \u00e5r hittar du PlastoMer p\u00e5 flera stora m\u00e4ssor i b\u00e5de Sverige och Norge. L\u00e4s mer [&hellip;]","og_url":"https:\/\/plastomer.se\/en\/","og_site_name":"Plastomer","article_modified_time":"2026-04-23T12:32:56+00:00","og_image":[{"width":2300,"height":2300,"url":"https:\/\/plastomer.se\/wp-content\/uploads\/2022\/04\/truck_side-o.jpg","type":"image\/jpeg"}],"twitter_card":"summary_large_image","twitter_misc":{"Est. reading time":"5 minutes"},"schema":{"@context":"https:\/\/schema.org","@graph":[{"@type":"WebPage","@id":"https:\/\/plastomer.se\/en\/","url":"https:\/\/plastomer.se\/en\/","name":"PlastoMer Sweden AB - Plastomer","isPartOf":{"@id":"https:\/\/plastomer.se\/en\/#website"},"primaryImageOfPage":{"@id":"https:\/\/plastomer.se\/en\/#primaryimage"},"image":{"@id":"https:\/\/plastomer.se\/en\/#primaryimage"},"thumbnailUrl":"https:\/\/plastomer.se\/wp-content\/uploads\/2022\/04\/truck_side-o.jpg","datePublished":"2022-04-19T10:31:48+00:00","dateModified":"2026-04-23T12:32:56+00:00","breadcrumb":{"@id":"https:\/\/plastomer.se\/en\/#breadcrumb"},"inLanguage":"en-US","potentialAction":[{"@type":"ReadAction","target":["https:\/\/plastomer.se\/en\/"]}]},{"@type":"ImageObject","inLanguage":"en-US","@id":"https:\/\/plastomer.se\/en\/#primaryimage","url":"https:\/\/plastomer.se\/wp-content\/uploads\/2022\/04\/truck_side-o.jpg","contentUrl":"https:\/\/plastomer.se\/wp-content\/uploads\/2022\/04\/truck_side-o.jpg","width":2300,"height":2300,"caption":"PlastoMer tillbeh\u00f6r till lastbilar"},{"@type":"BreadcrumbList","@id":"https:\/\/plastomer.se\/en\/#breadcrumb","itemListElement":[{"@type":"ListItem","position":1,"name":"Home","item":"https:\/\/plastomer.se\/en\/"},{"@type":"ListItem","position":2,"name":"PlastoMer Sweden AB"}]},{"@type":"WebSite","@id":"https:\/\/plastomer.se\/en\/#website","url":"https:\/\/plastomer.se\/en\/","name":"Plastomer","description":"Lastbilstillbeh\u00f6r i V\u00e4rldsklass","publisher":{"@id":"https:\/\/plastomer.se\/en\/#organization"},"potentialAction":[{"@type":"SearchAction","target":{"@type":"EntryPoint","urlTemplate":"https:\/\/plastomer.se\/en\/?s={search_term_string}"},"query-input":{"@type":"PropertyValueSpecification","valueRequired":true,"valueName":"search_term_string"}}],"inLanguage":"en-US"},{"@type":"Organization","@id":"https:\/\/plastomer.se\/en\/#organization","name":"Plastomer","url":"https:\/\/plastomer.se\/en\/","logo":{"@type":"ImageObject","inLanguage":"en-US","@id":"https:\/\/plastomer.se\/en\/#\/schema\/logo\/image\/","url":"https:\/\/plastomer.se\/wp-content\/uploads\/2025\/04\/plastomer.png","contentUrl":"https:\/\/plastomer.se\/wp-content\/uploads\/2025\/04\/plastomer.png","width":1024,"height":1024,"caption":"Plastomer"},"image":{"@id":"https:\/\/plastomer.se\/en\/#\/schema\/logo\/image\/"}}]}},"_links":{"self":[{"href":"https:\/\/plastomer.se\/en\/wp-json\/wp\/v2\/pages\/674","targetHints":{"allow":["GET"]}}],"collection":[{"href":"https:\/\/plastomer.se\/en\/wp-json\/wp\/v2\/pages"}],"about":[{"href":"https:\/\/plastomer.se\/en\/wp-json\/wp\/v2\/types\/page"}],"author":[{"embeddable":true,"href":"https:\/\/plastomer.se\/en\/wp-json\/wp\/v2\/users\/1"}],"replies":[{"embeddable":true,"href":"https:\/\/plastomer.se\/en\/wp-json\/wp\/v2\/comments?post=674"}],"version-history":[{"count":30,"href":"https:\/\/plastomer.se\/en\/wp-json\/wp\/v2\/pages\/674\/revisions"}],"predecessor-version":[{"id":5093,"href":"https:\/\/plastomer.se\/en\/wp-json\/wp\/v2\/pages\/674\/revisions\/5093"}],"wp:featuredmedia":[{"embeddable":true,"href":"https:\/\/plastomer.se\/en\/wp-json\/wp\/v2\/media\/539"}],"wp:attachment":[{"href":"https:\/\/plastomer.se\/en\/wp-json\/wp\/v2\/media?parent=674"}],"curies":[{"name":"wp","href":"https:\/\/api.w.org\/{rel}","templated":true}]}}