{"id":2538,"date":"2022-11-03T08:07:09","date_gmt":"2022-11-03T07:07:09","guid":{"rendered":"https:\/\/plastomer.se\/products\/lokhen-products\/"},"modified":"2024-10-03T11:51:25","modified_gmt":"2024-10-03T09:51:25","slug":"lokhen-products","status":"publish","type":"page","link":"https:\/\/plastomer.se\/en\/products\/lokhen-products\/","title":{"rendered":"LOKHEN- products"},"content":{"rendered":"\n<h1>\n\t\tLOkhen sortiment\n\t<\/h1>\n\t<h2>STOPPKLOSSAR OCH DOKUMENTH\u00c5LLARE FR\u00c5N LOKHEN<\/h2>\n<p>&nbsp;<\/p>\n<p><a href=\"https:\/\/www.lokhen.com\/\"><img loading=\"lazy\" decoding=\"async\" src=\"https:\/\/plastomer.se\/wp-content\/uploads\/2022\/11\/Logo-orizzontale_LOKHEN_esec-01-1_1641916712-300x87.png\" alt=\"Lokhen logo\" width=\"300\" height=\"87\" \/><\/a><\/p>\n<p>Nedan finns ett axplock av v\u00e5ra produkter fr\u00e5n Lokhen &#8211; f\u00f6r komplett sortiment se Lokhens hemsida. Du best\u00e4ller sedan enkelt hos oss.<\/p>\n<section>\n   <h2>Stoppkloss &#8211; CROWNY HEAVY <\/h2>   \n    <img decoding=\"async\" src=\"https:\/\/plastomer.se\/wp-content\/uploads\/2023\/12\/HEAVY-10.png\" pm-full=\"https:\/\/plastomer.se\/wp-content\/uploads\/2023\/12\/HEAVY-10.png\" alt=\"Plastomer Produkter\"\/><img decoding=\"async\" src=\"https:\/\/plastomer.se\/wp-content\/uploads\/2023\/12\/HEAVY-11.png\" pm-full=\"https:\/\/plastomer.se\/wp-content\/uploads\/2023\/12\/HEAVY-11.png\" alt=\"Plastomer Produkter\"\/>\n\t\t\t\t\t\t\t<h3>Stoppkloss &#8211; CROWNY HEAVY <\/h3>\n\t\t\t\t<hr \/>\n\t\t\t\t\tArt nr:MODELLL (mm):B (mm):H (mm):R (mm):\t\t\t\t\n\t\t\t\tArt nr: 600100100MODELL 46L (mm): 383B (mm): 160\nH (mm): 190R (mm): 460\nArt nr: 600120200MODELL 53L (mm): 467B (mm): 201H (mm): 230R (mm): 555\n<\/section>\n<section>\n   <h2>Stoppkloss &#8211; Vikbar<\/h2>   \n    <img decoding=\"async\" src=\"https:\/\/plastomer.se\/wp-content\/uploads\/2022\/10\/600500100-A.png\" pm-full=\"https:\/\/plastomer.se\/wp-content\/uploads\/2022\/10\/600500100-A.png\" alt=\"Plastomer Produkter\"\/><img decoding=\"async\" src=\"https:\/\/plastomer.se\/wp-content\/uploads\/2022\/10\/600500100-C.png\" pm-full=\"https:\/\/plastomer.se\/wp-content\/uploads\/2022\/10\/600500100-C.png\" alt=\"Plastomer Produkter\"\/><img decoding=\"async\" src=\"https:\/\/plastomer.se\/wp-content\/uploads\/2022\/10\/600500100-teknisk-info.png\" pm-full=\"https:\/\/plastomer.se\/wp-content\/uploads\/2022\/10\/600500100-teknisk-info.png\" alt=\"Plastomer Produkter\"\/>\n\t\t\t\t\t\t\t<h3>Stoppkloss &#8211; Vikbar<\/h3>\n\t\t\t\t<hr \/>\n\t\t\t\t\tArt nr:L (mm):B (mm):H (mm):R (mm):\t\t\t\t\n\t\t\t\tArt nr: 600500200L (mm): 383B (mm): 160H (mm): 193R (mm): Art nr: 600500100L (mm): 472B (mm): 199H (mm): 230R (mm): 560\n<\/section>\n<section>\n   <h2>Stoppkloss &#8211; H\u00c5LLARE<\/h2>   \n    <img decoding=\"async\" src=\"https:\/\/plastomer.se\/wp-content\/uploads\/2022\/10\/600160200-A.png\" pm-full=\"https:\/\/plastomer.se\/wp-content\/uploads\/2022\/10\/600160200-A.png\" alt=\"Plastomer Produkter\"\/><img decoding=\"async\" src=\"https:\/\/plastomer.se\/wp-content\/uploads\/2022\/10\/600160200-B.png\" pm-full=\"https:\/\/plastomer.se\/wp-content\/uploads\/2022\/10\/600160200-B.png\" alt=\"Plastomer Produkter\"\/><img decoding=\"async\" src=\"https:\/\/plastomer.se\/wp-content\/uploads\/2022\/10\/600160200-teknisk-info.png\" pm-full=\"https:\/\/plastomer.se\/wp-content\/uploads\/2022\/10\/600160200-teknisk-info.png\" alt=\"Plastomer Produkter\"\/>\n\t\t\t\t\t\t\t<h3>Stoppkloss &#8211; H\u00c5LLARE<\/h3>\n\t\t\t\t<hr \/>\n\t\t\t\t\tArt nr:H (mm):B (mm):L (mm):\t\t\t\t\n\t\t\t\tArt nr: TK2055, 600160200H (mm): 167B (mm): 122L (mm): 165\n<\/section>\n<section>\n   <h2>Stoppkloss &#8211; H\u00c5LLARE Svart<\/h2>   \n    <img decoding=\"async\" src=\"https:\/\/plastomer.se\/wp-content\/uploads\/2022\/11\/600180100.jpg\" pm-full=\"https:\/\/plastomer.se\/wp-content\/uploads\/2022\/11\/600180100.jpg\" alt=\"Plastomer Produkter\"\/><img decoding=\"async\" src=\"https:\/\/plastomer.se\/wp-content\/uploads\/2022\/11\/600180100-teknisk-info.jpg\" pm-full=\"https:\/\/plastomer.se\/wp-content\/uploads\/2022\/11\/600180100-teknisk-info.jpg\" alt=\"Plastomer Produkter\"\/>\n\t\t\t\t\t\t\t<h3>Stoppkloss &#8211; H\u00c5LLARE Svart<\/h3>\n\t\t\t\t<hr \/>\n\t\t\t\t\tArtnr:H (mm):L (mm):B (mm):\t\t\t\t\n\t\t\t\tArtnr: TK2050, 600180100H (mm): L (mm): B (mm): 200\n<\/section>\n<section>\n   <h2>Dokumenth\u00e5llare &#8211; ROLL<\/h2>   \n    <img decoding=\"async\" src=\"https:\/\/plastomer.se\/wp-content\/uploads\/2022\/10\/ROLL-A.jpg\" pm-full=\"https:\/\/plastomer.se\/wp-content\/uploads\/2022\/10\/ROLL-A.jpg\" alt=\"Plastomer Produkter\"\/><img decoding=\"async\" src=\"https:\/\/plastomer.se\/wp-content\/uploads\/2022\/10\/ROLL-teknisk-info.png\" pm-full=\"https:\/\/plastomer.se\/wp-content\/uploads\/2022\/10\/ROLL-teknisk-info.png\" alt=\"Plastomer Produkter\"\/>\n\t\t\t\t\t\t\t<h3>Dokumenth\u00e5llare &#8211; ROLL<\/h3>\n\t\t\t\t<hr \/>\n\t\t\t\t\tArt nr:L (mm):B (mm):H (mm):D (mm):\t\t\t\t\n\t\t\t\tArt nr: 603000100L (mm): 124B (mm): 115H (mm): 340D (mm): 95\n<\/section>\n<section>\n   <h2>Dokumenth\u00e5llare &#8211; RIGHT<\/h2>   \n    <img decoding=\"async\" src=\"https:\/\/plastomer.se\/wp-content\/uploads\/2022\/10\/DOKUMENT-A.jpg\" pm-full=\"https:\/\/plastomer.se\/wp-content\/uploads\/2022\/10\/DOKUMENT-A.jpg\" alt=\"Plastomer Produkter\"\/><img decoding=\"async\" src=\"https:\/\/plastomer.se\/wp-content\/uploads\/2022\/10\/DOKUMENT-teknisk-info.png\" pm-full=\"https:\/\/plastomer.se\/wp-content\/uploads\/2022\/10\/DOKUMENT-teknisk-info.png\" alt=\"Plastomer Produkter\"\/>\n\t\t\t\t\t\t\t<h3>Dokumenth\u00e5llare &#8211; RIGHT<\/h3>\n\t\t\t\t<hr \/>\n\t\t\t\t\tArt nr:L (mm):B (mm):H (mm):\t\t\t\t\n\t\t\t\tArt nr: 603010100L (mm): 318B (mm): 67\nH (mm): 367\n<\/section>\n<h2>\n\t\tFLER KATEGORIER\n\t<\/h2>\n<ul>\n<li>\n        <a href=\"https:\/\/plastomer.se\/produkter\/lastbil\/stankskydd\/\">\n            <img decoding=\"async\" src=\"https:\/\/plastomer.se\/wp-content\/uploads\/2022\/05\/Sta\u0308nkskydd-01-300x300.png\"\/>\n            <h3>St\u00e4nkskydd<\/h3>\n        <\/a>\n    <\/li><li>\n        <a href=\"https:\/\/plastomer.se\/produkter\/lastbil\/rensi-spray-anti-spray\/\">\n            <img decoding=\"async\" src=\"https:\/\/plastomer.se\/wp-content\/uploads\/2022\/05\/Sta\u0308nkskydd-01-300x300.png\"\/>\n            <h3>St\u00e4nkskydd med antispray<\/h3>\n        <\/a>\n    <\/li><li>\n        <a href=\"https:\/\/plastomer.se\/produkter\/lastbil\/fullbreddsskydd-uks\/\">\n            <img decoding=\"async\" src=\"https:\/\/plastomer.se\/wp-content\/uploads\/2022\/05\/Fullbreddskydd-300x300.png\"\/>\n            <h3>Fullbreddskydd<\/h3>\n        <\/a>\n    <\/li><li>\n        <a href=\"https:\/\/plastomer.se\/produkter\/domar\">\n            <img decoding=\"async\" src=\"https:\/\/plastomer.se\/wp-content\/uploads\/2022\/05\/Ska\u0308rmar-Tillbeho\u0308r-03-300x300.png\"\/>\n            <h3>Sk\u00e4rmar &#038; sk\u00e4rmtillbeh\u00f6r<\/h3>\n        <\/a>\n    <\/li><li>\n        <a href=\"https:\/\/plastomer.se\/produkter\/daken\/brandslackarboxar\">\n            <img decoding=\"async\" src=\"https:\/\/plastomer.se\/wp-content\/uploads\/2022\/05\/Brandsla\u0308ckarboxar-300x300.png\"\/>\n            <h3>Brandsl\u00e4ckar-boxar<\/h3>\n        <\/a>\n    <\/li><li>\n        <a href=\"https:\/\/plastomer.se\/produkter\/daken\/verktygslador\">\n            <img decoding=\"async\" src=\"https:\/\/plastomer.se\/wp-content\/uploads\/2022\/05\/Verktygsla\u030ada-05-300x300.png\"\/>\n            <h3>Verktygsl\u00e5dor<\/h3>\n        <\/a>\n    <\/li><li>\n        <a href=\"https:\/\/plastomer.se\/produkter\/takler\/underkorningsskydd\">\n            <img decoding=\"async\" src=\"https:\/\/plastomer.se\/wp-content\/uploads\/2022\/05\/Kantskydd-Sidoskydd-300x300.png\"\/>\n            <h3>Kantskydd &#038; sidoskydd<\/h3>\n        <\/a>\n    <\/li><li>\n        <a href=\"https:\/\/plastomer.se\/produkter\/lastbil\/wm-system-sortiment\">\n            <img decoding=\"async\" src=\"https:\/\/plastomer.se\/wp-content\/uploads\/2022\/05\/Lastramper-08-300x300.png\"\/>\n            <h3>Lastramper<\/h3>\n        <\/a>\n    <\/li><li>\n        <a href=\"https:\/\/plastomer.se\/produkter\/takler\/stegar\">\n            <img decoding=\"async\" src=\"https:\/\/plastomer.se\/wp-content\/uploads\/2022\/05\/Stegar-09-300x300.png\"\/>\n            <h3>Stegar<\/h3>\n        <\/a>\n    <\/li><li>\n        <a href=\"https:\/\/plastomer.se\/produkter\/lokhen-produkter\">\n            <img decoding=\"async\" src=\"https:\/\/plastomer.se\/wp-content\/uploads\/2022\/05\/Stoppklossar-300x300.png\"\/>\n            <h3>Stoppklossar<\/h3>\n        <\/a>\n    <\/li><\/ul>\n\n","protected":false},"excerpt":{"rendered":"<p>LOkhen sortiment STOPPKLOSSAR OCH DOKUMENTH\u00c5LLARE FR\u00c5N LOKHEN &nbsp; Nedan finns ett axplock av v\u00e5ra produkter fr\u00e5n Lokhen &#8211; f\u00f6r komplett sortiment se Lokhens hemsida. Du best\u00e4ller sedan enkelt hos oss. Stoppkloss &#8211; CROWNY HEAVY Stoppkloss &#8211; CROWNY HEAVY Art nr:MODELLL (mm):B (mm):H (mm):R (mm): Art nr: 600100100MODELL 46L (mm): 383B (mm): 160 H (mm): 190R [&hellip;]<\/p>\n","protected":false},"author":1,"featured_media":569,"parent":874,"menu_order":0,"comment_status":"closed","ping_status":"closed","template":"page-templates\/template-pagebuilder.php","meta":{"_acf_changed":false,"_genesis_hide_title":false,"_genesis_hide_breadcrumbs":false,"_genesis_hide_singular_image":false,"_genesis_hide_footer_widgets":false,"_genesis_custom_body_class":"","_genesis_custom_post_class":"","_genesis_layout":"","footnotes":""},"class_list":{"0":"post-2538","1":"page","2":"type-page","3":"status-publish","4":"has-post-thumbnail","6":"entry"},"acf":[],"yoast_head":"<!-- This site is optimized with the Yoast SEO plugin v27.4 - https:\/\/yoast.com\/product\/yoast-seo-wordpress\/ -->\n<title>LOKHEN- products - Plastomer<\/title>\n<meta name=\"description\" content=\"We sell products for trucks from Lokhen - for a complete range see Lokhen&#039;s website. You then easily order from us..\" \/>\n<meta name=\"robots\" content=\"index, follow, max-snippet:-1, max-image-preview:large, max-video-preview:-1\" \/>\n<link rel=\"canonical\" href=\"https:\/\/plastomer.se\/en\/products\/lokhen-products\/\" \/>\n<meta property=\"og:locale\" content=\"en_US\" \/>\n<meta property=\"og:type\" content=\"article\" \/>\n<meta property=\"og:title\" content=\"LOKHEN- products - Plastomer\" \/>\n<meta property=\"og:description\" content=\"We sell products for trucks from Lokhen - for a complete range see Lokhen&#039;s website. You then easily order from us..\" \/>\n<meta property=\"og:url\" content=\"https:\/\/plastomer.se\/en\/products\/lokhen-products\/\" \/>\n<meta property=\"og:site_name\" content=\"Plastomer\" \/>\n<meta property=\"article:modified_time\" content=\"2024-10-03T09:51:25+00:00\" \/>\n<meta property=\"og:image\" content=\"https:\/\/plastomer.se\/wp-content\/uploads\/2022\/04\/truck-header.jpg\" \/>\n\t<meta property=\"og:image:width\" content=\"1920\" \/>\n\t<meta property=\"og:image:height\" content=\"500\" \/>\n\t<meta property=\"og:image:type\" content=\"image\/jpeg\" \/>\n<meta name=\"twitter:card\" content=\"summary_large_image\" \/>\n<meta name=\"twitter:label1\" content=\"Est. reading time\" \/>\n\t<meta name=\"twitter:data1\" content=\"1 minute\" \/>\n<script type=\"application\/ld+json\" class=\"yoast-schema-graph\">{\"@context\":\"https:\\\/\\\/schema.org\",\"@graph\":[{\"@type\":\"WebPage\",\"@id\":\"https:\\\/\\\/plastomer.se\\\/en\\\/products\\\/lokhen-products\\\/\",\"url\":\"https:\\\/\\\/plastomer.se\\\/en\\\/products\\\/lokhen-products\\\/\",\"name\":\"LOKHEN- products - Plastomer\",\"isPartOf\":{\"@id\":\"https:\\\/\\\/plastomer.se\\\/en\\\/#website\"},\"primaryImageOfPage\":{\"@id\":\"https:\\\/\\\/plastomer.se\\\/en\\\/products\\\/lokhen-products\\\/#primaryimage\"},\"image\":{\"@id\":\"https:\\\/\\\/plastomer.se\\\/en\\\/products\\\/lokhen-products\\\/#primaryimage\"},\"thumbnailUrl\":\"https:\\\/\\\/plastomer.se\\\/wp-content\\\/uploads\\\/2022\\\/04\\\/truck-header.jpg\",\"datePublished\":\"2022-11-03T07:07:09+00:00\",\"dateModified\":\"2024-10-03T09:51:25+00:00\",\"description\":\"We sell products for trucks from Lokhen - for a complete range see Lokhen's website. You then easily order from us..\",\"breadcrumb\":{\"@id\":\"https:\\\/\\\/plastomer.se\\\/en\\\/products\\\/lokhen-products\\\/#breadcrumb\"},\"inLanguage\":\"en-US\",\"potentialAction\":[{\"@type\":\"ReadAction\",\"target\":[\"https:\\\/\\\/plastomer.se\\\/en\\\/products\\\/lokhen-products\\\/\"]}]},{\"@type\":\"ImageObject\",\"inLanguage\":\"en-US\",\"@id\":\"https:\\\/\\\/plastomer.se\\\/en\\\/products\\\/lokhen-products\\\/#primaryimage\",\"url\":\"https:\\\/\\\/plastomer.se\\\/wp-content\\\/uploads\\\/2022\\\/04\\\/truck-header.jpg\",\"contentUrl\":\"https:\\\/\\\/plastomer.se\\\/wp-content\\\/uploads\\\/2022\\\/04\\\/truck-header.jpg\",\"width\":1920,\"height\":500},{\"@type\":\"BreadcrumbList\",\"@id\":\"https:\\\/\\\/plastomer.se\\\/en\\\/products\\\/lokhen-products\\\/#breadcrumb\",\"itemListElement\":[{\"@type\":\"ListItem\",\"position\":1,\"name\":\"Home\",\"item\":\"https:\\\/\\\/plastomer.se\\\/en\\\/\"},{\"@type\":\"ListItem\",\"position\":2,\"name\":\"Products\",\"item\":\"https:\\\/\\\/plastomer.se\\\/en\\\/products\\\/\"},{\"@type\":\"ListItem\",\"position\":3,\"name\":\"LOKHEN- products\"}]},{\"@type\":\"WebSite\",\"@id\":\"https:\\\/\\\/plastomer.se\\\/en\\\/#website\",\"url\":\"https:\\\/\\\/plastomer.se\\\/en\\\/\",\"name\":\"Plastomer\",\"description\":\"Lastbilstillbeh\u00f6r i V\u00e4rldsklass\",\"publisher\":{\"@id\":\"https:\\\/\\\/plastomer.se\\\/en\\\/#organization\"},\"potentialAction\":[{\"@type\":\"SearchAction\",\"target\":{\"@type\":\"EntryPoint\",\"urlTemplate\":\"https:\\\/\\\/plastomer.se\\\/en\\\/?s={search_term_string}\"},\"query-input\":{\"@type\":\"PropertyValueSpecification\",\"valueRequired\":true,\"valueName\":\"search_term_string\"}}],\"inLanguage\":\"en-US\"},{\"@type\":\"Organization\",\"@id\":\"https:\\\/\\\/plastomer.se\\\/en\\\/#organization\",\"name\":\"Plastomer\",\"url\":\"https:\\\/\\\/plastomer.se\\\/en\\\/\",\"logo\":{\"@type\":\"ImageObject\",\"inLanguage\":\"en-US\",\"@id\":\"https:\\\/\\\/plastomer.se\\\/en\\\/#\\\/schema\\\/logo\\\/image\\\/\",\"url\":\"https:\\\/\\\/plastomer.se\\\/wp-content\\\/uploads\\\/2025\\\/04\\\/plastomer.png\",\"contentUrl\":\"https:\\\/\\\/plastomer.se\\\/wp-content\\\/uploads\\\/2025\\\/04\\\/plastomer.png\",\"width\":1024,\"height\":1024,\"caption\":\"Plastomer\"},\"image\":{\"@id\":\"https:\\\/\\\/plastomer.se\\\/en\\\/#\\\/schema\\\/logo\\\/image\\\/\"}}]}<\/script>\n<!-- \/ Yoast SEO plugin. -->","yoast_head_json":{"title":"LOKHEN- products - Plastomer","description":"We sell products for trucks from Lokhen - for a complete range see Lokhen's website. You then easily order from us..","robots":{"index":"index","follow":"follow","max-snippet":"max-snippet:-1","max-image-preview":"max-image-preview:large","max-video-preview":"max-video-preview:-1"},"canonical":"https:\/\/plastomer.se\/en\/products\/lokhen-products\/","og_locale":"en_US","og_type":"article","og_title":"LOKHEN- products - Plastomer","og_description":"We sell products for trucks from Lokhen - for a complete range see Lokhen's website. You then easily order from us..","og_url":"https:\/\/plastomer.se\/en\/products\/lokhen-products\/","og_site_name":"Plastomer","article_modified_time":"2024-10-03T09:51:25+00:00","og_image":[{"width":1920,"height":500,"url":"https:\/\/plastomer.se\/wp-content\/uploads\/2022\/04\/truck-header.jpg","type":"image\/jpeg"}],"twitter_card":"summary_large_image","twitter_misc":{"Est. reading time":"1 minute"},"schema":{"@context":"https:\/\/schema.org","@graph":[{"@type":"WebPage","@id":"https:\/\/plastomer.se\/en\/products\/lokhen-products\/","url":"https:\/\/plastomer.se\/en\/products\/lokhen-products\/","name":"LOKHEN- products - Plastomer","isPartOf":{"@id":"https:\/\/plastomer.se\/en\/#website"},"primaryImageOfPage":{"@id":"https:\/\/plastomer.se\/en\/products\/lokhen-products\/#primaryimage"},"image":{"@id":"https:\/\/plastomer.se\/en\/products\/lokhen-products\/#primaryimage"},"thumbnailUrl":"https:\/\/plastomer.se\/wp-content\/uploads\/2022\/04\/truck-header.jpg","datePublished":"2022-11-03T07:07:09+00:00","dateModified":"2024-10-03T09:51:25+00:00","description":"We sell products for trucks from Lokhen - for a complete range see Lokhen's website. You then easily order from us..","breadcrumb":{"@id":"https:\/\/plastomer.se\/en\/products\/lokhen-products\/#breadcrumb"},"inLanguage":"en-US","potentialAction":[{"@type":"ReadAction","target":["https:\/\/plastomer.se\/en\/products\/lokhen-products\/"]}]},{"@type":"ImageObject","inLanguage":"en-US","@id":"https:\/\/plastomer.se\/en\/products\/lokhen-products\/#primaryimage","url":"https:\/\/plastomer.se\/wp-content\/uploads\/2022\/04\/truck-header.jpg","contentUrl":"https:\/\/plastomer.se\/wp-content\/uploads\/2022\/04\/truck-header.jpg","width":1920,"height":500},{"@type":"BreadcrumbList","@id":"https:\/\/plastomer.se\/en\/products\/lokhen-products\/#breadcrumb","itemListElement":[{"@type":"ListItem","position":1,"name":"Home","item":"https:\/\/plastomer.se\/en\/"},{"@type":"ListItem","position":2,"name":"Products","item":"https:\/\/plastomer.se\/en\/products\/"},{"@type":"ListItem","position":3,"name":"LOKHEN- products"}]},{"@type":"WebSite","@id":"https:\/\/plastomer.se\/en\/#website","url":"https:\/\/plastomer.se\/en\/","name":"Plastomer","description":"Lastbilstillbeh\u00f6r i V\u00e4rldsklass","publisher":{"@id":"https:\/\/plastomer.se\/en\/#organization"},"potentialAction":[{"@type":"SearchAction","target":{"@type":"EntryPoint","urlTemplate":"https:\/\/plastomer.se\/en\/?s={search_term_string}"},"query-input":{"@type":"PropertyValueSpecification","valueRequired":true,"valueName":"search_term_string"}}],"inLanguage":"en-US"},{"@type":"Organization","@id":"https:\/\/plastomer.se\/en\/#organization","name":"Plastomer","url":"https:\/\/plastomer.se\/en\/","logo":{"@type":"ImageObject","inLanguage":"en-US","@id":"https:\/\/plastomer.se\/en\/#\/schema\/logo\/image\/","url":"https:\/\/plastomer.se\/wp-content\/uploads\/2025\/04\/plastomer.png","contentUrl":"https:\/\/plastomer.se\/wp-content\/uploads\/2025\/04\/plastomer.png","width":1024,"height":1024,"caption":"Plastomer"},"image":{"@id":"https:\/\/plastomer.se\/en\/#\/schema\/logo\/image\/"}}]}},"_links":{"self":[{"href":"https:\/\/plastomer.se\/en\/wp-json\/wp\/v2\/pages\/2538","targetHints":{"allow":["GET"]}}],"collection":[{"href":"https:\/\/plastomer.se\/en\/wp-json\/wp\/v2\/pages"}],"about":[{"href":"https:\/\/plastomer.se\/en\/wp-json\/wp\/v2\/types\/page"}],"author":[{"embeddable":true,"href":"https:\/\/plastomer.se\/en\/wp-json\/wp\/v2\/users\/1"}],"replies":[{"embeddable":true,"href":"https:\/\/plastomer.se\/en\/wp-json\/wp\/v2\/comments?post=2538"}],"version-history":[{"count":4,"href":"https:\/\/plastomer.se\/en\/wp-json\/wp\/v2\/pages\/2538\/revisions"}],"predecessor-version":[{"id":4623,"href":"https:\/\/plastomer.se\/en\/wp-json\/wp\/v2\/pages\/2538\/revisions\/4623"}],"up":[{"embeddable":true,"href":"https:\/\/plastomer.se\/en\/wp-json\/wp\/v2\/pages\/874"}],"wp:featuredmedia":[{"embeddable":true,"href":"https:\/\/plastomer.se\/en\/wp-json\/wp\/v2\/media\/569"}],"wp:attachment":[{"href":"https:\/\/plastomer.se\/en\/wp-json\/wp\/v2\/media?parent=2538"}],"curies":[{"name":"wp","href":"https:\/\/api.w.org\/{rel}","templated":true}]}}