{"id":2534,"date":"2022-11-03T15:53:54","date_gmt":"2022-11-03T14:53:54","guid":{"rendered":"https:\/\/plastomer.se\/products\/daken-products\/tool-boxes\/"},"modified":"2024-09-03T13:25:00","modified_gmt":"2024-09-03T11:25:00","slug":"tool-boxes","status":"publish","type":"page","link":"https:\/\/plastomer.se\/en\/products\/daken-products\/tool-boxes\/","title":{"rendered":"Tool boxes"},"content":{"rendered":"\n<h1>\n\t\tDaken Verktygsl\u00e5dor\n\t<\/h1>\n\t<h2>Verktygsl\u00e5dor fr\u00e5n Daken<\/h2>\n<p>PlastoMers verktygsl\u00e5dor och brandsl\u00e4ckarboxar kommer fr\u00e5n Daken. Verktygsl\u00e5dorna finns i flertalet storlekar och varianter, de \u00e4r stabila och klarar s\u00e5v\u00e4l v\u00e4rme som kyla.<\/p>\n<p><img loading=\"lazy\" decoding=\"async\" src=\"https:\/\/plastomer.se\/wp-content\/uploads\/2022\/04\/brand-daken-300x101.png\" alt=\"\" width=\"150\" height=\"50\"><\/p>\n<p>Nedan finns ett axplock av v\u00e5ra produkter fr\u00e5n Daken &#8211; f\u00f6r komplett sortiment se Dakens hemsida.&nbsp;Du best\u00e4ller sedan enkelt hos oss.<\/p>\n<section>\n   <h2>Verktygsl\u00e5da &#8211; METALL Z12, Z40<\/h2>   \n    <img decoding=\"async\" src=\"https:\/\/plastomer.se\/wp-content\/uploads\/2022\/04\/Daken_A_Z12-13-2.jpg\" pm-full=\"https:\/\/plastomer.se\/wp-content\/uploads\/2022\/04\/Daken_A_Z12-13-2.jpg\" alt=\"Plastomer Produkter\"><img decoding=\"async\" src=\"https:\/\/plastomer.se\/wp-content\/uploads\/2022\/04\/Daken_B_Z12-13-2.jpg\" pm-full=\"https:\/\/plastomer.se\/wp-content\/uploads\/2022\/04\/Daken_B_Z12-13-2.jpg\" alt=\"Plastomer Produkter\"><img decoding=\"async\" src=\"https:\/\/plastomer.se\/wp-content\/uploads\/2022\/04\/Teknisk-info-3.jpg\" pm-full=\"https:\/\/plastomer.se\/wp-content\/uploads\/2022\/04\/Teknisk-info-3.jpg\" alt=\"Plastomer Produkter\">\n\t\t\t\t\t\t\t<h3>Verktygsl\u00e5da &#8211; METALL Z12, Z40<\/h3>\n\t\t\t\t<hr>\n\t\t\t\t\tArt Nr.Ytterm\u00e5tt (mm)Vikt (kg)Antal handtagKapacitet (L)\t\t\t\t\n\t\t\t\tArt Nr. 8Z1200Ytterm\u00e5tt (mm) 400x300x300Vikt (kg) 8,9Antal handtag 1Kapacitet (L) 32Art Nr. 8Z1210Ytterm\u00e5tt (mm) 500x350x400Vikt (kg) 14,6Antal handtag 1Kapacitet (L) 63Art Nr. 8Z1221Ytterm\u00e5tt (mm) 600x600x600Vikt (kg) 27,9Antal handtag 1Kapacitet (L) 194Art Nr. 8Z1222Ytterm\u00e5tt (mm) 600x500x500Vikt (kg) 24Antal handtag 1Kapacitet (L) 140Art Nr. 8Z1240Ytterm\u00e5tt (mm) 800x500x500Vikt (kg) 28,1Antal handtag 2Kapacitet (L) 180Art Nr. 8Z1243Ytterm\u00e5tt (mm) 800x600x600Vikt (kg) 34,6Antal handtag 2Kapacitet (L) 259Art Nr. 8Z1260Ytterm\u00e5tt (mm) 1000x500x500Vikt (kg) 33,4Antal handtag 2Kapacitet (L) 225Art Nr. 8Z1263Ytterm\u00e5tt (mm) 1000x600x600Vikt (kg) 40,6Antal handtag 2Kapacitet (L) 324Art Nr. 8Z4022Ytterm\u00e5tt (mm) 600x500x500Vikt (kg) 24Antal handtag 1Kapacitet (L) 140Art Nr. 8Z4060Ytterm\u00e5tt (mm) 1000x500x500Vikt (kg) 33,4Antal handtag 2Kapacitet (L) 225\n<\/section>\n<section>\n   <h2>Verktygsl\u00e5da &#8211; Plast &#8211; WELVET<\/h2>   \n    <img decoding=\"async\" src=\"https:\/\/plastomer.se\/wp-content\/uploads\/2022\/04\/Welvet81000-e1421400189499.jpg\" pm-full=\"https:\/\/plastomer.se\/wp-content\/uploads\/2022\/04\/Welvet81000-e1421400189499.jpg\" alt=\"Plastomer Produkter\"><img decoding=\"async\" src=\"https:\/\/plastomer.se\/wp-content\/uploads\/2022\/04\/Welvet81002-e1421400302963.jpg\" pm-full=\"https:\/\/plastomer.se\/wp-content\/uploads\/2022\/04\/Welvet81002-e1421400302963.jpg\" alt=\"Plastomer Produkter\"><img decoding=\"async\" src=\"https:\/\/plastomer.se\/wp-content\/uploads\/2022\/04\/Welvet81004-e1421400349396.jpg\" pm-full=\"https:\/\/plastomer.se\/wp-content\/uploads\/2022\/04\/Welvet81004-e1421400349396.jpg\" alt=\"Plastomer Produkter\"><img decoding=\"async\" src=\"https:\/\/plastomer.se\/wp-content\/uploads\/2022\/04\/welvet81006-e1421400400798.jpg\" pm-full=\"https:\/\/plastomer.se\/wp-content\/uploads\/2022\/04\/welvet81006-e1421400400798.jpg\" alt=\"Plastomer Produkter\"><img decoding=\"async\" src=\"https:\/\/plastomer.se\/wp-content\/uploads\/2022\/04\/welvet81008-e1421400430129.jpg\" pm-full=\"https:\/\/plastomer.se\/wp-content\/uploads\/2022\/04\/welvet81008-e1421400430129.jpg\" alt=\"Plastomer Produkter\"><img decoding=\"async\" src=\"https:\/\/plastomer.se\/wp-content\/uploads\/2022\/04\/Teknisk-info-2.jpg\" pm-full=\"https:\/\/plastomer.se\/wp-content\/uploads\/2022\/04\/Teknisk-info-2.jpg\" alt=\"Plastomer Produkter\"><img decoding=\"async\" src=\"https:\/\/plastomer.se\/wp-content\/uploads\/2022\/04\/WELVET-1.jpg\" pm-full=\"https:\/\/plastomer.se\/wp-content\/uploads\/2022\/04\/WELVET-1.jpg\" alt=\"Plastomer Produkter\"><img decoding=\"async\" src=\"https:\/\/plastomer.se\/wp-content\/uploads\/2022\/04\/WELVET-2-e1670831773827.jpg\" pm-full=\"https:\/\/plastomer.se\/wp-content\/uploads\/2022\/04\/WELVET-2-e1670831773827.jpg\" alt=\"Plastomer Produkter\"><img decoding=\"async\" src=\"https:\/\/plastomer.se\/wp-content\/uploads\/2022\/04\/WELVET-3-e1670831861826.jpg\" pm-full=\"https:\/\/plastomer.se\/wp-content\/uploads\/2022\/04\/WELVET-3-e1670831861826.jpg\" alt=\"Plastomer Produkter\">\n\t\t\t\t\t\t\t<h3>Verktygsl\u00e5da &#8211; Plast &#8211; WELVET<\/h3>\n\t\t\t\t<hr>\n\t\t\t\t\tArt Nr.Ytterm\u00e5tt (mm)Maximal belastning (kg)Vikt (kg)kapacitet (L)\t\t\t\t\n\t\t\t\tArt Nr. DA81000Ytterm\u00e5tt (mm) 410x348x340Maximal belastning (kg) 40Vikt (kg) 3,0kapacitet (L) 26Art Nr. DA81004Ytterm\u00e5tt (mm) 630x450x480Maximal belastning (kg) 60Vikt (kg) 8,0kapacitet (L) 75Art Nr. DA81006Ytterm\u00e5tt (mm) 830x500xx470Maximal belastning (kg) 65Vikt (kg) 10,5kapacitet (L) 120Art Nr. DA81008Ytterm\u00e5tt (mm) 1030x500x455Maximal belastning (kg) 70Vikt (kg) 13,0kapacitet (L) 155,5\n<\/section>\n<section>\n   <h2>Verktygsl\u00e5da &#8211; Plast &#8211; JUST<\/h2>   \n    <img decoding=\"async\" src=\"https:\/\/plastomer.se\/wp-content\/uploads\/2022\/10\/81105.jpg\" pm-full=\"https:\/\/plastomer.se\/wp-content\/uploads\/2022\/10\/81105.jpg\" alt=\"Plastomer Produkter\"><img decoding=\"async\" src=\"https:\/\/plastomer.se\/wp-content\/uploads\/2022\/10\/Teknisk-info-5.jpg\" pm-full=\"https:\/\/plastomer.se\/wp-content\/uploads\/2022\/10\/Teknisk-info-5.jpg\" alt=\"Plastomer Produkter\"><img decoding=\"async\" src=\"https:\/\/plastomer.se\/wp-content\/uploads\/2022\/10\/JUST-1.jpg\" pm-full=\"https:\/\/plastomer.se\/wp-content\/uploads\/2022\/10\/JUST-1.jpg\" alt=\"Plastomer Produkter\"><img decoding=\"async\" src=\"https:\/\/plastomer.se\/wp-content\/uploads\/2022\/10\/JUST-2.jpg\" pm-full=\"https:\/\/plastomer.se\/wp-content\/uploads\/2022\/10\/JUST-2.jpg\" alt=\"Plastomer Produkter\"><img decoding=\"async\" src=\"https:\/\/plastomer.se\/wp-content\/uploads\/2022\/10\/JUST-3.jpg\" pm-full=\"https:\/\/plastomer.se\/wp-content\/uploads\/2022\/10\/JUST-3.jpg\" alt=\"Plastomer Produkter\">\n\t\t\t\t\t\t\t<h3>Verktygsl\u00e5da &#8211; Plast &#8211; JUST<\/h3>\n\t\t\t\t<hr>\n\t\t\t\t\tArt Nr.Ytterm\u00e5tt (mm)Maximal belastning (kg)Vikt (kg)Kapacitet (L)\t\t\t\t\n\t\t\t\tArt Nr. DA81105Ytterm\u00e5tt (mm) 750x350x300Maximal belastning (kg) 45Vikt (kg) 4,4Kapacitet (L) 47,5\n<\/section>\n<section>\n   <h2>Verktygsl\u00e5da &#8211; Plast &#8211; PITBOX<\/h2>   \n    <img decoding=\"async\" src=\"https:\/\/plastomer.se\/wp-content\/uploads\/2022\/10\/86004-A.jpg\" pm-full=\"https:\/\/plastomer.se\/wp-content\/uploads\/2022\/10\/86004-A.jpg\" alt=\"Plastomer Produkter\"><img decoding=\"async\" src=\"https:\/\/plastomer.se\/wp-content\/uploads\/2022\/10\/pitbox-teknisk-info-1.jpg\" pm-full=\"https:\/\/plastomer.se\/wp-content\/uploads\/2022\/10\/pitbox-teknisk-info-1.jpg\" alt=\"Plastomer Produkter\"><img decoding=\"async\" src=\"https:\/\/plastomer.se\/wp-content\/uploads\/2022\/10\/Pitbox-b-1.jpg\" pm-full=\"https:\/\/plastomer.se\/wp-content\/uploads\/2022\/10\/Pitbox-b-1.jpg\" alt=\"Plastomer Produkter\"><img decoding=\"async\" src=\"https:\/\/plastomer.se\/wp-content\/uploads\/2022\/10\/Pitbox-c-1.jpg\" pm-full=\"https:\/\/plastomer.se\/wp-content\/uploads\/2022\/10\/Pitbox-c-1.jpg\" alt=\"Plastomer Produkter\">\n\t\t\t\t\t\t\t<h3>Verktygsl\u00e5da &#8211; Plast &#8211; PITBOX<\/h3>\n\t\t\t\t<hr>\n\t\t\t\t\tArt nr.Ytterm\u00e5tt (mm)Vikt (kg)Kapacitet (L)\t\t\t\t\n\t\t\t\tArt nr. DA86004Ytterm\u00e5tt (mm) 655x520x570Vikt (kg) 6,3Kapacitet (L) 108,5\n<\/section>\n<h2>\n\t\tFler Kategorier\n\t<\/h2>\n<ul>\n<li>\n        <a href=\"https:\/\/plastomer.se\/produkter\/lastbil\/stankskydd\/\">\n            <img decoding=\"async\" src=\"https:\/\/plastomer.se\/wp-content\/uploads\/2022\/05\/Sta\u0308nkskydd-01-300x300.png\">\n            <h3>St\u00e4nkskydd<\/h3>\n        <\/a>\n    <\/li><li>\n        <a href=\"https:\/\/plastomer.se\/produkter\/lastbil\/rensi-spray-anti-spray\/\">\n            <img decoding=\"async\" src=\"https:\/\/plastomer.se\/wp-content\/uploads\/2022\/05\/Sta\u0308nkskydd-01-300x300.png\">\n            <h3>St\u00e4nkskydd med antispray<\/h3>\n        <\/a>\n    <\/li><li>\n        <a href=\"https:\/\/plastomer.se\/produkter\/lastbil\/fullbreddsskydd-uks\/\">\n            <img decoding=\"async\" src=\"https:\/\/plastomer.se\/wp-content\/uploads\/2022\/05\/Fullbreddskydd-300x300.png\">\n            <h3>Fullbreddskydd<\/h3>\n        <\/a>\n    <\/li><li>\n        <a href=\"https:\/\/plastomer.se\/produkter\/domar\">\n            <img decoding=\"async\" src=\"https:\/\/plastomer.se\/wp-content\/uploads\/2022\/05\/Ska\u0308rmar-Tillbeho\u0308r-03-300x300.png\">\n            <h3>Sk\u00e4rmar &amp; sk\u00e4rmtillbeh\u00f6r<\/h3>\n        <\/a>\n    <\/li><li>\n        <a href=\"https:\/\/plastomer.se\/produkter\/daken\/brandslackarboxar\">\n            <img decoding=\"async\" src=\"https:\/\/plastomer.se\/wp-content\/uploads\/2022\/05\/Brandsla\u0308ckarboxar-300x300.png\">\n            <h3>Brandsl\u00e4ckar-boxar<\/h3>\n        <\/a>\n    <\/li><li>\n        <a href=\"https:\/\/plastomer.se\/produkter\/daken\/verktygslador\">\n            <img decoding=\"async\" src=\"https:\/\/plastomer.se\/wp-content\/uploads\/2022\/05\/Verktygsla\u030ada-05-300x300.png\">\n            <h3>Verktygsl\u00e5dor<\/h3>\n        <\/a>\n    <\/li><li>\n        <a href=\"https:\/\/plastomer.se\/produkter\/takler\/underkorningsskydd\">\n            <img decoding=\"async\" src=\"https:\/\/plastomer.se\/wp-content\/uploads\/2022\/05\/Kantskydd-Sidoskydd-300x300.png\">\n            <h3>Kantskydd &amp; sidoskydd<\/h3>\n        <\/a>\n    <\/li><li>\n        <a href=\"https:\/\/plastomer.se\/produkter\/lastbil\/wm-system-sortiment\">\n            <img decoding=\"async\" src=\"https:\/\/plastomer.se\/wp-content\/uploads\/2022\/05\/Lastramper-08-300x300.png\">\n            <h3>Lastramper<\/h3>\n        <\/a>\n    <\/li><li>\n        <a href=\"https:\/\/plastomer.se\/produkter\/takler\/stegar\">\n            <img decoding=\"async\" src=\"https:\/\/plastomer.se\/wp-content\/uploads\/2022\/05\/Stegar-09-300x300.png\">\n            <h3>Stegar<\/h3>\n        <\/a>\n    <\/li><li>\n        <a href=\"https:\/\/plastomer.se\/produkter\/lokhen-produkter\">\n            <img decoding=\"async\" src=\"https:\/\/plastomer.se\/wp-content\/uploads\/2022\/05\/Stoppklossar-300x300.png\">\n            <h3>Stoppklossar<\/h3>\n        <\/a>\n    <\/li><\/ul>\n","protected":false},"excerpt":{"rendered":"<p>Daken Verktygsl\u00e5dor Verktygsl\u00e5dor fr\u00e5n Daken PlastoMers verktygsl\u00e5dor och brandsl\u00e4ckarboxar kommer fr\u00e5n Daken. Verktygsl\u00e5dorna finns i flertalet storlekar och varianter, de \u00e4r stabila och klarar s\u00e5v\u00e4l v\u00e4rme som kyla. Nedan finns ett axplock av v\u00e5ra produkter fr\u00e5n Daken &#8211; f\u00f6r komplett sortiment se Dakens hemsida.&nbsp;Du best\u00e4ller sedan enkelt hos oss. Verktygsl\u00e5da &#8211; METALL Z12, Z40 Verktygsl\u00e5da [&hellip;]<\/p>\n","protected":false},"author":1,"featured_media":539,"parent":893,"menu_order":0,"comment_status":"closed","ping_status":"closed","template":"page-templates\/template-pagebuilder.php","meta":{"_acf_changed":false,"_genesis_hide_title":false,"_genesis_hide_breadcrumbs":false,"_genesis_hide_singular_image":false,"_genesis_hide_footer_widgets":false,"_genesis_custom_body_class":"","_genesis_custom_post_class":"","_genesis_layout":"","footnotes":""},"class_list":{"0":"post-2534","1":"page","2":"type-page","3":"status-publish","4":"has-post-thumbnail","6":"entry"},"acf":[],"yoast_head":"<!-- This site is optimized with the Yoast SEO plugin v27.3 - https:\/\/yoast.com\/product\/yoast-seo-wordpress\/ -->\n<title>Tool boxes for trucks - Plastomer<\/title>\n<meta name=\"description\" content=\"PlastoMer&#039;s tool boxes for trucks come from Daken. The tool boxes are available in several sizes and variants.\" \/>\n<meta name=\"robots\" content=\"index, follow, max-snippet:-1, max-image-preview:large, max-video-preview:-1\" \/>\n<link rel=\"canonical\" href=\"https:\/\/plastomer.se\/en\/products\/daken-products\/tool-boxes\/\" \/>\n<meta property=\"og:locale\" content=\"en_US\" \/>\n<meta property=\"og:type\" content=\"article\" \/>\n<meta property=\"og:title\" content=\"Tool boxes for trucks - Plastomer\" \/>\n<meta property=\"og:description\" content=\"PlastoMer&#039;s tool boxes for trucks come from Daken. The tool boxes are available in several sizes and variants.\" \/>\n<meta property=\"og:url\" content=\"https:\/\/plastomer.se\/en\/products\/daken-products\/tool-boxes\/\" \/>\n<meta property=\"og:site_name\" content=\"Plastomer\" \/>\n<meta property=\"article:modified_time\" content=\"2024-09-03T11:25:00+00:00\" \/>\n<meta property=\"og:image\" content=\"https:\/\/plastomer.se\/wp-content\/uploads\/2022\/04\/truck_side-o.jpg\" \/>\n\t<meta property=\"og:image:width\" content=\"2300\" \/>\n\t<meta property=\"og:image:height\" content=\"2300\" \/>\n\t<meta property=\"og:image:type\" content=\"image\/jpeg\" \/>\n<meta name=\"twitter:card\" content=\"summary_large_image\" \/>\n<meta name=\"twitter:label1\" content=\"Est. reading time\" \/>\n\t<meta name=\"twitter:data1\" content=\"2 minutes\" \/>\n<script type=\"application\/ld+json\" class=\"yoast-schema-graph\">{\"@context\":\"https:\\\/\\\/schema.org\",\"@graph\":[{\"@type\":\"WebPage\",\"@id\":\"https:\\\/\\\/plastomer.se\\\/en\\\/products\\\/daken-products\\\/tool-boxes\\\/\",\"url\":\"https:\\\/\\\/plastomer.se\\\/en\\\/products\\\/daken-products\\\/tool-boxes\\\/\",\"name\":\"Tool boxes for trucks - Plastomer\",\"isPartOf\":{\"@id\":\"https:\\\/\\\/plastomer.se\\\/en\\\/#website\"},\"primaryImageOfPage\":{\"@id\":\"https:\\\/\\\/plastomer.se\\\/en\\\/products\\\/daken-products\\\/tool-boxes\\\/#primaryimage\"},\"image\":{\"@id\":\"https:\\\/\\\/plastomer.se\\\/en\\\/products\\\/daken-products\\\/tool-boxes\\\/#primaryimage\"},\"thumbnailUrl\":\"https:\\\/\\\/plastomer.se\\\/wp-content\\\/uploads\\\/2022\\\/04\\\/truck_side-o.jpg\",\"datePublished\":\"2022-11-03T14:53:54+00:00\",\"dateModified\":\"2024-09-03T11:25:00+00:00\",\"description\":\"PlastoMer's tool boxes for trucks come from Daken. The tool boxes are available in several sizes and variants.\",\"breadcrumb\":{\"@id\":\"https:\\\/\\\/plastomer.se\\\/en\\\/products\\\/daken-products\\\/tool-boxes\\\/#breadcrumb\"},\"inLanguage\":\"en-US\",\"potentialAction\":[{\"@type\":\"ReadAction\",\"target\":[\"https:\\\/\\\/plastomer.se\\\/en\\\/products\\\/daken-products\\\/tool-boxes\\\/\"]}]},{\"@type\":\"ImageObject\",\"inLanguage\":\"en-US\",\"@id\":\"https:\\\/\\\/plastomer.se\\\/en\\\/products\\\/daken-products\\\/tool-boxes\\\/#primaryimage\",\"url\":\"https:\\\/\\\/plastomer.se\\\/wp-content\\\/uploads\\\/2022\\\/04\\\/truck_side-o.jpg\",\"contentUrl\":\"https:\\\/\\\/plastomer.se\\\/wp-content\\\/uploads\\\/2022\\\/04\\\/truck_side-o.jpg\",\"width\":2300,\"height\":2300,\"caption\":\"PlastoMer tillbeh\u00f6r till lastbilar\"},{\"@type\":\"BreadcrumbList\",\"@id\":\"https:\\\/\\\/plastomer.se\\\/en\\\/products\\\/daken-products\\\/tool-boxes\\\/#breadcrumb\",\"itemListElement\":[{\"@type\":\"ListItem\",\"position\":1,\"name\":\"Home\",\"item\":\"https:\\\/\\\/plastomer.se\\\/en\\\/\"},{\"@type\":\"ListItem\",\"position\":2,\"name\":\"Products\",\"item\":\"https:\\\/\\\/plastomer.se\\\/en\\\/products\\\/\"},{\"@type\":\"ListItem\",\"position\":3,\"name\":\"DAKEN-products\",\"item\":\"https:\\\/\\\/plastomer.se\\\/en\\\/products\\\/daken-products\\\/\"},{\"@type\":\"ListItem\",\"position\":4,\"name\":\"Tool boxes\"}]},{\"@type\":\"WebSite\",\"@id\":\"https:\\\/\\\/plastomer.se\\\/en\\\/#website\",\"url\":\"https:\\\/\\\/plastomer.se\\\/en\\\/\",\"name\":\"Plastomer\",\"description\":\"Lastbilstillbeh\u00f6r i V\u00e4rldsklass\",\"publisher\":{\"@id\":\"https:\\\/\\\/plastomer.se\\\/en\\\/#organization\"},\"potentialAction\":[{\"@type\":\"SearchAction\",\"target\":{\"@type\":\"EntryPoint\",\"urlTemplate\":\"https:\\\/\\\/plastomer.se\\\/en\\\/?s={search_term_string}\"},\"query-input\":{\"@type\":\"PropertyValueSpecification\",\"valueRequired\":true,\"valueName\":\"search_term_string\"}}],\"inLanguage\":\"en-US\"},{\"@type\":\"Organization\",\"@id\":\"https:\\\/\\\/plastomer.se\\\/en\\\/#organization\",\"name\":\"Plastomer\",\"url\":\"https:\\\/\\\/plastomer.se\\\/en\\\/\",\"logo\":{\"@type\":\"ImageObject\",\"inLanguage\":\"en-US\",\"@id\":\"https:\\\/\\\/plastomer.se\\\/en\\\/#\\\/schema\\\/logo\\\/image\\\/\",\"url\":\"https:\\\/\\\/plastomer.se\\\/wp-content\\\/uploads\\\/2025\\\/04\\\/plastomer.png\",\"contentUrl\":\"https:\\\/\\\/plastomer.se\\\/wp-content\\\/uploads\\\/2025\\\/04\\\/plastomer.png\",\"width\":1024,\"height\":1024,\"caption\":\"Plastomer\"},\"image\":{\"@id\":\"https:\\\/\\\/plastomer.se\\\/en\\\/#\\\/schema\\\/logo\\\/image\\\/\"}}]}<\/script>\n<!-- \/ Yoast SEO plugin. -->","yoast_head_json":{"title":"Tool boxes for trucks - Plastomer","description":"PlastoMer's tool boxes for trucks come from Daken. The tool boxes are available in several sizes and variants.","robots":{"index":"index","follow":"follow","max-snippet":"max-snippet:-1","max-image-preview":"max-image-preview:large","max-video-preview":"max-video-preview:-1"},"canonical":"https:\/\/plastomer.se\/en\/products\/daken-products\/tool-boxes\/","og_locale":"en_US","og_type":"article","og_title":"Tool boxes for trucks - Plastomer","og_description":"PlastoMer's tool boxes for trucks come from Daken. The tool boxes are available in several sizes and variants.","og_url":"https:\/\/plastomer.se\/en\/products\/daken-products\/tool-boxes\/","og_site_name":"Plastomer","article_modified_time":"2024-09-03T11:25:00+00:00","og_image":[{"width":2300,"height":2300,"url":"https:\/\/plastomer.se\/wp-content\/uploads\/2022\/04\/truck_side-o.jpg","type":"image\/jpeg"}],"twitter_card":"summary_large_image","twitter_misc":{"Est. reading time":"2 minutes"},"schema":{"@context":"https:\/\/schema.org","@graph":[{"@type":"WebPage","@id":"https:\/\/plastomer.se\/en\/products\/daken-products\/tool-boxes\/","url":"https:\/\/plastomer.se\/en\/products\/daken-products\/tool-boxes\/","name":"Tool boxes for trucks - Plastomer","isPartOf":{"@id":"https:\/\/plastomer.se\/en\/#website"},"primaryImageOfPage":{"@id":"https:\/\/plastomer.se\/en\/products\/daken-products\/tool-boxes\/#primaryimage"},"image":{"@id":"https:\/\/plastomer.se\/en\/products\/daken-products\/tool-boxes\/#primaryimage"},"thumbnailUrl":"https:\/\/plastomer.se\/wp-content\/uploads\/2022\/04\/truck_side-o.jpg","datePublished":"2022-11-03T14:53:54+00:00","dateModified":"2024-09-03T11:25:00+00:00","description":"PlastoMer's tool boxes for trucks come from Daken. The tool boxes are available in several sizes and variants.","breadcrumb":{"@id":"https:\/\/plastomer.se\/en\/products\/daken-products\/tool-boxes\/#breadcrumb"},"inLanguage":"en-US","potentialAction":[{"@type":"ReadAction","target":["https:\/\/plastomer.se\/en\/products\/daken-products\/tool-boxes\/"]}]},{"@type":"ImageObject","inLanguage":"en-US","@id":"https:\/\/plastomer.se\/en\/products\/daken-products\/tool-boxes\/#primaryimage","url":"https:\/\/plastomer.se\/wp-content\/uploads\/2022\/04\/truck_side-o.jpg","contentUrl":"https:\/\/plastomer.se\/wp-content\/uploads\/2022\/04\/truck_side-o.jpg","width":2300,"height":2300,"caption":"PlastoMer tillbeh\u00f6r till lastbilar"},{"@type":"BreadcrumbList","@id":"https:\/\/plastomer.se\/en\/products\/daken-products\/tool-boxes\/#breadcrumb","itemListElement":[{"@type":"ListItem","position":1,"name":"Home","item":"https:\/\/plastomer.se\/en\/"},{"@type":"ListItem","position":2,"name":"Products","item":"https:\/\/plastomer.se\/en\/products\/"},{"@type":"ListItem","position":3,"name":"DAKEN-products","item":"https:\/\/plastomer.se\/en\/products\/daken-products\/"},{"@type":"ListItem","position":4,"name":"Tool boxes"}]},{"@type":"WebSite","@id":"https:\/\/plastomer.se\/en\/#website","url":"https:\/\/plastomer.se\/en\/","name":"Plastomer","description":"Lastbilstillbeh\u00f6r i V\u00e4rldsklass","publisher":{"@id":"https:\/\/plastomer.se\/en\/#organization"},"potentialAction":[{"@type":"SearchAction","target":{"@type":"EntryPoint","urlTemplate":"https:\/\/plastomer.se\/en\/?s={search_term_string}"},"query-input":{"@type":"PropertyValueSpecification","valueRequired":true,"valueName":"search_term_string"}}],"inLanguage":"en-US"},{"@type":"Organization","@id":"https:\/\/plastomer.se\/en\/#organization","name":"Plastomer","url":"https:\/\/plastomer.se\/en\/","logo":{"@type":"ImageObject","inLanguage":"en-US","@id":"https:\/\/plastomer.se\/en\/#\/schema\/logo\/image\/","url":"https:\/\/plastomer.se\/wp-content\/uploads\/2025\/04\/plastomer.png","contentUrl":"https:\/\/plastomer.se\/wp-content\/uploads\/2025\/04\/plastomer.png","width":1024,"height":1024,"caption":"Plastomer"},"image":{"@id":"https:\/\/plastomer.se\/en\/#\/schema\/logo\/image\/"}}]}},"_links":{"self":[{"href":"https:\/\/plastomer.se\/en\/wp-json\/wp\/v2\/pages\/2534","targetHints":{"allow":["GET"]}}],"collection":[{"href":"https:\/\/plastomer.se\/en\/wp-json\/wp\/v2\/pages"}],"about":[{"href":"https:\/\/plastomer.se\/en\/wp-json\/wp\/v2\/types\/page"}],"author":[{"embeddable":true,"href":"https:\/\/plastomer.se\/en\/wp-json\/wp\/v2\/users\/1"}],"replies":[{"embeddable":true,"href":"https:\/\/plastomer.se\/en\/wp-json\/wp\/v2\/comments?post=2534"}],"version-history":[{"count":2,"href":"https:\/\/plastomer.se\/en\/wp-json\/wp\/v2\/pages\/2534\/revisions"}],"predecessor-version":[{"id":4497,"href":"https:\/\/plastomer.se\/en\/wp-json\/wp\/v2\/pages\/2534\/revisions\/4497"}],"up":[{"embeddable":true,"href":"https:\/\/plastomer.se\/en\/wp-json\/wp\/v2\/pages\/893"}],"wp:featuredmedia":[{"embeddable":true,"href":"https:\/\/plastomer.se\/en\/wp-json\/wp\/v2\/media\/539"}],"wp:attachment":[{"href":"https:\/\/plastomer.se\/en\/wp-json\/wp\/v2\/media?parent=2534"}],"curies":[{"name":"wp","href":"https:\/\/api.w.org\/{rel}","templated":true}]}}