{"id":2533,"date":"2022-11-03T08:04:35","date_gmt":"2022-11-03T07:04:35","guid":{"rendered":"https:\/\/plastomer.se\/products\/daken-products\/fire-extinguisher-boxes\/"},"modified":"2024-09-03T13:25:17","modified_gmt":"2024-09-03T11:25:17","slug":"fire-extinguisher-boxes","status":"publish","type":"page","link":"https:\/\/plastomer.se\/en\/products\/daken-products\/fire-extinguisher-boxes\/","title":{"rendered":"Fire extinguisher boxes"},"content":{"rendered":"\n<h1>\n\t\tDaken Brandsl\u00e4ckarboxar\n\t<\/h1>\n\t<h2>Brandsl\u00e4ckarboxar fr\u00e5n Daken<\/h2>\n<p>PlastoMers brandsl\u00e4ckarboxar kommer fr\u00e5n Daken. Brandsl\u00e4ckarboxarna finns i flera modeller och storlekar.<\/p>\n<p><a href=\"https:\/\/www.daken.it\/en\/\"><img loading=\"lazy\" decoding=\"async\" src=\"https:\/\/plastomer.se\/wp-content\/uploads\/2022\/04\/brand-daken-300x101.png\" alt=\"\" width=\"150\" height=\"50\" \/><\/a><\/p>\n<p>Nedan finns ett axplock av v\u00e5ra produkter fr\u00e5n Daken &#8211; f\u00f6r komplett sortiment se Dakens hemsida.\u00a0Du best\u00e4ller sedan enkelt hos oss.<\/p>\n<section>\n   <h2>Brandsl\u00e4ckarbox &#8211; REGON<\/h2>   \n    <img decoding=\"async\" src=\"https:\/\/plastomer.se\/wp-content\/uploads\/2022\/04\/REGON-82170.jpg\" pm-full=\"https:\/\/plastomer.se\/wp-content\/uploads\/2022\/04\/REGON-82170.jpg\" alt=\"Plastomer Produkter\"\/><img decoding=\"async\" src=\"https:\/\/plastomer.se\/wp-content\/uploads\/2022\/04\/REGON-82130.jpg\" pm-full=\"https:\/\/plastomer.se\/wp-content\/uploads\/2022\/04\/REGON-82130.jpg\" alt=\"Plastomer Produkter\"\/><img decoding=\"async\" src=\"https:\/\/plastomer.se\/wp-content\/uploads\/2022\/04\/REGON-82190.jpg\" pm-full=\"https:\/\/plastomer.se\/wp-content\/uploads\/2022\/04\/REGON-82190.jpg\" alt=\"Plastomer Produkter\"\/><img decoding=\"async\" src=\"https:\/\/plastomer.se\/wp-content\/uploads\/2022\/04\/Teknisk-info-1-e1670832222556.jpg\" pm-full=\"https:\/\/plastomer.se\/wp-content\/uploads\/2022\/04\/Teknisk-info-1-e1670832222556.jpg\" alt=\"Plastomer Produkter\"\/><img decoding=\"async\" src=\"https:\/\/plastomer.se\/wp-content\/uploads\/2022\/04\/REGON-2.jpg\" pm-full=\"https:\/\/plastomer.se\/wp-content\/uploads\/2022\/04\/REGON-2.jpg\" alt=\"Plastomer Produkter\"\/><img decoding=\"async\" src=\"https:\/\/plastomer.se\/wp-content\/uploads\/2022\/04\/REGON-1.jpg\" pm-full=\"https:\/\/plastomer.se\/wp-content\/uploads\/2022\/04\/REGON-1.jpg\" alt=\"Plastomer Produkter\"\/>\n\t\t\t\t\t\t\t<h3>Brandsl\u00e4ckarbox &#8211; REGON<\/h3>\n\t\t\t\t<hr \/>\n\t\t\t\t\tArt Nr:Ytterm\u00e5tt (mm):Vikt (kg):Brandsl\u00e4ckare (kg) \/ diameter (mm):Material:\t\t\t\t\n\t\t\t\tArt Nr: DA82170Ytterm\u00e5tt (mm): 335x620x240Vikt (kg): 2,4Brandsl\u00e4ckare (kg) \/ diameter (mm): 6 \/ 150-170Material: PlastArt Nr: DA82130Ytterm\u00e5tt (mm): 335x715x240Vikt (kg): 2,7Brandsl\u00e4ckare (kg) \/ diameter (mm): 6-9 \/ 150-170Material: PlastArt Nr: DA82190Ytterm\u00e5tt (mm): 335x865x240Vikt (kg): 3,2Brandsl\u00e4ckare (kg) \/ diameter (mm): 9-12 \/ 170-190Material: Plast\n<\/section>\n<section>\n   <h2>Brandsl\u00e4ckarbox &#8211; ADAMANT<\/h2>   \n    <img decoding=\"async\" src=\"https:\/\/plastomer.se\/wp-content\/uploads\/2022\/04\/ADAMANT-82050.jpg\" pm-full=\"https:\/\/plastomer.se\/wp-content\/uploads\/2022\/04\/ADAMANT-82050.jpg\" alt=\"Plastomer Produkter\"\/><img decoding=\"async\" src=\"https:\/\/plastomer.se\/wp-content\/uploads\/2022\/04\/ADAMANT-82070.jpg\" pm-full=\"https:\/\/plastomer.se\/wp-content\/uploads\/2022\/04\/ADAMANT-82070.jpg\" alt=\"Plastomer Produkter\"\/><img decoding=\"async\" src=\"https:\/\/plastomer.se\/wp-content\/uploads\/2022\/04\/ADAMANT-82000-82010.jpg\" pm-full=\"https:\/\/plastomer.se\/wp-content\/uploads\/2022\/04\/ADAMANT-82000-82010.jpg\" alt=\"Plastomer Produkter\"\/><img decoding=\"async\" src=\"https:\/\/plastomer.se\/wp-content\/uploads\/2022\/04\/ADAMANT-82020-82030.jpg\" pm-full=\"https:\/\/plastomer.se\/wp-content\/uploads\/2022\/04\/ADAMANT-82020-82030.jpg\" alt=\"Plastomer Produkter\"\/><img decoding=\"async\" src=\"https:\/\/plastomer.se\/wp-content\/uploads\/2022\/04\/Teknisk-info-e1670832187558.jpg\" pm-full=\"https:\/\/plastomer.se\/wp-content\/uploads\/2022\/04\/Teknisk-info-e1670832187558.jpg\" alt=\"Plastomer Produkter\"\/><img decoding=\"async\" src=\"https:\/\/plastomer.se\/wp-content\/uploads\/2022\/04\/ADAMANT-1.jpg\" pm-full=\"https:\/\/plastomer.se\/wp-content\/uploads\/2022\/04\/ADAMANT-1.jpg\" alt=\"Plastomer Produkter\"\/>\n\t\t\t\t\t\t\t<h3>Brandsl\u00e4ckarbox &#8211; ADAMANT<\/h3>\n\t\t\t\t<hr \/>\n\t\t\t\t\tArt Nr:Ytterm\u00e5tt (mm):Brandsl\u00e4ckare (kg)Diameter (mm):Vikt (kg):F\u00e4rg:Material:\t\t\t\t\n\t\t\t\tArt Nr: DA82070Ytterm\u00e5tt (mm): 310x610x247Brandsl\u00e4ckare (kg)Diameter (mm): 6 \/ 150\/170Vikt (kg): 3,5F\u00e4rg: R\u00f6dMaterial: PlastArt Nr: DA82010Ytterm\u00e5tt (mm): 310x671x247Brandsl\u00e4ckare (kg)Diameter (mm): 6 \/ 170\/190Vikt (kg): 4,0F\u00e4rg: SvartMaterial: PlastArt Nr: DA82030Ytterm\u00e5tt (mm): 310x671x247Brandsl\u00e4ckare (kg)Diameter (mm): 9 \/ 170\/190Vikt (kg): 4,0F\u00e4rg: R\u00f6dMaterial: Plast\n<\/section>\n<section>\n   <h2>Brandsl\u00e4ckarbox &#8211; SLIDEN<\/h2>   \n    <img decoding=\"async\" src=\"https:\/\/plastomer.se\/wp-content\/uploads\/2022\/04\/SLIDEN-82410-300x300-1.jpg\" pm-full=\"https:\/\/plastomer.se\/wp-content\/uploads\/2022\/04\/SLIDEN-82410-300x300-1.jpg\" alt=\"Plastomer Produkter\"\/><img decoding=\"async\" src=\"https:\/\/plastomer.se\/wp-content\/uploads\/2022\/04\/SLIDEN-82411-300x300-1.jpg\" pm-full=\"https:\/\/plastomer.se\/wp-content\/uploads\/2022\/04\/SLIDEN-82411-300x300-1.jpg\" alt=\"Plastomer Produkter\"\/><img decoding=\"async\" src=\"https:\/\/plastomer.se\/wp-content\/uploads\/2022\/04\/daken_porta_estintore_classico_sliden_82412.png\" pm-full=\"https:\/\/plastomer.se\/wp-content\/uploads\/2022\/04\/daken_porta_estintore_classico_sliden_82412.png\" alt=\"Plastomer Produkter\"\/><img decoding=\"async\" src=\"https:\/\/plastomer.se\/wp-content\/uploads\/2022\/04\/SLIDEN-82420-300x300-1.jpg\" pm-full=\"https:\/\/plastomer.se\/wp-content\/uploads\/2022\/04\/SLIDEN-82420-300x300-1.jpg\" alt=\"Plastomer Produkter\"\/><img decoding=\"async\" src=\"https:\/\/plastomer.se\/wp-content\/uploads\/2022\/04\/SLIDEN-82421-300x300-1.jpg\" pm-full=\"https:\/\/plastomer.se\/wp-content\/uploads\/2022\/04\/SLIDEN-82421-300x300-1.jpg\" alt=\"Plastomer Produkter\"\/><img decoding=\"async\" src=\"https:\/\/plastomer.se\/wp-content\/uploads\/2022\/04\/SLIDEN-82422-300x300-1.jpg\" pm-full=\"https:\/\/plastomer.se\/wp-content\/uploads\/2022\/04\/SLIDEN-82422-300x300-1.jpg\" alt=\"Plastomer Produkter\"\/><img decoding=\"async\" src=\"https:\/\/plastomer.se\/wp-content\/uploads\/2022\/04\/Sliden_disegno-tecnico-1.jpg\" pm-full=\"https:\/\/plastomer.se\/wp-content\/uploads\/2022\/04\/Sliden_disegno-tecnico-1.jpg\" alt=\"Plastomer Produkter\"\/><img decoding=\"async\" src=\"https:\/\/plastomer.se\/wp-content\/uploads\/2022\/04\/Porta-estintore_SLIDEN_1-300x200-1.jpg\" pm-full=\"https:\/\/plastomer.se\/wp-content\/uploads\/2022\/04\/Porta-estintore_SLIDEN_1-300x200-1.jpg\" alt=\"Plastomer Produkter\"\/><img decoding=\"async\" src=\"https:\/\/plastomer.se\/wp-content\/uploads\/2022\/04\/Porta-estintore_SLIDEN_2-300x225-1-e1670831735683.jpg\" pm-full=\"https:\/\/plastomer.se\/wp-content\/uploads\/2022\/04\/Porta-estintore_SLIDEN_2-300x225-1-e1670831735683.jpg\" alt=\"Plastomer Produkter\"\/><img decoding=\"async\" src=\"https:\/\/plastomer.se\/wp-content\/uploads\/2022\/04\/Porta-estintore_SLIDEN-300x200-2.jpg\" pm-full=\"https:\/\/plastomer.se\/wp-content\/uploads\/2022\/04\/Porta-estintore_SLIDEN-300x200-2.jpg\" alt=\"Plastomer Produkter\"\/>\n\t\t\t\t\t\t\t<h3>Brandsl\u00e4ckarbox &#8211; SLIDEN<\/h3>\n\t\t\t\t<hr \/>\n\t\t\t\t\tArt Nr:Ytterm\u00e5tt (mm):Diameter (mm):Vikt (kg):F\u00e4rg:Material:\t\t\t\t\n\t\t\t\tArt Nr: DA82410Ytterm\u00e5tt (mm): 265x284x595Diameter (mm): 6kg\/140\/160Vikt (kg): 2,1F\u00e4rg: R\u00f6dMaterial: PlastArt Nr: DA82412Ytterm\u00e5tt (mm): 265X280X595Diameter (mm): 6kg\/140\/160Vikt (kg): 2,1F\u00e4rg: R\u00f6dMaterial: Plast\n<\/section>\n<section>\n   <h2>Brandsl\u00e4ckarbox &#8211; DUAL<\/h2>   \n    <img decoding=\"async\" src=\"https:\/\/plastomer.se\/wp-content\/uploads\/2022\/10\/da85100-a.jpg\" pm-full=\"https:\/\/plastomer.se\/wp-content\/uploads\/2022\/10\/da85100-a.jpg\" alt=\"Plastomer Produkter\"\/><img decoding=\"async\" src=\"https:\/\/plastomer.se\/wp-content\/uploads\/2022\/10\/da85100-b.jpg\" pm-full=\"https:\/\/plastomer.se\/wp-content\/uploads\/2022\/10\/da85100-b.jpg\" alt=\"Plastomer Produkter\"\/><img decoding=\"async\" src=\"https:\/\/plastomer.se\/wp-content\/uploads\/2022\/10\/da85100.jpg\" pm-full=\"https:\/\/plastomer.se\/wp-content\/uploads\/2022\/10\/da85100.jpg\" alt=\"Plastomer Produkter\"\/>\n\t\t\t\t\t\t\t<h3>Brandsl\u00e4ckarbox &#8211; DUAL<\/h3>\n\t\t\t\t<hr \/>\n\t\t\t\t\tArt nr:Ytterm\u00e5tt (mm):Vikt (kg):Diameter (mm):Material:\t\t\t\t\n\t\t\t\tArt nr: DA85100Ytterm\u00e5tt (mm): 616x735x270Vikt (kg): 7,2Diameter (mm): 150\/170 or 170\/190Material: Plast\n<\/section>\n<ul>\n<li>\n        <a href=\"https:\/\/plastomer.se\/produkter\/lastbil\/stankskydd\/\">\n            <img decoding=\"async\" src=\"https:\/\/plastomer.se\/wp-content\/uploads\/2022\/05\/Sta\u0308nkskydd-01-300x300.png\"\/>\n            <h3>St\u00e4nkskydd<\/h3>\n        <\/a>\n    <\/li><li>\n        <a href=\"https:\/\/plastomer.se\/produkter\/lastbil\/rensi-spray-anti-spray\/\">\n            <img decoding=\"async\" src=\"https:\/\/plastomer.se\/wp-content\/uploads\/2022\/05\/Sta\u0308nkskydd-01-300x300.png\"\/>\n            <h3>St\u00e4nkskydd med antispray<\/h3>\n        <\/a>\n    <\/li><li>\n        <a href=\"https:\/\/plastomer.se\/produkter\/lastbil\/fullbreddsskydd-uks\/\">\n            <img decoding=\"async\" src=\"https:\/\/plastomer.se\/wp-content\/uploads\/2022\/05\/Fullbreddskydd-300x300.png\"\/>\n            <h3>Fullbreddskydd<\/h3>\n        <\/a>\n    <\/li><li>\n        <a href=\"https:\/\/plastomer.se\/produkter\/domar\">\n            <img decoding=\"async\" src=\"https:\/\/plastomer.se\/wp-content\/uploads\/2022\/05\/Ska\u0308rmar-Tillbeho\u0308r-03-300x300.png\"\/>\n            <h3>Sk\u00e4rmar &#038; sk\u00e4rmtillbeh\u00f6r<\/h3>\n        <\/a>\n    <\/li><li>\n        <a href=\"https:\/\/plastomer.se\/produkter\/daken\/brandslackarboxar\">\n            <img decoding=\"async\" src=\"https:\/\/plastomer.se\/wp-content\/uploads\/2022\/05\/Brandsla\u0308ckarboxar-300x300.png\"\/>\n            <h3>Brandsl\u00e4ckar-boxar<\/h3>\n        <\/a>\n    <\/li><li>\n        <a href=\"https:\/\/plastomer.se\/produkter\/daken\/verktygslador\">\n            <img decoding=\"async\" src=\"https:\/\/plastomer.se\/wp-content\/uploads\/2022\/05\/Verktygsla\u030ada-05-300x300.png\"\/>\n            <h3>Verktygsl\u00e5dor<\/h3>\n        <\/a>\n    <\/li><li>\n        <a href=\"https:\/\/plastomer.se\/produkter\/takler\/underkorningsskydd\">\n            <img decoding=\"async\" src=\"https:\/\/plastomer.se\/wp-content\/uploads\/2022\/05\/Kantskydd-Sidoskydd-300x300.png\"\/>\n            <h3>Kantskydd &#038; sidoskydd<\/h3>\n        <\/a>\n    <\/li><li>\n        <a href=\"https:\/\/plastomer.se\/produkter\/lastbil\/wm-system-sortiment\">\n            <img decoding=\"async\" src=\"https:\/\/plastomer.se\/wp-content\/uploads\/2022\/05\/Lastramper-08-300x300.png\"\/>\n            <h3>Lastramper<\/h3>\n        <\/a>\n    <\/li><li>\n        <a href=\"https:\/\/plastomer.se\/produkter\/takler\/stegar\">\n            <img decoding=\"async\" src=\"https:\/\/plastomer.se\/wp-content\/uploads\/2022\/05\/Stegar-09-300x300.png\"\/>\n            <h3>Stegar<\/h3>\n        <\/a>\n    <\/li><li>\n        <a href=\"https:\/\/plastomer.se\/produkter\/lokhen-produkter\">\n            <img decoding=\"async\" src=\"https:\/\/plastomer.se\/wp-content\/uploads\/2022\/05\/Stoppklossar-300x300.png\"\/>\n            <h3>Stoppklossar<\/h3>\n        <\/a>\n    <\/li><\/ul>\n\n","protected":false},"excerpt":{"rendered":"<p>Daken Brandsl\u00e4ckarboxar Brandsl\u00e4ckarboxar fr\u00e5n Daken PlastoMers brandsl\u00e4ckarboxar kommer fr\u00e5n Daken. Brandsl\u00e4ckarboxarna finns i flera modeller och storlekar. Nedan finns ett axplock av v\u00e5ra produkter fr\u00e5n Daken &#8211; f\u00f6r komplett sortiment se Dakens hemsida.\u00a0Du best\u00e4ller sedan enkelt hos oss. Brandsl\u00e4ckarbox &#8211; REGON Brandsl\u00e4ckarbox &#8211; REGON Art Nr:Ytterm\u00e5tt (mm):Vikt (kg):Brandsl\u00e4ckare (kg) \/ diameter (mm):Material: Art Nr: DA82170Ytterm\u00e5tt [&hellip;]<\/p>\n","protected":false},"author":1,"featured_media":569,"parent":893,"menu_order":0,"comment_status":"closed","ping_status":"closed","template":"page-templates\/template-pagebuilder.php","meta":{"_acf_changed":false,"_genesis_hide_title":false,"_genesis_hide_breadcrumbs":false,"_genesis_hide_singular_image":false,"_genesis_hide_footer_widgets":false,"_genesis_custom_body_class":"","_genesis_custom_post_class":"","_genesis_layout":"","footnotes":""},"class_list":{"0":"post-2533","1":"page","2":"type-page","3":"status-publish","4":"has-post-thumbnail","6":"entry"},"acf":[],"yoast_head":"<!-- This site is optimized with the Yoast SEO plugin v27.3 - https:\/\/yoast.com\/product\/yoast-seo-wordpress\/ -->\n<title>Fire extinguisher boxes - Plastomer<\/title>\n<meta name=\"description\" content=\"PlastoMers fire extinguisher boxes come from Daken. The fire extinguisher boxes are available in several models and sizes and fit most trucks.\" \/>\n<meta name=\"robots\" content=\"index, follow, max-snippet:-1, max-image-preview:large, max-video-preview:-1\" \/>\n<link rel=\"canonical\" href=\"https:\/\/plastomer.se\/en\/products\/daken-products\/fire-extinguisher-boxes\/\" \/>\n<meta property=\"og:locale\" content=\"en_US\" \/>\n<meta property=\"og:type\" content=\"article\" \/>\n<meta property=\"og:title\" content=\"Fire extinguisher boxes - Plastomer\" \/>\n<meta property=\"og:description\" content=\"PlastoMers fire extinguisher boxes come from Daken. The fire extinguisher boxes are available in several models and sizes and fit most trucks.\" \/>\n<meta property=\"og:url\" content=\"https:\/\/plastomer.se\/en\/products\/daken-products\/fire-extinguisher-boxes\/\" \/>\n<meta property=\"og:site_name\" content=\"Plastomer\" \/>\n<meta property=\"article:modified_time\" content=\"2024-09-03T11:25:17+00:00\" \/>\n<meta property=\"og:image\" content=\"https:\/\/plastomer.se\/wp-content\/uploads\/2022\/04\/truck-header.jpg\" \/>\n\t<meta property=\"og:image:width\" content=\"1920\" \/>\n\t<meta property=\"og:image:height\" content=\"500\" \/>\n\t<meta property=\"og:image:type\" content=\"image\/jpeg\" \/>\n<meta name=\"twitter:card\" content=\"summary_large_image\" \/>\n<meta name=\"twitter:label1\" content=\"Est. reading time\" \/>\n\t<meta name=\"twitter:data1\" content=\"2 minutes\" \/>\n<script type=\"application\/ld+json\" class=\"yoast-schema-graph\">{\"@context\":\"https:\\\/\\\/schema.org\",\"@graph\":[{\"@type\":\"WebPage\",\"@id\":\"https:\\\/\\\/plastomer.se\\\/en\\\/products\\\/daken-products\\\/fire-extinguisher-boxes\\\/\",\"url\":\"https:\\\/\\\/plastomer.se\\\/en\\\/products\\\/daken-products\\\/fire-extinguisher-boxes\\\/\",\"name\":\"Fire extinguisher boxes - Plastomer\",\"isPartOf\":{\"@id\":\"https:\\\/\\\/plastomer.se\\\/en\\\/#website\"},\"primaryImageOfPage\":{\"@id\":\"https:\\\/\\\/plastomer.se\\\/en\\\/products\\\/daken-products\\\/fire-extinguisher-boxes\\\/#primaryimage\"},\"image\":{\"@id\":\"https:\\\/\\\/plastomer.se\\\/en\\\/products\\\/daken-products\\\/fire-extinguisher-boxes\\\/#primaryimage\"},\"thumbnailUrl\":\"https:\\\/\\\/plastomer.se\\\/wp-content\\\/uploads\\\/2022\\\/04\\\/truck-header.jpg\",\"datePublished\":\"2022-11-03T07:04:35+00:00\",\"dateModified\":\"2024-09-03T11:25:17+00:00\",\"description\":\"PlastoMers fire extinguisher boxes come from Daken. The fire extinguisher boxes are available in several models and sizes and fit most trucks.\",\"breadcrumb\":{\"@id\":\"https:\\\/\\\/plastomer.se\\\/en\\\/products\\\/daken-products\\\/fire-extinguisher-boxes\\\/#breadcrumb\"},\"inLanguage\":\"en-US\",\"potentialAction\":[{\"@type\":\"ReadAction\",\"target\":[\"https:\\\/\\\/plastomer.se\\\/en\\\/products\\\/daken-products\\\/fire-extinguisher-boxes\\\/\"]}]},{\"@type\":\"ImageObject\",\"inLanguage\":\"en-US\",\"@id\":\"https:\\\/\\\/plastomer.se\\\/en\\\/products\\\/daken-products\\\/fire-extinguisher-boxes\\\/#primaryimage\",\"url\":\"https:\\\/\\\/plastomer.se\\\/wp-content\\\/uploads\\\/2022\\\/04\\\/truck-header.jpg\",\"contentUrl\":\"https:\\\/\\\/plastomer.se\\\/wp-content\\\/uploads\\\/2022\\\/04\\\/truck-header.jpg\",\"width\":1920,\"height\":500},{\"@type\":\"BreadcrumbList\",\"@id\":\"https:\\\/\\\/plastomer.se\\\/en\\\/products\\\/daken-products\\\/fire-extinguisher-boxes\\\/#breadcrumb\",\"itemListElement\":[{\"@type\":\"ListItem\",\"position\":1,\"name\":\"Home\",\"item\":\"https:\\\/\\\/plastomer.se\\\/en\\\/\"},{\"@type\":\"ListItem\",\"position\":2,\"name\":\"Products\",\"item\":\"https:\\\/\\\/plastomer.se\\\/en\\\/products\\\/\"},{\"@type\":\"ListItem\",\"position\":3,\"name\":\"DAKEN-products\",\"item\":\"https:\\\/\\\/plastomer.se\\\/en\\\/products\\\/daken-products\\\/\"},{\"@type\":\"ListItem\",\"position\":4,\"name\":\"Fire extinguisher boxes\"}]},{\"@type\":\"WebSite\",\"@id\":\"https:\\\/\\\/plastomer.se\\\/en\\\/#website\",\"url\":\"https:\\\/\\\/plastomer.se\\\/en\\\/\",\"name\":\"Plastomer\",\"description\":\"Lastbilstillbeh\u00f6r i V\u00e4rldsklass\",\"publisher\":{\"@id\":\"https:\\\/\\\/plastomer.se\\\/en\\\/#organization\"},\"potentialAction\":[{\"@type\":\"SearchAction\",\"target\":{\"@type\":\"EntryPoint\",\"urlTemplate\":\"https:\\\/\\\/plastomer.se\\\/en\\\/?s={search_term_string}\"},\"query-input\":{\"@type\":\"PropertyValueSpecification\",\"valueRequired\":true,\"valueName\":\"search_term_string\"}}],\"inLanguage\":\"en-US\"},{\"@type\":\"Organization\",\"@id\":\"https:\\\/\\\/plastomer.se\\\/en\\\/#organization\",\"name\":\"Plastomer\",\"url\":\"https:\\\/\\\/plastomer.se\\\/en\\\/\",\"logo\":{\"@type\":\"ImageObject\",\"inLanguage\":\"en-US\",\"@id\":\"https:\\\/\\\/plastomer.se\\\/en\\\/#\\\/schema\\\/logo\\\/image\\\/\",\"url\":\"https:\\\/\\\/plastomer.se\\\/wp-content\\\/uploads\\\/2025\\\/04\\\/plastomer.png\",\"contentUrl\":\"https:\\\/\\\/plastomer.se\\\/wp-content\\\/uploads\\\/2025\\\/04\\\/plastomer.png\",\"width\":1024,\"height\":1024,\"caption\":\"Plastomer\"},\"image\":{\"@id\":\"https:\\\/\\\/plastomer.se\\\/en\\\/#\\\/schema\\\/logo\\\/image\\\/\"}}]}<\/script>\n<!-- \/ Yoast SEO plugin. -->","yoast_head_json":{"title":"Fire extinguisher boxes - Plastomer","description":"PlastoMers fire extinguisher boxes come from Daken. The fire extinguisher boxes are available in several models and sizes and fit most trucks.","robots":{"index":"index","follow":"follow","max-snippet":"max-snippet:-1","max-image-preview":"max-image-preview:large","max-video-preview":"max-video-preview:-1"},"canonical":"https:\/\/plastomer.se\/en\/products\/daken-products\/fire-extinguisher-boxes\/","og_locale":"en_US","og_type":"article","og_title":"Fire extinguisher boxes - Plastomer","og_description":"PlastoMers fire extinguisher boxes come from Daken. The fire extinguisher boxes are available in several models and sizes and fit most trucks.","og_url":"https:\/\/plastomer.se\/en\/products\/daken-products\/fire-extinguisher-boxes\/","og_site_name":"Plastomer","article_modified_time":"2024-09-03T11:25:17+00:00","og_image":[{"width":1920,"height":500,"url":"https:\/\/plastomer.se\/wp-content\/uploads\/2022\/04\/truck-header.jpg","type":"image\/jpeg"}],"twitter_card":"summary_large_image","twitter_misc":{"Est. reading time":"2 minutes"},"schema":{"@context":"https:\/\/schema.org","@graph":[{"@type":"WebPage","@id":"https:\/\/plastomer.se\/en\/products\/daken-products\/fire-extinguisher-boxes\/","url":"https:\/\/plastomer.se\/en\/products\/daken-products\/fire-extinguisher-boxes\/","name":"Fire extinguisher boxes - Plastomer","isPartOf":{"@id":"https:\/\/plastomer.se\/en\/#website"},"primaryImageOfPage":{"@id":"https:\/\/plastomer.se\/en\/products\/daken-products\/fire-extinguisher-boxes\/#primaryimage"},"image":{"@id":"https:\/\/plastomer.se\/en\/products\/daken-products\/fire-extinguisher-boxes\/#primaryimage"},"thumbnailUrl":"https:\/\/plastomer.se\/wp-content\/uploads\/2022\/04\/truck-header.jpg","datePublished":"2022-11-03T07:04:35+00:00","dateModified":"2024-09-03T11:25:17+00:00","description":"PlastoMers fire extinguisher boxes come from Daken. The fire extinguisher boxes are available in several models and sizes and fit most trucks.","breadcrumb":{"@id":"https:\/\/plastomer.se\/en\/products\/daken-products\/fire-extinguisher-boxes\/#breadcrumb"},"inLanguage":"en-US","potentialAction":[{"@type":"ReadAction","target":["https:\/\/plastomer.se\/en\/products\/daken-products\/fire-extinguisher-boxes\/"]}]},{"@type":"ImageObject","inLanguage":"en-US","@id":"https:\/\/plastomer.se\/en\/products\/daken-products\/fire-extinguisher-boxes\/#primaryimage","url":"https:\/\/plastomer.se\/wp-content\/uploads\/2022\/04\/truck-header.jpg","contentUrl":"https:\/\/plastomer.se\/wp-content\/uploads\/2022\/04\/truck-header.jpg","width":1920,"height":500},{"@type":"BreadcrumbList","@id":"https:\/\/plastomer.se\/en\/products\/daken-products\/fire-extinguisher-boxes\/#breadcrumb","itemListElement":[{"@type":"ListItem","position":1,"name":"Home","item":"https:\/\/plastomer.se\/en\/"},{"@type":"ListItem","position":2,"name":"Products","item":"https:\/\/plastomer.se\/en\/products\/"},{"@type":"ListItem","position":3,"name":"DAKEN-products","item":"https:\/\/plastomer.se\/en\/products\/daken-products\/"},{"@type":"ListItem","position":4,"name":"Fire extinguisher boxes"}]},{"@type":"WebSite","@id":"https:\/\/plastomer.se\/en\/#website","url":"https:\/\/plastomer.se\/en\/","name":"Plastomer","description":"Lastbilstillbeh\u00f6r i V\u00e4rldsklass","publisher":{"@id":"https:\/\/plastomer.se\/en\/#organization"},"potentialAction":[{"@type":"SearchAction","target":{"@type":"EntryPoint","urlTemplate":"https:\/\/plastomer.se\/en\/?s={search_term_string}"},"query-input":{"@type":"PropertyValueSpecification","valueRequired":true,"valueName":"search_term_string"}}],"inLanguage":"en-US"},{"@type":"Organization","@id":"https:\/\/plastomer.se\/en\/#organization","name":"Plastomer","url":"https:\/\/plastomer.se\/en\/","logo":{"@type":"ImageObject","inLanguage":"en-US","@id":"https:\/\/plastomer.se\/en\/#\/schema\/logo\/image\/","url":"https:\/\/plastomer.se\/wp-content\/uploads\/2025\/04\/plastomer.png","contentUrl":"https:\/\/plastomer.se\/wp-content\/uploads\/2025\/04\/plastomer.png","width":1024,"height":1024,"caption":"Plastomer"},"image":{"@id":"https:\/\/plastomer.se\/en\/#\/schema\/logo\/image\/"}}]}},"_links":{"self":[{"href":"https:\/\/plastomer.se\/en\/wp-json\/wp\/v2\/pages\/2533","targetHints":{"allow":["GET"]}}],"collection":[{"href":"https:\/\/plastomer.se\/en\/wp-json\/wp\/v2\/pages"}],"about":[{"href":"https:\/\/plastomer.se\/en\/wp-json\/wp\/v2\/types\/page"}],"author":[{"embeddable":true,"href":"https:\/\/plastomer.se\/en\/wp-json\/wp\/v2\/users\/1"}],"replies":[{"embeddable":true,"href":"https:\/\/plastomer.se\/en\/wp-json\/wp\/v2\/comments?post=2533"}],"version-history":[{"count":2,"href":"https:\/\/plastomer.se\/en\/wp-json\/wp\/v2\/pages\/2533\/revisions"}],"predecessor-version":[{"id":4494,"href":"https:\/\/plastomer.se\/en\/wp-json\/wp\/v2\/pages\/2533\/revisions\/4494"}],"up":[{"embeddable":true,"href":"https:\/\/plastomer.se\/en\/wp-json\/wp\/v2\/pages\/893"}],"wp:featuredmedia":[{"embeddable":true,"href":"https:\/\/plastomer.se\/en\/wp-json\/wp\/v2\/media\/569"}],"wp:attachment":[{"href":"https:\/\/plastomer.se\/en\/wp-json\/wp\/v2\/media?parent=2533"}],"curies":[{"name":"wp","href":"https:\/\/api.w.org\/{rel}","templated":true}]}}